{"id":14557,"date":"2015-08-12T03:56:23","date_gmt":"2015-08-12T03:56:23","guid":{"rendered":"https:\/\/mnamk.hu\/wp\/schule\/altalanos-iskola\/"},"modified":"2019-12-14T21:32:56","modified_gmt":"2019-12-14T21:32:56","slug":"altalanos-iskola","status":"publish","type":"page","link":"https:\/\/mnamk.hu\/index-old.php\/schule\/altalanos-iskola\/","title":{"rendered":"MN\u00c1MK \u00c1ltal\u00e1nos Iskol\u00e1ja"},"content":{"rendered":"<p>\u00a0<\/p>\n<p><em>Az MN\u00c1MK Egys\u00e9ges Iskola r\u00e9sze, n\u00e9met nemzetis\u00e9gi, k\u00e9ttannyelv\u0171 iskola<\/em><\/p>\n<p>A n\u00e9met nyelvoktat\u00e1s kiemelt fontoss\u00e1g\u00fa:<br \/>&#8211;\u00a0\u00a0\u00a0 Az intenz\u00edv nyelvoktat\u00e1s m\u00e1r az els\u0151 oszt\u00e1lyban elkezd\u0151dik.<br \/>&#8211;\u00a0\u00a0\u00a0 K\u00e9tnyelv\u0171 tant\u00e1rgyaink: matematika, t\u00f6rt\u00e9nelem, f\u00f6ldrajz, k\u00f6rnyezetismeret, hon- \u00e9s n\u00e9pismeret<br \/>&#8211;\u00a0\u00a0\u00a0 Nemzetk\u00f6zi, egynyelv\u0171, ingyenes nyelvvizsga a 8. oszt\u00e1lyban (DSD I.)<\/p>\n<p>Kit\u0171z\u00f6tt c\u00e9ljaink:<br \/>&#8211;\u00a0\u00a0\u00a0 A nyelvi k\u00e9pess\u00e9gek fejleszt\u00e9se a magyar, n\u00e9met \u00e9s angol nyelv tan\u00edt\u00e1s\u00e1ban<br \/>&#8211;\u00a0\u00a0\u00a0 Alapk\u00e9szs\u00e9gek \u00e9s k\u00e9pess\u00e9gek fejleszt\u00e9se, hangs\u00falyozottan az egy\u00fcttm\u0171k\u00f6d\u00e9si k\u00e9szs\u00e9g<br \/>&#8211;\u00a0\u00a0\u00a0 A tanul\u00f3i \u00f6n\u00e1ll\u00f3s\u00e1g \u00e9s felel\u0151ss\u00e9gtudat kialak\u00edt\u00e1sa a tanul\u00e1si folyamat sor\u00e1n <br \/>&#8211;\u00a0\u00a0\u00a0 A tanul\u00f3i kreativit\u00e1s kibontakoztat\u00e1sa<br \/>&#8211;\u00a0\u00a0\u00a0 A tanul\u00f3i identit\u00e1studat kialak\u00edt\u00e1sa<br \/>&#8211;\u00a0\u00a0\u00a0 Interkultur\u00e1lis tanul\u00e1s<\/p>\n<p>Az interkultur\u00e1lis tanul\u00e1s alapelvei:<br \/>&#8211;\u00a0\u00a0\u00a0 Iskol\u00e1n bel\u00fcli \u00e9s eur\u00f3pai iskol\u00e1kkal k\u00f6z\u00f6s projektmunka<br \/>&#8211;\u00a0\u00a0\u00a0 Nemzetk\u00f6zi kapcsolatok: di\u00e1kcsere \u00e9s di\u00e1klevelez\u00e9s, iskolai egy\u00fcttm\u0171k\u00f6d\u00e9sek, nyelvi t\u00e1borok<br \/>&#8211;\u00a0\u00a0\u00a0 A magyar, a magyarorsz\u00e1gi n\u00e9met \u00e9s a n\u00e9met nyelvter\u00fcletek n\u00e9pismerete<br \/>&#8211;\u00a0\u00a0\u00a0 A hagyom\u00e1nyos m\u00e9dia \u00e9s a multim\u00e9di\u00e1s eszk\u00f6z\u00f6k bevon\u00e1sa az oktat\u00e1si folyamatba<br \/>\u00a0\u00a0\u00a0 (\u00fajs\u00e1gok, sz\u00ednh\u00e1z, telev\u00edzi\u00f3 \u00e9s r\u00e1di\u00f3s ad\u00e1sok, sz\u00e1m\u00edt\u00f3g\u00e9pes oktat\u00f3programok)<\/p>\n<p>Kiemelt m\u00f3dszereink:<br \/>&#8211;\u00a0\u00a0\u00a0 Tanul\u00f3k\u00f6zpont\u00fa, tev\u00e9kenykedtet\u00e9sen alapul\u00f3 oktat\u00e1si-nevel\u00e9si munka <br \/>&#8211;\u00a0\u00a0\u00a0 Tant\u00e1rgyk\u00f6zi m\u00f3dszertani szaktanterv alkalmaz\u00e1sa<br \/>&#8211;\u00a0\u00a0\u00a0 Kommunikat\u00edv nyelvoktat\u00e1s<br \/>&#8211;\u00a0\u00a0\u00a0 Term\u00e9szettudom\u00e1nyos k\u00e9pz\u00e9s, k\u00eds\u00e9rletez\u00e9s, projektmunka, kisel\u0151ad\u00e1sok k\u00e9sz\u00edt\u00e9se<\/p>\n","protected":false},"excerpt":{"rendered":"<p>\u00a0 Az MN\u00c1MK Egys\u00e9ges Iskola r\u00e9sze, n\u00e9met nemzetis\u00e9gi, k\u00e9ttannyelv\u0171 iskola A n\u00e9met nyelvoktat\u00e1s kiemelt fontoss\u00e1g\u00fa:&#8211;\u00a0\u00a0\u00a0 Az intenz\u00edv nyelvoktat\u00e1s m\u00e1r az els\u0151 oszt\u00e1lyban elkezd\u0151dik.&#8211;\u00a0\u00a0\u00a0 K\u00e9tnyelv\u0171 tant\u00e1rgyaink: matematika, t\u00f6rt\u00e9nelem, f\u00f6ldrajz, k\u00f6rnyezetismeret, hon- \u00e9s n\u00e9pismeret&#8211;\u00a0\u00a0\u00a0 Nemzetk\u00f6zi, egynyelv\u0171, ingyenes nyelvvizsga a 8. oszt\u00e1lyban (DSD I.) Kit\u0171z\u00f6tt c\u00e9ljaink:&#8211;\u00a0\u00a0\u00a0 A nyelvi k\u00e9pess\u00e9gek fejleszt\u00e9se a magyar, n\u00e9met \u00e9s angol nyelv tan\u00edt\u00e1s\u00e1ban&#8211;\u00a0\u00a0\u00a0 Alapk\u00e9szs\u00e9gek [&hellip;]<\/p>\n","protected":false},"author":22,"featured_media":0,"parent":6614,"menu_order":0,"comment_status":"closed","ping_status":"closed","template":"","meta":{"footnotes":""},"class_list":["post-14557","page","type-page","status-publish","hentry"],"yoast_head":"<!-- This site is optimized with the Yoast SEO plugin v20.9 - https:\/\/yoast.com\/wordpress\/plugins\/seo\/ -->\n<title>MN\u00c1MK \u00c1ltal\u00e1nos Iskol\u00e1ja - MN\u00c1MK-UBZ<\/title>\n<meta name=\"robots\" content=\"index, follow, max-snippet:-1, max-image-preview:large, max-video-preview:-1\" \/>\n<link rel=\"canonical\" href=\"https:\/\/mnamk.hu\/index-old.php\/schule\/altalanos-iskola\/\" \/>\n<meta property=\"og:locale\" content=\"hu_HU\" \/>\n<meta property=\"og:type\" content=\"article\" \/>\n<meta property=\"og:title\" content=\"MN\u00c1MK \u00c1ltal\u00e1nos Iskol\u00e1ja - MN\u00c1MK-UBZ\" \/>\n<meta property=\"og:description\" content=\"\u00a0 Az MN\u00c1MK Egys\u00e9ges Iskola r\u00e9sze, n\u00e9met nemzetis\u00e9gi, k\u00e9ttannyelv\u0171 iskola A n\u00e9met nyelvoktat\u00e1s kiemelt fontoss\u00e1g\u00fa:&#8211;\u00a0\u00a0\u00a0 Az intenz\u00edv nyelvoktat\u00e1s m\u00e1r az els\u0151 oszt\u00e1lyban elkezd\u0151dik.&#8211;\u00a0\u00a0\u00a0 K\u00e9tnyelv\u0171 tant\u00e1rgyaink: matematika, t\u00f6rt\u00e9nelem, f\u00f6ldrajz, k\u00f6rnyezetismeret, hon- \u00e9s n\u00e9pismeret&#8211;\u00a0\u00a0\u00a0 Nemzetk\u00f6zi, egynyelv\u0171, ingyenes nyelvvizsga a 8. oszt\u00e1lyban (DSD I.) Kit\u0171z\u00f6tt c\u00e9ljaink:&#8211;\u00a0\u00a0\u00a0 A nyelvi k\u00e9pess\u00e9gek fejleszt\u00e9se a magyar, n\u00e9met \u00e9s angol nyelv tan\u00edt\u00e1s\u00e1ban&#8211;\u00a0\u00a0\u00a0 Alapk\u00e9szs\u00e9gek [&hellip;]\" \/>\n<meta property=\"og:url\" content=\"https:\/\/mnamk.hu\/index-old.php\/schule\/altalanos-iskola\/\" \/>\n<meta property=\"og:site_name\" content=\"MN\u00c1MK-UBZ\" \/>\n<meta property=\"article:modified_time\" content=\"2019-12-14T21:32:56+00:00\" \/>\n<meta name=\"twitter:card\" content=\"summary_large_image\" \/>\n<meta name=\"twitter:label1\" content=\"Becs\u00fclt olvas\u00e1si id\u0151\" \/>\n\t<meta name=\"twitter:data1\" content=\"1 perc\" \/>\n<script type=\"application\/ld+json\" class=\"yoast-schema-graph\">{\"@context\":\"https:\/\/schema.org\",\"@graph\":[{\"@type\":\"WebPage\",\"@id\":\"https:\/\/mnamk.hu\/index-old.php\/schule\/altalanos-iskola\/\",\"url\":\"https:\/\/mnamk.hu\/index-old.php\/schule\/altalanos-iskola\/\",\"name\":\"MN\u00c1MK \u00c1ltal\u00e1nos Iskol\u00e1ja - MN\u00c1MK-UBZ\",\"isPartOf\":{\"@id\":\"https:\/\/mnamk.hu\/index-old.php\/#website\"},\"datePublished\":\"2015-08-12T03:56:23+00:00\",\"dateModified\":\"2019-12-14T21:32:56+00:00\",\"breadcrumb\":{\"@id\":\"https:\/\/mnamk.hu\/index-old.php\/schule\/altalanos-iskola\/#breadcrumb\"},\"inLanguage\":\"hu\",\"potentialAction\":[{\"@type\":\"ReadAction\",\"target\":[\"https:\/\/mnamk.hu\/index-old.php\/schule\/altalanos-iskola\/\"]}]},{\"@type\":\"BreadcrumbList\",\"@id\":\"https:\/\/mnamk.hu\/index-old.php\/schule\/altalanos-iskola\/#breadcrumb\",\"itemListElement\":[{\"@type\":\"ListItem\",\"position\":1,\"name\":\"Startseite\",\"item\":\"https:\/\/mnamk.hu\/\"},{\"@type\":\"ListItem\",\"position\":2,\"name\":\"Iskola\",\"item\":\"https:\/\/mnamk.hu\/index-old.php\/schule\/\"},{\"@type\":\"ListItem\",\"position\":3,\"name\":\"MN\u00c1MK \u00c1ltal\u00e1nos Iskol\u00e1ja\"}]},{\"@type\":\"WebSite\",\"@id\":\"https:\/\/mnamk.hu\/index-old.php\/#website\",\"url\":\"https:\/\/mnamk.hu\/index-old.php\/\",\"name\":\"MN\u00c1MK-UBZ\",\"description\":\"\",\"publisher\":{\"@id\":\"https:\/\/mnamk.hu\/index-old.php\/#organization\"},\"potentialAction\":[{\"@type\":\"SearchAction\",\"target\":{\"@type\":\"EntryPoint\",\"urlTemplate\":\"https:\/\/mnamk.hu\/index-old.php\/?s={search_term_string}\"},\"query-input\":\"required name=search_term_string\"}],\"inLanguage\":\"hu\"},{\"@type\":\"Organization\",\"@id\":\"https:\/\/mnamk.hu\/index-old.php\/#organization\",\"name\":\"MNAMK\",\"url\":\"https:\/\/mnamk.hu\/index-old.php\/\",\"logo\":{\"@type\":\"ImageObject\",\"inLanguage\":\"hu\",\"@id\":\"https:\/\/mnamk.hu\/index-old.php\/#\/schema\/logo\/image\/\",\"url\":\"https:\/\/mnamk.hu\/wp\/wp-content\/uploads\/2020\/08\/logo.jpg\",\"contentUrl\":\"https:\/\/mnamk.hu\/wp\/wp-content\/uploads\/2020\/08\/logo.jpg\",\"width\":482,\"height\":276,\"caption\":\"MNAMK\"},\"image\":{\"@id\":\"https:\/\/mnamk.hu\/index-old.php\/#\/schema\/logo\/image\/\"}}]}<\/script>\n<!-- \/ Yoast SEO plugin. -->","yoast_head_json":{"title":"MN\u00c1MK \u00c1ltal\u00e1nos Iskol\u00e1ja - MN\u00c1MK-UBZ","robots":{"index":"index","follow":"follow","max-snippet":"max-snippet:-1","max-image-preview":"max-image-preview:large","max-video-preview":"max-video-preview:-1"},"canonical":"https:\/\/mnamk.hu\/index-old.php\/schule\/altalanos-iskola\/","og_locale":"hu_HU","og_type":"article","og_title":"MN\u00c1MK \u00c1ltal\u00e1nos Iskol\u00e1ja - MN\u00c1MK-UBZ","og_description":"\u00a0 Az MN\u00c1MK Egys\u00e9ges Iskola r\u00e9sze, n\u00e9met nemzetis\u00e9gi, k\u00e9ttannyelv\u0171 iskola A n\u00e9met nyelvoktat\u00e1s kiemelt fontoss\u00e1g\u00fa:&#8211;\u00a0\u00a0\u00a0 Az intenz\u00edv nyelvoktat\u00e1s m\u00e1r az els\u0151 oszt\u00e1lyban elkezd\u0151dik.&#8211;\u00a0\u00a0\u00a0 K\u00e9tnyelv\u0171 tant\u00e1rgyaink: matematika, t\u00f6rt\u00e9nelem, f\u00f6ldrajz, k\u00f6rnyezetismeret, hon- \u00e9s n\u00e9pismeret&#8211;\u00a0\u00a0\u00a0 Nemzetk\u00f6zi, egynyelv\u0171, ingyenes nyelvvizsga a 8. oszt\u00e1lyban (DSD I.) Kit\u0171z\u00f6tt c\u00e9ljaink:&#8211;\u00a0\u00a0\u00a0 A nyelvi k\u00e9pess\u00e9gek fejleszt\u00e9se a magyar, n\u00e9met \u00e9s angol nyelv tan\u00edt\u00e1s\u00e1ban&#8211;\u00a0\u00a0\u00a0 Alapk\u00e9szs\u00e9gek [&hellip;]","og_url":"https:\/\/mnamk.hu\/index-old.php\/schule\/altalanos-iskola\/","og_site_name":"MN\u00c1MK-UBZ","article_modified_time":"2019-12-14T21:32:56+00:00","twitter_card":"summary_large_image","twitter_misc":{"Becs\u00fclt olvas\u00e1si id\u0151":"1 perc"},"schema":{"@context":"https:\/\/schema.org","@graph":[{"@type":"WebPage","@id":"https:\/\/mnamk.hu\/index-old.php\/schule\/altalanos-iskola\/","url":"https:\/\/mnamk.hu\/index-old.php\/schule\/altalanos-iskola\/","name":"MN\u00c1MK \u00c1ltal\u00e1nos Iskol\u00e1ja - MN\u00c1MK-UBZ","isPartOf":{"@id":"https:\/\/mnamk.hu\/index-old.php\/#website"},"datePublished":"2015-08-12T03:56:23+00:00","dateModified":"2019-12-14T21:32:56+00:00","breadcrumb":{"@id":"https:\/\/mnamk.hu\/index-old.php\/schule\/altalanos-iskola\/#breadcrumb"},"inLanguage":"hu","potentialAction":[{"@type":"ReadAction","target":["https:\/\/mnamk.hu\/index-old.php\/schule\/altalanos-iskola\/"]}]},{"@type":"BreadcrumbList","@id":"https:\/\/mnamk.hu\/index-old.php\/schule\/altalanos-iskola\/#breadcrumb","itemListElement":[{"@type":"ListItem","position":1,"name":"Startseite","item":"https:\/\/mnamk.hu\/"},{"@type":"ListItem","position":2,"name":"Iskola","item":"https:\/\/mnamk.hu\/index-old.php\/schule\/"},{"@type":"ListItem","position":3,"name":"MN\u00c1MK \u00c1ltal\u00e1nos Iskol\u00e1ja"}]},{"@type":"WebSite","@id":"https:\/\/mnamk.hu\/index-old.php\/#website","url":"https:\/\/mnamk.hu\/index-old.php\/","name":"MN\u00c1MK-UBZ","description":"","publisher":{"@id":"https:\/\/mnamk.hu\/index-old.php\/#organization"},"potentialAction":[{"@type":"SearchAction","target":{"@type":"EntryPoint","urlTemplate":"https:\/\/mnamk.hu\/index-old.php\/?s={search_term_string}"},"query-input":"required name=search_term_string"}],"inLanguage":"hu"},{"@type":"Organization","@id":"https:\/\/mnamk.hu\/index-old.php\/#organization","name":"MNAMK","url":"https:\/\/mnamk.hu\/index-old.php\/","logo":{"@type":"ImageObject","inLanguage":"hu","@id":"https:\/\/mnamk.hu\/index-old.php\/#\/schema\/logo\/image\/","url":"https:\/\/mnamk.hu\/wp\/wp-content\/uploads\/2020\/08\/logo.jpg","contentUrl":"https:\/\/mnamk.hu\/wp\/wp-content\/uploads\/2020\/08\/logo.jpg","width":482,"height":276,"caption":"MNAMK"},"image":{"@id":"https:\/\/mnamk.hu\/index-old.php\/#\/schema\/logo\/image\/"}}]}},"_links":{"self":[{"href":"https:\/\/mnamk.hu\/index-old.php\/wp-json\/wp\/v2\/pages\/14557","targetHints":{"allow":["GET"]}}],"collection":[{"href":"https:\/\/mnamk.hu\/index-old.php\/wp-json\/wp\/v2\/pages"}],"about":[{"href":"https:\/\/mnamk.hu\/index-old.php\/wp-json\/wp\/v2\/types\/page"}],"author":[{"embeddable":true,"href":"https:\/\/mnamk.hu\/index-old.php\/wp-json\/wp\/v2\/users\/22"}],"replies":[{"embeddable":true,"href":"https:\/\/mnamk.hu\/index-old.php\/wp-json\/wp\/v2\/comments?post=14557"}],"version-history":[{"count":0,"href":"https:\/\/mnamk.hu\/index-old.php\/wp-json\/wp\/v2\/pages\/14557\/revisions"}],"up":[{"embeddable":true,"href":"https:\/\/mnamk.hu\/index-old.php\/wp-json\/wp\/v2\/pages\/6614"}],"wp:attachment":[{"href":"https:\/\/mnamk.hu\/index-old.php\/wp-json\/wp\/v2\/media?parent=14557"}],"curies":[{"name":"wp","href":"https:\/\/api.w.org\/{rel}","templated":true}]}}