{"id":14561,"date":"2017-09-12T10:31:39","date_gmt":"2017-09-12T10:31:39","guid":{"rendered":"https:\/\/mnamk.hu\/wp\/schule\/altalanos-iskola\/klubnapkoezi\/"},"modified":"2021-09-03T13:44:23","modified_gmt":"2021-09-03T13:44:23","slug":"klubnapkoezi","status":"publish","type":"page","link":"https:\/\/mnamk.hu\/index-old.php\/schule\/altalanos-iskola\/klubnapkoezi\/","title":{"rendered":"Klubnapk\u00f6zi az \u00c1ltal\u00e1nos Iskol\u00e1ban"},"content":{"rendered":"\n<figure class=\"wp-block-gallery columns-3 wp-block-gallery-1 is-layout-flex wp-block-gallery-is-layout-flex\"><ul class=\"blocks-gallery-grid\"><li class=\"blocks-gallery-item\"><figure><a href=\"https:\/\/mnamk.hu\/wp\/wp-content\/uploads\/2021\/09\/angolklub-1.jpg\"><img decoding=\"async\" width=\"529\" height=\"761\" src=\"https:\/\/mnamk.hu\/wp\/wp-content\/uploads\/2021\/09\/angolklub-1.jpg\" alt=\"\" data-id=\"31664\" data-link=\"https:\/\/mnamk.hu\/wp\/schule\/altalanos-iskola\/klubnapkoezi\/angolklub-1\/\" class=\"wp-image-31664\" srcset=\"https:\/\/mnamk.hu\/wp\/wp-content\/uploads\/2021\/09\/angolklub-1.jpg 529w, https:\/\/mnamk.hu\/wp\/wp-content\/uploads\/2021\/09\/angolklub-1-150x216.jpg 150w, https:\/\/mnamk.hu\/wp\/wp-content\/uploads\/2021\/09\/angolklub-1-209x300.jpg 209w\" sizes=\"(max-width: 529px) 100vw, 529px\" \/><\/a><\/figure><\/li><li class=\"blocks-gallery-item\"><figure><a href=\"https:\/\/mnamk.hu\/wp\/wp-content\/uploads\/2021\/09\/barkacskucko.jpg\"><img decoding=\"async\" width=\"772\" height=\"547\" src=\"https:\/\/mnamk.hu\/wp\/wp-content\/uploads\/2021\/09\/barkacskucko.jpg\" alt=\"\" data-id=\"31642\" data-link=\"https:\/\/mnamk.hu\/wp\/schule\/altalanos-iskola\/klubnapkoezi\/barkacskucko\/\" class=\"wp-image-31642\" srcset=\"https:\/\/mnamk.hu\/wp\/wp-content\/uploads\/2021\/09\/barkacskucko.jpg 772w, https:\/\/mnamk.hu\/wp\/wp-content\/uploads\/2021\/09\/barkacskucko-150x106.jpg 150w, https:\/\/mnamk.hu\/wp\/wp-content\/uploads\/2021\/09\/barkacskucko-300x213.jpg 300w, https:\/\/mnamk.hu\/wp\/wp-content\/uploads\/2021\/09\/barkacskucko-768x544.jpg 768w\" sizes=\"(max-width: 772px) 100vw, 772px\" \/><\/a><\/figure><\/li><li class=\"blocks-gallery-item\"><figure><a href=\"https:\/\/mnamk.hu\/wp\/wp-content\/uploads\/2021\/09\/boldogsagklub1-2.jpg\"><img decoding=\"async\" width=\"542\" height=\"774\" src=\"https:\/\/mnamk.hu\/wp\/wp-content\/uploads\/2021\/09\/boldogsagklub1-2.jpg\" alt=\"\" data-id=\"31643\" data-link=\"https:\/\/mnamk.hu\/wp\/schule\/altalanos-iskola\/klubnapkoezi\/boldogsagklub1-2\/\" class=\"wp-image-31643\" srcset=\"https:\/\/mnamk.hu\/wp\/wp-content\/uploads\/2021\/09\/boldogsagklub1-2.jpg 542w, https:\/\/mnamk.hu\/wp\/wp-content\/uploads\/2021\/09\/boldogsagklub1-2-150x214.jpg 150w, https:\/\/mnamk.hu\/wp\/wp-content\/uploads\/2021\/09\/boldogsagklub1-2-210x300.jpg 210w\" sizes=\"(max-width: 542px) 100vw, 542px\" \/><\/a><\/figure><\/li><li class=\"blocks-gallery-item\"><figure><a href=\"https:\/\/mnamk.hu\/wp\/wp-content\/uploads\/2021\/09\/boldogsagklub3-4-1.jpg\"><img decoding=\"async\" width=\"613\" height=\"787\" src=\"https:\/\/mnamk.hu\/wp\/wp-content\/uploads\/2021\/09\/boldogsagklub3-4-1.jpg\" alt=\"\" data-id=\"31665\" data-link=\"https:\/\/mnamk.hu\/wp\/schule\/altalanos-iskola\/klubnapkoezi\/boldogsagklub3-4-1\/\" class=\"wp-image-31665\" srcset=\"https:\/\/mnamk.hu\/wp\/wp-content\/uploads\/2021\/09\/boldogsagklub3-4-1.jpg 613w, https:\/\/mnamk.hu\/wp\/wp-content\/uploads\/2021\/09\/boldogsagklub3-4-1-150x193.jpg 150w, https:\/\/mnamk.hu\/wp\/wp-content\/uploads\/2021\/09\/boldogsagklub3-4-1-234x300.jpg 234w\" sizes=\"(max-width: 613px) 100vw, 613px\" \/><\/a><\/figure><\/li><li class=\"blocks-gallery-item\"><figure><a href=\"https:\/\/mnamk.hu\/wp\/wp-content\/uploads\/2021\/09\/hagyomanyaink-1.jpg\"><img decoding=\"async\" width=\"613\" height=\"823\" src=\"https:\/\/mnamk.hu\/wp\/wp-content\/uploads\/2021\/09\/hagyomanyaink-1.jpg\" alt=\"\" data-id=\"31666\" data-full-url=\"https:\/\/mnamk.hu\/wp\/wp-content\/uploads\/2021\/09\/hagyomanyaink-1.jpg\" data-link=\"https:\/\/mnamk.hu\/wp\/schule\/altalanos-iskola\/klubnapkoezi\/hagyomanyaink-1\/\" class=\"wp-image-31666\" srcset=\"https:\/\/mnamk.hu\/wp\/wp-content\/uploads\/2021\/09\/hagyomanyaink-1.jpg 613w, https:\/\/mnamk.hu\/wp\/wp-content\/uploads\/2021\/09\/hagyomanyaink-1-150x201.jpg 150w, https:\/\/mnamk.hu\/wp\/wp-content\/uploads\/2021\/09\/hagyomanyaink-1-223x300.jpg 223w\" sizes=\"(max-width: 613px) 100vw, 613px\" \/><\/a><\/figure><\/li><li class=\"blocks-gallery-item\"><figure><a href=\"https:\/\/mnamk.hu\/wp\/wp-content\/uploads\/2021\/09\/kepessegfejleszto.jpg\"><img decoding=\"async\" width=\"531\" height=\"748\" src=\"https:\/\/mnamk.hu\/wp\/wp-content\/uploads\/2021\/09\/kepessegfejleszto.jpg\" alt=\"\" data-id=\"31646\" data-link=\"https:\/\/mnamk.hu\/wp\/schule\/altalanos-iskola\/klubnapkoezi\/kepessegfejleszto\/\" class=\"wp-image-31646\" srcset=\"https:\/\/mnamk.hu\/wp\/wp-content\/uploads\/2021\/09\/kepessegfejleszto.jpg 531w, https:\/\/mnamk.hu\/wp\/wp-content\/uploads\/2021\/09\/kepessegfejleszto-150x211.jpg 150w, https:\/\/mnamk.hu\/wp\/wp-content\/uploads\/2021\/09\/kepessegfejleszto-213x300.jpg 213w\" sizes=\"(max-width: 531px) 100vw, 531px\" \/><\/a><\/figure><\/li><li class=\"blocks-gallery-item\"><figure><a href=\"https:\/\/mnamk.hu\/wp\/wp-content\/uploads\/2021\/09\/labdasjatekok.jpg\"><img decoding=\"async\" width=\"533\" height=\"757\" src=\"https:\/\/mnamk.hu\/wp\/wp-content\/uploads\/2021\/09\/labdasjatekok.jpg\" alt=\"\" data-id=\"31647\" data-link=\"https:\/\/mnamk.hu\/wp\/schule\/altalanos-iskola\/klubnapkoezi\/labdasjatekok\/\" class=\"wp-image-31647\" srcset=\"https:\/\/mnamk.hu\/wp\/wp-content\/uploads\/2021\/09\/labdasjatekok.jpg 533w, https:\/\/mnamk.hu\/wp\/wp-content\/uploads\/2021\/09\/labdasjatekok-150x213.jpg 150w, https:\/\/mnamk.hu\/wp\/wp-content\/uploads\/2021\/09\/labdasjatekok-211x300.jpg 211w\" sizes=\"(max-width: 533px) 100vw, 533px\" \/><\/a><\/figure><\/li><li class=\"blocks-gallery-item\"><figure><a href=\"https:\/\/mnamk.hu\/wp\/wp-content\/uploads\/2021\/09\/mesevarasz.jpg\"><img decoding=\"async\" width=\"536\" height=\"768\" src=\"https:\/\/mnamk.hu\/wp\/wp-content\/uploads\/2021\/09\/mesevarasz.jpg\" alt=\"\" data-id=\"31648\" data-link=\"https:\/\/mnamk.hu\/wp\/schule\/altalanos-iskola\/klubnapkoezi\/mesevarasz\/\" class=\"wp-image-31648\" srcset=\"https:\/\/mnamk.hu\/wp\/wp-content\/uploads\/2021\/09\/mesevarasz.jpg 536w, https:\/\/mnamk.hu\/wp\/wp-content\/uploads\/2021\/09\/mesevarasz-150x215.jpg 150w, https:\/\/mnamk.hu\/wp\/wp-content\/uploads\/2021\/09\/mesevarasz-209x300.jpg 209w\" sizes=\"(max-width: 536px) 100vw, 536px\" \/><\/a><\/figure><\/li><li class=\"blocks-gallery-item\"><figure><a href=\"https:\/\/mnamk.hu\/wp\/wp-content\/uploads\/2021\/09\/mocorgo.jpg\"><img decoding=\"async\" width=\"516\" height=\"687\" src=\"https:\/\/mnamk.hu\/wp\/wp-content\/uploads\/2021\/09\/mocorgo.jpg\" alt=\"\" data-id=\"31649\" data-link=\"https:\/\/mnamk.hu\/wp\/schule\/altalanos-iskola\/klubnapkoezi\/mocorgo\/\" class=\"wp-image-31649\" srcset=\"https:\/\/mnamk.hu\/wp\/wp-content\/uploads\/2021\/09\/mocorgo.jpg 516w, https:\/\/mnamk.hu\/wp\/wp-content\/uploads\/2021\/09\/mocorgo-150x200.jpg 150w, https:\/\/mnamk.hu\/wp\/wp-content\/uploads\/2021\/09\/mocorgo-225x300.jpg 225w\" sizes=\"(max-width: 516px) 100vw, 516px\" \/><\/a><\/figure><\/li><li class=\"blocks-gallery-item\"><figure><a href=\"https:\/\/mnamk.hu\/wp\/wp-content\/uploads\/2021\/09\/nagynenekonyha.jpg\"><img decoding=\"async\" width=\"544\" height=\"775\" src=\"https:\/\/mnamk.hu\/wp\/wp-content\/uploads\/2021\/09\/nagynenekonyha.jpg\" alt=\"\" data-id=\"31650\" data-link=\"https:\/\/mnamk.hu\/wp\/schule\/altalanos-iskola\/klubnapkoezi\/nagynenekonyha\/\" class=\"wp-image-31650\" srcset=\"https:\/\/mnamk.hu\/wp\/wp-content\/uploads\/2021\/09\/nagynenekonyha.jpg 544w, https:\/\/mnamk.hu\/wp\/wp-content\/uploads\/2021\/09\/nagynenekonyha-150x214.jpg 150w, https:\/\/mnamk.hu\/wp\/wp-content\/uploads\/2021\/09\/nagynenekonyha-211x300.jpg 211w\" sizes=\"(max-width: 544px) 100vw, 544px\" \/><\/a><\/figure><\/li><li class=\"blocks-gallery-item\"><figure><a href=\"https:\/\/mnamk.hu\/wp\/wp-content\/uploads\/2021\/09\/origami.jpg\"><img decoding=\"async\" width=\"742\" height=\"510\" src=\"https:\/\/mnamk.hu\/wp\/wp-content\/uploads\/2021\/09\/origami.jpg\" alt=\"\" data-id=\"31651\" data-link=\"https:\/\/mnamk.hu\/wp\/schule\/altalanos-iskola\/klubnapkoezi\/origami\/\" class=\"wp-image-31651\" srcset=\"https:\/\/mnamk.hu\/wp\/wp-content\/uploads\/2021\/09\/origami.jpg 742w, https:\/\/mnamk.hu\/wp\/wp-content\/uploads\/2021\/09\/origami-150x103.jpg 150w, https:\/\/mnamk.hu\/wp\/wp-content\/uploads\/2021\/09\/origami-300x206.jpg 300w\" sizes=\"(max-width: 742px) 100vw, 742px\" \/><\/a><\/figure><\/li><li class=\"blocks-gallery-item\"><figure><a href=\"https:\/\/mnamk.hu\/wp\/wp-content\/uploads\/2021\/09\/rozmaringtanccsoport.jpg\"><img decoding=\"async\" width=\"601\" height=\"844\" src=\"https:\/\/mnamk.hu\/wp\/wp-content\/uploads\/2021\/09\/rozmaringtanccsoport.jpg\" alt=\"\" data-id=\"31652\" data-link=\"https:\/\/mnamk.hu\/wp\/schule\/altalanos-iskola\/klubnapkoezi\/rozmaringtanccsoport\/\" class=\"wp-image-31652\" srcset=\"https:\/\/mnamk.hu\/wp\/wp-content\/uploads\/2021\/09\/rozmaringtanccsoport.jpg 601w, https:\/\/mnamk.hu\/wp\/wp-content\/uploads\/2021\/09\/rozmaringtanccsoport-150x211.jpg 150w, https:\/\/mnamk.hu\/wp\/wp-content\/uploads\/2021\/09\/rozmaringtanccsoport-214x300.jpg 214w\" sizes=\"(max-width: 601px) 100vw, 601px\" \/><\/a><\/figure><\/li><li class=\"blocks-gallery-item\"><figure><a href=\"https:\/\/mnamk.hu\/wp\/wp-content\/uploads\/2021\/09\/szamitastechnika.jpg\"><img decoding=\"async\" width=\"516\" height=\"712\" src=\"https:\/\/mnamk.hu\/wp\/wp-content\/uploads\/2021\/09\/szamitastechnika.jpg\" alt=\"\" data-id=\"31653\" data-link=\"https:\/\/mnamk.hu\/wp\/schule\/altalanos-iskola\/klubnapkoezi\/szamitastechnika\/\" class=\"wp-image-31653\" srcset=\"https:\/\/mnamk.hu\/wp\/wp-content\/uploads\/2021\/09\/szamitastechnika.jpg 516w, https:\/\/mnamk.hu\/wp\/wp-content\/uploads\/2021\/09\/szamitastechnika-150x207.jpg 150w, https:\/\/mnamk.hu\/wp\/wp-content\/uploads\/2021\/09\/szamitastechnika-217x300.jpg 217w\" sizes=\"(max-width: 516px) 100vw, 516px\" \/><\/a><\/figure><\/li><li class=\"blocks-gallery-item\"><figure><a href=\"https:\/\/mnamk.hu\/wp\/wp-content\/uploads\/2021\/09\/tancorak.jpg\"><img decoding=\"async\" width=\"516\" height=\"686\" src=\"https:\/\/mnamk.hu\/wp\/wp-content\/uploads\/2021\/09\/tancorak.jpg\" alt=\"\" data-id=\"31654\" data-link=\"https:\/\/mnamk.hu\/wp\/schule\/altalanos-iskola\/klubnapkoezi\/tancorak\/\" class=\"wp-image-31654\" srcset=\"https:\/\/mnamk.hu\/wp\/wp-content\/uploads\/2021\/09\/tancorak.jpg 516w, https:\/\/mnamk.hu\/wp\/wp-content\/uploads\/2021\/09\/tancorak-150x199.jpg 150w, https:\/\/mnamk.hu\/wp\/wp-content\/uploads\/2021\/09\/tancorak-226x300.jpg 226w\" sizes=\"(max-width: 516px) 100vw, 516px\" \/><\/a><\/figure><\/li><li class=\"blocks-gallery-item\"><figure><a href=\"https:\/\/mnamk.hu\/wp\/wp-content\/uploads\/2021\/09\/vivocsakkoer.jpg\"><img decoding=\"async\" width=\"516\" height=\"667\" src=\"https:\/\/mnamk.hu\/wp\/wp-content\/uploads\/2021\/09\/vivocsakkoer.jpg\" alt=\"\" data-id=\"31657\" data-link=\"https:\/\/mnamk.hu\/wp\/schule\/altalanos-iskola\/klubnapkoezi\/vivocsakkoer\/\" class=\"wp-image-31657\" srcset=\"https:\/\/mnamk.hu\/wp\/wp-content\/uploads\/2021\/09\/vivocsakkoer.jpg 516w, https:\/\/mnamk.hu\/wp\/wp-content\/uploads\/2021\/09\/vivocsakkoer-150x194.jpg 150w, https:\/\/mnamk.hu\/wp\/wp-content\/uploads\/2021\/09\/vivocsakkoer-232x300.jpg 232w\" sizes=\"(max-width: 516px) 100vw, 516px\" \/><\/a><\/figure><\/li><\/ul><\/figure>\n","protected":false},"excerpt":{"rendered":"","protected":false},"author":22,"featured_media":0,"parent":14557,"menu_order":0,"comment_status":"closed","ping_status":"closed","template":"","meta":{"footnotes":""},"class_list":["post-14561","page","type-page","status-publish","hentry"],"yoast_head":"<!-- This site is optimized with the Yoast SEO plugin v20.9 - https:\/\/yoast.com\/wordpress\/plugins\/seo\/ -->\n<title>Klubnapk\u00f6zi az \u00c1ltal\u00e1nos Iskol\u00e1ban - MN\u00c1MK-UBZ<\/title>\n<meta name=\"robots\" content=\"index, follow, max-snippet:-1, max-image-preview:large, max-video-preview:-1\" \/>\n<link rel=\"canonical\" href=\"https:\/\/mnamk.hu\/index-old.php\/schule\/altalanos-iskola\/klubnapkoezi\/\" \/>\n<meta property=\"og:locale\" content=\"hu_HU\" \/>\n<meta property=\"og:type\" content=\"article\" \/>\n<meta property=\"og:title\" content=\"Klubnapk\u00f6zi az \u00c1ltal\u00e1nos Iskol\u00e1ban - MN\u00c1MK-UBZ\" \/>\n<meta property=\"og:url\" content=\"https:\/\/mnamk.hu\/index-old.php\/schule\/altalanos-iskola\/klubnapkoezi\/\" \/>\n<meta property=\"og:site_name\" content=\"MN\u00c1MK-UBZ\" \/>\n<meta property=\"article:modified_time\" content=\"2021-09-03T13:44:23+00:00\" \/>\n<meta property=\"og:image\" content=\"https:\/\/mnamk.hu\/wp\/wp-content\/uploads\/2021\/09\/angolklub-1.jpg\" \/>\n<meta name=\"twitter:card\" content=\"summary_large_image\" \/>\n<meta name=\"twitter:label1\" content=\"Becs\u00fclt olvas\u00e1si id\u0151\" \/>\n\t<meta name=\"twitter:data1\" content=\"3 perc\" \/>\n<script type=\"application\/ld+json\" class=\"yoast-schema-graph\">{\"@context\":\"https:\/\/schema.org\",\"@graph\":[{\"@type\":\"WebPage\",\"@id\":\"https:\/\/mnamk.hu\/index-old.php\/schule\/altalanos-iskola\/klubnapkoezi\/\",\"url\":\"https:\/\/mnamk.hu\/index-old.php\/schule\/altalanos-iskola\/klubnapkoezi\/\",\"name\":\"Klubnapk\u00f6zi az \u00c1ltal\u00e1nos Iskol\u00e1ban - MN\u00c1MK-UBZ\",\"isPartOf\":{\"@id\":\"https:\/\/mnamk.hu\/index-old.php\/#website\"},\"datePublished\":\"2017-09-12T10:31:39+00:00\",\"dateModified\":\"2021-09-03T13:44:23+00:00\",\"breadcrumb\":{\"@id\":\"https:\/\/mnamk.hu\/index-old.php\/schule\/altalanos-iskola\/klubnapkoezi\/#breadcrumb\"},\"inLanguage\":\"hu\",\"potentialAction\":[{\"@type\":\"ReadAction\",\"target\":[\"https:\/\/mnamk.hu\/index-old.php\/schule\/altalanos-iskola\/klubnapkoezi\/\"]}]},{\"@type\":\"BreadcrumbList\",\"@id\":\"https:\/\/mnamk.hu\/index-old.php\/schule\/altalanos-iskola\/klubnapkoezi\/#breadcrumb\",\"itemListElement\":[{\"@type\":\"ListItem\",\"position\":1,\"name\":\"Startseite\",\"item\":\"https:\/\/mnamk.hu\/\"},{\"@type\":\"ListItem\",\"position\":2,\"name\":\"Iskola\",\"item\":\"https:\/\/mnamk.hu\/index-old.php\/schule\/\"},{\"@type\":\"ListItem\",\"position\":3,\"name\":\"MN\u00c1MK \u00c1ltal\u00e1nos Iskol\u00e1ja\",\"item\":\"https:\/\/mnamk.hu\/index-old.php\/schule\/altalanos-iskola\/\"},{\"@type\":\"ListItem\",\"position\":4,\"name\":\"Klubnapk\u00f6zi az \u00c1ltal\u00e1nos Iskol\u00e1ban\"}]},{\"@type\":\"WebSite\",\"@id\":\"https:\/\/mnamk.hu\/index-old.php\/#website\",\"url\":\"https:\/\/mnamk.hu\/index-old.php\/\",\"name\":\"MN\u00c1MK-UBZ\",\"description\":\"\",\"publisher\":{\"@id\":\"https:\/\/mnamk.hu\/index-old.php\/#organization\"},\"potentialAction\":[{\"@type\":\"SearchAction\",\"target\":{\"@type\":\"EntryPoint\",\"urlTemplate\":\"https:\/\/mnamk.hu\/index-old.php\/?s={search_term_string}\"},\"query-input\":\"required name=search_term_string\"}],\"inLanguage\":\"hu\"},{\"@type\":\"Organization\",\"@id\":\"https:\/\/mnamk.hu\/index-old.php\/#organization\",\"name\":\"MNAMK\",\"url\":\"https:\/\/mnamk.hu\/index-old.php\/\",\"logo\":{\"@type\":\"ImageObject\",\"inLanguage\":\"hu\",\"@id\":\"https:\/\/mnamk.hu\/index-old.php\/#\/schema\/logo\/image\/\",\"url\":\"https:\/\/mnamk.hu\/wp\/wp-content\/uploads\/2020\/08\/logo.jpg\",\"contentUrl\":\"https:\/\/mnamk.hu\/wp\/wp-content\/uploads\/2020\/08\/logo.jpg\",\"width\":482,\"height\":276,\"caption\":\"MNAMK\"},\"image\":{\"@id\":\"https:\/\/mnamk.hu\/index-old.php\/#\/schema\/logo\/image\/\"}}]}<\/script>\n<!-- \/ Yoast SEO plugin. -->","yoast_head_json":{"title":"Klubnapk\u00f6zi az \u00c1ltal\u00e1nos Iskol\u00e1ban - MN\u00c1MK-UBZ","robots":{"index":"index","follow":"follow","max-snippet":"max-snippet:-1","max-image-preview":"max-image-preview:large","max-video-preview":"max-video-preview:-1"},"canonical":"https:\/\/mnamk.hu\/index-old.php\/schule\/altalanos-iskola\/klubnapkoezi\/","og_locale":"hu_HU","og_type":"article","og_title":"Klubnapk\u00f6zi az \u00c1ltal\u00e1nos Iskol\u00e1ban - MN\u00c1MK-UBZ","og_url":"https:\/\/mnamk.hu\/index-old.php\/schule\/altalanos-iskola\/klubnapkoezi\/","og_site_name":"MN\u00c1MK-UBZ","article_modified_time":"2021-09-03T13:44:23+00:00","og_image":[{"url":"https:\/\/mnamk.hu\/wp\/wp-content\/uploads\/2021\/09\/angolklub-1.jpg"}],"twitter_card":"summary_large_image","twitter_misc":{"Becs\u00fclt olvas\u00e1si id\u0151":"3 perc"},"schema":{"@context":"https:\/\/schema.org","@graph":[{"@type":"WebPage","@id":"https:\/\/mnamk.hu\/index-old.php\/schule\/altalanos-iskola\/klubnapkoezi\/","url":"https:\/\/mnamk.hu\/index-old.php\/schule\/altalanos-iskola\/klubnapkoezi\/","name":"Klubnapk\u00f6zi az \u00c1ltal\u00e1nos Iskol\u00e1ban - MN\u00c1MK-UBZ","isPartOf":{"@id":"https:\/\/mnamk.hu\/index-old.php\/#website"},"datePublished":"2017-09-12T10:31:39+00:00","dateModified":"2021-09-03T13:44:23+00:00","breadcrumb":{"@id":"https:\/\/mnamk.hu\/index-old.php\/schule\/altalanos-iskola\/klubnapkoezi\/#breadcrumb"},"inLanguage":"hu","potentialAction":[{"@type":"ReadAction","target":["https:\/\/mnamk.hu\/index-old.php\/schule\/altalanos-iskola\/klubnapkoezi\/"]}]},{"@type":"BreadcrumbList","@id":"https:\/\/mnamk.hu\/index-old.php\/schule\/altalanos-iskola\/klubnapkoezi\/#breadcrumb","itemListElement":[{"@type":"ListItem","position":1,"name":"Startseite","item":"https:\/\/mnamk.hu\/"},{"@type":"ListItem","position":2,"name":"Iskola","item":"https:\/\/mnamk.hu\/index-old.php\/schule\/"},{"@type":"ListItem","position":3,"name":"MN\u00c1MK \u00c1ltal\u00e1nos Iskol\u00e1ja","item":"https:\/\/mnamk.hu\/index-old.php\/schule\/altalanos-iskola\/"},{"@type":"ListItem","position":4,"name":"Klubnapk\u00f6zi az \u00c1ltal\u00e1nos Iskol\u00e1ban"}]},{"@type":"WebSite","@id":"https:\/\/mnamk.hu\/index-old.php\/#website","url":"https:\/\/mnamk.hu\/index-old.php\/","name":"MN\u00c1MK-UBZ","description":"","publisher":{"@id":"https:\/\/mnamk.hu\/index-old.php\/#organization"},"potentialAction":[{"@type":"SearchAction","target":{"@type":"EntryPoint","urlTemplate":"https:\/\/mnamk.hu\/index-old.php\/?s={search_term_string}"},"query-input":"required name=search_term_string"}],"inLanguage":"hu"},{"@type":"Organization","@id":"https:\/\/mnamk.hu\/index-old.php\/#organization","name":"MNAMK","url":"https:\/\/mnamk.hu\/index-old.php\/","logo":{"@type":"ImageObject","inLanguage":"hu","@id":"https:\/\/mnamk.hu\/index-old.php\/#\/schema\/logo\/image\/","url":"https:\/\/mnamk.hu\/wp\/wp-content\/uploads\/2020\/08\/logo.jpg","contentUrl":"https:\/\/mnamk.hu\/wp\/wp-content\/uploads\/2020\/08\/logo.jpg","width":482,"height":276,"caption":"MNAMK"},"image":{"@id":"https:\/\/mnamk.hu\/index-old.php\/#\/schema\/logo\/image\/"}}]}},"_links":{"self":[{"href":"https:\/\/mnamk.hu\/index-old.php\/wp-json\/wp\/v2\/pages\/14561","targetHints":{"allow":["GET"]}}],"collection":[{"href":"https:\/\/mnamk.hu\/index-old.php\/wp-json\/wp\/v2\/pages"}],"about":[{"href":"https:\/\/mnamk.hu\/index-old.php\/wp-json\/wp\/v2\/types\/page"}],"author":[{"embeddable":true,"href":"https:\/\/mnamk.hu\/index-old.php\/wp-json\/wp\/v2\/users\/22"}],"replies":[{"embeddable":true,"href":"https:\/\/mnamk.hu\/index-old.php\/wp-json\/wp\/v2\/comments?post=14561"}],"version-history":[{"count":0,"href":"https:\/\/mnamk.hu\/index-old.php\/wp-json\/wp\/v2\/pages\/14561\/revisions"}],"up":[{"embeddable":true,"href":"https:\/\/mnamk.hu\/index-old.php\/wp-json\/wp\/v2\/pages\/14557"}],"wp:attachment":[{"href":"https:\/\/mnamk.hu\/index-old.php\/wp-json\/wp\/v2\/media?parent=14561"}],"curies":[{"name":"wp","href":"https:\/\/api.w.org\/{rel}","templated":true}]}}