{"id":14572,"date":"2017-07-04T08:11:15","date_gmt":"2017-07-04T08:11:15","guid":{"rendered":"https:\/\/mnamk.hu\/wp\/schule\/erettsegire-epuelo-szakkepzes\/turisztikai-szervezo-ertekesito-szakkepzes\/"},"modified":"2020-12-01T16:06:14","modified_gmt":"2020-12-01T16:06:14","slug":"turisztikai-szervezo-ertekesito-szakkepzes","status":"publish","type":"page","link":"https:\/\/mnamk.hu\/index-old.php\/schule\/erettsegire-epuelo-szakkepzes\/turisztikai-szervezo-ertekesito-szakkepzes\/","title":{"rendered":"Turisztikai szervez\u0151 szakk\u00e9pz\u00e9s"},"content":{"rendered":"<div style=\"text-align: center;\" align=\"center\"><strong style=\"font-size: 1em; text-align: justify;\">&nbsp;<\/strong><\/div>\n<div style=\"text-align: justify;\">&nbsp;<\/div>\n<div style=\"text-align: justify;\">\n<p><strong>TURISZTIKAI TECHNIKUS SZAKMA, TURISZTIKAI SZERVEZ\u0150 SZAKMAIR\u00c1NY<\/strong><\/p>\n<p><strong>&nbsp;<\/strong><\/p>\n<p><strong>Szakma megnevez\u00e9se: <\/strong>Turisztikai technikus<\/p>\n<p><strong>Szakmarir\u00e1ny megnevez\u00e9se: <\/strong>Turisztikai szervez\u0151<\/p>\n<p><strong>Szakk\u00e9pes\u00edt\u00e9s azonos\u00edt\u00f3 sz\u00e1ma:<\/strong>&nbsp;5 1015 23 07<\/p>\n<p><strong>Szakk\u00e9pz\u00e9si \u00e9vfolyamok sz\u00e1ma:<\/strong>&nbsp;2<\/p>\n<p><strong>A szakk\u00e9pes\u00edt\u00e9s munkater\u00fclet\u00e9nek r\u00f6vid, jellemz\u0151 le\u00edr\u00e1sa:<\/strong><\/p>\n<p>A turisztikai szervez\u0151 t\u00f6bb ter\u00fcleten tal\u00e1lkozik a turist\u00e1val. Utaz\u00e1si irod\u00e1ban inform\u00e1ci\u00f3t ny\u00fajt, \u00fatitervet k\u00e9sz\u00edt, menetjegyet, sz\u00e1ll\u00e1st foglal, \u00e9s csoportos utaz\u00e1st szervez. Marketing \u00e9s \u00e9rt\u00e9kes\u00edt\u00e9si tev\u00e9kenys\u00e9get v\u00e9gez, k\u00fclf\u00f6ldi \u00e9s belf\u00f6ldi partnerekkel kapcsolatot tart, be- \u00e9s kiutaz\u00e1sokat szervez, \u00e9rt\u00e9kes\u00edt. Inform\u00e1ci\u00f3kat gy\u0171jt k\u00fcl\u00f6nf\u00e9le k\u00f6zleked\u00e9si eszk\u00f6z\u00f6kr\u0151l \u00e9s sz\u00e1ll\u00e1shelyekr\u0151l, \u00fcgyfelei ig\u00e9nyeinek felm\u00e9r\u00e9se ut\u00e1n t\u00e1j\u00e9koztat\u00e1st ny\u00fajt utaz\u00e1suk lebonyol\u00edt\u00e1s\u00e1val kapcsolatban. \u00datiterveket \u00e1ll\u00edt \u00f6ssze, menetjegyeket, vouchereket \u00e1ll\u00edt ki. A turista ott-tart\u00f3zkod\u00e1s\u00e1nak ideje alatt bemutatja az adott desztin\u00e1ci\u00f3 turisztikai palett\u00e1j\u00e1t, seg\u00edt a turista t\u00e1j\u00e9koztat\u00e1s\u00e1ban, programjainak szervez\u00e9s\u00e9ben. Sz\u00e9lesk\u00f6r\u0171 \u00e9s naprak\u00e9sz tud\u00e1ssal rendelkezik szakter\u00fclet\u00e9n. A turista rajta kereszt\u00fcl ismeri meg az adott desztin\u00e1ci\u00f3t, hagyom\u00e1nyait, gasztron\u00f3mi\u00e1j\u00e1t, kult\u00far\u00e1j\u00e1t. A turisztikai szervez\u0151 kiv\u00e1l\u00f3an kommunik\u00e1l magyar \u00e9s idegen nyelven is. K\u00f6nnyen alak\u00edt ki emberi kapcsolatokat, konfliktushelyzeteket j\u00f3l kezel.<\/p>\n<p><strong>Kimeneteli k\u00f6vetelm\u00e9nyek:<\/strong><\/p>\n<p><strong>R\u00f6vid\u00edtett v\u00e1ltozat:<\/strong><\/p>\n<p>A turisztikai szervez\u0151 a turisztikai piac saj\u00e1toss\u00e1gainak ismeret\u00e9ben programokat k\u00edn\u00e1l, utaz\u00e1si csomagot \u00e1ll\u00edt \u00f6ssze, az \u00e1rualap \u00e9rt\u00e9kes\u00edt\u00e9s\u00e9hez kalkul\u00e1ci\u00f3t k\u00e9sz\u00edt, \u00e1rat k\u00e9pez, forgat\u00f3k\u00f6nyvet k\u00e9sz\u00edt \u00e9s az utaz\u00e1si programokhoz kapcsol\u00f3d\u00f3 dokumentumokat k\u00e9sz\u00edt, t\u00f6lt ki \u00e9s kezel. Az elsz\u00e1mol\u00e1shoz kapcsol\u00f3d\u00f3 gazdas\u00e1gi m\u0171veleteket v\u00e9gez. Utaz\u00e1si inform\u00e1ci\u00f3t ny\u00fajt, \u00fatitervet k\u00e9sz\u00edt, menetjegyet, sz\u00e1ll\u00e1st foglal, \u00e9s csoportos utaz\u00e1st szervez.<\/p>\n<p><strong>A szakma k\u00f6vetelm\u00e9nyei:<\/strong><\/p>\n<p>Az utaz\u00e1si v\u00e1llalkoz\u00e1s \u00e1ruk\u00edn\u00e1lata, \u00e1rualapja szerint \u00f6ssze\u00e1ll\u00edt egy konkr\u00e9t utaz\u00e1si aj\u00e1nlatot a megrendel\u0151 ig\u00e9nyei alapj\u00e1n. Elk\u00e9sz\u00edti az utassal k\u00f6tend\u0151 szerz\u0151d\u00e9st. Haszn\u00e1lja a menetrendtervez\u0151ket, a sz\u00e1ll\u00e1sfoglal\u00f3 port\u00e1lokat, glob\u00e1lis helyfoglal\u00e1si rendszereket. Az utasok, partnerc\u00e9gek megrendel\u00e9se alapj\u00e1n rep\u00fcl\u0151jegyet foglal a megrendel\u00e9sben r\u00f6gz\u00edtett adatok alapj\u00e1n.<\/p>\n<p>Az utaz\u00e1si irod\u00e1ban megtal\u00e1lhat\u00f3 inform\u00e1ci\u00f3s \u00e9s seg\u00e9danyagok seg\u00edts\u00e9g\u00e9vel felvil\u00e1gos\u00edt\u00e1st ad a potenci\u00e1lis utasoknak, t\u00e1mogatja \u0151ket a sz\u00e1mukra legkedvez\u0151bb d\u00f6nt\u00e9s meghozatal\u00e1ban. Az utasokkal val\u00f3 kommunik\u00e1ci\u00f3ja sor\u00e1n, sz\u00fcks\u00e9g eset\u00e9n, kezeli a stressz- \u00e9s konfliktus-helyzeteket. Biztos\u00edt\u00e1st k\u00f6t, valut\u00e1t v\u00e1lt, v\u00e1rosk\u00e1rty\u00e1kat \u00e9rt\u00e9kes\u00edt, v\u00edzum-\u00fcgyint\u00e9z\u00e9ssel foglalkozik a vend\u00e9gek k\u00e9r\u00e9se, megrendel\u00e9se alapj\u00e1n. P\u00e9nzforgalmi dokumentumokat, nyomtatv\u00e1nyokat, bizonylatokat kezel hagyom\u00e1nyos \u00e9s elektronikus form\u00e1ban, k\u00e9szp\u00e9nzes \u00e9s k\u00e9szp\u00e9nzk\u00edm\u00e9l\u0151 eszk\u00f6z\u00f6kkel fizettet.<\/p>\n<p>Az utaz\u00e1si csomagok \u00f6ssze\u00e1ll\u00edt\u00e1s\u00e1hoz a programtervek alapj\u00e1n el\u0151kalkul\u00e1ci\u00f3t k\u00e9sz\u00edt, meghat\u00e1rozza az \u00e1rakat, majd ut\u00f3kalkul\u00e1ci\u00f3t k\u00e9sz\u00edt az eredm\u00e9nyess\u00e9g meghat\u00e1roz\u00e1sa c\u00e9lj\u00e1b\u00f3l. Elv\u00e9gzi az elsz\u00e1mol\u00e1sokhoz kapcsol\u00f3d\u00f3 feladatokat Gazdas\u00e1gi elemz\u00e9seket v\u00e9gez az ut\u00f3kalkul\u00e1ci\u00f3 alapj\u00e1n. Megtervezi a k\u00f6vetkez\u0151 \u00e9vi \u00e1rualap \u00f6ssze\u00e1ll\u00edt\u00e1s\u00e1t. Tervez\u00e9skor az eddigi eredm\u00e9nyeket veszi alapul. Kisz\u00e1molja az utaz\u00e1si iroda nyeres\u00e9g\u00e9t. El\u0151k\u00e9sz\u00edti a partner-szerz\u0151d\u00e9seket sz\u00f6vegszerkeszt\u0151, t\u00e1bl\u00e1zatkezel\u0151 programok haszn\u00e1lat\u00e1val magyar \u00e9s a tanult idegen nyelven. Forgat\u00f3k\u00f6nyvet k\u00e9sz\u00edt a csoportk\u00eds\u00e9r\u0151 \/ idegenvezet\u0151 sz\u00e1m\u00e1ra, kiutaz\u00f3, beutaz\u00f3 \u00e9s belf\u00f6ldi programra vet\u00edtve. A forgat\u00f3k\u00f6nyv k\u00e9sz\u00edt\u00e9se k\u00f6zben a szolg\u00e1ltat\u00f3kkal \u00e9s az idegenvezet\u0151vel szakmai egyeztet\u00e9seket v\u00e9gez. Az \u00e9rt\u00e9kes\u00edtett szolg\u00e1ltat\u00e1sokhoz, utaz\u00e1si csomagokhoz r\u00e9szv\u00e9teli jegyet k\u00e9sz\u00edt \u00e9s ad \u00e1t, t\u00e1j\u00e9koztat\u00e1st ny\u00fajt az utasoknak elutaz\u00e1s el\u0151tt. A csoportos vagy egy\u00e9ni utaz\u00e1sok sor\u00e1n bek\u00f6vetkez\u0151 vis major eseteket kezeli. El\u0151k\u00e9sz\u00edti egy szervezett \u00fat rekl\u00e1mkamp\u00e1ny\u00e1t. Haszn\u00e1lja a modern kommunik\u00e1ci\u00f3s eszk\u00f6z\u00f6ket (k\u00f6z\u00f6ss\u00e9gi m\u00e9dia) a turisztikai v\u00e1llalkoz\u00e1s marketing tevek\u00e9nys\u00e9ge k\u00f6zben. \u00c9rt\u00e9kes\u00edt\u00e9si akci\u00f3kat hirdet \u00e9s bonyol\u00edt le. K\u00f6zvetlen\u00fcl kommunik\u00e1l a potenci\u00e1lis vend\u00e9ggel magyar \u00e9s a tanult idegen nyelven. A v\u00e1llalat marketing strat\u00e9gi\u00e1j\u00e1nak megtervez\u00e9s\u00e9ben, fel\u00e9p\u00edt\u00e9s\u00e9ben \u00e9s a kapcsolati rendszer sz\u00e9les\u00edt\u00e9s\u00e9ben r\u00e9szt vesz, megfogalmazza a strat\u00e9giai c\u00e9lokat. A turisztikai v\u00e1llalkoz\u00e1s \u00fczleti strat\u00e9gi\u00e1j\u00e1nak megtervez\u00e9s\u00e9hez piackutat\u00e1st v\u00e9gez a potenci\u00e1lis utasok k\u00f6r\u00e9ben. Egy turisztikai c\u00e9g, v\u00e1llalkoz\u00e1s marketing tev\u00e9kenys\u00e9g\u00e9nek megtervez\u00e9s\u00e9ben feladatokat v\u00e1llal. A marketingtervet a c\u00e9g piaci k\u00f6rnyezet\u00e9hez igaz\u00edtja, folyamatosan figyeli a r\u00e9gi\u00f3, a t\u00e9rs\u00e9g, a v\u00e1ros adotts\u00e1gait \u00e9s jellemz\u0151it.<\/p>\n<p>Alkalmazza a mindennapokban az etikett \u00e9s protokoll szab\u00e1lyait magyar \u00e9s a tanult idegen nyelven, sz\u00f3ban \u00e9s \u00edr\u00e1sban. Bemutatja az \u00e9tkez\u00e9si kult\u00far\u00e1ra, nyilv\u00e1nos szerepl\u00e9sre, az \u00f6lt\u00f6zk\u00f6d\u00e9sre vonatkoz\u00f3 el\u0151\u00edr\u00e1sokat protokoll\u00e1ris szempontb\u00f3l saj\u00e1t p\u00e9ld\u00e1ja alapj\u00e1n. K\u00f6zrem\u0171k\u00f6dik hazai \u00e9s nemzetk\u00f6zi turisztikai rendezv\u00e9nyek megszervez\u00e9s\u00e9ben \u00e9s lebonyol\u00edt\u00e1s\u00e1ban.<\/p>\n<p><strong>Szakmair\u00e1ny specifikus k\u00f6vetelm\u00e9nyei:<\/strong><\/p>\n<p>Az utaz\u00e1si v\u00e1llalkoz\u00e1s bev\u00e9teleit megtervezi, az azokhoz kacsol\u00f3d\u00f3 k\u00f6lts\u00e9geket \u00e9s kisz\u00e1molja a v\u00e1rhat\u00f3 eredm\u00e9nyt, figyelembe v\u00e9ve a v\u00e1llalkoz\u00e1s eddigi gazdas\u00e1gi tev\u00e9kenys\u00e9g\u00e9t. Belf\u00f6ldi utaz\u00e1sszervez\u00e9s sor\u00e1n be\u00e9p\u00edti a programok k\u00f6z\u00e9 Magyarorsz\u00e1g kultur\u00e1lis turizmus\u00e1nak, eg\u00e9szs\u00e9gturizmus\u00e1nak bor-\u00e9s gasztro-turizmus\u00e1nak bemutat\u00e1s\u00e1t, a hungarikumokat kiemelten kezeli a programszervez\u00e9skor. Tematikus utakat, v\u00e1rosl\u00e1togat\u00e1sokat szervez, szervez\u00e9skor l\u00e1ncra f\u0171zi Magyarorsz\u00e1g vonzer\u0151it, turisztikai term\u00e9keit. Utaz\u00e1sszervez\u00e9si tev\u00e9kenys\u00e9get v\u00e9gz\u0151 v\u00e1llalatot vezet, meghat\u00e1rozza \u00fczletpolitik\u00e1j\u00e1t \u00e9s a c\u00e9l \u00e9rdek\u00e9ben megtervezi konkr\u00e9t feladatait, a szervezet fel\u00e9p\u00edt\u00e9s\u00e9t \u00e9s ir\u00e1ny\u00edtja azt. Megszervezi egy \u00faj turisztikai v\u00e1llalkoz\u00e1s m\u0171k\u00f6d\u00e9s\u00e9hez sz\u00fcks\u00e9ges szem\u00e9lyi, t\u00e1rgyi \u00e9s p\u00e9nz\u00fcgyi felt\u00e9teleket, a vonatkoz\u00f3 jogszab\u00e1lyok szerint, elind\u00edtja a tervezett v\u00e1llalkoz\u00e1st. Kapcsolatot alak\u00edt ki \u00e9s tart fent az adekv\u00e1t hat\u00f3s\u00e1gokkal. A szem\u00e9lyi felt\u00e9telek biztos\u00edt\u00e1sa v\u00e9gett \u00e1ll\u00e1shirdet\u00e9s sz\u00f6veg\u00e9t megfogalmazza az adott munkak\u00f6r le\u00edr\u00e1s\u00e1val. A be\u00e9rkez\u0151 p\u00e1ly\u00e1z\u00f3k \u00f6n\u00e9letrajz\u00e1t \u00e9s motiv\u00e1ci\u00f3s level\u00e9t elemzi.<\/p>\n<p><strong>A k\u00e9pz\u00e9s megkezd\u00e9s\u00e9nek sz\u00fcks\u00e9ges felt\u00e9telei:<\/strong><\/p>\n<ul>\n<li>Iskolai el\u0151k\u00e9pzetts\u00e9g: \u00e9retts\u00e9gi vizsga<\/li>\n<li>Foglalkoz\u00e1seg\u00e9szs\u00e9g\u00fcgyi alkalmass\u00e1gi vizsg\u00e1lat: sz\u00fcks\u00e9ges<\/li>\n<li>P\u00e1lyaalkalmass\u00e1gi vizsg\u00e1lat: sz\u00fcks\u00e9ges<\/li>\n<\/ul>\n<p><strong>A szakmai vizsg\u00e1ra bocs\u00e1t\u00e1s felt\u00e9telei:<\/strong><\/p>\n<ol>\n<li>valamennyi el\u0151\u00edrt k\u00e9pz\u00e9si \u00e9vfolyam \u00e9s az egybef\u00fcgg\u0151 szakmai gyakorlat eredm\u00e9nyes teljes\u00edt\u00e9se<\/li>\n<li>szakm\u00e1hoz k\u00f6t\u0151d\u0151: k\u00f6z\u00e9pfok\u00fa C t\u00edpus\u00fa komplex nyelvvizsga (B2-es szint) a szakmai vizsga megkezd\u00e9sekor<\/li>\n<\/ol>\n<p><strong>A k\u00e9pz\u00e9sre jelentkez\u00e9s felt\u00e9tele:<\/strong><\/p>\n<ul>\n<li>\u00e9retts\u00e9gi bizony\u00edtv\u00e1ny \u00e9s<\/li>\n<li>n\u00e9met vagy angol t\u00e1rsalg\u00e1si szint\u0171 (A2) nyelvtud\u00e1s (bizony\u00edtv\u00e1ny nem sz\u00fcks\u00e9ges)<\/li>\n<\/ul>\n<p><strong><br><\/strong><\/p>\n<p><strong>Fels\u0151fok\u00fa tov\u00e1bbtanul\u00e1sra jelentkez\u00e9sn\u00e9l:<\/strong><\/p>\n<p>Sikeres szakmai vizsga birtok\u00e1ban szakir\u00e1ny\u00fa tov\u00e1bbtanul\u00e1s eset\u00e9n 32 t\u00f6bbletpont j\u00e1r, amely a gazdas\u00e1gtudom\u00e1nyok k\u00e9pz\u00e9si ter\u00fcleten t\u00f6rt\u00e9n\u0151 k\u00e9pz\u00e9sre jelentkez\u00e9sn\u00e9l sz\u00e1m\u00edttathat\u00f3 be!<\/p>\n<p><strong>Megjegyz\u00e9s:<\/strong><\/p>\n<p>Egy helyett k\u00e9t OKJ-s v\u00e9gzetts\u00e9g megszerz\u00e9s\u00e9t t\u00e1mogatja az \u00e1llam 2015-t\u0151l ingyenesen. Minden 26. \u00e9let\u00e9vet be nem t\u00f6lt\u00f6tt fiatal ingyenesen jelentkezhet iskolai nappali rendszer\u0171 k\u00e9pz\u00e9sben az 1. szakk\u00e9pes\u00edt\u00e9s megszerz\u00e9s\u00e9re. Az els\u0151 szakk\u00e9pes\u00edt\u00e9s megszerz\u00e9se sor\u00e1n nappali tagozatn\u00e1l j\u00e1r a di\u00e1kigazolv\u00e1ny, a csal\u00e1di p\u00f3tl\u00e9k 20 \u00e9ves korig, s\u0151t hi\u00e1nyszakma v\u00e1laszt\u00e1sa eset\u00e9n \u00f6szt\u00f6nd\u00edj is. Ingyenesen 2. szakk\u00e9pes\u00edt\u00e9s nappali rendszerben nem, csakis feln\u0151ttoktat\u00e1sban esti, levelez\u0151 munkarendben szerezhet\u0151 meg. Az OKJ-s k\u00e9pz\u00e9sek nem sz\u00e1m\u00edtanak bele a fels\u0151oktat\u00e1sban elhaszn\u00e1lhat\u00f3 12 \u00e1llami \u00f6szt\u00f6nd\u00edjas f\u00e9l\u00e9vbe. A tanfolyami keretek k\u00f6z\u00f6tt szerzett OKJ-s v\u00e9gzetts\u00e9g nem sz\u00e1m\u00edt bele az ingyenesen megszerezhet\u0151 k\u00e9t szakk\u00e9pes\u00edt\u00e9sbe.<\/p>\n<\/div>\n\n\n<p><\/p>\n","protected":false},"excerpt":{"rendered":"<p>&nbsp; &nbsp; TURISZTIKAI TECHNIKUS SZAKMA, TURISZTIKAI SZERVEZ\u0150 SZAKMAIR\u00c1NY &nbsp; Szakma megnevez\u00e9se: Turisztikai technikus Szakmarir\u00e1ny megnevez\u00e9se: Turisztikai szervez\u0151 Szakk\u00e9pes\u00edt\u00e9s azonos\u00edt\u00f3 sz\u00e1ma:&nbsp;5 1015 23 07 Szakk\u00e9pz\u00e9si \u00e9vfolyamok sz\u00e1ma:&nbsp;2 A szakk\u00e9pes\u00edt\u00e9s munkater\u00fclet\u00e9nek r\u00f6vid, jellemz\u0151 le\u00edr\u00e1sa: A turisztikai szervez\u0151 t\u00f6bb ter\u00fcleten tal\u00e1lkozik a turist\u00e1val. Utaz\u00e1si irod\u00e1ban inform\u00e1ci\u00f3t ny\u00fajt, \u00fatitervet k\u00e9sz\u00edt, menetjegyet, sz\u00e1ll\u00e1st foglal, \u00e9s csoportos utaz\u00e1st szervez. Marketing \u00e9s [&hellip;]<\/p>\n","protected":false},"author":22,"featured_media":0,"parent":14570,"menu_order":0,"comment_status":"closed","ping_status":"closed","template":"","meta":{"footnotes":""},"class_list":["post-14572","page","type-page","status-publish","hentry"],"yoast_head":"<!-- This site is optimized with the Yoast SEO plugin v20.9 - https:\/\/yoast.com\/wordpress\/plugins\/seo\/ -->\n<title>Turisztikai szervez\u0151 szakk\u00e9pz\u00e9s - MN\u00c1MK-UBZ<\/title>\n<meta name=\"robots\" content=\"index, follow, max-snippet:-1, max-image-preview:large, max-video-preview:-1\" \/>\n<link rel=\"canonical\" href=\"https:\/\/mnamk.hu\/index-old.php\/schule\/erettsegire-epuelo-szakkepzes\/turisztikai-szervezo-ertekesito-szakkepzes\/\" \/>\n<meta property=\"og:locale\" content=\"hu_HU\" \/>\n<meta property=\"og:type\" content=\"article\" \/>\n<meta property=\"og:title\" content=\"Turisztikai szervez\u0151 szakk\u00e9pz\u00e9s - MN\u00c1MK-UBZ\" \/>\n<meta property=\"og:description\" content=\"&nbsp; &nbsp; TURISZTIKAI TECHNIKUS SZAKMA, TURISZTIKAI SZERVEZ\u0150 SZAKMAIR\u00c1NY &nbsp; Szakma megnevez\u00e9se: Turisztikai technikus Szakmarir\u00e1ny megnevez\u00e9se: Turisztikai szervez\u0151 Szakk\u00e9pes\u00edt\u00e9s azonos\u00edt\u00f3 sz\u00e1ma:&nbsp;5 1015 23 07 Szakk\u00e9pz\u00e9si \u00e9vfolyamok sz\u00e1ma:&nbsp;2 A szakk\u00e9pes\u00edt\u00e9s munkater\u00fclet\u00e9nek r\u00f6vid, jellemz\u0151 le\u00edr\u00e1sa: A turisztikai szervez\u0151 t\u00f6bb ter\u00fcleten tal\u00e1lkozik a turist\u00e1val. Utaz\u00e1si irod\u00e1ban inform\u00e1ci\u00f3t ny\u00fajt, \u00fatitervet k\u00e9sz\u00edt, menetjegyet, sz\u00e1ll\u00e1st foglal, \u00e9s csoportos utaz\u00e1st szervez. Marketing \u00e9s [&hellip;]\" \/>\n<meta property=\"og:url\" content=\"https:\/\/mnamk.hu\/index-old.php\/schule\/erettsegire-epuelo-szakkepzes\/turisztikai-szervezo-ertekesito-szakkepzes\/\" \/>\n<meta property=\"og:site_name\" content=\"MN\u00c1MK-UBZ\" \/>\n<meta property=\"article:modified_time\" content=\"2020-12-01T16:06:14+00:00\" \/>\n<meta name=\"twitter:card\" content=\"summary_large_image\" \/>\n<meta name=\"twitter:label1\" content=\"Becs\u00fclt olvas\u00e1si id\u0151\" \/>\n\t<meta name=\"twitter:data1\" content=\"8 perc\" \/>\n<script type=\"application\/ld+json\" class=\"yoast-schema-graph\">{\"@context\":\"https:\/\/schema.org\",\"@graph\":[{\"@type\":\"WebPage\",\"@id\":\"https:\/\/mnamk.hu\/index-old.php\/schule\/erettsegire-epuelo-szakkepzes\/turisztikai-szervezo-ertekesito-szakkepzes\/\",\"url\":\"https:\/\/mnamk.hu\/index-old.php\/schule\/erettsegire-epuelo-szakkepzes\/turisztikai-szervezo-ertekesito-szakkepzes\/\",\"name\":\"Turisztikai szervez\u0151 szakk\u00e9pz\u00e9s - MN\u00c1MK-UBZ\",\"isPartOf\":{\"@id\":\"https:\/\/mnamk.hu\/index-old.php\/#website\"},\"datePublished\":\"2017-07-04T08:11:15+00:00\",\"dateModified\":\"2020-12-01T16:06:14+00:00\",\"breadcrumb\":{\"@id\":\"https:\/\/mnamk.hu\/index-old.php\/schule\/erettsegire-epuelo-szakkepzes\/turisztikai-szervezo-ertekesito-szakkepzes\/#breadcrumb\"},\"inLanguage\":\"hu\",\"potentialAction\":[{\"@type\":\"ReadAction\",\"target\":[\"https:\/\/mnamk.hu\/index-old.php\/schule\/erettsegire-epuelo-szakkepzes\/turisztikai-szervezo-ertekesito-szakkepzes\/\"]}]},{\"@type\":\"BreadcrumbList\",\"@id\":\"https:\/\/mnamk.hu\/index-old.php\/schule\/erettsegire-epuelo-szakkepzes\/turisztikai-szervezo-ertekesito-szakkepzes\/#breadcrumb\",\"itemListElement\":[{\"@type\":\"ListItem\",\"position\":1,\"name\":\"Startseite\",\"item\":\"https:\/\/mnamk.hu\/\"},{\"@type\":\"ListItem\",\"position\":2,\"name\":\"Iskola\",\"item\":\"https:\/\/mnamk.hu\/index-old.php\/schule\/\"},{\"@type\":\"ListItem\",\"position\":3,\"name\":\"\u00c9retts\u00e9gire \u00e9p\u00fcl\u0151 szakk\u00e9pz\u00e9s\",\"item\":\"https:\/\/mnamk.hu\/index-old.php\/schule\/erettsegire-epuelo-szakkepzes\/\"},{\"@type\":\"ListItem\",\"position\":4,\"name\":\"Turisztikai szervez\u0151 szakk\u00e9pz\u00e9s\"}]},{\"@type\":\"WebSite\",\"@id\":\"https:\/\/mnamk.hu\/index-old.php\/#website\",\"url\":\"https:\/\/mnamk.hu\/index-old.php\/\",\"name\":\"MN\u00c1MK-UBZ\",\"description\":\"\",\"publisher\":{\"@id\":\"https:\/\/mnamk.hu\/index-old.php\/#organization\"},\"potentialAction\":[{\"@type\":\"SearchAction\",\"target\":{\"@type\":\"EntryPoint\",\"urlTemplate\":\"https:\/\/mnamk.hu\/index-old.php\/?s={search_term_string}\"},\"query-input\":\"required name=search_term_string\"}],\"inLanguage\":\"hu\"},{\"@type\":\"Organization\",\"@id\":\"https:\/\/mnamk.hu\/index-old.php\/#organization\",\"name\":\"MNAMK\",\"url\":\"https:\/\/mnamk.hu\/index-old.php\/\",\"logo\":{\"@type\":\"ImageObject\",\"inLanguage\":\"hu\",\"@id\":\"https:\/\/mnamk.hu\/index-old.php\/#\/schema\/logo\/image\/\",\"url\":\"https:\/\/mnamk.hu\/wp\/wp-content\/uploads\/2020\/08\/logo.jpg\",\"contentUrl\":\"https:\/\/mnamk.hu\/wp\/wp-content\/uploads\/2020\/08\/logo.jpg\",\"width\":482,\"height\":276,\"caption\":\"MNAMK\"},\"image\":{\"@id\":\"https:\/\/mnamk.hu\/index-old.php\/#\/schema\/logo\/image\/\"}}]}<\/script>\n<!-- \/ Yoast SEO plugin. -->","yoast_head_json":{"title":"Turisztikai szervez\u0151 szakk\u00e9pz\u00e9s - MN\u00c1MK-UBZ","robots":{"index":"index","follow":"follow","max-snippet":"max-snippet:-1","max-image-preview":"max-image-preview:large","max-video-preview":"max-video-preview:-1"},"canonical":"https:\/\/mnamk.hu\/index-old.php\/schule\/erettsegire-epuelo-szakkepzes\/turisztikai-szervezo-ertekesito-szakkepzes\/","og_locale":"hu_HU","og_type":"article","og_title":"Turisztikai szervez\u0151 szakk\u00e9pz\u00e9s - MN\u00c1MK-UBZ","og_description":"&nbsp; &nbsp; TURISZTIKAI TECHNIKUS SZAKMA, TURISZTIKAI SZERVEZ\u0150 SZAKMAIR\u00c1NY &nbsp; Szakma megnevez\u00e9se: Turisztikai technikus Szakmarir\u00e1ny megnevez\u00e9se: Turisztikai szervez\u0151 Szakk\u00e9pes\u00edt\u00e9s azonos\u00edt\u00f3 sz\u00e1ma:&nbsp;5 1015 23 07 Szakk\u00e9pz\u00e9si \u00e9vfolyamok sz\u00e1ma:&nbsp;2 A szakk\u00e9pes\u00edt\u00e9s munkater\u00fclet\u00e9nek r\u00f6vid, jellemz\u0151 le\u00edr\u00e1sa: A turisztikai szervez\u0151 t\u00f6bb ter\u00fcleten tal\u00e1lkozik a turist\u00e1val. Utaz\u00e1si irod\u00e1ban inform\u00e1ci\u00f3t ny\u00fajt, \u00fatitervet k\u00e9sz\u00edt, menetjegyet, sz\u00e1ll\u00e1st foglal, \u00e9s csoportos utaz\u00e1st szervez. Marketing \u00e9s [&hellip;]","og_url":"https:\/\/mnamk.hu\/index-old.php\/schule\/erettsegire-epuelo-szakkepzes\/turisztikai-szervezo-ertekesito-szakkepzes\/","og_site_name":"MN\u00c1MK-UBZ","article_modified_time":"2020-12-01T16:06:14+00:00","twitter_card":"summary_large_image","twitter_misc":{"Becs\u00fclt olvas\u00e1si id\u0151":"8 perc"},"schema":{"@context":"https:\/\/schema.org","@graph":[{"@type":"WebPage","@id":"https:\/\/mnamk.hu\/index-old.php\/schule\/erettsegire-epuelo-szakkepzes\/turisztikai-szervezo-ertekesito-szakkepzes\/","url":"https:\/\/mnamk.hu\/index-old.php\/schule\/erettsegire-epuelo-szakkepzes\/turisztikai-szervezo-ertekesito-szakkepzes\/","name":"Turisztikai szervez\u0151 szakk\u00e9pz\u00e9s - MN\u00c1MK-UBZ","isPartOf":{"@id":"https:\/\/mnamk.hu\/index-old.php\/#website"},"datePublished":"2017-07-04T08:11:15+00:00","dateModified":"2020-12-01T16:06:14+00:00","breadcrumb":{"@id":"https:\/\/mnamk.hu\/index-old.php\/schule\/erettsegire-epuelo-szakkepzes\/turisztikai-szervezo-ertekesito-szakkepzes\/#breadcrumb"},"inLanguage":"hu","potentialAction":[{"@type":"ReadAction","target":["https:\/\/mnamk.hu\/index-old.php\/schule\/erettsegire-epuelo-szakkepzes\/turisztikai-szervezo-ertekesito-szakkepzes\/"]}]},{"@type":"BreadcrumbList","@id":"https:\/\/mnamk.hu\/index-old.php\/schule\/erettsegire-epuelo-szakkepzes\/turisztikai-szervezo-ertekesito-szakkepzes\/#breadcrumb","itemListElement":[{"@type":"ListItem","position":1,"name":"Startseite","item":"https:\/\/mnamk.hu\/"},{"@type":"ListItem","position":2,"name":"Iskola","item":"https:\/\/mnamk.hu\/index-old.php\/schule\/"},{"@type":"ListItem","position":3,"name":"\u00c9retts\u00e9gire \u00e9p\u00fcl\u0151 szakk\u00e9pz\u00e9s","item":"https:\/\/mnamk.hu\/index-old.php\/schule\/erettsegire-epuelo-szakkepzes\/"},{"@type":"ListItem","position":4,"name":"Turisztikai szervez\u0151 szakk\u00e9pz\u00e9s"}]},{"@type":"WebSite","@id":"https:\/\/mnamk.hu\/index-old.php\/#website","url":"https:\/\/mnamk.hu\/index-old.php\/","name":"MN\u00c1MK-UBZ","description":"","publisher":{"@id":"https:\/\/mnamk.hu\/index-old.php\/#organization"},"potentialAction":[{"@type":"SearchAction","target":{"@type":"EntryPoint","urlTemplate":"https:\/\/mnamk.hu\/index-old.php\/?s={search_term_string}"},"query-input":"required name=search_term_string"}],"inLanguage":"hu"},{"@type":"Organization","@id":"https:\/\/mnamk.hu\/index-old.php\/#organization","name":"MNAMK","url":"https:\/\/mnamk.hu\/index-old.php\/","logo":{"@type":"ImageObject","inLanguage":"hu","@id":"https:\/\/mnamk.hu\/index-old.php\/#\/schema\/logo\/image\/","url":"https:\/\/mnamk.hu\/wp\/wp-content\/uploads\/2020\/08\/logo.jpg","contentUrl":"https:\/\/mnamk.hu\/wp\/wp-content\/uploads\/2020\/08\/logo.jpg","width":482,"height":276,"caption":"MNAMK"},"image":{"@id":"https:\/\/mnamk.hu\/index-old.php\/#\/schema\/logo\/image\/"}}]}},"_links":{"self":[{"href":"https:\/\/mnamk.hu\/index-old.php\/wp-json\/wp\/v2\/pages\/14572","targetHints":{"allow":["GET"]}}],"collection":[{"href":"https:\/\/mnamk.hu\/index-old.php\/wp-json\/wp\/v2\/pages"}],"about":[{"href":"https:\/\/mnamk.hu\/index-old.php\/wp-json\/wp\/v2\/types\/page"}],"author":[{"embeddable":true,"href":"https:\/\/mnamk.hu\/index-old.php\/wp-json\/wp\/v2\/users\/22"}],"replies":[{"embeddable":true,"href":"https:\/\/mnamk.hu\/index-old.php\/wp-json\/wp\/v2\/comments?post=14572"}],"version-history":[{"count":0,"href":"https:\/\/mnamk.hu\/index-old.php\/wp-json\/wp\/v2\/pages\/14572\/revisions"}],"up":[{"embeddable":true,"href":"https:\/\/mnamk.hu\/index-old.php\/wp-json\/wp\/v2\/pages\/14570"}],"wp:attachment":[{"href":"https:\/\/mnamk.hu\/index-old.php\/wp-json\/wp\/v2\/media?parent=14572"}],"curies":[{"name":"wp","href":"https:\/\/api.w.org\/{rel}","templated":true}]}}