{"id":14585,"date":"2017-08-30T10:40:42","date_gmt":"2017-08-30T10:40:42","guid":{"rendered":"https:\/\/mnamk.hu\/wp\/schule\/bazisintezmeny\/nemzetisegi-pok\/"},"modified":"2022-09-14T09:48:24","modified_gmt":"2022-09-14T09:48:24","slug":"nemzetisegi-pok","status":"publish","type":"page","link":"https:\/\/mnamk.hu\/index-old.php\/schule\/nemzetisegi-pok\/","title":{"rendered":"Nemzetis\u00e9gi POK"},"content":{"rendered":"<div class=\"wp-block-image\">\n<figure class=\"aligncenter size-large is-resized\"><img decoding=\"async\" src=\"https:\/\/mnamk.hu\/wp\/wp-content\/uploads\/2020\/09\/szpok-1.jpg\" alt=\"\" class=\"wp-image-23339\" width=\"759\" height=\"157\" srcset=\"https:\/\/mnamk.hu\/wp\/wp-content\/uploads\/2020\/09\/szpok-1.jpg 1020w, https:\/\/mnamk.hu\/wp\/wp-content\/uploads\/2020\/09\/szpok-1-150x31.jpg 150w, https:\/\/mnamk.hu\/wp\/wp-content\/uploads\/2020\/09\/szpok-1-300x62.jpg 300w, https:\/\/mnamk.hu\/wp\/wp-content\/uploads\/2020\/09\/szpok-1-768x160.jpg 768w\" sizes=\"(max-width: 759px) 100vw, 759px\" \/><\/figure><\/div>\n\n<div class=\"wp-block-image\">\n<figure class=\"aligncenter size-large\"><img decoding=\"async\" width=\"637\" height=\"900\" src=\"https:\/\/mnamk.hu\/wp\/wp-content\/uploads\/2020\/09\/MNAMK-Gimn-Bazisintezmenyi-Oklevel-page-001-1.jpg\" alt=\"\" class=\"wp-image-23340\" srcset=\"https:\/\/mnamk.hu\/wp\/wp-content\/uploads\/2020\/09\/MNAMK-Gimn-Bazisintezmenyi-Oklevel-page-001-1.jpg 637w, https:\/\/mnamk.hu\/wp\/wp-content\/uploads\/2020\/09\/MNAMK-Gimn-Bazisintezmenyi-Oklevel-page-001-1-600x848.jpg 600w, https:\/\/mnamk.hu\/wp\/wp-content\/uploads\/2020\/09\/MNAMK-Gimn-Bazisintezmenyi-Oklevel-page-001-1-212x300.jpg 212w\" sizes=\"(max-width: 637px) 100vw, 637px\" \/><\/figure><\/div>\n\n\n<p class=\"has-text-align-center\"><strong>Magyarorsz\u00e1gi N\u00e9metek \u00c1ltal\u00e1nos M\u0171vel\u0151d\u00e9si K\u00f6zpontja<\/strong><\/p>\n\n\n<p align=\"center\"><strong>Ungarndeutsches Bildungszentrum<\/strong><\/p>\n<p align=\"center\"><strong>Int\u00e9zm\u00e9nybemutat\u00e1s<\/strong><\/p>\n<p>A Magyarorsz\u00e1gi N\u00e9metek \u00c1ltal\u00e1nos M\u0171vel\u0151d\u00e9si K\u00f6zpontja a Baj\u00e1n 1956-ban alap\u00edtott Frankel Le\u00f3 N\u00e9met Nyelv\u0171 Gimn\u00e1zium ut\u00f3djak\u00e9nt j\u00f6tt l\u00e9tre. Az MN\u00c1MK 1995-t\u0151l t\u00f6bbc\u00e9l\u00fa int\u00e9zm\u00e9nyk\u00e9nyt m\u0171k\u00f6dik: \u00f3voda, egys\u00e9ges iskola (\u00e1ltal\u00e1nos iskola, gimn\u00e1zium, technikum), koll\u00e9gium, k\u00f6zm\u0171vel\u0151d\u00e9s, s mindezek mellett a feln\u0151ttk\u00e9pz\u00e9snek is otthont ad. Az int\u00e9zm\u00e9ny fenntart\u00f3ja 1998 \u00f3ta az MN\u00c1MK Int\u00e9zm\u00e9nyfenntart\u00f3 \u00e9s M\u0171k\u00f6dtet\u0151 K\u00f6zalap\u00edtv\u00e1ny.<\/p>\n<p>Az Magyarorsz\u00e1gi N\u00e9metek \u00c1ltal\u00e1nos M\u0171vel\u0151d\u00e9si K\u00f6zpontja a n\u00e9met nemzetis\u00e9g egyik legfontosabb nevel\u00e9si-oktat\u00e1si \u00e9s kultur\u00e1lis k\u00f6zpontja. Az int\u00e9zm\u00e9ny c\u00e9lja a magyarorsz\u00e1gi n\u00e9mets\u00e9g kult\u00far\u00e1j\u00e1nak, hagyom\u00e1nyainak, nyelv\u00e9nek \u00e1pol\u00e1sa \u00e9s tov\u00e1bbad\u00e1sa mellett a legmodernebb pedag\u00f3giai m\u00f3dszerek seg\u00edts\u00e9g\u00e9vel felv\u00e9rtezni az itt v\u00e9gzett tanul\u00f3kat olyan kompetenci\u00e1kkal, melyek lehet\u0151v\u00e9 teszik sz\u00e1mukra a boldogul\u00e1st a vil\u00e1g b\u00e1rmely szeglet\u00e9ben.<\/p>\n<p>Napjainkra az egykori nemzetis\u00e9gi gimn\u00e1zium egy k\u00f6zel 1000 tanul\u00f3t nevel\u0151 \u00e1ltal\u00e1nos \u00e9s k\u00f6z\u00e9piskol\u00e1v\u00e1 b\u0151v\u00fclt, mely imm\u00e1r t\u00f6bb mint 10 \u00e9ve ?K\u00fclf\u00f6ld\u00f6n M\u0171k\u00f6d\u0151 N\u00e9met Iskolak\u00e9nt? m\u0171k\u00f6dik, ahol a magyarorsz\u00e1gi pedag\u00f3gusok mellett N\u00e9metorsz\u00e1gb\u00f3l \u00e9rkez\u0151 vend\u00e9gtan\u00e1rok k\u00f6zrem\u0171k\u00f6d\u00e9s\u00e9vel t\u00f6rt\u00e9nik a n\u00e9met nyelv \u00e9s a n\u00e9met nyelv\u0171 tant\u00e1rgyak oktat\u00e1sa.<\/p>\n<p>Az int\u00e9zm\u00e9ny pedag\u00f3gusaival szemben t\u00e1masztott elv\u00e1r\u00e1s az a fajta szeml\u00e9let, amely egyben eredm\u00e9nyess\u00e9g\u00fck z\u00e1loga: tantest\u00fclet \u00e9rz\u00e9keny korunk szakmai kih\u00edv\u00e1saival szemben, \u00e9s igyekszik azonnal reag\u00e1lni ezekre. Koll\u00e9g\u00e1ink folyamatosan friss\u00edtik tud\u00e1sukat, \u00e9lnek a hazai \u00e9s k\u00fclf\u00f6ldi k\u00e9pz\u00e9seken (els\u0151sorban n\u00e9met nyelvter\u00fcleten) val\u00f3 r\u00e9szv\u00e9tel lehet\u0151s\u00e9g\u00e9vel. Szakmai munk\u00e1nk elengedhetetlen r\u00e9sz\u00e9t k\u00e9pezik a tantest\u00fcleten bel\u00fcli, \u00e9s a k\u00fcls\u0151 partnerekkel t\u00f6rt\u00e9n\u0151 szoros egy\u00fcttm\u0171k\u00f6d\u00e9s, a koll\u00e9g\u00e1k egym\u00e1s k\u00f6z\u00f6tti \u00f3ral\u00e1togat\u00e1sai, a k\u00f6z\u00f6s szakmai f\u00f3rumok, megbesz\u00e9l\u00e9sek. A m\u00f3dszertani meg\u00fajul\u00e1st j\u00f3l mutatja a kooperat\u00edv munkaform\u00e1k, a tanul\u00f3i ellen\u0151rz\u00e9s \u00e9s \u00f6n\u00e9rt\u00e9kel\u00e9s szisztematikus, rendszerszer\u0171 bevezet\u00e9se, alkalmaz\u00e1sa, mely els\u0151 oszt\u00e1lyt\u00f3l a tizenkettedik \u00e9vfolyamig nyomon k\u00f6vethet\u0151. Mindennapi munk\u00e1nk r\u00e9sze a felz\u00e1rk\u00f3ztat\u00e1s \u00e9s a tehets\u00e9ggondoz\u00e1s, ami t\u00f6bbek k\u00f6z\u00f6tt \u00f3rai differenci\u00e1l\u00e1ssal, a gyermekek \u00e9rdekl\u0151d\u00e9s\u00e9nek megfelel\u0151 szakk\u00f6r\u00f6k szervez\u00e9s\u00e9vel, versenyekre val\u00f3 felk\u00e9sz\u00edt\u00e9ssel t\u00f6rt\u00e9nik.<\/p>\n<p>Az int\u00e9zm\u00e9ny elk\u00f6telezett hivat\u00e1studat\u00e1t t\u00fckr\u00f6zi a 2012-ben \u00e9s 2018-ban ki\u00e9rdemelt ?Kiv\u00e1l\u00f3 K\u00fclf\u00f6ld\u00f6n M\u0171k\u00f6d\u0151 N\u00e9met Iskola? c\u00edm, amire nagyon b\u00fcszk\u00e9k vagyunk!<\/p>\n<p>Az Oktat\u00e1si Hivatal B\u00e1zisint\u00e9zm\u00e9nye megtisztel\u0151 c\u00edmet a 2020\/21-es tan\u00e9vben ism\u00e9t elnyerte gimn\u00e1ziumi egys\u00e9g\u00fcnk. Ez\u00e1ltal lehet\u0151s\u00e9g\u00fcnk ny\u00edlik arra, hogy ?j\u00f3 gyakorlatainkat? sz\u00e9lesebb k\u00f6rben k\u00f6zkinccs\u00e9 tehess\u00fck az \u00e9rdekl\u0151d\u0151 int\u00e9zm\u00e9nyek, pedag\u00f3gusok sz\u00e1m\u00e1ra.<\/p>\n<p style=\"text-align: center;\">.<\/p>\n<p><strong>Nemzetis\u00e9gi POK fel\u00e9 kapcsolattart\u00f3:<\/strong><\/p>\n<p>Nubern\u00e9 Honti Ivett<\/p>\n<p>Telefon: 79\/520-936<\/p>\n<p>e-mail:\u00a0 honti.ivett@mnamk.hu<\/p>\n<p style=\"padding-left: 90px;\">\u00a0<\/p>\n<p><strong>B\u00e1zisint\u00e9zm\u00e9nyi felaj\u00e1nl\u00e1s:\u00a0<\/strong><a href=\"https:\/\/mnamk.hu\/wp\/wp-content\/Website-content-root\/Iskola\/Nemzetis%C3%A9gi%20POK\/programle%C3%ADr%C3%A1sok.pdf?_t=1663148881\" target=\"_blank\" rel=\"noopener noreferrer\">MN\u00c1MK programok a 2022-2023. tan\u00e9vben<\/a><\/p>","protected":false},"excerpt":{"rendered":"<p>Magyarorsz\u00e1gi N\u00e9metek \u00c1ltal\u00e1nos M\u0171vel\u0151d\u00e9si K\u00f6zpontja Ungarndeutsches Bildungszentrum Int\u00e9zm\u00e9nybemutat\u00e1s A Magyarorsz\u00e1gi N\u00e9metek \u00c1ltal\u00e1nos M\u0171vel\u0151d\u00e9si K\u00f6zpontja a Baj\u00e1n 1956-ban alap\u00edtott Frankel Le\u00f3 N\u00e9met Nyelv\u0171 Gimn\u00e1zium ut\u00f3djak\u00e9nt j\u00f6tt l\u00e9tre. Az MN\u00c1MK 1995-t\u0151l t\u00f6bbc\u00e9l\u00fa int\u00e9zm\u00e9nyk\u00e9nyt m\u0171k\u00f6dik: \u00f3voda, egys\u00e9ges iskola (\u00e1ltal\u00e1nos iskola, gimn\u00e1zium, technikum), koll\u00e9gium, k\u00f6zm\u0171vel\u0151d\u00e9s, s mindezek mellett a feln\u0151ttk\u00e9pz\u00e9snek is otthont ad. Az int\u00e9zm\u00e9ny fenntart\u00f3ja 1998 \u00f3ta az [&hellip;]<\/p>\n","protected":false},"author":22,"featured_media":0,"parent":6614,"menu_order":0,"comment_status":"closed","ping_status":"closed","template":"","meta":{"footnotes":""},"class_list":["post-14585","page","type-page","status-publish","hentry"],"yoast_head":"<!-- This site is optimized with the Yoast SEO plugin v20.9 - https:\/\/yoast.com\/wordpress\/plugins\/seo\/ -->\n<title>Nemzetis\u00e9gi POK - MN\u00c1MK-UBZ<\/title>\n<meta name=\"robots\" content=\"index, follow, max-snippet:-1, max-image-preview:large, max-video-preview:-1\" \/>\n<link rel=\"canonical\" href=\"https:\/\/mnamk.hu\/index-old.php\/schule\/nemzetisegi-pok\/\" \/>\n<meta property=\"og:locale\" content=\"hu_HU\" \/>\n<meta property=\"og:type\" content=\"article\" \/>\n<meta property=\"og:title\" content=\"Nemzetis\u00e9gi POK - MN\u00c1MK-UBZ\" \/>\n<meta property=\"og:description\" content=\"Magyarorsz\u00e1gi N\u00e9metek \u00c1ltal\u00e1nos M\u0171vel\u0151d\u00e9si K\u00f6zpontja Ungarndeutsches Bildungszentrum Int\u00e9zm\u00e9nybemutat\u00e1s A Magyarorsz\u00e1gi N\u00e9metek \u00c1ltal\u00e1nos M\u0171vel\u0151d\u00e9si K\u00f6zpontja a Baj\u00e1n 1956-ban alap\u00edtott Frankel Le\u00f3 N\u00e9met Nyelv\u0171 Gimn\u00e1zium ut\u00f3djak\u00e9nt j\u00f6tt l\u00e9tre. Az MN\u00c1MK 1995-t\u0151l t\u00f6bbc\u00e9l\u00fa int\u00e9zm\u00e9nyk\u00e9nyt m\u0171k\u00f6dik: \u00f3voda, egys\u00e9ges iskola (\u00e1ltal\u00e1nos iskola, gimn\u00e1zium, technikum), koll\u00e9gium, k\u00f6zm\u0171vel\u0151d\u00e9s, s mindezek mellett a feln\u0151ttk\u00e9pz\u00e9snek is otthont ad. Az int\u00e9zm\u00e9ny fenntart\u00f3ja 1998 \u00f3ta az [&hellip;]\" \/>\n<meta property=\"og:url\" content=\"https:\/\/mnamk.hu\/index-old.php\/schule\/nemzetisegi-pok\/\" \/>\n<meta property=\"og:site_name\" content=\"MN\u00c1MK-UBZ\" \/>\n<meta property=\"article:modified_time\" content=\"2022-09-14T09:48:24+00:00\" \/>\n<meta property=\"og:image\" content=\"https:\/\/mnamk.hu\/wp\/wp-content\/uploads\/2020\/09\/szpok-1.jpg\" \/>\n<meta name=\"twitter:card\" content=\"summary_large_image\" \/>\n<meta name=\"twitter:label1\" content=\"Becs\u00fclt olvas\u00e1si id\u0151\" \/>\n\t<meta name=\"twitter:data1\" content=\"3 perc\" \/>\n<script type=\"application\/ld+json\" class=\"yoast-schema-graph\">{\"@context\":\"https:\/\/schema.org\",\"@graph\":[{\"@type\":\"WebPage\",\"@id\":\"https:\/\/mnamk.hu\/index-old.php\/schule\/nemzetisegi-pok\/\",\"url\":\"https:\/\/mnamk.hu\/index-old.php\/schule\/nemzetisegi-pok\/\",\"name\":\"Nemzetis\u00e9gi POK - MN\u00c1MK-UBZ\",\"isPartOf\":{\"@id\":\"https:\/\/mnamk.hu\/index-old.php\/#website\"},\"datePublished\":\"2017-08-30T10:40:42+00:00\",\"dateModified\":\"2022-09-14T09:48:24+00:00\",\"breadcrumb\":{\"@id\":\"https:\/\/mnamk.hu\/index-old.php\/schule\/nemzetisegi-pok\/#breadcrumb\"},\"inLanguage\":\"hu\",\"potentialAction\":[{\"@type\":\"ReadAction\",\"target\":[\"https:\/\/mnamk.hu\/index-old.php\/schule\/nemzetisegi-pok\/\"]}]},{\"@type\":\"BreadcrumbList\",\"@id\":\"https:\/\/mnamk.hu\/index-old.php\/schule\/nemzetisegi-pok\/#breadcrumb\",\"itemListElement\":[{\"@type\":\"ListItem\",\"position\":1,\"name\":\"Startseite\",\"item\":\"https:\/\/mnamk.hu\/\"},{\"@type\":\"ListItem\",\"position\":2,\"name\":\"Iskola\",\"item\":\"https:\/\/mnamk.hu\/index-old.php\/schule\/\"},{\"@type\":\"ListItem\",\"position\":3,\"name\":\"Nemzetis\u00e9gi POK\"}]},{\"@type\":\"WebSite\",\"@id\":\"https:\/\/mnamk.hu\/index-old.php\/#website\",\"url\":\"https:\/\/mnamk.hu\/index-old.php\/\",\"name\":\"MN\u00c1MK-UBZ\",\"description\":\"\",\"publisher\":{\"@id\":\"https:\/\/mnamk.hu\/index-old.php\/#organization\"},\"potentialAction\":[{\"@type\":\"SearchAction\",\"target\":{\"@type\":\"EntryPoint\",\"urlTemplate\":\"https:\/\/mnamk.hu\/index-old.php\/?s={search_term_string}\"},\"query-input\":\"required name=search_term_string\"}],\"inLanguage\":\"hu\"},{\"@type\":\"Organization\",\"@id\":\"https:\/\/mnamk.hu\/index-old.php\/#organization\",\"name\":\"MNAMK\",\"url\":\"https:\/\/mnamk.hu\/index-old.php\/\",\"logo\":{\"@type\":\"ImageObject\",\"inLanguage\":\"hu\",\"@id\":\"https:\/\/mnamk.hu\/index-old.php\/#\/schema\/logo\/image\/\",\"url\":\"https:\/\/mnamk.hu\/wp\/wp-content\/uploads\/2020\/08\/logo.jpg\",\"contentUrl\":\"https:\/\/mnamk.hu\/wp\/wp-content\/uploads\/2020\/08\/logo.jpg\",\"width\":482,\"height\":276,\"caption\":\"MNAMK\"},\"image\":{\"@id\":\"https:\/\/mnamk.hu\/index-old.php\/#\/schema\/logo\/image\/\"}}]}<\/script>\n<!-- \/ Yoast SEO plugin. -->","yoast_head_json":{"title":"Nemzetis\u00e9gi POK - MN\u00c1MK-UBZ","robots":{"index":"index","follow":"follow","max-snippet":"max-snippet:-1","max-image-preview":"max-image-preview:large","max-video-preview":"max-video-preview:-1"},"canonical":"https:\/\/mnamk.hu\/index-old.php\/schule\/nemzetisegi-pok\/","og_locale":"hu_HU","og_type":"article","og_title":"Nemzetis\u00e9gi POK - MN\u00c1MK-UBZ","og_description":"Magyarorsz\u00e1gi N\u00e9metek \u00c1ltal\u00e1nos M\u0171vel\u0151d\u00e9si K\u00f6zpontja Ungarndeutsches Bildungszentrum Int\u00e9zm\u00e9nybemutat\u00e1s A Magyarorsz\u00e1gi N\u00e9metek \u00c1ltal\u00e1nos M\u0171vel\u0151d\u00e9si K\u00f6zpontja a Baj\u00e1n 1956-ban alap\u00edtott Frankel Le\u00f3 N\u00e9met Nyelv\u0171 Gimn\u00e1zium ut\u00f3djak\u00e9nt j\u00f6tt l\u00e9tre. Az MN\u00c1MK 1995-t\u0151l t\u00f6bbc\u00e9l\u00fa int\u00e9zm\u00e9nyk\u00e9nyt m\u0171k\u00f6dik: \u00f3voda, egys\u00e9ges iskola (\u00e1ltal\u00e1nos iskola, gimn\u00e1zium, technikum), koll\u00e9gium, k\u00f6zm\u0171vel\u0151d\u00e9s, s mindezek mellett a feln\u0151ttk\u00e9pz\u00e9snek is otthont ad. Az int\u00e9zm\u00e9ny fenntart\u00f3ja 1998 \u00f3ta az [&hellip;]","og_url":"https:\/\/mnamk.hu\/index-old.php\/schule\/nemzetisegi-pok\/","og_site_name":"MN\u00c1MK-UBZ","article_modified_time":"2022-09-14T09:48:24+00:00","og_image":[{"url":"https:\/\/mnamk.hu\/wp\/wp-content\/uploads\/2020\/09\/szpok-1.jpg"}],"twitter_card":"summary_large_image","twitter_misc":{"Becs\u00fclt olvas\u00e1si id\u0151":"3 perc"},"schema":{"@context":"https:\/\/schema.org","@graph":[{"@type":"WebPage","@id":"https:\/\/mnamk.hu\/index-old.php\/schule\/nemzetisegi-pok\/","url":"https:\/\/mnamk.hu\/index-old.php\/schule\/nemzetisegi-pok\/","name":"Nemzetis\u00e9gi POK - MN\u00c1MK-UBZ","isPartOf":{"@id":"https:\/\/mnamk.hu\/index-old.php\/#website"},"datePublished":"2017-08-30T10:40:42+00:00","dateModified":"2022-09-14T09:48:24+00:00","breadcrumb":{"@id":"https:\/\/mnamk.hu\/index-old.php\/schule\/nemzetisegi-pok\/#breadcrumb"},"inLanguage":"hu","potentialAction":[{"@type":"ReadAction","target":["https:\/\/mnamk.hu\/index-old.php\/schule\/nemzetisegi-pok\/"]}]},{"@type":"BreadcrumbList","@id":"https:\/\/mnamk.hu\/index-old.php\/schule\/nemzetisegi-pok\/#breadcrumb","itemListElement":[{"@type":"ListItem","position":1,"name":"Startseite","item":"https:\/\/mnamk.hu\/"},{"@type":"ListItem","position":2,"name":"Iskola","item":"https:\/\/mnamk.hu\/index-old.php\/schule\/"},{"@type":"ListItem","position":3,"name":"Nemzetis\u00e9gi POK"}]},{"@type":"WebSite","@id":"https:\/\/mnamk.hu\/index-old.php\/#website","url":"https:\/\/mnamk.hu\/index-old.php\/","name":"MN\u00c1MK-UBZ","description":"","publisher":{"@id":"https:\/\/mnamk.hu\/index-old.php\/#organization"},"potentialAction":[{"@type":"SearchAction","target":{"@type":"EntryPoint","urlTemplate":"https:\/\/mnamk.hu\/index-old.php\/?s={search_term_string}"},"query-input":"required name=search_term_string"}],"inLanguage":"hu"},{"@type":"Organization","@id":"https:\/\/mnamk.hu\/index-old.php\/#organization","name":"MNAMK","url":"https:\/\/mnamk.hu\/index-old.php\/","logo":{"@type":"ImageObject","inLanguage":"hu","@id":"https:\/\/mnamk.hu\/index-old.php\/#\/schema\/logo\/image\/","url":"https:\/\/mnamk.hu\/wp\/wp-content\/uploads\/2020\/08\/logo.jpg","contentUrl":"https:\/\/mnamk.hu\/wp\/wp-content\/uploads\/2020\/08\/logo.jpg","width":482,"height":276,"caption":"MNAMK"},"image":{"@id":"https:\/\/mnamk.hu\/index-old.php\/#\/schema\/logo\/image\/"}}]}},"_links":{"self":[{"href":"https:\/\/mnamk.hu\/index-old.php\/wp-json\/wp\/v2\/pages\/14585","targetHints":{"allow":["GET"]}}],"collection":[{"href":"https:\/\/mnamk.hu\/index-old.php\/wp-json\/wp\/v2\/pages"}],"about":[{"href":"https:\/\/mnamk.hu\/index-old.php\/wp-json\/wp\/v2\/types\/page"}],"author":[{"embeddable":true,"href":"https:\/\/mnamk.hu\/index-old.php\/wp-json\/wp\/v2\/users\/22"}],"replies":[{"embeddable":true,"href":"https:\/\/mnamk.hu\/index-old.php\/wp-json\/wp\/v2\/comments?post=14585"}],"version-history":[{"count":2,"href":"https:\/\/mnamk.hu\/index-old.php\/wp-json\/wp\/v2\/pages\/14585\/revisions"}],"predecessor-version":[{"id":42321,"href":"https:\/\/mnamk.hu\/index-old.php\/wp-json\/wp\/v2\/pages\/14585\/revisions\/42321"}],"up":[{"embeddable":true,"href":"https:\/\/mnamk.hu\/index-old.php\/wp-json\/wp\/v2\/pages\/6614"}],"wp:attachment":[{"href":"https:\/\/mnamk.hu\/index-old.php\/wp-json\/wp\/v2\/media?parent=14585"}],"curies":[{"name":"wp","href":"https:\/\/api.w.org\/{rel}","templated":true}]}}