{"id":14591,"date":"2016-11-23T09:35:38","date_gmt":"2016-11-23T09:35:38","guid":{"rendered":"https:\/\/mnamk.hu\/wp\/schule\/sportelet\/"},"modified":"2021-09-27T07:43:23","modified_gmt":"2021-09-27T07:43:23","slug":"sportelet","status":"publish","type":"page","link":"https:\/\/mnamk.hu\/index-old.php\/schule\/sportelet\/","title":{"rendered":"Sport\u00e9let"},"content":{"rendered":"<p align=\"center\">Sport\u00e9let az MN\u00c1MK-ban<\/p>\n<p>Iskol\u00e1nk sport\u00e9lete kiemelked\u0151 lehet\u0151s\u00e9geket ny\u00fajt di\u00e1kjai sz\u00e1m\u00e1ra. A mozogni \u00e9s sportolni v\u00e1gy\u00f3k a mindennapos testnevel\u00e9s keret\u00e9n bel\u00fcl \u00e9s azon t\u00fal is t\u00f6megsport jelleg\u0171 \u00f3r\u00e1kon vehetnek r\u00e9szt. A 7.-12. oszt\u00e1lyos di\u00e1koknak lehet\u0151s\u00e9g\u00fck van a v\u00e1laszt\u00e1sra, \u00edgy eld\u00f6nthetik, hogy az 5 testnevel\u00e9s \u00f3r\u00e1b\u00f3l heti 2 \u00f3ra tekintet\u00e9ben melyik id\u0151pontban, milyen \u00f3r\u00e1n vesznek r\u00e9szt. A tenisz, labdar\u00fag\u00e1s, kos\u00e1rlabda, r\u00f6plabda, k\u00e9zilabda, floorball, asztalitenisz, n\u00e9pt\u00e1nc, tollaslabda, szertorna, fut\u00f3, ker\u00e9kp\u00e1r, \u00f6nv\u00e9delem oktat\u00e1son fel\u00fcl aerobikot is v\u00e1laszthatnak \u00e9s kiv\u00e1l\u00f3an felszerelt kondicion\u00e1l\u00f3 termet haszn\u00e1lhatnak.<\/p>\n<p>Rekre\u00e1ci\u00f3s tev\u00e9kenys\u00e9gek k\u00f6z\u00fcl s\u00ed t\u00e1borra, korcsoly\u00e1z\u00e1sra \u00e9s s\u00e1rk\u00e1nyhaj\u00f3z\u00e1sra jelentkezhetnek. A mindennapos testnevel\u00e9s keret\u00e9n bel\u00fcl rekre\u00e1ci\u00f3s sport kir\u00e1ndul\u00e1son (ker\u00e9kp\u00e1roz\u00e1s, t\u00far\u00e1z\u00e1s) vehetnek r\u00e9szt.<\/p>\n<p>Az elm\u00falt \u00e9vek folyamatos fejleszt\u00e9sei eredm\u00e9nyek\u00e9nt iskol\u00e1nk a sportcsarnokon k\u00edv\u00fcl k\u00fclt\u00e9ri kos\u00e1rlabda p\u00e1ly\u00e1val, k\u00e9zilabda p\u00e1ly\u00e1val, f\u00fcves foci p\u00e1ly\u00e1val, kondicion\u00e1l\u00f3 teremmel \u00e9s tornaszob\u00e1val b\u0151v\u00fclt. A sportcsarnok \u00e9s sportszert\u00e1r kiv\u00e9teles mennyis\u00e9g\u0171 \u00e9s min\u0151s\u00e9g\u0171 felszerel\u00e9ssel rendelkezik.<\/p>\n<p>C\u00e9lunk, hogy di\u00e1kjainkban kialakuljon az \u00e9leten \u00e1t tart\u00f3 hobbi sportol\u00e1s ir\u00e1nti ig\u00e9ny.<\/p>\n<p>Ezen fel\u00fcl versenyeredm\u00e9nyeink is \u00e9vr\u0151l \u00e9vre sz\u00e1mottev\u0151en javulnak. Iskol\u00e1nk rendszeres r\u00e9sztvev\u0151je a di\u00e1kolimpi\u00e1knak \u00e9s a r\u00e9gi\u00f3 bajnoks\u00e1gainak, kup\u00e1inak.<br \/>\nHagyom\u00e1nny\u00e1 v\u00e1lt, hogy decemberben Feny\u0151fakup\u00e1t rendez\u00fcnk, amely a v\u00e1ros legn\u00edv\u00f3sabb k\u00f6z\u00e9piskol\u00e1s labdar\u00fag\u00f3 kup\u00e1ja, ahol az MN\u00c1MK fi\u00fa \u00e9s le\u00e1ny futball csapatai eredm\u00e9nyesen szerepelnek.<\/p>\n<p>A versenyekre t\u00f6rt\u00e9n\u0151 alapos \u00e9s lelkes felk\u00e9sz\u00fcl\u00e9s eredm\u00e9nyek\u00e9nt di\u00e1kjaink minden \u00e9vben megyei \u00e9s orsz\u00e1gos d\u00f6nt\u0151k\u00f6n szerepelnek.<\/p>\n<p>Iskol\u00e1nk a k\u00f6rny\u00e9k sport egyes\u00fcleteivel egy\u00fcttm\u0171k\u00f6dve lehet\u0151s\u00e9get biztos\u00edt a tehets\u00e9ges di\u00e1koknak versenyszer\u0171, ak\u00e1r \u00e9lvonalbeli sporttev\u00e9kenys\u00e9ghez is. Az int\u00e9zm\u00e9ny vezet\u00e9se \u00e9s a tan\u00e1ri kar rugalmasan seg\u00edti, t\u00e1mogatja a versenyszer\u0171 sportol\u00f3k felk\u00e9sz\u00fcl\u00e9s\u00e9t. Sok profi, v\u00e1logatott versenyz\u0151 ker\u00fclt ki iskol\u00e1nk padjaib\u00f3l.<\/p>\n<p>Sport\u00e9let\u00fcnket tov\u00e1bb sz\u00ednes\u00edti az \u00e9vente megrendez\u00e9sre ker\u00fcl\u0151 sportnap, melyen az oszt\u00e1lyok egym\u00e1s ellen m\u00e9rhetik \u00f6ssze erej\u00fcket, tud\u00e1sukat. A d\u00edjakon fel\u00fcl sok vid\u00e1ms\u00e1g, nevet\u00e9s, a mozg\u00e1s \u00f6r\u00f6me \u00e9s a kitart\u00f3 munka megbecs\u00fcl\u00e9se r\u00e9sztvev\u0151k jutalma.<\/p>\n<p align=\"center\">Das Sportleben am UBZ<\/p>\n<p>Das Sportleben unserer Schule bietet vielseitige M\u00f6glichkeiten. Unsere Sch\u00fcler bewegen sich nicht nur im Rahmen des t\u00e4glichen Sportunterrichts, sondern auch bei den unterschiedlichen Massensportt\u00e4tigkeiten. Die Sch\u00fcler der Klassen 7-12 haben die M\u00f6glichkeit von den w\u00f6chentlich 5 Sportstunden f\u00fcr 2 Stunden sich in ein beliebiges Angebot einzuw\u00e4hlen. Sie k\u00f6nnen Tennis, Fu\u00dfball, Basketball, Volleyball, Handball, Unihockey, Tischtennis, Volkstanz, Federball, Ger\u00e4teturnen, Joggen, Fahrradfahren, Selbstverteidigung und Aerobic w\u00e4hlen, oder einen gut ausger\u00fcsteten Fitnessraum zum Training nutzen. Im Rahmen des t\u00e4glichen Sportunterrichtes k\u00f6nnen die Jugendlichen an Fahrrad- und Wandertouren teilnehmen.<\/p>\n<p>Es gibt auch Freizeitsportangebote, die unsere Sch\u00fcler wahrnehmen: Skifreizeit, Schlittschuhlauf und Drachenbootfahrt usw.<\/p>\n<p>Die Sporthalle unserer Schule wurde in der letzten Zeit mit einem Fitnessraum, einem Gymnastikraum, einem externen Basketballplatz, Handballplatz und Rasen-Fu\u00dfballplatz erweitert. Die Sporthalle und der Ger\u00e4teraum bieten eine besondere Auswahl und Qualit\u00e4t an Sportger\u00e4ten.<\/p>\n<p>Unser Ziel ist, in unseren Sch\u00fclern einen Anspruch auf hobbym\u00e4\u00dfigen Sport zu entwickeln.<\/p>\n<p>Auch die Wettbewerbsergebnisse unserer Sch\u00fcler verbessern sich von Jahr zu Jahr. Unsere Schule ist ein regelm\u00e4\u00dfiger Teilnehmer an der Sch\u00fclerolympiade und an den regionalen Meisterschaften.<\/p>\n<p>Es ist eine sch\u00f6ne UBZ-Tradition, dass wir im Dezember den ?Tannenbaum-Pokal?, ein Fu\u00dfballturnier f\u00fcr M\u00e4dchen- und Jungenmannschaften der Stadt Baja organisieren.<\/p>\n<p>Als Ergebnis der gr\u00fcndlichen und engagierten Vorbereitungen f\u00fcr die Wettk\u00e4mpfe, wirken die auch die UBZ-Sch\u00fcler j\u00e4hrlich im Finale mit.<\/p>\n<p>Unsere Schule bietet den talentierten Sch\u00fclern in Zusammenarbeit mit den umliegenden Sportvereinen wettkampfm\u00e4\u00dfige oder sogar spitzenm\u00e4\u00dfige Sportaktivit\u00e4ten an. Unsere Schulleitung und das Lehrerkollegium unterst\u00fctzen die Sportler, die sich f\u00fcr die Wettbewerbe vorbereiten. Viele Profis und ausgew\u00e4hlte Wettk\u00e4mpfer sind von unseren Sch\u00fclern geworden, nachdem sie ? nach erfolgreichem Abitur &#8211; die Schule verlie\u00dfen.<\/p>\n<p>Unser Sportleben wird zus\u00e4tzlich mit dem j\u00e4hrlich organisierten Sporttag belebt, wo die Klassen ihre Kr\u00e4fte und Kompetenzen bei Wettk\u00e4mpfen messen k\u00f6nnen. Als Belohnung haben die Teilnehmer \u00fcber die Preise hinaus zus\u00e4tzlich noch die gute Laune und die Freude an der Bewegung, die sie wertsch\u00e4tzen lernen.<\/p>\n<p><!-- Add code here that should appear in the content block of all new pages --><\/p>\n","protected":false},"excerpt":{"rendered":"<p>Sport\u00e9let az MN\u00c1MK-ban Iskol\u00e1nk sport\u00e9lete kiemelked\u0151 lehet\u0151s\u00e9geket ny\u00fajt di\u00e1kjai sz\u00e1m\u00e1ra. A mozogni \u00e9s sportolni v\u00e1gy\u00f3k a mindennapos testnevel\u00e9s keret\u00e9n bel\u00fcl \u00e9s azon t\u00fal is t\u00f6megsport jelleg\u0171 \u00f3r\u00e1kon vehetnek r\u00e9szt. A 7.-12. oszt\u00e1lyos di\u00e1koknak lehet\u0151s\u00e9g\u00fck van a v\u00e1laszt\u00e1sra, \u00edgy eld\u00f6nthetik, hogy az 5 testnevel\u00e9s \u00f3r\u00e1b\u00f3l heti 2 \u00f3ra tekintet\u00e9ben melyik id\u0151pontban, milyen \u00f3r\u00e1n vesznek r\u00e9szt. A [&hellip;]<\/p>\n","protected":false},"author":22,"featured_media":0,"parent":6614,"menu_order":0,"comment_status":"closed","ping_status":"closed","template":"","meta":{"footnotes":""},"class_list":["post-14591","page","type-page","status-publish","hentry"],"yoast_head":"<!-- This site is optimized with the Yoast SEO plugin v20.9 - https:\/\/yoast.com\/wordpress\/plugins\/seo\/ -->\n<title>Sport\u00e9let - MN\u00c1MK-UBZ<\/title>\n<meta name=\"robots\" content=\"index, follow, max-snippet:-1, max-image-preview:large, max-video-preview:-1\" \/>\n<link rel=\"canonical\" href=\"https:\/\/mnamk.hu\/index-old.php\/schule\/sportelet\/\" \/>\n<meta property=\"og:locale\" content=\"hu_HU\" \/>\n<meta property=\"og:type\" content=\"article\" \/>\n<meta property=\"og:title\" content=\"Sport\u00e9let - MN\u00c1MK-UBZ\" \/>\n<meta property=\"og:description\" content=\"Sport\u00e9let az MN\u00c1MK-ban Iskol\u00e1nk sport\u00e9lete kiemelked\u0151 lehet\u0151s\u00e9geket ny\u00fajt di\u00e1kjai sz\u00e1m\u00e1ra. A mozogni \u00e9s sportolni v\u00e1gy\u00f3k a mindennapos testnevel\u00e9s keret\u00e9n bel\u00fcl \u00e9s azon t\u00fal is t\u00f6megsport jelleg\u0171 \u00f3r\u00e1kon vehetnek r\u00e9szt. A 7.-12. oszt\u00e1lyos di\u00e1koknak lehet\u0151s\u00e9g\u00fck van a v\u00e1laszt\u00e1sra, \u00edgy eld\u00f6nthetik, hogy az 5 testnevel\u00e9s \u00f3r\u00e1b\u00f3l heti 2 \u00f3ra tekintet\u00e9ben melyik id\u0151pontban, milyen \u00f3r\u00e1n vesznek r\u00e9szt. A [&hellip;]\" \/>\n<meta property=\"og:url\" content=\"https:\/\/mnamk.hu\/index-old.php\/schule\/sportelet\/\" \/>\n<meta property=\"og:site_name\" content=\"MN\u00c1MK-UBZ\" \/>\n<meta property=\"article:modified_time\" content=\"2021-09-27T07:43:23+00:00\" \/>\n<meta name=\"twitter:card\" content=\"summary_large_image\" \/>\n<meta name=\"twitter:label1\" content=\"Becs\u00fclt olvas\u00e1si id\u0151\" \/>\n\t<meta name=\"twitter:data1\" content=\"3 perc\" \/>\n<script type=\"application\/ld+json\" class=\"yoast-schema-graph\">{\"@context\":\"https:\/\/schema.org\",\"@graph\":[{\"@type\":\"WebPage\",\"@id\":\"https:\/\/mnamk.hu\/index-old.php\/schule\/sportelet\/\",\"url\":\"https:\/\/mnamk.hu\/index-old.php\/schule\/sportelet\/\",\"name\":\"Sport\u00e9let - MN\u00c1MK-UBZ\",\"isPartOf\":{\"@id\":\"https:\/\/mnamk.hu\/index-old.php\/#website\"},\"datePublished\":\"2016-11-23T09:35:38+00:00\",\"dateModified\":\"2021-09-27T07:43:23+00:00\",\"breadcrumb\":{\"@id\":\"https:\/\/mnamk.hu\/index-old.php\/schule\/sportelet\/#breadcrumb\"},\"inLanguage\":\"hu\",\"potentialAction\":[{\"@type\":\"ReadAction\",\"target\":[\"https:\/\/mnamk.hu\/index-old.php\/schule\/sportelet\/\"]}]},{\"@type\":\"BreadcrumbList\",\"@id\":\"https:\/\/mnamk.hu\/index-old.php\/schule\/sportelet\/#breadcrumb\",\"itemListElement\":[{\"@type\":\"ListItem\",\"position\":1,\"name\":\"Startseite\",\"item\":\"https:\/\/mnamk.hu\/\"},{\"@type\":\"ListItem\",\"position\":2,\"name\":\"Iskola\",\"item\":\"https:\/\/mnamk.hu\/index-old.php\/schule\/\"},{\"@type\":\"ListItem\",\"position\":3,\"name\":\"Sport\u00e9let\"}]},{\"@type\":\"WebSite\",\"@id\":\"https:\/\/mnamk.hu\/index-old.php\/#website\",\"url\":\"https:\/\/mnamk.hu\/index-old.php\/\",\"name\":\"MN\u00c1MK-UBZ\",\"description\":\"\",\"publisher\":{\"@id\":\"https:\/\/mnamk.hu\/index-old.php\/#organization\"},\"potentialAction\":[{\"@type\":\"SearchAction\",\"target\":{\"@type\":\"EntryPoint\",\"urlTemplate\":\"https:\/\/mnamk.hu\/index-old.php\/?s={search_term_string}\"},\"query-input\":\"required name=search_term_string\"}],\"inLanguage\":\"hu\"},{\"@type\":\"Organization\",\"@id\":\"https:\/\/mnamk.hu\/index-old.php\/#organization\",\"name\":\"MNAMK\",\"url\":\"https:\/\/mnamk.hu\/index-old.php\/\",\"logo\":{\"@type\":\"ImageObject\",\"inLanguage\":\"hu\",\"@id\":\"https:\/\/mnamk.hu\/index-old.php\/#\/schema\/logo\/image\/\",\"url\":\"https:\/\/mnamk.hu\/wp\/wp-content\/uploads\/2020\/08\/logo.jpg\",\"contentUrl\":\"https:\/\/mnamk.hu\/wp\/wp-content\/uploads\/2020\/08\/logo.jpg\",\"width\":482,\"height\":276,\"caption\":\"MNAMK\"},\"image\":{\"@id\":\"https:\/\/mnamk.hu\/index-old.php\/#\/schema\/logo\/image\/\"}}]}<\/script>\n<!-- \/ Yoast SEO plugin. -->","yoast_head_json":{"title":"Sport\u00e9let - MN\u00c1MK-UBZ","robots":{"index":"index","follow":"follow","max-snippet":"max-snippet:-1","max-image-preview":"max-image-preview:large","max-video-preview":"max-video-preview:-1"},"canonical":"https:\/\/mnamk.hu\/index-old.php\/schule\/sportelet\/","og_locale":"hu_HU","og_type":"article","og_title":"Sport\u00e9let - MN\u00c1MK-UBZ","og_description":"Sport\u00e9let az MN\u00c1MK-ban Iskol\u00e1nk sport\u00e9lete kiemelked\u0151 lehet\u0151s\u00e9geket ny\u00fajt di\u00e1kjai sz\u00e1m\u00e1ra. A mozogni \u00e9s sportolni v\u00e1gy\u00f3k a mindennapos testnevel\u00e9s keret\u00e9n bel\u00fcl \u00e9s azon t\u00fal is t\u00f6megsport jelleg\u0171 \u00f3r\u00e1kon vehetnek r\u00e9szt. A 7.-12. oszt\u00e1lyos di\u00e1koknak lehet\u0151s\u00e9g\u00fck van a v\u00e1laszt\u00e1sra, \u00edgy eld\u00f6nthetik, hogy az 5 testnevel\u00e9s \u00f3r\u00e1b\u00f3l heti 2 \u00f3ra tekintet\u00e9ben melyik id\u0151pontban, milyen \u00f3r\u00e1n vesznek r\u00e9szt. A [&hellip;]","og_url":"https:\/\/mnamk.hu\/index-old.php\/schule\/sportelet\/","og_site_name":"MN\u00c1MK-UBZ","article_modified_time":"2021-09-27T07:43:23+00:00","twitter_card":"summary_large_image","twitter_misc":{"Becs\u00fclt olvas\u00e1si id\u0151":"3 perc"},"schema":{"@context":"https:\/\/schema.org","@graph":[{"@type":"WebPage","@id":"https:\/\/mnamk.hu\/index-old.php\/schule\/sportelet\/","url":"https:\/\/mnamk.hu\/index-old.php\/schule\/sportelet\/","name":"Sport\u00e9let - MN\u00c1MK-UBZ","isPartOf":{"@id":"https:\/\/mnamk.hu\/index-old.php\/#website"},"datePublished":"2016-11-23T09:35:38+00:00","dateModified":"2021-09-27T07:43:23+00:00","breadcrumb":{"@id":"https:\/\/mnamk.hu\/index-old.php\/schule\/sportelet\/#breadcrumb"},"inLanguage":"hu","potentialAction":[{"@type":"ReadAction","target":["https:\/\/mnamk.hu\/index-old.php\/schule\/sportelet\/"]}]},{"@type":"BreadcrumbList","@id":"https:\/\/mnamk.hu\/index-old.php\/schule\/sportelet\/#breadcrumb","itemListElement":[{"@type":"ListItem","position":1,"name":"Startseite","item":"https:\/\/mnamk.hu\/"},{"@type":"ListItem","position":2,"name":"Iskola","item":"https:\/\/mnamk.hu\/index-old.php\/schule\/"},{"@type":"ListItem","position":3,"name":"Sport\u00e9let"}]},{"@type":"WebSite","@id":"https:\/\/mnamk.hu\/index-old.php\/#website","url":"https:\/\/mnamk.hu\/index-old.php\/","name":"MN\u00c1MK-UBZ","description":"","publisher":{"@id":"https:\/\/mnamk.hu\/index-old.php\/#organization"},"potentialAction":[{"@type":"SearchAction","target":{"@type":"EntryPoint","urlTemplate":"https:\/\/mnamk.hu\/index-old.php\/?s={search_term_string}"},"query-input":"required name=search_term_string"}],"inLanguage":"hu"},{"@type":"Organization","@id":"https:\/\/mnamk.hu\/index-old.php\/#organization","name":"MNAMK","url":"https:\/\/mnamk.hu\/index-old.php\/","logo":{"@type":"ImageObject","inLanguage":"hu","@id":"https:\/\/mnamk.hu\/index-old.php\/#\/schema\/logo\/image\/","url":"https:\/\/mnamk.hu\/wp\/wp-content\/uploads\/2020\/08\/logo.jpg","contentUrl":"https:\/\/mnamk.hu\/wp\/wp-content\/uploads\/2020\/08\/logo.jpg","width":482,"height":276,"caption":"MNAMK"},"image":{"@id":"https:\/\/mnamk.hu\/index-old.php\/#\/schema\/logo\/image\/"}}]}},"_links":{"self":[{"href":"https:\/\/mnamk.hu\/index-old.php\/wp-json\/wp\/v2\/pages\/14591","targetHints":{"allow":["GET"]}}],"collection":[{"href":"https:\/\/mnamk.hu\/index-old.php\/wp-json\/wp\/v2\/pages"}],"about":[{"href":"https:\/\/mnamk.hu\/index-old.php\/wp-json\/wp\/v2\/types\/page"}],"author":[{"embeddable":true,"href":"https:\/\/mnamk.hu\/index-old.php\/wp-json\/wp\/v2\/users\/22"}],"replies":[{"embeddable":true,"href":"https:\/\/mnamk.hu\/index-old.php\/wp-json\/wp\/v2\/comments?post=14591"}],"version-history":[{"count":0,"href":"https:\/\/mnamk.hu\/index-old.php\/wp-json\/wp\/v2\/pages\/14591\/revisions"}],"up":[{"embeddable":true,"href":"https:\/\/mnamk.hu\/index-old.php\/wp-json\/wp\/v2\/pages\/6614"}],"wp:attachment":[{"href":"https:\/\/mnamk.hu\/index-old.php\/wp-json\/wp\/v2\/media?parent=14591"}],"curies":[{"name":"wp","href":"https:\/\/api.w.org\/{rel}","templated":true}]}}