{"id":14600,"date":"2015-08-12T04:53:38","date_gmt":"2015-08-12T04:53:38","guid":{"rendered":"https:\/\/mnamk.hu\/wp\/kollegium-2\/felveteli-eljaras\/"},"modified":"2023-08-14T11:12:30","modified_gmt":"2023-08-14T09:12:30","slug":"felveteli-eljaras","status":"publish","type":"page","link":"https:\/\/mnamk.hu\/index-old.php\/kollegium-2\/felveteli-eljaras\/","title":{"rendered":"Felv\u00e9teli elj\u00e1r\u00e1s"},"content":{"rendered":"<h1>\u00a0<\/h1>\n<h3>Tisztelt Sz\u00fcl\u0151k!<\/h3>\n<p>Az MN\u00c1MK Koll\u00e9gium\u00e1ba t\u00f6rt\u00e9n\u0151 jelentkez\u00e9s az itt let\u00f6lthet\u0151 nyomtatv\u00e1ny kit\u00f6lt\u00e9s\u00e9vel \u00e9s bek\u00fcld\u00e9s\u00e9vel lehets\u00e9ges. A be\u00e9rkez\u00e9s hat\u00e1rideje m\u00e1jus 20. A felv\u00e9teli k\u00e9relem eredm\u00e9ny\u00e9r\u0151l a sz\u00fcl\u0151ket t\u00e1j\u00e9koztat\u00f3 lev\u00e9lben, hat\u00e1rozatban j\u00fanius 15-ig \u00edr\u00e1sban \u00e9rtes\u00edtj\u00fck!<\/p>\n<p>A koll\u00e9giumba t\u00f6rt\u00e9n\u0151 beiratkoz\u00e1sra a k\u00f6z\u00e9piskol\u00e1ba val\u00f3 beiratkoz\u00e1ssal p\u00e1rhuzamosan, azonos id\u0151pontban ker\u00fcl sor. A pontos d\u00e1tumot a honlapon tessz\u00fck k\u00f6zz\u00e9, azt megel\u0151z\u0151en legal\u00e1bb 15 nappal kor\u00e1bban. A beiratkoz\u00e1shoz sz\u00fcks\u00e9g van a di\u00e1k szem\u00e9lyigazolv\u00e1ny\u00e1ra, lac\u00edmk\u00e1rty\u00e1j\u00e1ra, OM azonos\u00edt\u00f3k\u00e1rty\u00e1j\u00e1ra esetleges kedvezm\u00e9nyek ig\u00e9nybev\u00e9tel\u00e9hez a sz\u00fcks\u00e9ges igazol\u00e1sokra.<\/p>\n\n\n<hr class=\"wp-block-separator has-alpha-channel-opacity\"\/>\n\n\n\n<h3 class=\"wp-block-heading has-text-align-center\">K\u00e9relem<\/h3>\n\n\n\n<p>K\u00e9rv\u00e9nyezem, hogy gyermekem:<br><br>Sz\u00fclet\u00e9si hely, id\u0151:<br>\u00c1lland\u00f3 lakc\u00edm:<br>Iskola, \u00e9vfolyam:<br>OM azonos\u00edt\u00f3:<\/p>\n\n\n\n<p>sz\u00e1m\u00e1ra a 2023\/2024-es tan\u00e9vben koll\u00e9giumi f\u00e9r\u0151helyet biztos\u00edtsanak.<\/p>\n\n\n\n<p>D\u00e1tum:<\/p>\n\n\n\n<p>Sz\u00fcl\u0151\/Gondvisel\u0151 al\u00e1\u00edr\u00e1sa<\/p>\n\n\n\n<p class=\"has-text-align-center\"><strong><a href=\"https:\/\/mnamk.hu\/wp\/wp-content\/uploads\/2020\/10\/Kolesz-kerelem20_21.pdf\">K\u00c9RELEM LET\u00d6LT\u00c9SE<\/a><\/strong><\/p>\n","protected":false},"excerpt":{"rendered":"<p>\u00a0 Tisztelt Sz\u00fcl\u0151k! Az MN\u00c1MK Koll\u00e9gium\u00e1ba t\u00f6rt\u00e9n\u0151 jelentkez\u00e9s az itt let\u00f6lthet\u0151 nyomtatv\u00e1ny kit\u00f6lt\u00e9s\u00e9vel \u00e9s bek\u00fcld\u00e9s\u00e9vel lehets\u00e9ges. A be\u00e9rkez\u00e9s hat\u00e1rideje m\u00e1jus 20. A felv\u00e9teli k\u00e9relem eredm\u00e9ny\u00e9r\u0151l a sz\u00fcl\u0151ket t\u00e1j\u00e9koztat\u00f3 lev\u00e9lben, hat\u00e1rozatban j\u00fanius 15-ig \u00edr\u00e1sban \u00e9rtes\u00edtj\u00fck! A koll\u00e9giumba t\u00f6rt\u00e9n\u0151 beiratkoz\u00e1sra a k\u00f6z\u00e9piskol\u00e1ba val\u00f3 beiratkoz\u00e1ssal p\u00e1rhuzamosan, azonos id\u0151pontban ker\u00fcl sor. A pontos d\u00e1tumot a honlapon tessz\u00fck k\u00f6zz\u00e9, azt [&hellip;]<\/p>\n","protected":false},"author":22,"featured_media":0,"parent":14598,"menu_order":0,"comment_status":"closed","ping_status":"closed","template":"","meta":{"footnotes":""},"class_list":["post-14600","page","type-page","status-publish","hentry"],"yoast_head":"<!-- This site is optimized with the Yoast SEO plugin v20.9 - https:\/\/yoast.com\/wordpress\/plugins\/seo\/ -->\n<title>Felv\u00e9teli elj\u00e1r\u00e1s - MN\u00c1MK-UBZ<\/title>\n<meta name=\"robots\" content=\"index, follow, max-snippet:-1, max-image-preview:large, max-video-preview:-1\" \/>\n<link rel=\"canonical\" href=\"https:\/\/mnamk.hu\/index-old.php\/kollegium-2\/felveteli-eljaras\/\" \/>\n<meta property=\"og:locale\" content=\"hu_HU\" \/>\n<meta property=\"og:type\" content=\"article\" \/>\n<meta property=\"og:title\" content=\"Felv\u00e9teli elj\u00e1r\u00e1s - MN\u00c1MK-UBZ\" \/>\n<meta property=\"og:description\" content=\"\u00a0 Tisztelt Sz\u00fcl\u0151k! Az MN\u00c1MK Koll\u00e9gium\u00e1ba t\u00f6rt\u00e9n\u0151 jelentkez\u00e9s az itt let\u00f6lthet\u0151 nyomtatv\u00e1ny kit\u00f6lt\u00e9s\u00e9vel \u00e9s bek\u00fcld\u00e9s\u00e9vel lehets\u00e9ges. A be\u00e9rkez\u00e9s hat\u00e1rideje m\u00e1jus 20. A felv\u00e9teli k\u00e9relem eredm\u00e9ny\u00e9r\u0151l a sz\u00fcl\u0151ket t\u00e1j\u00e9koztat\u00f3 lev\u00e9lben, hat\u00e1rozatban j\u00fanius 15-ig \u00edr\u00e1sban \u00e9rtes\u00edtj\u00fck! A koll\u00e9giumba t\u00f6rt\u00e9n\u0151 beiratkoz\u00e1sra a k\u00f6z\u00e9piskol\u00e1ba val\u00f3 beiratkoz\u00e1ssal p\u00e1rhuzamosan, azonos id\u0151pontban ker\u00fcl sor. A pontos d\u00e1tumot a honlapon tessz\u00fck k\u00f6zz\u00e9, azt [&hellip;]\" \/>\n<meta property=\"og:url\" content=\"https:\/\/mnamk.hu\/index-old.php\/kollegium-2\/felveteli-eljaras\/\" \/>\n<meta property=\"og:site_name\" content=\"MN\u00c1MK-UBZ\" \/>\n<meta property=\"article:modified_time\" content=\"2023-08-14T09:12:30+00:00\" \/>\n<meta name=\"twitter:card\" content=\"summary_large_image\" \/>\n<meta name=\"twitter:label1\" content=\"Becs\u00fclt olvas\u00e1si id\u0151\" \/>\n\t<meta name=\"twitter:data1\" content=\"1 perc\" \/>\n<script type=\"application\/ld+json\" class=\"yoast-schema-graph\">{\"@context\":\"https:\/\/schema.org\",\"@graph\":[{\"@type\":\"WebPage\",\"@id\":\"https:\/\/mnamk.hu\/index-old.php\/kollegium-2\/felveteli-eljaras\/\",\"url\":\"https:\/\/mnamk.hu\/index-old.php\/kollegium-2\/felveteli-eljaras\/\",\"name\":\"Felv\u00e9teli elj\u00e1r\u00e1s - MN\u00c1MK-UBZ\",\"isPartOf\":{\"@id\":\"https:\/\/mnamk.hu\/index-old.php\/#website\"},\"datePublished\":\"2015-08-12T04:53:38+00:00\",\"dateModified\":\"2023-08-14T09:12:30+00:00\",\"breadcrumb\":{\"@id\":\"https:\/\/mnamk.hu\/index-old.php\/kollegium-2\/felveteli-eljaras\/#breadcrumb\"},\"inLanguage\":\"hu\",\"potentialAction\":[{\"@type\":\"ReadAction\",\"target\":[\"https:\/\/mnamk.hu\/index-old.php\/kollegium-2\/felveteli-eljaras\/\"]}]},{\"@type\":\"BreadcrumbList\",\"@id\":\"https:\/\/mnamk.hu\/index-old.php\/kollegium-2\/felveteli-eljaras\/#breadcrumb\",\"itemListElement\":[{\"@type\":\"ListItem\",\"position\":1,\"name\":\"Startseite\",\"item\":\"https:\/\/mnamk.hu\/\"},{\"@type\":\"ListItem\",\"position\":2,\"name\":\"\u00dcdv\u00f6z\u00f6lj\u00fck Koll\u00e9giumunk f\u0151oldal\u00e1n!\",\"item\":\"https:\/\/mnamk.hu\/index-old.php\/kollegium-2\/\"},{\"@type\":\"ListItem\",\"position\":3,\"name\":\"Felv\u00e9teli elj\u00e1r\u00e1s\"}]},{\"@type\":\"WebSite\",\"@id\":\"https:\/\/mnamk.hu\/index-old.php\/#website\",\"url\":\"https:\/\/mnamk.hu\/index-old.php\/\",\"name\":\"MN\u00c1MK-UBZ\",\"description\":\"\",\"publisher\":{\"@id\":\"https:\/\/mnamk.hu\/index-old.php\/#organization\"},\"potentialAction\":[{\"@type\":\"SearchAction\",\"target\":{\"@type\":\"EntryPoint\",\"urlTemplate\":\"https:\/\/mnamk.hu\/index-old.php\/?s={search_term_string}\"},\"query-input\":\"required name=search_term_string\"}],\"inLanguage\":\"hu\"},{\"@type\":\"Organization\",\"@id\":\"https:\/\/mnamk.hu\/index-old.php\/#organization\",\"name\":\"MNAMK\",\"url\":\"https:\/\/mnamk.hu\/index-old.php\/\",\"logo\":{\"@type\":\"ImageObject\",\"inLanguage\":\"hu\",\"@id\":\"https:\/\/mnamk.hu\/index-old.php\/#\/schema\/logo\/image\/\",\"url\":\"https:\/\/mnamk.hu\/wp\/wp-content\/uploads\/2020\/08\/logo.jpg\",\"contentUrl\":\"https:\/\/mnamk.hu\/wp\/wp-content\/uploads\/2020\/08\/logo.jpg\",\"width\":482,\"height\":276,\"caption\":\"MNAMK\"},\"image\":{\"@id\":\"https:\/\/mnamk.hu\/index-old.php\/#\/schema\/logo\/image\/\"}}]}<\/script>\n<!-- \/ Yoast SEO plugin. -->","yoast_head_json":{"title":"Felv\u00e9teli elj\u00e1r\u00e1s - MN\u00c1MK-UBZ","robots":{"index":"index","follow":"follow","max-snippet":"max-snippet:-1","max-image-preview":"max-image-preview:large","max-video-preview":"max-video-preview:-1"},"canonical":"https:\/\/mnamk.hu\/index-old.php\/kollegium-2\/felveteli-eljaras\/","og_locale":"hu_HU","og_type":"article","og_title":"Felv\u00e9teli elj\u00e1r\u00e1s - MN\u00c1MK-UBZ","og_description":"\u00a0 Tisztelt Sz\u00fcl\u0151k! Az MN\u00c1MK Koll\u00e9gium\u00e1ba t\u00f6rt\u00e9n\u0151 jelentkez\u00e9s az itt let\u00f6lthet\u0151 nyomtatv\u00e1ny kit\u00f6lt\u00e9s\u00e9vel \u00e9s bek\u00fcld\u00e9s\u00e9vel lehets\u00e9ges. A be\u00e9rkez\u00e9s hat\u00e1rideje m\u00e1jus 20. A felv\u00e9teli k\u00e9relem eredm\u00e9ny\u00e9r\u0151l a sz\u00fcl\u0151ket t\u00e1j\u00e9koztat\u00f3 lev\u00e9lben, hat\u00e1rozatban j\u00fanius 15-ig \u00edr\u00e1sban \u00e9rtes\u00edtj\u00fck! A koll\u00e9giumba t\u00f6rt\u00e9n\u0151 beiratkoz\u00e1sra a k\u00f6z\u00e9piskol\u00e1ba val\u00f3 beiratkoz\u00e1ssal p\u00e1rhuzamosan, azonos id\u0151pontban ker\u00fcl sor. A pontos d\u00e1tumot a honlapon tessz\u00fck k\u00f6zz\u00e9, azt [&hellip;]","og_url":"https:\/\/mnamk.hu\/index-old.php\/kollegium-2\/felveteli-eljaras\/","og_site_name":"MN\u00c1MK-UBZ","article_modified_time":"2023-08-14T09:12:30+00:00","twitter_card":"summary_large_image","twitter_misc":{"Becs\u00fclt olvas\u00e1si id\u0151":"1 perc"},"schema":{"@context":"https:\/\/schema.org","@graph":[{"@type":"WebPage","@id":"https:\/\/mnamk.hu\/index-old.php\/kollegium-2\/felveteli-eljaras\/","url":"https:\/\/mnamk.hu\/index-old.php\/kollegium-2\/felveteli-eljaras\/","name":"Felv\u00e9teli elj\u00e1r\u00e1s - MN\u00c1MK-UBZ","isPartOf":{"@id":"https:\/\/mnamk.hu\/index-old.php\/#website"},"datePublished":"2015-08-12T04:53:38+00:00","dateModified":"2023-08-14T09:12:30+00:00","breadcrumb":{"@id":"https:\/\/mnamk.hu\/index-old.php\/kollegium-2\/felveteli-eljaras\/#breadcrumb"},"inLanguage":"hu","potentialAction":[{"@type":"ReadAction","target":["https:\/\/mnamk.hu\/index-old.php\/kollegium-2\/felveteli-eljaras\/"]}]},{"@type":"BreadcrumbList","@id":"https:\/\/mnamk.hu\/index-old.php\/kollegium-2\/felveteli-eljaras\/#breadcrumb","itemListElement":[{"@type":"ListItem","position":1,"name":"Startseite","item":"https:\/\/mnamk.hu\/"},{"@type":"ListItem","position":2,"name":"\u00dcdv\u00f6z\u00f6lj\u00fck Koll\u00e9giumunk f\u0151oldal\u00e1n!","item":"https:\/\/mnamk.hu\/index-old.php\/kollegium-2\/"},{"@type":"ListItem","position":3,"name":"Felv\u00e9teli elj\u00e1r\u00e1s"}]},{"@type":"WebSite","@id":"https:\/\/mnamk.hu\/index-old.php\/#website","url":"https:\/\/mnamk.hu\/index-old.php\/","name":"MN\u00c1MK-UBZ","description":"","publisher":{"@id":"https:\/\/mnamk.hu\/index-old.php\/#organization"},"potentialAction":[{"@type":"SearchAction","target":{"@type":"EntryPoint","urlTemplate":"https:\/\/mnamk.hu\/index-old.php\/?s={search_term_string}"},"query-input":"required name=search_term_string"}],"inLanguage":"hu"},{"@type":"Organization","@id":"https:\/\/mnamk.hu\/index-old.php\/#organization","name":"MNAMK","url":"https:\/\/mnamk.hu\/index-old.php\/","logo":{"@type":"ImageObject","inLanguage":"hu","@id":"https:\/\/mnamk.hu\/index-old.php\/#\/schema\/logo\/image\/","url":"https:\/\/mnamk.hu\/wp\/wp-content\/uploads\/2020\/08\/logo.jpg","contentUrl":"https:\/\/mnamk.hu\/wp\/wp-content\/uploads\/2020\/08\/logo.jpg","width":482,"height":276,"caption":"MNAMK"},"image":{"@id":"https:\/\/mnamk.hu\/index-old.php\/#\/schema\/logo\/image\/"}}]}},"_links":{"self":[{"href":"https:\/\/mnamk.hu\/index-old.php\/wp-json\/wp\/v2\/pages\/14600","targetHints":{"allow":["GET"]}}],"collection":[{"href":"https:\/\/mnamk.hu\/index-old.php\/wp-json\/wp\/v2\/pages"}],"about":[{"href":"https:\/\/mnamk.hu\/index-old.php\/wp-json\/wp\/v2\/types\/page"}],"author":[{"embeddable":true,"href":"https:\/\/mnamk.hu\/index-old.php\/wp-json\/wp\/v2\/users\/22"}],"replies":[{"embeddable":true,"href":"https:\/\/mnamk.hu\/index-old.php\/wp-json\/wp\/v2\/comments?post=14600"}],"version-history":[{"count":5,"href":"https:\/\/mnamk.hu\/index-old.php\/wp-json\/wp\/v2\/pages\/14600\/revisions"}],"predecessor-version":[{"id":50626,"href":"https:\/\/mnamk.hu\/index-old.php\/wp-json\/wp\/v2\/pages\/14600\/revisions\/50626"}],"up":[{"embeddable":true,"href":"https:\/\/mnamk.hu\/index-old.php\/wp-json\/wp\/v2\/pages\/14598"}],"wp:attachment":[{"href":"https:\/\/mnamk.hu\/index-old.php\/wp-json\/wp\/v2\/media?parent=14600"}],"curies":[{"name":"wp","href":"https:\/\/api.w.org\/{rel}","templated":true}]}}