{"id":14605,"date":"2015-08-12T04:57:27","date_gmt":"2015-08-12T04:57:27","guid":{"rendered":"https:\/\/mnamk.hu\/wp\/kollegium-2\/szabadidos-foglalkozasok\/"},"modified":"2023-09-13T09:38:10","modified_gmt":"2023-09-13T07:38:10","slug":"szabadidos-foglalkozasok","status":"publish","type":"page","link":"https:\/\/mnamk.hu\/index-old.php\/kollegium-2\/szabadidos-foglalkozasok\/","title":{"rendered":"Szabadid\u0151s foglalkoz\u00e1sok"},"content":{"rendered":"\n<figure class=\"wp-block-table aligncenter\"><table><tbody><tr><td class=\"has-text-align-center\" data-align=\"center\"><strong>N\u00e9v<\/strong><\/td><td class=\"has-text-align-center\" data-align=\"center\"><strong>Foglalkoz\u00e1s<\/strong><strong><\/strong><\/td><\/tr><tr><td class=\"has-text-align-center\" data-align=\"center\">B\u00e1tyity \u00c9va<\/td><td class=\"has-text-align-center\" data-align=\"center\">n\u00e9met korrepet\u00e1l\u00e1s, f\u0151z\u0151iskola, kir\u00e1ndul\u00e1s szervez\u00e9s<\/td><\/tr><tr><td class=\"has-text-align-center\" data-align=\"center\">Dud\u00e1s Rita<\/td><td class=\"has-text-align-center\" data-align=\"center\">magyar korrepet\u00e1l\u00e1s<\/td><\/tr><tr><td class=\"has-text-align-center\" data-align=\"center\">Fiedler Antal<\/td><td class=\"has-text-align-center\" data-align=\"center\">m\u00e9diaszakk\u00f6r, szobafoci bajnoks\u00e1g szervez\u00e9se<\/td><\/tr><tr><td class=\"has-text-align-center\" data-align=\"center\">Ill\u00e9s Zolt\u00e1n<\/td><td class=\"has-text-align-center\" data-align=\"center\">koll\u00e9giumi zenekar vezet\u00e9se, asztalitenisz bajnoks\u00e1g, csocs\u00f3 bajnoks\u00e1g<\/td><\/tr><tr><td class=\"has-text-align-center\" data-align=\"center\">Knipf Csilla<\/td><td class=\"has-text-align-center\" data-align=\"center\">j\u00f3ga<\/td><\/tr><tr><td class=\"has-text-align-center\" data-align=\"center\">R\u00f3kus Korn\u00e9lia<\/td><td class=\"has-text-align-center\" data-align=\"center\">f\u0151z\u0151iskola, n\u00e9met korrepet\u00e1l\u00e1s<\/td><\/tr><tr><td class=\"has-text-align-center\" data-align=\"center\">Szab\u00f3 Ferenc<\/td><td class=\"has-text-align-center\" data-align=\"center\">ifj\u00fas\u00e1gv\u00e9delem<\/td><\/tr><tr><td class=\"has-text-align-center\" data-align=\"center\">Szab\u00f3 L\u00e1szl\u00f3<\/td><td class=\"has-text-align-center\" data-align=\"center\">filmklub, szobafoci bajnoks\u00e1g<\/td><\/tr><\/tbody><\/table><\/figure>\n","protected":false},"excerpt":{"rendered":"<p>N\u00e9v Foglalkoz\u00e1s B\u00e1tyity \u00c9va n\u00e9met korrepet\u00e1l\u00e1s, f\u0151z\u0151iskola, kir\u00e1ndul\u00e1s szervez\u00e9s Dud\u00e1s Rita magyar korrepet\u00e1l\u00e1s Fiedler Antal m\u00e9diaszakk\u00f6r, szobafoci bajnoks\u00e1g szervez\u00e9se Ill\u00e9s Zolt\u00e1n koll\u00e9giumi zenekar vezet\u00e9se, asztalitenisz bajnoks\u00e1g, csocs\u00f3 bajnoks\u00e1g Knipf Csilla j\u00f3ga R\u00f3kus Korn\u00e9lia f\u0151z\u0151iskola, n\u00e9met korrepet\u00e1l\u00e1s Szab\u00f3 Ferenc ifj\u00fas\u00e1gv\u00e9delem Szab\u00f3 L\u00e1szl\u00f3 filmklub, szobafoci bajnoks\u00e1g<\/p>\n","protected":false},"author":22,"featured_media":0,"parent":14598,"menu_order":0,"comment_status":"closed","ping_status":"closed","template":"","meta":{"footnotes":""},"class_list":["post-14605","page","type-page","status-publish","hentry"],"yoast_head":"<!-- This site is optimized with the Yoast SEO plugin v20.9 - https:\/\/yoast.com\/wordpress\/plugins\/seo\/ -->\n<title>Szabadid\u0151s foglalkoz\u00e1sok - MN\u00c1MK-UBZ<\/title>\n<meta name=\"robots\" content=\"index, follow, max-snippet:-1, max-image-preview:large, max-video-preview:-1\" \/>\n<link rel=\"canonical\" href=\"https:\/\/mnamk.hu\/index-old.php\/kollegium-2\/szabadidos-foglalkozasok\/\" \/>\n<meta property=\"og:locale\" content=\"hu_HU\" \/>\n<meta property=\"og:type\" content=\"article\" \/>\n<meta property=\"og:title\" content=\"Szabadid\u0151s foglalkoz\u00e1sok - MN\u00c1MK-UBZ\" \/>\n<meta property=\"og:description\" content=\"N\u00e9v Foglalkoz\u00e1s B\u00e1tyity \u00c9va n\u00e9met korrepet\u00e1l\u00e1s, f\u0151z\u0151iskola, kir\u00e1ndul\u00e1s szervez\u00e9s Dud\u00e1s Rita magyar korrepet\u00e1l\u00e1s Fiedler Antal m\u00e9diaszakk\u00f6r, szobafoci bajnoks\u00e1g szervez\u00e9se Ill\u00e9s Zolt\u00e1n koll\u00e9giumi zenekar vezet\u00e9se, asztalitenisz bajnoks\u00e1g, csocs\u00f3 bajnoks\u00e1g Knipf Csilla j\u00f3ga R\u00f3kus Korn\u00e9lia f\u0151z\u0151iskola, n\u00e9met korrepet\u00e1l\u00e1s Szab\u00f3 Ferenc ifj\u00fas\u00e1gv\u00e9delem Szab\u00f3 L\u00e1szl\u00f3 filmklub, szobafoci bajnoks\u00e1g\" \/>\n<meta property=\"og:url\" content=\"https:\/\/mnamk.hu\/index-old.php\/kollegium-2\/szabadidos-foglalkozasok\/\" \/>\n<meta property=\"og:site_name\" content=\"MN\u00c1MK-UBZ\" \/>\n<meta property=\"article:modified_time\" content=\"2023-09-13T07:38:10+00:00\" \/>\n<meta name=\"twitter:card\" content=\"summary_large_image\" \/>\n<meta name=\"twitter:label1\" content=\"Becs\u00fclt olvas\u00e1si id\u0151\" \/>\n\t<meta name=\"twitter:data1\" content=\"1 perc\" \/>\n<script type=\"application\/ld+json\" class=\"yoast-schema-graph\">{\"@context\":\"https:\/\/schema.org\",\"@graph\":[{\"@type\":\"WebPage\",\"@id\":\"https:\/\/mnamk.hu\/index-old.php\/kollegium-2\/szabadidos-foglalkozasok\/\",\"url\":\"https:\/\/mnamk.hu\/index-old.php\/kollegium-2\/szabadidos-foglalkozasok\/\",\"name\":\"Szabadid\u0151s foglalkoz\u00e1sok - MN\u00c1MK-UBZ\",\"isPartOf\":{\"@id\":\"https:\/\/mnamk.hu\/index-old.php\/#website\"},\"datePublished\":\"2015-08-12T04:57:27+00:00\",\"dateModified\":\"2023-09-13T07:38:10+00:00\",\"breadcrumb\":{\"@id\":\"https:\/\/mnamk.hu\/index-old.php\/kollegium-2\/szabadidos-foglalkozasok\/#breadcrumb\"},\"inLanguage\":\"hu\",\"potentialAction\":[{\"@type\":\"ReadAction\",\"target\":[\"https:\/\/mnamk.hu\/index-old.php\/kollegium-2\/szabadidos-foglalkozasok\/\"]}]},{\"@type\":\"BreadcrumbList\",\"@id\":\"https:\/\/mnamk.hu\/index-old.php\/kollegium-2\/szabadidos-foglalkozasok\/#breadcrumb\",\"itemListElement\":[{\"@type\":\"ListItem\",\"position\":1,\"name\":\"Startseite\",\"item\":\"https:\/\/mnamk.hu\/\"},{\"@type\":\"ListItem\",\"position\":2,\"name\":\"\u00dcdv\u00f6z\u00f6lj\u00fck Koll\u00e9giumunk f\u0151oldal\u00e1n!\",\"item\":\"https:\/\/mnamk.hu\/index-old.php\/kollegium-2\/\"},{\"@type\":\"ListItem\",\"position\":3,\"name\":\"Szabadid\u0151s foglalkoz\u00e1sok\"}]},{\"@type\":\"WebSite\",\"@id\":\"https:\/\/mnamk.hu\/index-old.php\/#website\",\"url\":\"https:\/\/mnamk.hu\/index-old.php\/\",\"name\":\"MN\u00c1MK-UBZ\",\"description\":\"\",\"publisher\":{\"@id\":\"https:\/\/mnamk.hu\/index-old.php\/#organization\"},\"potentialAction\":[{\"@type\":\"SearchAction\",\"target\":{\"@type\":\"EntryPoint\",\"urlTemplate\":\"https:\/\/mnamk.hu\/index-old.php\/?s={search_term_string}\"},\"query-input\":\"required name=search_term_string\"}],\"inLanguage\":\"hu\"},{\"@type\":\"Organization\",\"@id\":\"https:\/\/mnamk.hu\/index-old.php\/#organization\",\"name\":\"MNAMK\",\"url\":\"https:\/\/mnamk.hu\/index-old.php\/\",\"logo\":{\"@type\":\"ImageObject\",\"inLanguage\":\"hu\",\"@id\":\"https:\/\/mnamk.hu\/index-old.php\/#\/schema\/logo\/image\/\",\"url\":\"https:\/\/mnamk.hu\/wp\/wp-content\/uploads\/2020\/08\/logo.jpg\",\"contentUrl\":\"https:\/\/mnamk.hu\/wp\/wp-content\/uploads\/2020\/08\/logo.jpg\",\"width\":482,\"height\":276,\"caption\":\"MNAMK\"},\"image\":{\"@id\":\"https:\/\/mnamk.hu\/index-old.php\/#\/schema\/logo\/image\/\"}}]}<\/script>\n<!-- \/ Yoast SEO plugin. -->","yoast_head_json":{"title":"Szabadid\u0151s foglalkoz\u00e1sok - MN\u00c1MK-UBZ","robots":{"index":"index","follow":"follow","max-snippet":"max-snippet:-1","max-image-preview":"max-image-preview:large","max-video-preview":"max-video-preview:-1"},"canonical":"https:\/\/mnamk.hu\/index-old.php\/kollegium-2\/szabadidos-foglalkozasok\/","og_locale":"hu_HU","og_type":"article","og_title":"Szabadid\u0151s foglalkoz\u00e1sok - MN\u00c1MK-UBZ","og_description":"N\u00e9v Foglalkoz\u00e1s B\u00e1tyity \u00c9va n\u00e9met korrepet\u00e1l\u00e1s, f\u0151z\u0151iskola, kir\u00e1ndul\u00e1s szervez\u00e9s Dud\u00e1s Rita magyar korrepet\u00e1l\u00e1s Fiedler Antal m\u00e9diaszakk\u00f6r, szobafoci bajnoks\u00e1g szervez\u00e9se Ill\u00e9s Zolt\u00e1n koll\u00e9giumi zenekar vezet\u00e9se, asztalitenisz bajnoks\u00e1g, csocs\u00f3 bajnoks\u00e1g Knipf Csilla j\u00f3ga R\u00f3kus Korn\u00e9lia f\u0151z\u0151iskola, n\u00e9met korrepet\u00e1l\u00e1s Szab\u00f3 Ferenc ifj\u00fas\u00e1gv\u00e9delem Szab\u00f3 L\u00e1szl\u00f3 filmklub, szobafoci bajnoks\u00e1g","og_url":"https:\/\/mnamk.hu\/index-old.php\/kollegium-2\/szabadidos-foglalkozasok\/","og_site_name":"MN\u00c1MK-UBZ","article_modified_time":"2023-09-13T07:38:10+00:00","twitter_card":"summary_large_image","twitter_misc":{"Becs\u00fclt olvas\u00e1si id\u0151":"1 perc"},"schema":{"@context":"https:\/\/schema.org","@graph":[{"@type":"WebPage","@id":"https:\/\/mnamk.hu\/index-old.php\/kollegium-2\/szabadidos-foglalkozasok\/","url":"https:\/\/mnamk.hu\/index-old.php\/kollegium-2\/szabadidos-foglalkozasok\/","name":"Szabadid\u0151s foglalkoz\u00e1sok - MN\u00c1MK-UBZ","isPartOf":{"@id":"https:\/\/mnamk.hu\/index-old.php\/#website"},"datePublished":"2015-08-12T04:57:27+00:00","dateModified":"2023-09-13T07:38:10+00:00","breadcrumb":{"@id":"https:\/\/mnamk.hu\/index-old.php\/kollegium-2\/szabadidos-foglalkozasok\/#breadcrumb"},"inLanguage":"hu","potentialAction":[{"@type":"ReadAction","target":["https:\/\/mnamk.hu\/index-old.php\/kollegium-2\/szabadidos-foglalkozasok\/"]}]},{"@type":"BreadcrumbList","@id":"https:\/\/mnamk.hu\/index-old.php\/kollegium-2\/szabadidos-foglalkozasok\/#breadcrumb","itemListElement":[{"@type":"ListItem","position":1,"name":"Startseite","item":"https:\/\/mnamk.hu\/"},{"@type":"ListItem","position":2,"name":"\u00dcdv\u00f6z\u00f6lj\u00fck Koll\u00e9giumunk f\u0151oldal\u00e1n!","item":"https:\/\/mnamk.hu\/index-old.php\/kollegium-2\/"},{"@type":"ListItem","position":3,"name":"Szabadid\u0151s foglalkoz\u00e1sok"}]},{"@type":"WebSite","@id":"https:\/\/mnamk.hu\/index-old.php\/#website","url":"https:\/\/mnamk.hu\/index-old.php\/","name":"MN\u00c1MK-UBZ","description":"","publisher":{"@id":"https:\/\/mnamk.hu\/index-old.php\/#organization"},"potentialAction":[{"@type":"SearchAction","target":{"@type":"EntryPoint","urlTemplate":"https:\/\/mnamk.hu\/index-old.php\/?s={search_term_string}"},"query-input":"required name=search_term_string"}],"inLanguage":"hu"},{"@type":"Organization","@id":"https:\/\/mnamk.hu\/index-old.php\/#organization","name":"MNAMK","url":"https:\/\/mnamk.hu\/index-old.php\/","logo":{"@type":"ImageObject","inLanguage":"hu","@id":"https:\/\/mnamk.hu\/index-old.php\/#\/schema\/logo\/image\/","url":"https:\/\/mnamk.hu\/wp\/wp-content\/uploads\/2020\/08\/logo.jpg","contentUrl":"https:\/\/mnamk.hu\/wp\/wp-content\/uploads\/2020\/08\/logo.jpg","width":482,"height":276,"caption":"MNAMK"},"image":{"@id":"https:\/\/mnamk.hu\/index-old.php\/#\/schema\/logo\/image\/"}}]}},"_links":{"self":[{"href":"https:\/\/mnamk.hu\/index-old.php\/wp-json\/wp\/v2\/pages\/14605","targetHints":{"allow":["GET"]}}],"collection":[{"href":"https:\/\/mnamk.hu\/index-old.php\/wp-json\/wp\/v2\/pages"}],"about":[{"href":"https:\/\/mnamk.hu\/index-old.php\/wp-json\/wp\/v2\/types\/page"}],"author":[{"embeddable":true,"href":"https:\/\/mnamk.hu\/index-old.php\/wp-json\/wp\/v2\/users\/22"}],"replies":[{"embeddable":true,"href":"https:\/\/mnamk.hu\/index-old.php\/wp-json\/wp\/v2\/comments?post=14605"}],"version-history":[{"count":5,"href":"https:\/\/mnamk.hu\/index-old.php\/wp-json\/wp\/v2\/pages\/14605\/revisions"}],"predecessor-version":[{"id":50856,"href":"https:\/\/mnamk.hu\/index-old.php\/wp-json\/wp\/v2\/pages\/14605\/revisions\/50856"}],"up":[{"embeddable":true,"href":"https:\/\/mnamk.hu\/index-old.php\/wp-json\/wp\/v2\/pages\/14598"}],"wp:attachment":[{"href":"https:\/\/mnamk.hu\/index-old.php\/wp-json\/wp\/v2\/media?parent=14605"}],"curies":[{"name":"wp","href":"https:\/\/api.w.org\/{rel}","templated":true}]}}