{"id":14606,"date":"2015-08-12T04:58:36","date_gmt":"2015-08-12T04:58:36","guid":{"rendered":"https:\/\/mnamk.hu\/wp\/kollegium-2\/szakkoeroek\/"},"modified":"2020-10-12T14:33:38","modified_gmt":"2020-10-12T14:33:38","slug":"szakkoeroek","status":"publish","type":"page","link":"https:\/\/mnamk.hu\/index-old.php\/kollegium-2\/szakkoeroek\/","title":{"rendered":"Szakk\u00f6r\u00f6k"},"content":{"rendered":"<div id=\"torzs\">\n<p style=\"text-align: justify;\">\u00c9vek \u00f3ta nagy figyelmet ford\u00edtunk arra, hogy koll\u00e9giumunk tanul\u00f3i sz\u00e1m\u00e1ra szabadid\u0151s foglalkoz\u00e1sokat szervezz\u00fcnk. Fontosnak tartjuk, hogy di\u00e1kjaink szabadidej\u00fcket hasznosan t\u00f6lts\u00e9k el, lehet\u0151leg Int\u00e9zm\u00e9ny\u00fcnk falai k\u00f6z\u00f6tt. Koeduk\u00e1lt koll\u00e9giumk\u00e9nt k\u00fcl\u00f6n feladatot jelent sz\u00e1munkra, hogy mind a l\u00e1nyok, mind a fi\u00fak \u00e9rdekl\u0151d\u00e9si k\u00f6r\u00e9nek megfelel\u0151 programokat, szakk\u00f6r\u00f6ket kell szervezn\u00fcnk. Vannak azonban olyan rendszeres alkalmaink, amikor tanul\u00f3ink vegyesen jelennek meg, k\u00f6z\u00f6s programokon vesznek r\u00e9szt. M\u00e1r t\u00f6bb \u00e9ve heti, k\u00e9theti rendszeress\u00e9ggel tartjuk k\u00e9zm\u0171ves szakk\u00f6r\u00fcnket. Jelleg\u00e9b\u0151l ad\u00f3d\u00f3an f\u0151leg l\u00e1nyok vesznek r\u00e9szt rajta, alkalmank\u00e9nt 25-30 f\u0151, de nem ritka, hogy fi\u00fak is megjelennek. Kialak\u00edtottunk sz\u00e1mukra egy saj\u00e1t termet, ahol k\u00e9nyelmesen, senkit\u0151l sem zavarva dolgozhatnak di\u00e1kjaink tan\u00e1ri fel\u00fcgyelet mellett. Rendszeresen batikolnak, gyerty\u00e1t \u00f6ntenek, gipszk\u00e9peket k\u00e9sz\u00edtenek, gy\u00f6ngy\u00f6t f\u0171znek, szappant \u00f6ntenek, agyagoznak. Az itt k\u00e9sz\u00edtett t\u00e1rgyakat hazavihetik, elaj\u00e1nd\u00e9kozhatj\u00e1k. A kar\u00e1csonyi \u00fcnnepek el\u0151tt, sok di\u00e1kunk itt oldotta meg az aj\u00e1nd\u00e9kk\u00e9sz\u00edt\u00e9st, nagyon sok, \u00e9s sz\u00e9p alkot\u00e1s sz\u00fcletett.<br \/>\nA teremr\u0151l \u00e9s az ott foly\u00f3 munk\u00e1r\u00f3l k\u00e9pek tekinthet\u0151ek meg honlapunk Gal\u00e9ria rovat\u00e1ban.<\/p>\n<p style=\"text-align: justify;\">Szint\u00e9n ink\u00e1bb l\u00e1nyokat foglalkoztat h\u00e1ztart\u00e1stan-foglalkoz\u00e1sunk, melyet a l\u00e1nyok ink\u00e1bb csak f\u0151z\u0151iskol\u00e1nak h\u00edvnak. Az, hogy ezeken a szakk\u00f6r\u00f6k\u00f6n f\u0151leg l\u00e1nyok vesznek r\u00e9szt, abb\u00f3l ad\u00f3dik, hogy tanul\u00f3ink 70 %-a l\u00e1ny. A f\u0151z\u0151iskola sz\u00e1m\u00e1ra is siker\u00fclt felszereln\u00fcnk egy konyh\u00e1t, melyben villanyt\u0171zhely \u00e9s villanyrezs\u00f3 is tal\u00e1lhat\u00f3. Itt rendszeresen s\u00fctnek, f\u0151znek a r\u00e9sztvev\u0151k, az elk\u00e9sz\u00fclt \u00e9teleket pedig megosztj\u00e1k a t\u00f6bbiekkel is. Kar\u00e1csony el\u0151tt m\u00e9zeskal\u00e1csot s\u00fctnek, mellyel a koll\u00e9gium kar\u00e1csonyf\u00e1j\u00e1t d\u00edsz\u00edtj\u00fck, valamint megaj\u00e1nd\u00e9kozzuk az \u00f3vod\u00e1sainkat.<\/p>\n<p style=\"text-align: justify;\">Filmklubunkban a r\u00e9sztvev\u0151k \u00e9s a foglalkoz\u00e1st vezet\u0151 tan\u00e1r k\u00f6z\u00f6sen d\u00f6ntik el, hogy hetente milyen alkot\u00e1sokat n\u00e9znek meg k\u00f6z\u00f6sen.<br \/>\nA filmet k\u00f6vet\u0151en megbesz\u00e9lik, ki\u00e9rt\u00e9kelik a l\u00e1tottakat. Igyeksz\u00fcnk olyan alkot\u00e1sokat \u00f6sszev\u00e1logatni, melyek val\u00f3ban \u00e9rt\u00e9ket k\u00e9pviselnek, \u00e9s mondanival\u00f3juk van a megsz\u00f3l\u00edtott koroszt\u00e1lyoknak. A vet\u00edt\u00e9sekre alkalmank\u00e9nt 25-30 f\u0151 j\u00e1r, a helyhi\u00e1ny az oka annak, hogy t\u00f6bben nem tudnak r\u00e9szt venni ezeken a programokon.<\/p>\n<p style=\"text-align: justify;\">Koll\u00e9giumi zenekarunk hetente pr\u00f3b\u00e1l. Iskolai \u00fcnneps\u00e9gek, koll\u00e9giumi bulik \u00e1lland\u00f3 fell\u00e9p\u0151je. A zenekari kell\u00e9kek a legmodernebbek, egy nyertes p\u00e1ly\u00e1zatnak k\u00f6sz\u00f6nhet\u0151en. A zenekart Ill\u00e9s Zolt\u00e1n vezeti..<\/p>\n<p style=\"text-align: justify;\">Eddigi tapasztalataink szerint, mindh\u00e1rom csoportos foglalkoz\u00e1sunknak nagyon komoly k\u00f6z\u00f6ss\u00e9gform\u00e1l\u00f3 szerepe van. Az ezeken rendszeresen r\u00e9sztvev\u0151k k\u00f6z\u00f6tt a kapcsolat elm\u00e9ly\u00fcl, a k\u00f6z\u00f6s programokon t\u00fal is kapcsolatban tartanak egym\u00e1ssal. Ennek a tanul\u00e1sban, egym\u00e1s k\u00f6lcs\u00f6n\u00f6s seg\u00edt\u00e9s\u00e9ben is komoly szerepe van.<\/p>\n<\/div>\n<div style=\"text-align: justify;\"><!-- Add code here that should appear in the content block of all new pages --><\/div>\n","protected":false},"excerpt":{"rendered":"<p>\u00c9vek \u00f3ta nagy figyelmet ford\u00edtunk arra, hogy koll\u00e9giumunk tanul\u00f3i sz\u00e1m\u00e1ra szabadid\u0151s foglalkoz\u00e1sokat szervezz\u00fcnk. Fontosnak tartjuk, hogy di\u00e1kjaink szabadidej\u00fcket hasznosan t\u00f6lts\u00e9k el, lehet\u0151leg Int\u00e9zm\u00e9ny\u00fcnk falai k\u00f6z\u00f6tt. Koeduk\u00e1lt koll\u00e9giumk\u00e9nt k\u00fcl\u00f6n feladatot jelent sz\u00e1munkra, hogy mind a l\u00e1nyok, mind a fi\u00fak \u00e9rdekl\u0151d\u00e9si k\u00f6r\u00e9nek megfelel\u0151 programokat, szakk\u00f6r\u00f6ket kell szervezn\u00fcnk. Vannak azonban olyan rendszeres alkalmaink, amikor tanul\u00f3ink vegyesen jelennek meg, [&hellip;]<\/p>\n","protected":false},"author":22,"featured_media":0,"parent":14598,"menu_order":0,"comment_status":"closed","ping_status":"closed","template":"","meta":{"footnotes":""},"class_list":["post-14606","page","type-page","status-publish","hentry"],"yoast_head":"<!-- This site is optimized with the Yoast SEO plugin v20.9 - https:\/\/yoast.com\/wordpress\/plugins\/seo\/ -->\n<title>Szakk\u00f6r\u00f6k - MN\u00c1MK-UBZ<\/title>\n<meta name=\"robots\" content=\"index, follow, max-snippet:-1, max-image-preview:large, max-video-preview:-1\" \/>\n<link rel=\"canonical\" href=\"https:\/\/mnamk.hu\/index-old.php\/kollegium-2\/szakkoeroek\/\" \/>\n<meta property=\"og:locale\" content=\"hu_HU\" \/>\n<meta property=\"og:type\" content=\"article\" \/>\n<meta property=\"og:title\" content=\"Szakk\u00f6r\u00f6k - MN\u00c1MK-UBZ\" \/>\n<meta property=\"og:description\" content=\"\u00c9vek \u00f3ta nagy figyelmet ford\u00edtunk arra, hogy koll\u00e9giumunk tanul\u00f3i sz\u00e1m\u00e1ra szabadid\u0151s foglalkoz\u00e1sokat szervezz\u00fcnk. Fontosnak tartjuk, hogy di\u00e1kjaink szabadidej\u00fcket hasznosan t\u00f6lts\u00e9k el, lehet\u0151leg Int\u00e9zm\u00e9ny\u00fcnk falai k\u00f6z\u00f6tt. Koeduk\u00e1lt koll\u00e9giumk\u00e9nt k\u00fcl\u00f6n feladatot jelent sz\u00e1munkra, hogy mind a l\u00e1nyok, mind a fi\u00fak \u00e9rdekl\u0151d\u00e9si k\u00f6r\u00e9nek megfelel\u0151 programokat, szakk\u00f6r\u00f6ket kell szervezn\u00fcnk. Vannak azonban olyan rendszeres alkalmaink, amikor tanul\u00f3ink vegyesen jelennek meg, [&hellip;]\" \/>\n<meta property=\"og:url\" content=\"https:\/\/mnamk.hu\/index-old.php\/kollegium-2\/szakkoeroek\/\" \/>\n<meta property=\"og:site_name\" content=\"MN\u00c1MK-UBZ\" \/>\n<meta property=\"article:modified_time\" content=\"2020-10-12T14:33:38+00:00\" \/>\n<meta name=\"twitter:card\" content=\"summary_large_image\" \/>\n<meta name=\"twitter:label1\" content=\"Becs\u00fclt olvas\u00e1si id\u0151\" \/>\n\t<meta name=\"twitter:data1\" content=\"3 perc\" \/>\n<script type=\"application\/ld+json\" class=\"yoast-schema-graph\">{\"@context\":\"https:\/\/schema.org\",\"@graph\":[{\"@type\":\"WebPage\",\"@id\":\"https:\/\/mnamk.hu\/index-old.php\/kollegium-2\/szakkoeroek\/\",\"url\":\"https:\/\/mnamk.hu\/index-old.php\/kollegium-2\/szakkoeroek\/\",\"name\":\"Szakk\u00f6r\u00f6k - MN\u00c1MK-UBZ\",\"isPartOf\":{\"@id\":\"https:\/\/mnamk.hu\/index-old.php\/#website\"},\"datePublished\":\"2015-08-12T04:58:36+00:00\",\"dateModified\":\"2020-10-12T14:33:38+00:00\",\"breadcrumb\":{\"@id\":\"https:\/\/mnamk.hu\/index-old.php\/kollegium-2\/szakkoeroek\/#breadcrumb\"},\"inLanguage\":\"hu\",\"potentialAction\":[{\"@type\":\"ReadAction\",\"target\":[\"https:\/\/mnamk.hu\/index-old.php\/kollegium-2\/szakkoeroek\/\"]}]},{\"@type\":\"BreadcrumbList\",\"@id\":\"https:\/\/mnamk.hu\/index-old.php\/kollegium-2\/szakkoeroek\/#breadcrumb\",\"itemListElement\":[{\"@type\":\"ListItem\",\"position\":1,\"name\":\"Startseite\",\"item\":\"https:\/\/mnamk.hu\/\"},{\"@type\":\"ListItem\",\"position\":2,\"name\":\"\u00dcdv\u00f6z\u00f6lj\u00fck Koll\u00e9giumunk f\u0151oldal\u00e1n!\",\"item\":\"https:\/\/mnamk.hu\/index-old.php\/kollegium-2\/\"},{\"@type\":\"ListItem\",\"position\":3,\"name\":\"Szakk\u00f6r\u00f6k\"}]},{\"@type\":\"WebSite\",\"@id\":\"https:\/\/mnamk.hu\/index-old.php\/#website\",\"url\":\"https:\/\/mnamk.hu\/index-old.php\/\",\"name\":\"MN\u00c1MK-UBZ\",\"description\":\"\",\"publisher\":{\"@id\":\"https:\/\/mnamk.hu\/index-old.php\/#organization\"},\"potentialAction\":[{\"@type\":\"SearchAction\",\"target\":{\"@type\":\"EntryPoint\",\"urlTemplate\":\"https:\/\/mnamk.hu\/index-old.php\/?s={search_term_string}\"},\"query-input\":\"required name=search_term_string\"}],\"inLanguage\":\"hu\"},{\"@type\":\"Organization\",\"@id\":\"https:\/\/mnamk.hu\/index-old.php\/#organization\",\"name\":\"MNAMK\",\"url\":\"https:\/\/mnamk.hu\/index-old.php\/\",\"logo\":{\"@type\":\"ImageObject\",\"inLanguage\":\"hu\",\"@id\":\"https:\/\/mnamk.hu\/index-old.php\/#\/schema\/logo\/image\/\",\"url\":\"https:\/\/mnamk.hu\/wp\/wp-content\/uploads\/2020\/08\/logo.jpg\",\"contentUrl\":\"https:\/\/mnamk.hu\/wp\/wp-content\/uploads\/2020\/08\/logo.jpg\",\"width\":482,\"height\":276,\"caption\":\"MNAMK\"},\"image\":{\"@id\":\"https:\/\/mnamk.hu\/index-old.php\/#\/schema\/logo\/image\/\"}}]}<\/script>\n<!-- \/ Yoast SEO plugin. -->","yoast_head_json":{"title":"Szakk\u00f6r\u00f6k - MN\u00c1MK-UBZ","robots":{"index":"index","follow":"follow","max-snippet":"max-snippet:-1","max-image-preview":"max-image-preview:large","max-video-preview":"max-video-preview:-1"},"canonical":"https:\/\/mnamk.hu\/index-old.php\/kollegium-2\/szakkoeroek\/","og_locale":"hu_HU","og_type":"article","og_title":"Szakk\u00f6r\u00f6k - MN\u00c1MK-UBZ","og_description":"\u00c9vek \u00f3ta nagy figyelmet ford\u00edtunk arra, hogy koll\u00e9giumunk tanul\u00f3i sz\u00e1m\u00e1ra szabadid\u0151s foglalkoz\u00e1sokat szervezz\u00fcnk. Fontosnak tartjuk, hogy di\u00e1kjaink szabadidej\u00fcket hasznosan t\u00f6lts\u00e9k el, lehet\u0151leg Int\u00e9zm\u00e9ny\u00fcnk falai k\u00f6z\u00f6tt. Koeduk\u00e1lt koll\u00e9giumk\u00e9nt k\u00fcl\u00f6n feladatot jelent sz\u00e1munkra, hogy mind a l\u00e1nyok, mind a fi\u00fak \u00e9rdekl\u0151d\u00e9si k\u00f6r\u00e9nek megfelel\u0151 programokat, szakk\u00f6r\u00f6ket kell szervezn\u00fcnk. Vannak azonban olyan rendszeres alkalmaink, amikor tanul\u00f3ink vegyesen jelennek meg, [&hellip;]","og_url":"https:\/\/mnamk.hu\/index-old.php\/kollegium-2\/szakkoeroek\/","og_site_name":"MN\u00c1MK-UBZ","article_modified_time":"2020-10-12T14:33:38+00:00","twitter_card":"summary_large_image","twitter_misc":{"Becs\u00fclt olvas\u00e1si id\u0151":"3 perc"},"schema":{"@context":"https:\/\/schema.org","@graph":[{"@type":"WebPage","@id":"https:\/\/mnamk.hu\/index-old.php\/kollegium-2\/szakkoeroek\/","url":"https:\/\/mnamk.hu\/index-old.php\/kollegium-2\/szakkoeroek\/","name":"Szakk\u00f6r\u00f6k - MN\u00c1MK-UBZ","isPartOf":{"@id":"https:\/\/mnamk.hu\/index-old.php\/#website"},"datePublished":"2015-08-12T04:58:36+00:00","dateModified":"2020-10-12T14:33:38+00:00","breadcrumb":{"@id":"https:\/\/mnamk.hu\/index-old.php\/kollegium-2\/szakkoeroek\/#breadcrumb"},"inLanguage":"hu","potentialAction":[{"@type":"ReadAction","target":["https:\/\/mnamk.hu\/index-old.php\/kollegium-2\/szakkoeroek\/"]}]},{"@type":"BreadcrumbList","@id":"https:\/\/mnamk.hu\/index-old.php\/kollegium-2\/szakkoeroek\/#breadcrumb","itemListElement":[{"@type":"ListItem","position":1,"name":"Startseite","item":"https:\/\/mnamk.hu\/"},{"@type":"ListItem","position":2,"name":"\u00dcdv\u00f6z\u00f6lj\u00fck Koll\u00e9giumunk f\u0151oldal\u00e1n!","item":"https:\/\/mnamk.hu\/index-old.php\/kollegium-2\/"},{"@type":"ListItem","position":3,"name":"Szakk\u00f6r\u00f6k"}]},{"@type":"WebSite","@id":"https:\/\/mnamk.hu\/index-old.php\/#website","url":"https:\/\/mnamk.hu\/index-old.php\/","name":"MN\u00c1MK-UBZ","description":"","publisher":{"@id":"https:\/\/mnamk.hu\/index-old.php\/#organization"},"potentialAction":[{"@type":"SearchAction","target":{"@type":"EntryPoint","urlTemplate":"https:\/\/mnamk.hu\/index-old.php\/?s={search_term_string}"},"query-input":"required name=search_term_string"}],"inLanguage":"hu"},{"@type":"Organization","@id":"https:\/\/mnamk.hu\/index-old.php\/#organization","name":"MNAMK","url":"https:\/\/mnamk.hu\/index-old.php\/","logo":{"@type":"ImageObject","inLanguage":"hu","@id":"https:\/\/mnamk.hu\/index-old.php\/#\/schema\/logo\/image\/","url":"https:\/\/mnamk.hu\/wp\/wp-content\/uploads\/2020\/08\/logo.jpg","contentUrl":"https:\/\/mnamk.hu\/wp\/wp-content\/uploads\/2020\/08\/logo.jpg","width":482,"height":276,"caption":"MNAMK"},"image":{"@id":"https:\/\/mnamk.hu\/index-old.php\/#\/schema\/logo\/image\/"}}]}},"_links":{"self":[{"href":"https:\/\/mnamk.hu\/index-old.php\/wp-json\/wp\/v2\/pages\/14606","targetHints":{"allow":["GET"]}}],"collection":[{"href":"https:\/\/mnamk.hu\/index-old.php\/wp-json\/wp\/v2\/pages"}],"about":[{"href":"https:\/\/mnamk.hu\/index-old.php\/wp-json\/wp\/v2\/types\/page"}],"author":[{"embeddable":true,"href":"https:\/\/mnamk.hu\/index-old.php\/wp-json\/wp\/v2\/users\/22"}],"replies":[{"embeddable":true,"href":"https:\/\/mnamk.hu\/index-old.php\/wp-json\/wp\/v2\/comments?post=14606"}],"version-history":[{"count":0,"href":"https:\/\/mnamk.hu\/index-old.php\/wp-json\/wp\/v2\/pages\/14606\/revisions"}],"up":[{"embeddable":true,"href":"https:\/\/mnamk.hu\/index-old.php\/wp-json\/wp\/v2\/pages\/14598"}],"wp:attachment":[{"href":"https:\/\/mnamk.hu\/index-old.php\/wp-json\/wp\/v2\/media?parent=14606"}],"curies":[{"name":"wp","href":"https:\/\/api.w.org\/{rel}","templated":true}]}}