{"id":14608,"date":"2015-08-12T04:59:22","date_gmt":"2015-08-12T04:59:22","guid":{"rendered":"https:\/\/mnamk.hu\/wp\/kollegium-2\/tanaraink-2\/"},"modified":"2023-09-07T16:54:32","modified_gmt":"2023-09-07T14:54:32","slug":"tanaraink-2","status":"publish","type":"page","link":"https:\/\/mnamk.hu\/index-old.php\/kollegium-2\/tanaraink-2\/","title":{"rendered":"Tan\u00e1raink"},"content":{"rendered":"<div class=\"wp-block-image\">\n<figure class=\"aligncenter size-full is-resized\"><img decoding=\"async\" src=\"https:\/\/mnamk.hu\/wp\/wp-content\/uploads\/2022\/09\/Marci-1.jpg\" alt=\"\" class=\"wp-image-42346\" width=\"347\" height=\"468\" srcset=\"https:\/\/mnamk.hu\/wp\/wp-content\/uploads\/2022\/09\/Marci-1.jpg 800w, https:\/\/mnamk.hu\/wp\/wp-content\/uploads\/2022\/09\/Marci-1-223x300.jpg 223w, https:\/\/mnamk.hu\/wp\/wp-content\/uploads\/2022\/09\/Marci-1-768x1035.jpg 768w, https:\/\/mnamk.hu\/wp\/wp-content\/uploads\/2022\/09\/Marci-1-150x202.jpg 150w\" sizes=\"(max-width: 347px) 100vw, 347px\" \/><\/figure><\/div>\n\n\n<p class=\"has-text-align-center\">Kerek M\u00e1rton koll\u00e9giumigazgat\u00f3<\/p>\n\n\n<div class=\"wp-block-image\">\n<figure class=\"aligncenter size-full is-resized\"><img decoding=\"async\" src=\"https:\/\/mnamk.hu\/wp\/wp-content\/uploads\/2022\/09\/Aliz.jpg\" alt=\"\" class=\"wp-image-42347\" width=\"349\" height=\"522\" srcset=\"https:\/\/mnamk.hu\/wp\/wp-content\/uploads\/2022\/09\/Aliz.jpg 800w, https:\/\/mnamk.hu\/wp\/wp-content\/uploads\/2022\/09\/Aliz-200x300.jpg 200w, https:\/\/mnamk.hu\/wp\/wp-content\/uploads\/2022\/09\/Aliz-768x1151.jpg 768w, https:\/\/mnamk.hu\/wp\/wp-content\/uploads\/2022\/09\/Aliz-150x225.jpg 150w\" sizes=\"(max-width: 349px) 100vw, 349px\" \/><\/figure><\/div>\n\n\n<p class=\"has-text-align-center\">Munding Aliz koll\u00e9giumi titk\u00e1r<\/p>\n\n\n<div class=\"wp-block-image\">\n<figure class=\"aligncenter size-full is-resized\"><img decoding=\"async\" src=\"https:\/\/mnamk.hu\/wp\/wp-content\/uploads\/2022\/09\/Eva.jpg\" alt=\"\" class=\"wp-image-42348\" width=\"350\" height=\"404\" srcset=\"https:\/\/mnamk.hu\/wp\/wp-content\/uploads\/2022\/09\/Eva.jpg 866w, https:\/\/mnamk.hu\/wp\/wp-content\/uploads\/2022\/09\/Eva-260x300.jpg 260w, https:\/\/mnamk.hu\/wp\/wp-content\/uploads\/2022\/09\/Eva-768x887.jpg 768w, https:\/\/mnamk.hu\/wp\/wp-content\/uploads\/2022\/09\/Eva-150x173.jpg 150w\" sizes=\"(max-width: 350px) 100vw, 350px\" \/><\/figure><\/div>\n\n\n<p class=\"has-text-align-center\">B\u00e1tyity \u00c9va koll\u00e9giumi nevel\u0151tan\u00e1r<\/p>\n\n\n<div class=\"wp-block-image\">\n<figure class=\"aligncenter size-full is-resized\"><img decoding=\"async\" src=\"https:\/\/mnamk.hu\/wp\/wp-content\/uploads\/2022\/09\/Rita.jpg\" alt=\"\" class=\"wp-image-42352\" width=\"351\" height=\"475\" srcset=\"https:\/\/mnamk.hu\/wp\/wp-content\/uploads\/2022\/09\/Rita.jpg 800w, https:\/\/mnamk.hu\/wp\/wp-content\/uploads\/2022\/09\/Rita-221x300.jpg 221w, https:\/\/mnamk.hu\/wp\/wp-content\/uploads\/2022\/09\/Rita-768x1042.jpg 768w, https:\/\/mnamk.hu\/wp\/wp-content\/uploads\/2022\/09\/Rita-150x203.jpg 150w\" sizes=\"(max-width: 351px) 100vw, 351px\" \/><\/figure><\/div>\n\n\n<p class=\"has-text-align-center\">Dud\u00e1s Rita koll\u00e9giumi nevel\u0151tan\u00e1r<\/p>\n\n\n<div class=\"wp-block-image\">\n<figure class=\"aligncenter size-full is-resized\"><img decoding=\"async\" src=\"https:\/\/mnamk.hu\/wp\/wp-content\/uploads\/2022\/09\/Anti.jpg\" alt=\"\" class=\"wp-image-42349\" width=\"351\" height=\"436\" srcset=\"https:\/\/mnamk.hu\/wp\/wp-content\/uploads\/2022\/09\/Anti.jpg 800w, https:\/\/mnamk.hu\/wp\/wp-content\/uploads\/2022\/09\/Anti-241x300.jpg 241w, https:\/\/mnamk.hu\/wp\/wp-content\/uploads\/2022\/09\/Anti-768x955.jpg 768w, https:\/\/mnamk.hu\/wp\/wp-content\/uploads\/2022\/09\/Anti-150x187.jpg 150w\" sizes=\"(max-width: 351px) 100vw, 351px\" \/><\/figure><\/div>\n\n\n<p class=\"has-text-align-center\">Fiedler Antal koll\u00e9giumi nevel\u0151tan\u00e1r<\/p>\n\n\n\n<p class=\"has-text-align-center\"><\/p>\n\n\n<div class=\"wp-block-image\">\n<figure class=\"aligncenter size-full is-resized\"><img decoding=\"async\" src=\"https:\/\/mnamk.hu\/wp\/wp-content\/uploads\/2022\/09\/Zoli.jpg\" alt=\"\" class=\"wp-image-42351\" width=\"348\" height=\"489\" srcset=\"https:\/\/mnamk.hu\/wp\/wp-content\/uploads\/2022\/09\/Zoli.jpg 800w, https:\/\/mnamk.hu\/wp\/wp-content\/uploads\/2022\/09\/Zoli-214x300.jpg 214w, https:\/\/mnamk.hu\/wp\/wp-content\/uploads\/2022\/09\/Zoli-768x1079.jpg 768w, https:\/\/mnamk.hu\/wp\/wp-content\/uploads\/2022\/09\/Zoli-150x211.jpg 150w\" sizes=\"(max-width: 348px) 100vw, 348px\" \/><\/figure><\/div>\n\n\n<p class=\"has-text-align-center\">Ill\u00e9s Zolt\u00e1n koll\u00e9giumi nevel\u0151tan\u00e1r<\/p>\n\n\n<div class=\"wp-block-image\">\n<figure class=\"aligncenter size-full is-resized\"><img decoding=\"async\" src=\"https:\/\/mnamk.hu\/wp\/wp-content\/uploads\/2023\/09\/Csilla.jpg\" alt=\"\" class=\"wp-image-50811\" width=\"349\" height=\"437\" srcset=\"https:\/\/mnamk.hu\/wp\/wp-content\/uploads\/2023\/09\/Csilla.jpg 718w, https:\/\/mnamk.hu\/wp\/wp-content\/uploads\/2023\/09\/Csilla-239x300.jpg 239w\" sizes=\"(max-width: 349px) 100vw, 349px\" \/><\/figure><\/div>\n\n\n<p class=\"has-text-align-center\">Knipf Csilla, koll\u00e9giumi nevel\u0151tan\u00e1r<\/p>\n\n\n<div class=\"wp-block-image\">\n<figure class=\"aligncenter size-full is-resized\"><img decoding=\"async\" src=\"https:\/\/mnamk.hu\/wp\/wp-content\/uploads\/2022\/09\/Korni.jpg\" alt=\"\" class=\"wp-image-42353\" width=\"346\" height=\"401\" srcset=\"https:\/\/mnamk.hu\/wp\/wp-content\/uploads\/2022\/09\/Korni.jpg 800w, https:\/\/mnamk.hu\/wp\/wp-content\/uploads\/2022\/09\/Korni-259x300.jpg 259w, https:\/\/mnamk.hu\/wp\/wp-content\/uploads\/2022\/09\/Korni-768x891.jpg 768w, https:\/\/mnamk.hu\/wp\/wp-content\/uploads\/2022\/09\/Korni-150x174.jpg 150w\" sizes=\"(max-width: 346px) 100vw, 346px\" \/><\/figure><\/div>\n\n\n<p class=\"has-text-align-center\">R\u00f3kus Korn\u00e9lia koll\u00e9giumi nevel\u0151tan\u00e1r<\/p>\n\n\n<div class=\"wp-block-image\">\n<figure class=\"aligncenter size-full is-resized\"><img decoding=\"async\" src=\"https:\/\/mnamk.hu\/wp\/wp-content\/uploads\/2022\/09\/Feri.jpg\" alt=\"\" class=\"wp-image-42354\" width=\"343\" height=\"449\" srcset=\"https:\/\/mnamk.hu\/wp\/wp-content\/uploads\/2022\/09\/Feri.jpg 800w, https:\/\/mnamk.hu\/wp\/wp-content\/uploads\/2022\/09\/Feri-230x300.jpg 230w, https:\/\/mnamk.hu\/wp\/wp-content\/uploads\/2022\/09\/Feri-768x1003.jpg 768w, https:\/\/mnamk.hu\/wp\/wp-content\/uploads\/2022\/09\/Feri-150x196.jpg 150w\" sizes=\"(max-width: 343px) 100vw, 343px\" \/><\/figure><\/div>\n\n\n<p class=\"has-text-align-center\">Szab\u00f3 Ferenc koll\u00e9giumi nevel\u0151tan\u00e1r<\/p>\n\n\n<div class=\"wp-block-image\">\n<figure class=\"aligncenter size-full is-resized\"><img decoding=\"async\" src=\"https:\/\/mnamk.hu\/wp\/wp-content\/uploads\/2022\/09\/Maci.jpg\" alt=\"\" class=\"wp-image-42355\" width=\"343\" height=\"465\" srcset=\"https:\/\/mnamk.hu\/wp\/wp-content\/uploads\/2022\/09\/Maci.jpg 800w, https:\/\/mnamk.hu\/wp\/wp-content\/uploads\/2022\/09\/Maci-222x300.jpg 222w, https:\/\/mnamk.hu\/wp\/wp-content\/uploads\/2022\/09\/Maci-768x1040.jpg 768w, https:\/\/mnamk.hu\/wp\/wp-content\/uploads\/2022\/09\/Maci-150x203.jpg 150w\" sizes=\"(max-width: 343px) 100vw, 343px\" \/><\/figure><\/div>\n\n\n<p class=\"has-text-align-center\">Szab\u00f3 L\u00e1szl\u00f3 koll\u00e9giumi nevel\u0151tan\u00e1r<\/p>\n\n\n<div class=\"wp-block-image\">\n<figure class=\"aligncenter size-full is-resized\"><img decoding=\"async\" src=\"https:\/\/mnamk.hu\/wp\/wp-content\/uploads\/2022\/09\/Eva-csoport.jpg\" alt=\"\" class=\"wp-image-42356\" width=\"808\" height=\"538\" srcset=\"https:\/\/mnamk.hu\/wp\/wp-content\/uploads\/2022\/09\/Eva-csoport.jpg 1500w, https:\/\/mnamk.hu\/wp\/wp-content\/uploads\/2022\/09\/Eva-csoport-300x200.jpg 300w, https:\/\/mnamk.hu\/wp\/wp-content\/uploads\/2022\/09\/Eva-csoport-768x512.jpg 768w, https:\/\/mnamk.hu\/wp\/wp-content\/uploads\/2022\/09\/Eva-csoport-150x100.jpg 150w\" sizes=\"(max-width: 808px) 100vw, 808px\" \/><\/figure><\/div>\n\n\n<p class=\"has-text-align-center\">B\u00e1tyity \u00c9va \u00e9s csoportja<\/p>\n\n\n<div class=\"wp-block-image\">\n<figure class=\"aligncenter size-full\"><img decoding=\"async\" width=\"800\" height=\"742\" src=\"https:\/\/mnamk.hu\/wp\/wp-content\/uploads\/2022\/09\/Rita-csoport.jpg\" alt=\"\" class=\"wp-image-42359\" srcset=\"https:\/\/mnamk.hu\/wp\/wp-content\/uploads\/2022\/09\/Rita-csoport.jpg 800w, https:\/\/mnamk.hu\/wp\/wp-content\/uploads\/2022\/09\/Rita-csoport-300x278.jpg 300w, https:\/\/mnamk.hu\/wp\/wp-content\/uploads\/2022\/09\/Rita-csoport-768x712.jpg 768w, https:\/\/mnamk.hu\/wp\/wp-content\/uploads\/2022\/09\/Rita-csoport-150x139.jpg 150w\" sizes=\"(max-width: 800px) 100vw, 800px\" \/><\/figure><\/div>\n\n\n<p class=\"has-text-align-center\">Dud\u00e1s Rita \u00e9s tanul\u00f3i<\/p>\n\n\n<div class=\"wp-block-image\">\n<figure class=\"aligncenter size-full\"><img decoding=\"async\" width=\"800\" height=\"534\" src=\"https:\/\/mnamk.hu\/wp\/wp-content\/uploads\/2022\/09\/Anti-csoport.jpg\" alt=\"\" class=\"wp-image-42360\" srcset=\"https:\/\/mnamk.hu\/wp\/wp-content\/uploads\/2022\/09\/Anti-csoport.jpg 800w, https:\/\/mnamk.hu\/wp\/wp-content\/uploads\/2022\/09\/Anti-csoport-300x200.jpg 300w, https:\/\/mnamk.hu\/wp\/wp-content\/uploads\/2022\/09\/Anti-csoport-768x513.jpg 768w, https:\/\/mnamk.hu\/wp\/wp-content\/uploads\/2022\/09\/Anti-csoport-150x100.jpg 150w\" sizes=\"(max-width: 800px) 100vw, 800px\" \/><\/figure><\/div>\n\n\n<p class=\"has-text-align-center\">Fiedler Antal \u00e9s tan\u00edtv\u00e1nyai<\/p>\n\n\n<div class=\"wp-block-image\">\n<figure class=\"aligncenter size-full\"><img decoding=\"async\" width=\"800\" height=\"627\" src=\"https:\/\/mnamk.hu\/wp\/wp-content\/uploads\/2022\/09\/Oti-csoport.jpg\" alt=\"\" class=\"wp-image-42361\" srcset=\"https:\/\/mnamk.hu\/wp\/wp-content\/uploads\/2022\/09\/Oti-csoport.jpg 800w, https:\/\/mnamk.hu\/wp\/wp-content\/uploads\/2022\/09\/Oti-csoport-300x235.jpg 300w, https:\/\/mnamk.hu\/wp\/wp-content\/uploads\/2022\/09\/Oti-csoport-768x602.jpg 768w, https:\/\/mnamk.hu\/wp\/wp-content\/uploads\/2022\/09\/Oti-csoport-150x118.jpg 150w\" sizes=\"(max-width: 800px) 100vw, 800px\" \/><\/figure><\/div>\n\n\n<p class=\"has-text-align-center\">Horv\u00e1th Ott\u00edlia \u00e9s kisl\u00e1nyai<\/p>\n\n\n<div class=\"wp-block-image\">\n<figure class=\"aligncenter size-full\"><img decoding=\"async\" width=\"800\" height=\"596\" src=\"https:\/\/mnamk.hu\/wp\/wp-content\/uploads\/2022\/09\/Zoli-csoport.jpg\" alt=\"\" class=\"wp-image-42362\" srcset=\"https:\/\/mnamk.hu\/wp\/wp-content\/uploads\/2022\/09\/Zoli-csoport.jpg 800w, https:\/\/mnamk.hu\/wp\/wp-content\/uploads\/2022\/09\/Zoli-csoport-300x224.jpg 300w, https:\/\/mnamk.hu\/wp\/wp-content\/uploads\/2022\/09\/Zoli-csoport-768x572.jpg 768w, https:\/\/mnamk.hu\/wp\/wp-content\/uploads\/2022\/09\/Zoli-csoport-200x150.jpg 200w, https:\/\/mnamk.hu\/wp\/wp-content\/uploads\/2022\/09\/Zoli-csoport-150x112.jpg 150w\" sizes=\"(max-width: 800px) 100vw, 800px\" \/><\/figure><\/div>\n\n\n<p class=\"has-text-align-center\">Ill\u00e9s Zolt\u00e1n \u00e9s gyermekei<\/p>\n\n\n<div class=\"wp-block-image\">\n<figure class=\"aligncenter size-full\"><img decoding=\"async\" width=\"800\" height=\"703\" src=\"https:\/\/mnamk.hu\/wp\/wp-content\/uploads\/2022\/09\/Korni-csoport.jpg\" alt=\"\" class=\"wp-image-42364\" srcset=\"https:\/\/mnamk.hu\/wp\/wp-content\/uploads\/2022\/09\/Korni-csoport.jpg 800w, https:\/\/mnamk.hu\/wp\/wp-content\/uploads\/2022\/09\/Korni-csoport-300x264.jpg 300w, https:\/\/mnamk.hu\/wp\/wp-content\/uploads\/2022\/09\/Korni-csoport-768x675.jpg 768w, https:\/\/mnamk.hu\/wp\/wp-content\/uploads\/2022\/09\/Korni-csoport-150x132.jpg 150w\" sizes=\"(max-width: 800px) 100vw, 800px\" \/><\/figure><\/div>\n\n\n<p class=\"has-text-align-center\">R\u00f3kus Korn\u00e9lia \u00e9s di\u00e1kjai<\/p>\n\n\n<div class=\"wp-block-image\">\n<figure class=\"aligncenter size-full\"><img decoding=\"async\" width=\"800\" height=\"765\" src=\"https:\/\/mnamk.hu\/wp\/wp-content\/uploads\/2022\/09\/Feri-csoport-1.jpg\" alt=\"\" class=\"wp-image-42365\" srcset=\"https:\/\/mnamk.hu\/wp\/wp-content\/uploads\/2022\/09\/Feri-csoport-1.jpg 800w, https:\/\/mnamk.hu\/wp\/wp-content\/uploads\/2022\/09\/Feri-csoport-1-300x287.jpg 300w, https:\/\/mnamk.hu\/wp\/wp-content\/uploads\/2022\/09\/Feri-csoport-1-768x734.jpg 768w, https:\/\/mnamk.hu\/wp\/wp-content\/uploads\/2022\/09\/Feri-csoport-1-150x143.jpg 150w\" sizes=\"(max-width: 800px) 100vw, 800px\" \/><\/figure><\/div>\n\n\n<p class=\"has-text-align-center\">Szab\u00f3 Ferenc &#8222;szil\u00f3ja&#8221;<\/p>\n\n\n<div class=\"wp-block-image\">\n<figure class=\"aligncenter size-full\"><img decoding=\"async\" width=\"800\" height=\"680\" src=\"https:\/\/mnamk.hu\/wp\/wp-content\/uploads\/2022\/09\/Maci-csoport.jpg\" alt=\"\" class=\"wp-image-42366\" srcset=\"https:\/\/mnamk.hu\/wp\/wp-content\/uploads\/2022\/09\/Maci-csoport.jpg 800w, https:\/\/mnamk.hu\/wp\/wp-content\/uploads\/2022\/09\/Maci-csoport-300x255.jpg 300w, https:\/\/mnamk.hu\/wp\/wp-content\/uploads\/2022\/09\/Maci-csoport-768x653.jpg 768w, https:\/\/mnamk.hu\/wp\/wp-content\/uploads\/2022\/09\/Maci-csoport-150x128.jpg 150w\" sizes=\"(max-width: 800px) 100vw, 800px\" \/><\/figure><\/div>\n\n\n<p class=\"has-text-align-center\">Szab\u00f3 L\u00e1szl\u00f3 \u00e9s neveltjei<\/p>\n\n\n\n<p><\/p>\n\n\n<div style=\"text-align: center;\">&nbsp;<\/div>\n<div style=\"text-align: center;\">&nbsp;<\/div>\n<div style=\"text-align: center;\">&nbsp;<\/div>\n<div style=\"text-align: center;\">&nbsp;<\/div>\n<div>&nbsp;<\/div>\n<div style=\"text-align: center;\">&nbsp;<\/div>\n<div style=\"text-align: center;\">&nbsp;<\/div>\n<div style=\"text-align: center;\">&nbsp;<\/div>\n<div style=\"text-align: center;\">&nbsp;<\/div>\n<div style=\"text-align: center;\">&nbsp;<\/div>\n<div style=\"text-align: center;\">&nbsp;<\/div>\n<div style=\"text-align: center;\">&nbsp;<\/div>\n<div style=\"text-align: center;\">&nbsp;<\/div>\n<div style=\"text-align: center;\">&nbsp;<\/div>\n<div style=\"text-align: center;\">&nbsp;<\/div>\n<div style=\"text-align: center;\">&nbsp;<\/div>\n<div style=\"text-align: center;\">&nbsp;<\/div>\n<div style=\"text-align: center;\">&nbsp;<\/div>\n<div style=\"text-align: center;\">&nbsp;<\/div>\n<div style=\"text-align: center;\">&nbsp;<\/div>\n<div style=\"text-align: center;\">&nbsp;<\/div>\n<div style=\"text-align: center;\"><span style=\"font-size: small;\">&nbsp;<\/span><\/div>\n<div style=\"text-align: center;\">&nbsp;<\/div>\n<div style=\"text-align: center;\">&nbsp;<\/div>\n<div style=\"text-align: center;\">&nbsp;<\/div>\n<div style=\"text-align: center;\">&nbsp;<\/div>\n<div style=\"text-align: center;\">&nbsp;<\/div>\n<div style=\"text-align: center;\">&nbsp;&nbsp;<\/div>\n<div style=\"text-align: center;\">&nbsp;<\/div>\n<div style=\"text-align: center;\">&nbsp;<\/div>\n<div style=\"text-align: center;\">&nbsp;<\/div>\n<div style=\"text-align: center;\">&nbsp;<\/div>\n<div style=\"text-align: center;\">&nbsp;<\/div>\n<div style=\"text-align: center;\">&nbsp;<\/div>\n<div style=\"text-align: center;\"><span style=\"font-size: small;\">&nbsp;<\/span><\/div>\n<div style=\"text-align: center;\">&nbsp;<\/div>\n<div style=\"text-align: center;\">&nbsp;<\/div>\n<div style=\"text-align: center;\">&nbsp;<\/div>\n<div style=\"text-align: center;\">&nbsp;<\/div>\n<div style=\"text-align: center;\">&nbsp;<\/div>\n<div style=\"text-align: center;\">&nbsp;<\/div>\n<div style=\"text-align: center;\">&nbsp;<\/div>\n<div style=\"text-align: center;\">&nbsp;<\/div>\n<div style=\"text-align: center;\"><span style=\"font-size: small;\"><!-- Add code here that should appear in the content block of all new pages --><\/span><\/div>","protected":false},"excerpt":{"rendered":"<p>Kerek M\u00e1rton koll\u00e9giumigazgat\u00f3 Munding Aliz koll\u00e9giumi titk\u00e1r B\u00e1tyity \u00c9va koll\u00e9giumi nevel\u0151tan\u00e1r Dud\u00e1s Rita koll\u00e9giumi nevel\u0151tan\u00e1r Fiedler Antal koll\u00e9giumi nevel\u0151tan\u00e1r Ill\u00e9s Zolt\u00e1n koll\u00e9giumi nevel\u0151tan\u00e1r Knipf Csilla, koll\u00e9giumi nevel\u0151tan\u00e1r R\u00f3kus Korn\u00e9lia koll\u00e9giumi nevel\u0151tan\u00e1r Szab\u00f3 Ferenc koll\u00e9giumi nevel\u0151tan\u00e1r Szab\u00f3 L\u00e1szl\u00f3 koll\u00e9giumi nevel\u0151tan\u00e1r B\u00e1tyity \u00c9va \u00e9s csoportja Dud\u00e1s Rita \u00e9s tanul\u00f3i Fiedler Antal \u00e9s tan\u00edtv\u00e1nyai Horv\u00e1th Ott\u00edlia \u00e9s kisl\u00e1nyai [&hellip;]<\/p>\n","protected":false},"author":22,"featured_media":0,"parent":14598,"menu_order":0,"comment_status":"closed","ping_status":"closed","template":"","meta":{"footnotes":""},"class_list":["post-14608","page","type-page","status-publish","hentry"],"yoast_head":"<!-- This site is optimized with the Yoast SEO plugin v20.9 - https:\/\/yoast.com\/wordpress\/plugins\/seo\/ -->\n<title>Tan\u00e1raink - MN\u00c1MK-UBZ<\/title>\n<meta name=\"robots\" content=\"index, follow, max-snippet:-1, max-image-preview:large, max-video-preview:-1\" \/>\n<link rel=\"canonical\" href=\"https:\/\/mnamk.hu\/index-old.php\/kollegium-2\/tanaraink-2\/\" \/>\n<meta property=\"og:locale\" content=\"hu_HU\" \/>\n<meta property=\"og:type\" content=\"article\" \/>\n<meta property=\"og:title\" content=\"Tan\u00e1raink - MN\u00c1MK-UBZ\" \/>\n<meta property=\"og:description\" content=\"Kerek M\u00e1rton koll\u00e9giumigazgat\u00f3 Munding Aliz koll\u00e9giumi titk\u00e1r B\u00e1tyity \u00c9va koll\u00e9giumi nevel\u0151tan\u00e1r Dud\u00e1s Rita koll\u00e9giumi nevel\u0151tan\u00e1r Fiedler Antal koll\u00e9giumi nevel\u0151tan\u00e1r Ill\u00e9s Zolt\u00e1n koll\u00e9giumi nevel\u0151tan\u00e1r Knipf Csilla, koll\u00e9giumi nevel\u0151tan\u00e1r R\u00f3kus Korn\u00e9lia koll\u00e9giumi nevel\u0151tan\u00e1r Szab\u00f3 Ferenc koll\u00e9giumi nevel\u0151tan\u00e1r Szab\u00f3 L\u00e1szl\u00f3 koll\u00e9giumi nevel\u0151tan\u00e1r B\u00e1tyity \u00c9va \u00e9s csoportja Dud\u00e1s Rita \u00e9s tanul\u00f3i Fiedler Antal \u00e9s tan\u00edtv\u00e1nyai Horv\u00e1th Ott\u00edlia \u00e9s kisl\u00e1nyai [&hellip;]\" \/>\n<meta property=\"og:url\" content=\"https:\/\/mnamk.hu\/index-old.php\/kollegium-2\/tanaraink-2\/\" \/>\n<meta property=\"og:site_name\" content=\"MN\u00c1MK-UBZ\" \/>\n<meta property=\"article:modified_time\" content=\"2023-09-07T14:54:32+00:00\" \/>\n<meta property=\"og:image\" content=\"https:\/\/mnamk.hu\/wp\/wp-content\/uploads\/2022\/09\/Marci-1.jpg\" \/>\n<meta name=\"twitter:card\" content=\"summary_large_image\" \/>\n<meta name=\"twitter:label1\" content=\"Becs\u00fclt olvas\u00e1si id\u0151\" \/>\n\t<meta name=\"twitter:data1\" content=\"4 perc\" \/>\n<script type=\"application\/ld+json\" class=\"yoast-schema-graph\">{\"@context\":\"https:\/\/schema.org\",\"@graph\":[{\"@type\":\"WebPage\",\"@id\":\"https:\/\/mnamk.hu\/index-old.php\/kollegium-2\/tanaraink-2\/\",\"url\":\"https:\/\/mnamk.hu\/index-old.php\/kollegium-2\/tanaraink-2\/\",\"name\":\"Tan\u00e1raink - MN\u00c1MK-UBZ\",\"isPartOf\":{\"@id\":\"https:\/\/mnamk.hu\/index-old.php\/#website\"},\"datePublished\":\"2015-08-12T04:59:22+00:00\",\"dateModified\":\"2023-09-07T14:54:32+00:00\",\"breadcrumb\":{\"@id\":\"https:\/\/mnamk.hu\/index-old.php\/kollegium-2\/tanaraink-2\/#breadcrumb\"},\"inLanguage\":\"hu\",\"potentialAction\":[{\"@type\":\"ReadAction\",\"target\":[\"https:\/\/mnamk.hu\/index-old.php\/kollegium-2\/tanaraink-2\/\"]}]},{\"@type\":\"BreadcrumbList\",\"@id\":\"https:\/\/mnamk.hu\/index-old.php\/kollegium-2\/tanaraink-2\/#breadcrumb\",\"itemListElement\":[{\"@type\":\"ListItem\",\"position\":1,\"name\":\"Startseite\",\"item\":\"https:\/\/mnamk.hu\/\"},{\"@type\":\"ListItem\",\"position\":2,\"name\":\"\u00dcdv\u00f6z\u00f6lj\u00fck Koll\u00e9giumunk f\u0151oldal\u00e1n!\",\"item\":\"https:\/\/mnamk.hu\/index-old.php\/kollegium-2\/\"},{\"@type\":\"ListItem\",\"position\":3,\"name\":\"Tan\u00e1raink\"}]},{\"@type\":\"WebSite\",\"@id\":\"https:\/\/mnamk.hu\/index-old.php\/#website\",\"url\":\"https:\/\/mnamk.hu\/index-old.php\/\",\"name\":\"MN\u00c1MK-UBZ\",\"description\":\"\",\"publisher\":{\"@id\":\"https:\/\/mnamk.hu\/index-old.php\/#organization\"},\"potentialAction\":[{\"@type\":\"SearchAction\",\"target\":{\"@type\":\"EntryPoint\",\"urlTemplate\":\"https:\/\/mnamk.hu\/index-old.php\/?s={search_term_string}\"},\"query-input\":\"required name=search_term_string\"}],\"inLanguage\":\"hu\"},{\"@type\":\"Organization\",\"@id\":\"https:\/\/mnamk.hu\/index-old.php\/#organization\",\"name\":\"MNAMK\",\"url\":\"https:\/\/mnamk.hu\/index-old.php\/\",\"logo\":{\"@type\":\"ImageObject\",\"inLanguage\":\"hu\",\"@id\":\"https:\/\/mnamk.hu\/index-old.php\/#\/schema\/logo\/image\/\",\"url\":\"https:\/\/mnamk.hu\/wp\/wp-content\/uploads\/2020\/08\/logo.jpg\",\"contentUrl\":\"https:\/\/mnamk.hu\/wp\/wp-content\/uploads\/2020\/08\/logo.jpg\",\"width\":482,\"height\":276,\"caption\":\"MNAMK\"},\"image\":{\"@id\":\"https:\/\/mnamk.hu\/index-old.php\/#\/schema\/logo\/image\/\"}}]}<\/script>\n<!-- \/ Yoast SEO plugin. -->","yoast_head_json":{"title":"Tan\u00e1raink - MN\u00c1MK-UBZ","robots":{"index":"index","follow":"follow","max-snippet":"max-snippet:-1","max-image-preview":"max-image-preview:large","max-video-preview":"max-video-preview:-1"},"canonical":"https:\/\/mnamk.hu\/index-old.php\/kollegium-2\/tanaraink-2\/","og_locale":"hu_HU","og_type":"article","og_title":"Tan\u00e1raink - MN\u00c1MK-UBZ","og_description":"Kerek M\u00e1rton koll\u00e9giumigazgat\u00f3 Munding Aliz koll\u00e9giumi titk\u00e1r B\u00e1tyity \u00c9va koll\u00e9giumi nevel\u0151tan\u00e1r Dud\u00e1s Rita koll\u00e9giumi nevel\u0151tan\u00e1r Fiedler Antal koll\u00e9giumi nevel\u0151tan\u00e1r Ill\u00e9s Zolt\u00e1n koll\u00e9giumi nevel\u0151tan\u00e1r Knipf Csilla, koll\u00e9giumi nevel\u0151tan\u00e1r R\u00f3kus Korn\u00e9lia koll\u00e9giumi nevel\u0151tan\u00e1r Szab\u00f3 Ferenc koll\u00e9giumi nevel\u0151tan\u00e1r Szab\u00f3 L\u00e1szl\u00f3 koll\u00e9giumi nevel\u0151tan\u00e1r B\u00e1tyity \u00c9va \u00e9s csoportja Dud\u00e1s Rita \u00e9s tanul\u00f3i Fiedler Antal \u00e9s tan\u00edtv\u00e1nyai Horv\u00e1th Ott\u00edlia \u00e9s kisl\u00e1nyai [&hellip;]","og_url":"https:\/\/mnamk.hu\/index-old.php\/kollegium-2\/tanaraink-2\/","og_site_name":"MN\u00c1MK-UBZ","article_modified_time":"2023-09-07T14:54:32+00:00","og_image":[{"url":"https:\/\/mnamk.hu\/wp\/wp-content\/uploads\/2022\/09\/Marci-1.jpg"}],"twitter_card":"summary_large_image","twitter_misc":{"Becs\u00fclt olvas\u00e1si id\u0151":"4 perc"},"schema":{"@context":"https:\/\/schema.org","@graph":[{"@type":"WebPage","@id":"https:\/\/mnamk.hu\/index-old.php\/kollegium-2\/tanaraink-2\/","url":"https:\/\/mnamk.hu\/index-old.php\/kollegium-2\/tanaraink-2\/","name":"Tan\u00e1raink - MN\u00c1MK-UBZ","isPartOf":{"@id":"https:\/\/mnamk.hu\/index-old.php\/#website"},"datePublished":"2015-08-12T04:59:22+00:00","dateModified":"2023-09-07T14:54:32+00:00","breadcrumb":{"@id":"https:\/\/mnamk.hu\/index-old.php\/kollegium-2\/tanaraink-2\/#breadcrumb"},"inLanguage":"hu","potentialAction":[{"@type":"ReadAction","target":["https:\/\/mnamk.hu\/index-old.php\/kollegium-2\/tanaraink-2\/"]}]},{"@type":"BreadcrumbList","@id":"https:\/\/mnamk.hu\/index-old.php\/kollegium-2\/tanaraink-2\/#breadcrumb","itemListElement":[{"@type":"ListItem","position":1,"name":"Startseite","item":"https:\/\/mnamk.hu\/"},{"@type":"ListItem","position":2,"name":"\u00dcdv\u00f6z\u00f6lj\u00fck Koll\u00e9giumunk f\u0151oldal\u00e1n!","item":"https:\/\/mnamk.hu\/index-old.php\/kollegium-2\/"},{"@type":"ListItem","position":3,"name":"Tan\u00e1raink"}]},{"@type":"WebSite","@id":"https:\/\/mnamk.hu\/index-old.php\/#website","url":"https:\/\/mnamk.hu\/index-old.php\/","name":"MN\u00c1MK-UBZ","description":"","publisher":{"@id":"https:\/\/mnamk.hu\/index-old.php\/#organization"},"potentialAction":[{"@type":"SearchAction","target":{"@type":"EntryPoint","urlTemplate":"https:\/\/mnamk.hu\/index-old.php\/?s={search_term_string}"},"query-input":"required name=search_term_string"}],"inLanguage":"hu"},{"@type":"Organization","@id":"https:\/\/mnamk.hu\/index-old.php\/#organization","name":"MNAMK","url":"https:\/\/mnamk.hu\/index-old.php\/","logo":{"@type":"ImageObject","inLanguage":"hu","@id":"https:\/\/mnamk.hu\/index-old.php\/#\/schema\/logo\/image\/","url":"https:\/\/mnamk.hu\/wp\/wp-content\/uploads\/2020\/08\/logo.jpg","contentUrl":"https:\/\/mnamk.hu\/wp\/wp-content\/uploads\/2020\/08\/logo.jpg","width":482,"height":276,"caption":"MNAMK"},"image":{"@id":"https:\/\/mnamk.hu\/index-old.php\/#\/schema\/logo\/image\/"}}]}},"_links":{"self":[{"href":"https:\/\/mnamk.hu\/index-old.php\/wp-json\/wp\/v2\/pages\/14608","targetHints":{"allow":["GET"]}}],"collection":[{"href":"https:\/\/mnamk.hu\/index-old.php\/wp-json\/wp\/v2\/pages"}],"about":[{"href":"https:\/\/mnamk.hu\/index-old.php\/wp-json\/wp\/v2\/types\/page"}],"author":[{"embeddable":true,"href":"https:\/\/mnamk.hu\/index-old.php\/wp-json\/wp\/v2\/users\/22"}],"replies":[{"embeddable":true,"href":"https:\/\/mnamk.hu\/index-old.php\/wp-json\/wp\/v2\/comments?post=14608"}],"version-history":[{"count":4,"href":"https:\/\/mnamk.hu\/index-old.php\/wp-json\/wp\/v2\/pages\/14608\/revisions"}],"predecessor-version":[{"id":50814,"href":"https:\/\/mnamk.hu\/index-old.php\/wp-json\/wp\/v2\/pages\/14608\/revisions\/50814"}],"up":[{"embeddable":true,"href":"https:\/\/mnamk.hu\/index-old.php\/wp-json\/wp\/v2\/pages\/14598"}],"wp:attachment":[{"href":"https:\/\/mnamk.hu\/index-old.php\/wp-json\/wp\/v2\/media?parent=14608"}],"curies":[{"name":"wp","href":"https:\/\/api.w.org\/{rel}","templated":true}]}}