{"id":14610,"date":"2013-05-24T04:11:36","date_gmt":"2013-05-24T04:11:36","guid":{"rendered":"https:\/\/mnamk.hu\/wp\/felnottkepzes\/"},"modified":"2024-05-16T12:16:00","modified_gmt":"2024-05-16T10:16:00","slug":"felnottkepzes-impresszum","status":"publish","type":"page","link":"https:\/\/mnamk.hu\/index-old.php\/felnottkepzes-impresszum\/","title":{"rendered":"Feln\u0151ttk\u00e9pz\u00e9s &#8211; impresszum"},"content":{"rendered":"\n<p><span class=\"has-inline-color has-vivid-red-color\"><\/span><\/p>\n\n\n<div style=\"text-align: center;\">\u00a0<\/div>\n<div style=\"text-align: center;\">A Magyarorsz\u00e1gi N\u00e9met \u00c1ltal\u00e1nos M\u0171vel\u0151d\u00e9si K\u00f6zpont mint feln\u0151ttk\u00e9pz\u00e9st folytat\u00f3 int\u00e9zm\u00e9ny<\/div>\n<p style=\"text-align: center;\" align=\"center\"><strong>feln\u0151ttk\u00e9pz\u00e9si nyilv\u00e1ntart\u00e1sba v\u00e9teli sz\u00e1ma: B\/2020\/004599<\/strong><\/p>\n<p style=\"text-align: center;\" align=\"center\"><strong>enged\u00e9ly sz\u00e1ma: E\/2020\/000317<\/strong><\/p>\n<p style=\"text-align: left;\" align=\"center\">Feln\u0151ttk\u00e9pz\u00e9st kieg\u00e9sz\u00edt\u0151 tev\u00e9kenys\u00e9g: <strong>el\u0151zetes tud\u00e1sszint-felm\u00e9r\u00e9s<\/strong><\/p>\n<p>Sz\u00e9khely\/postac\u00edm: 6500 Baja, Duna u. 33. <\/p>\n<p>F\u0151igazgat\u00f3: Peter St\u00fcbler<\/p>\n<p>Szakmai- min\u0151s\u00e9gir\u00e1ny\u00edt\u00e1si vezet\u0151: Sipos \u00c9va<\/p>\n<p>\u00dcgyf\u00e9lszolg\u00e1lati rend: telefonos illetve elektronikus levelez\u00e9s \u00fatj\u00e1n munkanapokon 9.00-15.00 \u00a0 \u00a0 \u00a0 \u00a0 \u00a0 \u00a0 \u00a0 \u00a0 \u00a0 \u00a0 \u00a0 \u00a0 \u00a0 \u00a0 \u00a0 \u00a0<\/p>\n<p>El\u00e9rhet\u0151s\u00e9gek:<\/p>\n<p>\u00a030\/944 89 81; <a href=\"mailto:felnottkepzes@mnamk.hu\"><span style=\"color: #0000ff;\">felnottkepzes@mnamk.hu<\/span><\/a><\/p>","protected":false},"excerpt":{"rendered":"<p>\u00a0 A Magyarorsz\u00e1gi N\u00e9met \u00c1ltal\u00e1nos M\u0171vel\u0151d\u00e9si K\u00f6zpont mint feln\u0151ttk\u00e9pz\u00e9st folytat\u00f3 int\u00e9zm\u00e9ny feln\u0151ttk\u00e9pz\u00e9si nyilv\u00e1ntart\u00e1sba v\u00e9teli sz\u00e1ma: B\/2020\/004599 enged\u00e9ly sz\u00e1ma: E\/2020\/000317 Feln\u0151ttk\u00e9pz\u00e9st kieg\u00e9sz\u00edt\u0151 tev\u00e9kenys\u00e9g: el\u0151zetes tud\u00e1sszint-felm\u00e9r\u00e9s Sz\u00e9khely\/postac\u00edm: 6500 Baja, Duna u. 33. F\u0151igazgat\u00f3: Peter St\u00fcbler Szakmai- min\u0151s\u00e9gir\u00e1ny\u00edt\u00e1si vezet\u0151: Sipos \u00c9va \u00dcgyf\u00e9lszolg\u00e1lati rend: telefonos illetve elektronikus levelez\u00e9s \u00fatj\u00e1n munkanapokon 9.00-15.00 \u00a0 \u00a0 \u00a0 \u00a0 \u00a0 \u00a0 \u00a0 \u00a0 [&hellip;]<\/p>\n","protected":false},"author":22,"featured_media":0,"parent":0,"menu_order":0,"comment_status":"closed","ping_status":"closed","template":"","meta":{"footnotes":""},"class_list":["post-14610","page","type-page","status-publish","hentry"],"yoast_head":"<!-- This site is optimized with the Yoast SEO plugin v20.9 - https:\/\/yoast.com\/wordpress\/plugins\/seo\/ -->\n<title>Feln\u0151ttk\u00e9pz\u00e9s - impresszum - MN\u00c1MK-UBZ<\/title>\n<meta name=\"robots\" content=\"index, follow, max-snippet:-1, max-image-preview:large, max-video-preview:-1\" \/>\n<link rel=\"canonical\" href=\"https:\/\/mnamk.hu\/index-old.php\/felnottkepzes-impresszum\/\" \/>\n<meta property=\"og:locale\" content=\"hu_HU\" \/>\n<meta property=\"og:type\" content=\"article\" \/>\n<meta property=\"og:title\" content=\"Feln\u0151ttk\u00e9pz\u00e9s - impresszum - MN\u00c1MK-UBZ\" \/>\n<meta property=\"og:description\" content=\"\u00a0 A Magyarorsz\u00e1gi N\u00e9met \u00c1ltal\u00e1nos M\u0171vel\u0151d\u00e9si K\u00f6zpont mint feln\u0151ttk\u00e9pz\u00e9st folytat\u00f3 int\u00e9zm\u00e9ny feln\u0151ttk\u00e9pz\u00e9si nyilv\u00e1ntart\u00e1sba v\u00e9teli sz\u00e1ma: B\/2020\/004599 enged\u00e9ly sz\u00e1ma: E\/2020\/000317 Feln\u0151ttk\u00e9pz\u00e9st kieg\u00e9sz\u00edt\u0151 tev\u00e9kenys\u00e9g: el\u0151zetes tud\u00e1sszint-felm\u00e9r\u00e9s Sz\u00e9khely\/postac\u00edm: 6500 Baja, Duna u. 33. F\u0151igazgat\u00f3: Peter St\u00fcbler Szakmai- min\u0151s\u00e9gir\u00e1ny\u00edt\u00e1si vezet\u0151: Sipos \u00c9va \u00dcgyf\u00e9lszolg\u00e1lati rend: telefonos illetve elektronikus levelez\u00e9s \u00fatj\u00e1n munkanapokon 9.00-15.00 \u00a0 \u00a0 \u00a0 \u00a0 \u00a0 \u00a0 \u00a0 \u00a0 [&hellip;]\" \/>\n<meta property=\"og:url\" content=\"https:\/\/mnamk.hu\/index-old.php\/felnottkepzes-impresszum\/\" \/>\n<meta property=\"og:site_name\" content=\"MN\u00c1MK-UBZ\" \/>\n<meta property=\"article:modified_time\" content=\"2024-05-16T10:16:00+00:00\" \/>\n<meta name=\"twitter:card\" content=\"summary_large_image\" \/>\n<meta name=\"twitter:label1\" content=\"Becs\u00fclt olvas\u00e1si id\u0151\" \/>\n\t<meta name=\"twitter:data1\" content=\"1 perc\" \/>\n<script type=\"application\/ld+json\" class=\"yoast-schema-graph\">{\"@context\":\"https:\/\/schema.org\",\"@graph\":[{\"@type\":\"WebPage\",\"@id\":\"https:\/\/mnamk.hu\/index-old.php\/felnottkepzes-impresszum\/\",\"url\":\"https:\/\/mnamk.hu\/index-old.php\/felnottkepzes-impresszum\/\",\"name\":\"Feln\u0151ttk\u00e9pz\u00e9s - impresszum - MN\u00c1MK-UBZ\",\"isPartOf\":{\"@id\":\"https:\/\/mnamk.hu\/index-old.php\/#website\"},\"datePublished\":\"2013-05-24T04:11:36+00:00\",\"dateModified\":\"2024-05-16T10:16:00+00:00\",\"breadcrumb\":{\"@id\":\"https:\/\/mnamk.hu\/index-old.php\/felnottkepzes-impresszum\/#breadcrumb\"},\"inLanguage\":\"hu\",\"potentialAction\":[{\"@type\":\"ReadAction\",\"target\":[\"https:\/\/mnamk.hu\/index-old.php\/felnottkepzes-impresszum\/\"]}]},{\"@type\":\"BreadcrumbList\",\"@id\":\"https:\/\/mnamk.hu\/index-old.php\/felnottkepzes-impresszum\/#breadcrumb\",\"itemListElement\":[{\"@type\":\"ListItem\",\"position\":1,\"name\":\"Startseite\",\"item\":\"https:\/\/mnamk.hu\/\"},{\"@type\":\"ListItem\",\"position\":2,\"name\":\"Feln\u0151ttk\u00e9pz\u00e9s &#8211; impresszum\"}]},{\"@type\":\"WebSite\",\"@id\":\"https:\/\/mnamk.hu\/index-old.php\/#website\",\"url\":\"https:\/\/mnamk.hu\/index-old.php\/\",\"name\":\"MN\u00c1MK-UBZ\",\"description\":\"\",\"publisher\":{\"@id\":\"https:\/\/mnamk.hu\/index-old.php\/#organization\"},\"potentialAction\":[{\"@type\":\"SearchAction\",\"target\":{\"@type\":\"EntryPoint\",\"urlTemplate\":\"https:\/\/mnamk.hu\/index-old.php\/?s={search_term_string}\"},\"query-input\":\"required name=search_term_string\"}],\"inLanguage\":\"hu\"},{\"@type\":\"Organization\",\"@id\":\"https:\/\/mnamk.hu\/index-old.php\/#organization\",\"name\":\"MNAMK\",\"url\":\"https:\/\/mnamk.hu\/index-old.php\/\",\"logo\":{\"@type\":\"ImageObject\",\"inLanguage\":\"hu\",\"@id\":\"https:\/\/mnamk.hu\/index-old.php\/#\/schema\/logo\/image\/\",\"url\":\"https:\/\/mnamk.hu\/wp\/wp-content\/uploads\/2020\/08\/logo.jpg\",\"contentUrl\":\"https:\/\/mnamk.hu\/wp\/wp-content\/uploads\/2020\/08\/logo.jpg\",\"width\":482,\"height\":276,\"caption\":\"MNAMK\"},\"image\":{\"@id\":\"https:\/\/mnamk.hu\/index-old.php\/#\/schema\/logo\/image\/\"}}]}<\/script>\n<!-- \/ Yoast SEO plugin. -->","yoast_head_json":{"title":"Feln\u0151ttk\u00e9pz\u00e9s - impresszum - MN\u00c1MK-UBZ","robots":{"index":"index","follow":"follow","max-snippet":"max-snippet:-1","max-image-preview":"max-image-preview:large","max-video-preview":"max-video-preview:-1"},"canonical":"https:\/\/mnamk.hu\/index-old.php\/felnottkepzes-impresszum\/","og_locale":"hu_HU","og_type":"article","og_title":"Feln\u0151ttk\u00e9pz\u00e9s - impresszum - MN\u00c1MK-UBZ","og_description":"\u00a0 A Magyarorsz\u00e1gi N\u00e9met \u00c1ltal\u00e1nos M\u0171vel\u0151d\u00e9si K\u00f6zpont mint feln\u0151ttk\u00e9pz\u00e9st folytat\u00f3 int\u00e9zm\u00e9ny feln\u0151ttk\u00e9pz\u00e9si nyilv\u00e1ntart\u00e1sba v\u00e9teli sz\u00e1ma: B\/2020\/004599 enged\u00e9ly sz\u00e1ma: E\/2020\/000317 Feln\u0151ttk\u00e9pz\u00e9st kieg\u00e9sz\u00edt\u0151 tev\u00e9kenys\u00e9g: el\u0151zetes tud\u00e1sszint-felm\u00e9r\u00e9s Sz\u00e9khely\/postac\u00edm: 6500 Baja, Duna u. 33. F\u0151igazgat\u00f3: Peter St\u00fcbler Szakmai- min\u0151s\u00e9gir\u00e1ny\u00edt\u00e1si vezet\u0151: Sipos \u00c9va \u00dcgyf\u00e9lszolg\u00e1lati rend: telefonos illetve elektronikus levelez\u00e9s \u00fatj\u00e1n munkanapokon 9.00-15.00 \u00a0 \u00a0 \u00a0 \u00a0 \u00a0 \u00a0 \u00a0 \u00a0 [&hellip;]","og_url":"https:\/\/mnamk.hu\/index-old.php\/felnottkepzes-impresszum\/","og_site_name":"MN\u00c1MK-UBZ","article_modified_time":"2024-05-16T10:16:00+00:00","twitter_card":"summary_large_image","twitter_misc":{"Becs\u00fclt olvas\u00e1si id\u0151":"1 perc"},"schema":{"@context":"https:\/\/schema.org","@graph":[{"@type":"WebPage","@id":"https:\/\/mnamk.hu\/index-old.php\/felnottkepzes-impresszum\/","url":"https:\/\/mnamk.hu\/index-old.php\/felnottkepzes-impresszum\/","name":"Feln\u0151ttk\u00e9pz\u00e9s - impresszum - MN\u00c1MK-UBZ","isPartOf":{"@id":"https:\/\/mnamk.hu\/index-old.php\/#website"},"datePublished":"2013-05-24T04:11:36+00:00","dateModified":"2024-05-16T10:16:00+00:00","breadcrumb":{"@id":"https:\/\/mnamk.hu\/index-old.php\/felnottkepzes-impresszum\/#breadcrumb"},"inLanguage":"hu","potentialAction":[{"@type":"ReadAction","target":["https:\/\/mnamk.hu\/index-old.php\/felnottkepzes-impresszum\/"]}]},{"@type":"BreadcrumbList","@id":"https:\/\/mnamk.hu\/index-old.php\/felnottkepzes-impresszum\/#breadcrumb","itemListElement":[{"@type":"ListItem","position":1,"name":"Startseite","item":"https:\/\/mnamk.hu\/"},{"@type":"ListItem","position":2,"name":"Feln\u0151ttk\u00e9pz\u00e9s &#8211; impresszum"}]},{"@type":"WebSite","@id":"https:\/\/mnamk.hu\/index-old.php\/#website","url":"https:\/\/mnamk.hu\/index-old.php\/","name":"MN\u00c1MK-UBZ","description":"","publisher":{"@id":"https:\/\/mnamk.hu\/index-old.php\/#organization"},"potentialAction":[{"@type":"SearchAction","target":{"@type":"EntryPoint","urlTemplate":"https:\/\/mnamk.hu\/index-old.php\/?s={search_term_string}"},"query-input":"required name=search_term_string"}],"inLanguage":"hu"},{"@type":"Organization","@id":"https:\/\/mnamk.hu\/index-old.php\/#organization","name":"MNAMK","url":"https:\/\/mnamk.hu\/index-old.php\/","logo":{"@type":"ImageObject","inLanguage":"hu","@id":"https:\/\/mnamk.hu\/index-old.php\/#\/schema\/logo\/image\/","url":"https:\/\/mnamk.hu\/wp\/wp-content\/uploads\/2020\/08\/logo.jpg","contentUrl":"https:\/\/mnamk.hu\/wp\/wp-content\/uploads\/2020\/08\/logo.jpg","width":482,"height":276,"caption":"MNAMK"},"image":{"@id":"https:\/\/mnamk.hu\/index-old.php\/#\/schema\/logo\/image\/"}}]}},"_links":{"self":[{"href":"https:\/\/mnamk.hu\/index-old.php\/wp-json\/wp\/v2\/pages\/14610","targetHints":{"allow":["GET"]}}],"collection":[{"href":"https:\/\/mnamk.hu\/index-old.php\/wp-json\/wp\/v2\/pages"}],"about":[{"href":"https:\/\/mnamk.hu\/index-old.php\/wp-json\/wp\/v2\/types\/page"}],"author":[{"embeddable":true,"href":"https:\/\/mnamk.hu\/index-old.php\/wp-json\/wp\/v2\/users\/22"}],"replies":[{"embeddable":true,"href":"https:\/\/mnamk.hu\/index-old.php\/wp-json\/wp\/v2\/comments?post=14610"}],"version-history":[{"count":4,"href":"https:\/\/mnamk.hu\/index-old.php\/wp-json\/wp\/v2\/pages\/14610\/revisions"}],"predecessor-version":[{"id":55029,"href":"https:\/\/mnamk.hu\/index-old.php\/wp-json\/wp\/v2\/pages\/14610\/revisions\/55029"}],"wp:attachment":[{"href":"https:\/\/mnamk.hu\/index-old.php\/wp-json\/wp\/v2\/media?parent=14610"}],"curies":[{"name":"wp","href":"https:\/\/api.w.org\/{rel}","templated":true}]}}