{"id":14614,"date":"2016-06-15T02:55:51","date_gmt":"2016-06-15T02:55:51","guid":{"rendered":"https:\/\/mnamk.hu\/wp\/felnottkepzes\/kepzesek-ertekelese\/"},"modified":"2020-11-25T14:39:38","modified_gmt":"2020-11-25T14:39:38","slug":"kepzesek-ertekelese","status":"publish","type":"page","link":"https:\/\/mnamk.hu\/index-old.php\/felnottkepzes-impresszum\/kepzesek-ertekelese\/","title":{"rendered":"K\u00e9pz\u00e9sek \u00e9rt\u00e9kel\u00e9se"},"content":{"rendered":"<p><a href=\"https:\/\/mnamk.hu\/wp\/wp-content\/uploads\/2019\/12\/el\u00e9gedetts\u00e9gm\u00e9r\u00e9s-\u00f6sszes\u00edt\u00e9s-angol-halad\u00f3-AB2-2016_1.pdf\" target=\"_blank\" rel=\"noopener noreferrer\">Angol B2 &#8211; 1\/4. modul (E-000455\/2014\/C001)<\/a><!-- Add code here that should appear in the content block of all new pages --><\/p>\n<p><a title=\"Tanfolyam \u00e9rt\u00e9kel\u00e9s n\u00e9met B2 1\/4. modul\" href=\"https:\/\/mnamk.hu\/wp\/wp-content\/uploads\/2019\/12\/n\u00e9met-halad\u00f3-NB2-2016-_1-H.xls\" target=\"_blank\" rel=\"noopener noreferrer\">N\u00e9met B2 &#8211; 1\/4. modul (E-000455\/2014\/C002)<\/a><\/p>\n<p><a title=\"N\u00e9met B2 nyelvvizsga-el\u0151k\u00e9sz\u00edt\u0151\" href=\"https:\/\/mnamk.hu\/wp\/wp-content\/uploads\/2019\/12\/n\u00e9met-B2-vizsgafelk\u00e9sz\u00edt\u0151-NV-2016_1-H.xls\" target=\"_blank\" rel=\"noopener noreferrer\">N\u00e9met B2 nyelvvizsga &#8211; el\u0151k\u00e9sz\u00edt\u0151 <\/a><\/p>\n<p><a href=\"https:\/\/mnamk.hu\/wp\/wp-content\/uploads\/2019\/12\/el\u00e9gedetts\u00e9g-\u00e9rt\u00e9kel\u0151-CI-2.pdf\" target=\"_blank\" rel=\"noopener noreferrer\">IKER I &#8211; CI-2<\/a><\/p>\n<p><a href=\"https:\/\/mnamk.hu\/wp\/wp-content\/uploads\/2019\/12\/el\u00e9gedetts\u00e9g-\u00e9rt\u00e9kel\u0151-AI-3.pdf\" target=\"_blank\" rel=\"noopener noreferrer\">IKER I &#8211; AI-3<\/a><\/p>\n<p><a href=\"https:\/\/mnamk.hu\/wp\/wp-content\/uploads\/2019\/12\/el\u00e9gedetts\u00e9g-\u00e9rt\u00e9kel\u0151-DII-2.pdf\" target=\"_blank\" rel=\"noopener noreferrer\">IKER II &#8211; DII-2<\/a><\/p>\n<p><a title=\"IKER II- CII-3\" href=\"https:\/\/mnamk.hu\/wp\/wp-content\/uploads\/2019\/12\/el\u00e9gedetts\u00e9g-\u00e9rt\u00e9kel\u0151-CII-3.pdf\" target=\"_blank\" rel=\"noopener noreferrer\">IKER II &#8211; CII-3<\/a><\/p>\n<p><a href=\"https:\/\/mnamk.hu\/wp\/wp-content\/uploads\/2019\/12\/el\u00e9gedetts\u00e9g-\u00e9rt\u00e9kel\u0151-CII-4.pdf\" target=\"_blank\" rel=\"noopener noreferrer\">IKER II &#8211; CII-4<\/a><\/p>\n<p><a href=\"https:\/\/mnamk.hu\/wp\/wp-content\/uploads\/2019\/12\/el\u00e9gedetts\u00e9g-\u00e9rt\u00e9kel\u0151-1-DI-3.pdf\" target=\"_blank\" rel=\"noopener noreferrer\">IKER I &#8211; DI-3<\/a><\/p>\n<p><a href=\"https:\/\/mnamk.hu\/wp\/wp-content\/uploads\/2019\/12\/el\u00e9gedetts\u00e9g-\u00e9rt\u00e9kel\u0151-DII-3.pdf\" target=\"_blank\" rel=\"noopener noreferrer\">IKER II &#8211; DII-3<\/a><\/p>\n<p><a href=\"https:\/\/mnamk.hu\/wp\/wp-content\/uploads\/2019\/12\/el\u00e9gedetts\u00e9g-\u00e9rt\u00e9kel\u0151-AB1-2017-1.pdf\" target=\"_blank\" rel=\"noopener noreferrer\">Angol B1 &#8211; 1\/1. modul (E-000455\/2014\/C0001)<\/a>&nbsp;<\/p>\n<p><a href=\"https:\/\/mnamk.hu\/wp\/wp-content\/uploads\/2019\/12\/K0141-P0001-K00013.pdf\">IKER I-DI-5<\/a><\/p>\n<p><a href=\"https:\/\/mnamk.hu\/wp\/wp-content\/uploads\/2019\/12\/el\u00e9gedetts\u00e9g-\u00e9rt\u00e9kel\u0151-CII-6.pdf\" target=\"_blank\" rel=\"noopener noreferrer\">IKER II &#8211; CII-6<\/a><\/p>\n<p><a href=\"https:\/\/mnamk.hu\/wp\/wp-content\/uploads\/2019\/12\/el\u00e9gedetts\u00e9g-\u00e9rt\u00e9kel\u0151-CII-8-honlapra-8.pdf\" target=\"_blank\" rel=\"noopener noreferrer\">IKER II-CII-8<\/a><\/p>\n<p><a href=\"https:\/\/mnamk.hu\/wp\/wp-content\/uploads\/2019\/12\/el\u00e9gedetts\u00e9g-\u00e9rt\u00e9kel\u0151-DI-8.pdf\" target=\"_blank\" rel=\"noopener noreferrer\">IKER I-DI-8<\/a><\/p>\n<p><a href=\"https:\/\/mnamk.hu\/wp\/wp-content\/uploads\/2019\/12\/CII-9.pdf\">IKER II-CII-9<\/a><\/p>\n<p><a href=\"https:\/\/mnamk.hu\/wp\/wp-content\/uploads\/2019\/12\/el\u00e9gedetts\u00e9g-\u00e9rt\u00e9kel\u0151-D-I-10.pdf\">IKER I-DI-10<\/a><\/p>\n<p><a href=\"https:\/\/mnamk.hu\/wp\/wp-content\/uploads\/2019\/12\/el\u00e9gedetts\u00e9g-\u00e9rt\u00e9kel\u0151-CII-11-honlapra.pdf\">IKER II-CII-11<\/a><\/p>\n<p><a href=\"https:\/\/mnamk.hu\/wp\/wp-content\/uploads\/2019\/12\/el\u00e9gedetts\u00e9g-\u00e9rt\u00e9kel\u0151-CII-13-honlapra.pdf\">IKER II-CII-13<\/a><\/p>\n<p><a href=\"https:\/\/mnamk.hu\/wp\/wp-content\/uploads\/2019\/12\/el\u00e9gedetts\u00e9g-\u00e9rt\u00e9kel\u0151-B1-2-2.pdf\" target=\"_blank\" rel=\"noopener noreferrer\">NB1\/2018\/1<\/a><\/p>\n<p><a href=\"https:\/\/mnamk.hu\/wp\/wp-content\/uploads\/2019\/12\/el\u00e9gedetts\u00e9g-\u00e9rt\u00e9kel\u0151-A1-1-2.pdf\" target=\"_blank\" rel=\"noopener noreferrer\">NA1\/2018\/1<\/a><\/p>\n<p><a href=\"https:\/\/mnamk.hu\/wp\/wp-content\/uploads\/2019\/12\/el\u00e9gedetts\u00e9g-m\u00e9r\u0151-honlapra-CII15.xls\">IKER II-CII-15<\/a><\/p>\n<p><a href=\"https:\/\/mnamk.hu\/wp\/wp-content\/uploads\/2019\/12\/el\u00e9gedetts\u00e9g-\u00e9rt\u00e9kel\u0151-D-I-17-honlapra.pdf\">IKER I-DI-17<\/a><\/p>\n<p><a href=\"https:\/\/mnamk.hu\/wp\/wp-content\/uploads\/2019\/12\/el\u00e9gedetts\u00e9g-\u00e9rt\u00e9kel\u0151-CII-20.pdf\" target=\"_blank\" rel=\"noopener noreferrer\">IKER II &#8211; CII-20<\/a><\/p>\n\n\n<p><a href=\"https:\/\/mnamk.hu\/wp\/wp-content\/uploads\/2020\/11\/elegedettseg-ertekelo-CII-21-honlapra.pdf\">IKER II- CII-21<\/a><\/p>\n","protected":false},"excerpt":{"rendered":"<p>Angol B2 &#8211; 1\/4. modul (E-000455\/2014\/C001) N\u00e9met B2 &#8211; 1\/4. modul (E-000455\/2014\/C002) N\u00e9met B2 nyelvvizsga &#8211; el\u0151k\u00e9sz\u00edt\u0151 IKER I &#8211; CI-2 IKER I &#8211; AI-3 IKER II &#8211; DII-2 IKER II &#8211; CII-3 IKER II &#8211; CII-4 IKER I &#8211; DI-3 IKER II &#8211; DII-3 Angol B1 &#8211; 1\/1. modul (E-000455\/2014\/C0001)&nbsp; IKER I-DI-5 IKER II [&hellip;]<\/p>\n","protected":false},"author":22,"featured_media":0,"parent":14610,"menu_order":0,"comment_status":"closed","ping_status":"closed","template":"","meta":{"footnotes":""},"class_list":["post-14614","page","type-page","status-publish","hentry"],"yoast_head":"<!-- This site is optimized with the Yoast SEO plugin v20.9 - https:\/\/yoast.com\/wordpress\/plugins\/seo\/ -->\n<title>K\u00e9pz\u00e9sek \u00e9rt\u00e9kel\u00e9se - MN\u00c1MK-UBZ<\/title>\n<meta name=\"robots\" content=\"index, follow, max-snippet:-1, max-image-preview:large, max-video-preview:-1\" \/>\n<link rel=\"canonical\" href=\"https:\/\/mnamk.hu\/index-old.php\/felnottkepzes-impresszum\/kepzesek-ertekelese\/\" \/>\n<meta property=\"og:locale\" content=\"hu_HU\" \/>\n<meta property=\"og:type\" content=\"article\" \/>\n<meta property=\"og:title\" content=\"K\u00e9pz\u00e9sek \u00e9rt\u00e9kel\u00e9se - MN\u00c1MK-UBZ\" \/>\n<meta property=\"og:description\" content=\"Angol B2 &#8211; 1\/4. modul (E-000455\/2014\/C001) N\u00e9met B2 &#8211; 1\/4. modul (E-000455\/2014\/C002) N\u00e9met B2 nyelvvizsga &#8211; el\u0151k\u00e9sz\u00edt\u0151 IKER I &#8211; CI-2 IKER I &#8211; AI-3 IKER II &#8211; DII-2 IKER II &#8211; CII-3 IKER II &#8211; CII-4 IKER I &#8211; DI-3 IKER II &#8211; DII-3 Angol B1 &#8211; 1\/1. modul (E-000455\/2014\/C0001)&nbsp; IKER I-DI-5 IKER II [&hellip;]\" \/>\n<meta property=\"og:url\" content=\"https:\/\/mnamk.hu\/index-old.php\/felnottkepzes-impresszum\/kepzesek-ertekelese\/\" \/>\n<meta property=\"og:site_name\" content=\"MN\u00c1MK-UBZ\" \/>\n<meta property=\"article:modified_time\" content=\"2020-11-25T14:39:38+00:00\" \/>\n<meta name=\"twitter:card\" content=\"summary_large_image\" \/>\n<script type=\"application\/ld+json\" class=\"yoast-schema-graph\">{\"@context\":\"https:\/\/schema.org\",\"@graph\":[{\"@type\":\"WebPage\",\"@id\":\"https:\/\/mnamk.hu\/index-old.php\/felnottkepzes-impresszum\/kepzesek-ertekelese\/\",\"url\":\"https:\/\/mnamk.hu\/index-old.php\/felnottkepzes-impresszum\/kepzesek-ertekelese\/\",\"name\":\"K\u00e9pz\u00e9sek \u00e9rt\u00e9kel\u00e9se - MN\u00c1MK-UBZ\",\"isPartOf\":{\"@id\":\"https:\/\/mnamk.hu\/index-old.php\/#website\"},\"datePublished\":\"2016-06-15T02:55:51+00:00\",\"dateModified\":\"2020-11-25T14:39:38+00:00\",\"breadcrumb\":{\"@id\":\"https:\/\/mnamk.hu\/index-old.php\/felnottkepzes-impresszum\/kepzesek-ertekelese\/#breadcrumb\"},\"inLanguage\":\"hu\",\"potentialAction\":[{\"@type\":\"ReadAction\",\"target\":[\"https:\/\/mnamk.hu\/index-old.php\/felnottkepzes-impresszum\/kepzesek-ertekelese\/\"]}]},{\"@type\":\"BreadcrumbList\",\"@id\":\"https:\/\/mnamk.hu\/index-old.php\/felnottkepzes-impresszum\/kepzesek-ertekelese\/#breadcrumb\",\"itemListElement\":[{\"@type\":\"ListItem\",\"position\":1,\"name\":\"Startseite\",\"item\":\"https:\/\/mnamk.hu\/\"},{\"@type\":\"ListItem\",\"position\":2,\"name\":\"Feln\u0151ttk\u00e9pz\u00e9s &#8211; impresszum\",\"item\":\"https:\/\/mnamk.hu\/index-old.php\/felnottkepzes-impresszum\/\"},{\"@type\":\"ListItem\",\"position\":3,\"name\":\"K\u00e9pz\u00e9sek \u00e9rt\u00e9kel\u00e9se\"}]},{\"@type\":\"WebSite\",\"@id\":\"https:\/\/mnamk.hu\/index-old.php\/#website\",\"url\":\"https:\/\/mnamk.hu\/index-old.php\/\",\"name\":\"MN\u00c1MK-UBZ\",\"description\":\"\",\"publisher\":{\"@id\":\"https:\/\/mnamk.hu\/index-old.php\/#organization\"},\"potentialAction\":[{\"@type\":\"SearchAction\",\"target\":{\"@type\":\"EntryPoint\",\"urlTemplate\":\"https:\/\/mnamk.hu\/index-old.php\/?s={search_term_string}\"},\"query-input\":\"required name=search_term_string\"}],\"inLanguage\":\"hu\"},{\"@type\":\"Organization\",\"@id\":\"https:\/\/mnamk.hu\/index-old.php\/#organization\",\"name\":\"MNAMK\",\"url\":\"https:\/\/mnamk.hu\/index-old.php\/\",\"logo\":{\"@type\":\"ImageObject\",\"inLanguage\":\"hu\",\"@id\":\"https:\/\/mnamk.hu\/index-old.php\/#\/schema\/logo\/image\/\",\"url\":\"https:\/\/mnamk.hu\/wp\/wp-content\/uploads\/2020\/08\/logo.jpg\",\"contentUrl\":\"https:\/\/mnamk.hu\/wp\/wp-content\/uploads\/2020\/08\/logo.jpg\",\"width\":482,\"height\":276,\"caption\":\"MNAMK\"},\"image\":{\"@id\":\"https:\/\/mnamk.hu\/index-old.php\/#\/schema\/logo\/image\/\"}}]}<\/script>\n<!-- \/ Yoast SEO plugin. -->","yoast_head_json":{"title":"K\u00e9pz\u00e9sek \u00e9rt\u00e9kel\u00e9se - MN\u00c1MK-UBZ","robots":{"index":"index","follow":"follow","max-snippet":"max-snippet:-1","max-image-preview":"max-image-preview:large","max-video-preview":"max-video-preview:-1"},"canonical":"https:\/\/mnamk.hu\/index-old.php\/felnottkepzes-impresszum\/kepzesek-ertekelese\/","og_locale":"hu_HU","og_type":"article","og_title":"K\u00e9pz\u00e9sek \u00e9rt\u00e9kel\u00e9se - MN\u00c1MK-UBZ","og_description":"Angol B2 &#8211; 1\/4. modul (E-000455\/2014\/C001) N\u00e9met B2 &#8211; 1\/4. modul (E-000455\/2014\/C002) N\u00e9met B2 nyelvvizsga &#8211; el\u0151k\u00e9sz\u00edt\u0151 IKER I &#8211; CI-2 IKER I &#8211; AI-3 IKER II &#8211; DII-2 IKER II &#8211; CII-3 IKER II &#8211; CII-4 IKER I &#8211; DI-3 IKER II &#8211; DII-3 Angol B1 &#8211; 1\/1. modul (E-000455\/2014\/C0001)&nbsp; IKER I-DI-5 IKER II [&hellip;]","og_url":"https:\/\/mnamk.hu\/index-old.php\/felnottkepzes-impresszum\/kepzesek-ertekelese\/","og_site_name":"MN\u00c1MK-UBZ","article_modified_time":"2020-11-25T14:39:38+00:00","twitter_card":"summary_large_image","schema":{"@context":"https:\/\/schema.org","@graph":[{"@type":"WebPage","@id":"https:\/\/mnamk.hu\/index-old.php\/felnottkepzes-impresszum\/kepzesek-ertekelese\/","url":"https:\/\/mnamk.hu\/index-old.php\/felnottkepzes-impresszum\/kepzesek-ertekelese\/","name":"K\u00e9pz\u00e9sek \u00e9rt\u00e9kel\u00e9se - MN\u00c1MK-UBZ","isPartOf":{"@id":"https:\/\/mnamk.hu\/index-old.php\/#website"},"datePublished":"2016-06-15T02:55:51+00:00","dateModified":"2020-11-25T14:39:38+00:00","breadcrumb":{"@id":"https:\/\/mnamk.hu\/index-old.php\/felnottkepzes-impresszum\/kepzesek-ertekelese\/#breadcrumb"},"inLanguage":"hu","potentialAction":[{"@type":"ReadAction","target":["https:\/\/mnamk.hu\/index-old.php\/felnottkepzes-impresszum\/kepzesek-ertekelese\/"]}]},{"@type":"BreadcrumbList","@id":"https:\/\/mnamk.hu\/index-old.php\/felnottkepzes-impresszum\/kepzesek-ertekelese\/#breadcrumb","itemListElement":[{"@type":"ListItem","position":1,"name":"Startseite","item":"https:\/\/mnamk.hu\/"},{"@type":"ListItem","position":2,"name":"Feln\u0151ttk\u00e9pz\u00e9s &#8211; impresszum","item":"https:\/\/mnamk.hu\/index-old.php\/felnottkepzes-impresszum\/"},{"@type":"ListItem","position":3,"name":"K\u00e9pz\u00e9sek \u00e9rt\u00e9kel\u00e9se"}]},{"@type":"WebSite","@id":"https:\/\/mnamk.hu\/index-old.php\/#website","url":"https:\/\/mnamk.hu\/index-old.php\/","name":"MN\u00c1MK-UBZ","description":"","publisher":{"@id":"https:\/\/mnamk.hu\/index-old.php\/#organization"},"potentialAction":[{"@type":"SearchAction","target":{"@type":"EntryPoint","urlTemplate":"https:\/\/mnamk.hu\/index-old.php\/?s={search_term_string}"},"query-input":"required name=search_term_string"}],"inLanguage":"hu"},{"@type":"Organization","@id":"https:\/\/mnamk.hu\/index-old.php\/#organization","name":"MNAMK","url":"https:\/\/mnamk.hu\/index-old.php\/","logo":{"@type":"ImageObject","inLanguage":"hu","@id":"https:\/\/mnamk.hu\/index-old.php\/#\/schema\/logo\/image\/","url":"https:\/\/mnamk.hu\/wp\/wp-content\/uploads\/2020\/08\/logo.jpg","contentUrl":"https:\/\/mnamk.hu\/wp\/wp-content\/uploads\/2020\/08\/logo.jpg","width":482,"height":276,"caption":"MNAMK"},"image":{"@id":"https:\/\/mnamk.hu\/index-old.php\/#\/schema\/logo\/image\/"}}]}},"_links":{"self":[{"href":"https:\/\/mnamk.hu\/index-old.php\/wp-json\/wp\/v2\/pages\/14614","targetHints":{"allow":["GET"]}}],"collection":[{"href":"https:\/\/mnamk.hu\/index-old.php\/wp-json\/wp\/v2\/pages"}],"about":[{"href":"https:\/\/mnamk.hu\/index-old.php\/wp-json\/wp\/v2\/types\/page"}],"author":[{"embeddable":true,"href":"https:\/\/mnamk.hu\/index-old.php\/wp-json\/wp\/v2\/users\/22"}],"replies":[{"embeddable":true,"href":"https:\/\/mnamk.hu\/index-old.php\/wp-json\/wp\/v2\/comments?post=14614"}],"version-history":[{"count":0,"href":"https:\/\/mnamk.hu\/index-old.php\/wp-json\/wp\/v2\/pages\/14614\/revisions"}],"up":[{"embeddable":true,"href":"https:\/\/mnamk.hu\/index-old.php\/wp-json\/wp\/v2\/pages\/14610"}],"wp:attachment":[{"href":"https:\/\/mnamk.hu\/index-old.php\/wp-json\/wp\/v2\/media?parent=14614"}],"curies":[{"name":"wp","href":"https:\/\/api.w.org\/{rel}","templated":true}]}}