{"id":14624,"date":"2015-11-19T01:16:00","date_gmt":"2015-11-19T01:16:00","guid":{"rendered":"https:\/\/mnamk.hu\/wp\/kozmuvelodes\/konyvtar\/bemutatkozas\/"},"modified":"2019-12-17T09:13:08","modified_gmt":"2019-12-17T09:13:08","slug":"bemutatkozas","status":"publish","type":"page","link":"https:\/\/mnamk.hu\/index-old.php\/kozmuvelodes\/konyvtar\/bemutatkozas\/","title":{"rendered":"Bemutatkoz\u00e1s"},"content":{"rendered":"<p><img decoding=\"async\" src=\"https:\/\/mnamk.hu\/wp\/wp-content\/uploads\/2019\/12\/honlapminta1.jpg\" alt=\"\" width=\"1074\" height=\"369\"><\/p>\n<p><span style=\"font-size: medium;color: #2c2c72\">Az int\u00e9zm\u00e9ny k\u00f6nyvt\u00e1ra egyid\u0151s az iskol\u00e1val, 1959 \u00f3ta v\u00e1rja az olvas\u00f3 di\u00e1kokat, tan\u00e1rokat, l\u00e1togat\u00f3kat. Ahogy a gimn\u00e1zium, \u00fagy a k\u00f6nyvt\u00e1r is folyton v\u00e1ltozott, fejl\u0151d\u00f6tt mind \u00e1llom\u00e1ny\u00e1ban mind terjedelm\u00e9ben, majd id\u0151vel ker\u00fclt jelenlegi m\u00e9lt\u00f3 hely\u00e9re a gimn\u00e1zium ?A? \u00e9p\u00fclet\u00e9nek f\u00f6ldszintj\u00e9re. A k\u00f6nyvt\u00e1r k\u00e9t helyis\u00e9gb\u0151l \u00e1ll, egy szabad polcos k\u00f6lcs\u00f6n\u00f6zhet\u0151 \u00e1llom\u00e1ny \u00e9s egy olvas\u00f3 terem, ami egyben sz\u00e1m\u00edt\u00f3g\u00e9p terem is. Az olvas\u00f3terem 12 f\u00e9r\u0151helyes \u00e9s 6 db sz\u00e1m\u00edt\u00f3g\u00e9p \u00e1ll az olvas\u00f3k rendelkez\u00e9s\u00e9re. A k\u00f6nyvt\u00e1rnak k\u00e9t f\u0151 c\u00e9lja van, egyr\u00e9szt a tanul\u00f3i \u00e9s oktat\u00f3i munka t\u00e1mogat\u00e1sa, m\u00e1sr\u00e9szt a di\u00e1kok m\u0171vel\u0151d\u00e9si lehet\u0151s\u00e9geinek seg\u00edt\u00e9se a sz\u00e9pirodalmi \u00e9s szakirodalmi \u00e1llom\u00e1ny\u00e1val \u00e9s programjaival. &nbsp;<\/span><\/p>\n<p><span style=\"font-size: medium;color: #2c2c72\">MN\u00c1MK \u00c1ltal\u00e1nos iskol\u00e1j\u00e1nak als\u00f3 tagozat\u00e1t a gimn\u00e1ziumi k\u00f6nyvt\u00e1r let\u00e9ti egys\u00e9ge a Tini-Mini B\u00fccherei (gyerekk\u00f6nyvt\u00e1r) v\u00e1rja szeretettel. &nbsp;Tini-Mini B\u00fccherei heti k\u00e9t alkalommal v\u00e1rja szeretettel olvas\u00f3it: kedden \u00e9s cs\u00fct\u00f6rt\u00f6k\u00f6n 13.00-13.45 k\u00f6z\u00f6tt.<\/span><\/p>\n<p><br style=\"text-align: justify\"><\/p>\n<div style=\"text-align: left\" align=\"center\">&nbsp;<\/div>\n<div style=\"text-align: left\" align=\"center\"><span style=\"font-size: medium\"><img decoding=\"async\" style=\"vertical-align: middle;float: right\" src=\"https:\/\/mnamk.hu\/wp\/wp-content\/uploads\/2019\/11\/logo_ok.png\" alt=\"\" width=\"200\" height=\"200\"><\/span><\/div>\n<p><br style=\"color: #2c2c72\"><span style=\"font-size: medium;color: #2c2c72\">&nbsp;<\/span><\/p>\n<div style=\"text-align: left\" align=\"center\"><span style=\"font-size: medium;color: #2c2c72\"><strong><span style=\"text-decoration: underline\">Kapcsolat:<\/span><\/strong><\/span><\/div>\n<div style=\"text-align: left\" align=\"center\"><span style=\"color: #2c2c72\">&nbsp;<\/span><\/div>\n<div style=\"text-align: left\" align=\"center\"><span style=\"font-size: medium;color: #2c2c72\"><strong>\u0150ry Endre k\u00f6nyvt\u00e1ros<\/strong><\/span><\/div>\n<div style=\"text-align: left\" align=\"center\">&nbsp;<\/div>\n<div style=\"text-align: left\" align=\"center\"><span style=\"font-size: medium;color: #2c2c72\"><strong>06-79-520-930\/114-es mell\u00e9k<\/strong><\/span><\/div>\n<div style=\"text-align: left\" align=\"center\">&nbsp;<\/div>\n<div style=\"text-align: left\" align=\"center\"><span style=\"font-size: medium;color: #2c2c72\"><strong>email: <\/strong><span style=\"color: #000000\"><a href=\"mailto:konyvtar@mnamk.hu\"><span style=\"color: #000000\"><strong>konyvtar@mnamk.hu<\/strong><\/span><\/a><\/span><\/span><\/div>\n<p><!-- Add code here that should appear in the content block of all new pages --><\/p>\n","protected":false},"excerpt":{"rendered":"<p>Az int\u00e9zm\u00e9ny k\u00f6nyvt\u00e1ra egyid\u0151s az iskol\u00e1val, 1959 \u00f3ta v\u00e1rja az olvas\u00f3 di\u00e1kokat, tan\u00e1rokat, l\u00e1togat\u00f3kat. Ahogy a gimn\u00e1zium, \u00fagy a k\u00f6nyvt\u00e1r is folyton v\u00e1ltozott, fejl\u0151d\u00f6tt mind \u00e1llom\u00e1ny\u00e1ban mind terjedelm\u00e9ben, majd id\u0151vel ker\u00fclt jelenlegi m\u00e9lt\u00f3 hely\u00e9re a gimn\u00e1zium ?A? \u00e9p\u00fclet\u00e9nek f\u00f6ldszintj\u00e9re. A k\u00f6nyvt\u00e1r k\u00e9t helyis\u00e9gb\u0151l \u00e1ll, egy szabad polcos k\u00f6lcs\u00f6n\u00f6zhet\u0151 \u00e1llom\u00e1ny \u00e9s egy olvas\u00f3 terem, ami egyben [&hellip;]<\/p>\n","protected":false},"author":22,"featured_media":0,"parent":14623,"menu_order":0,"comment_status":"closed","ping_status":"closed","template":"","meta":{"footnotes":""},"class_list":["post-14624","page","type-page","status-publish","hentry"],"yoast_head":"<!-- This site is optimized with the Yoast SEO plugin v20.9 - https:\/\/yoast.com\/wordpress\/plugins\/seo\/ -->\n<title>Bemutatkoz\u00e1s - MN\u00c1MK-UBZ<\/title>\n<meta name=\"robots\" content=\"index, follow, max-snippet:-1, max-image-preview:large, max-video-preview:-1\" \/>\n<link rel=\"canonical\" href=\"https:\/\/mnamk.hu\/index-old.php\/kozmuvelodes\/konyvtar\/bemutatkozas\/\" \/>\n<meta property=\"og:locale\" content=\"hu_HU\" \/>\n<meta property=\"og:type\" content=\"article\" \/>\n<meta property=\"og:title\" content=\"Bemutatkoz\u00e1s - MN\u00c1MK-UBZ\" \/>\n<meta property=\"og:description\" content=\"Az int\u00e9zm\u00e9ny k\u00f6nyvt\u00e1ra egyid\u0151s az iskol\u00e1val, 1959 \u00f3ta v\u00e1rja az olvas\u00f3 di\u00e1kokat, tan\u00e1rokat, l\u00e1togat\u00f3kat. Ahogy a gimn\u00e1zium, \u00fagy a k\u00f6nyvt\u00e1r is folyton v\u00e1ltozott, fejl\u0151d\u00f6tt mind \u00e1llom\u00e1ny\u00e1ban mind terjedelm\u00e9ben, majd id\u0151vel ker\u00fclt jelenlegi m\u00e9lt\u00f3 hely\u00e9re a gimn\u00e1zium ?A? \u00e9p\u00fclet\u00e9nek f\u00f6ldszintj\u00e9re. A k\u00f6nyvt\u00e1r k\u00e9t helyis\u00e9gb\u0151l \u00e1ll, egy szabad polcos k\u00f6lcs\u00f6n\u00f6zhet\u0151 \u00e1llom\u00e1ny \u00e9s egy olvas\u00f3 terem, ami egyben [&hellip;]\" \/>\n<meta property=\"og:url\" content=\"https:\/\/mnamk.hu\/index-old.php\/kozmuvelodes\/konyvtar\/bemutatkozas\/\" \/>\n<meta property=\"og:site_name\" content=\"MN\u00c1MK-UBZ\" \/>\n<meta property=\"article:modified_time\" content=\"2019-12-17T09:13:08+00:00\" \/>\n<meta property=\"og:image\" content=\"https:\/\/mnamk.hu\/wp\/wp-content\/uploads\/2019\/12\/honlapminta1.jpg\" \/>\n<meta name=\"twitter:card\" content=\"summary_large_image\" \/>\n<meta name=\"twitter:label1\" content=\"Becs\u00fclt olvas\u00e1si id\u0151\" \/>\n\t<meta name=\"twitter:data1\" content=\"1 perc\" \/>\n<script type=\"application\/ld+json\" class=\"yoast-schema-graph\">{\"@context\":\"https:\/\/schema.org\",\"@graph\":[{\"@type\":\"WebPage\",\"@id\":\"https:\/\/mnamk.hu\/index-old.php\/kozmuvelodes\/konyvtar\/bemutatkozas\/\",\"url\":\"https:\/\/mnamk.hu\/index-old.php\/kozmuvelodes\/konyvtar\/bemutatkozas\/\",\"name\":\"Bemutatkoz\u00e1s - MN\u00c1MK-UBZ\",\"isPartOf\":{\"@id\":\"https:\/\/mnamk.hu\/index-old.php\/#website\"},\"datePublished\":\"2015-11-19T01:16:00+00:00\",\"dateModified\":\"2019-12-17T09:13:08+00:00\",\"breadcrumb\":{\"@id\":\"https:\/\/mnamk.hu\/index-old.php\/kozmuvelodes\/konyvtar\/bemutatkozas\/#breadcrumb\"},\"inLanguage\":\"hu\",\"potentialAction\":[{\"@type\":\"ReadAction\",\"target\":[\"https:\/\/mnamk.hu\/index-old.php\/kozmuvelodes\/konyvtar\/bemutatkozas\/\"]}]},{\"@type\":\"BreadcrumbList\",\"@id\":\"https:\/\/mnamk.hu\/index-old.php\/kozmuvelodes\/konyvtar\/bemutatkozas\/#breadcrumb\",\"itemListElement\":[{\"@type\":\"ListItem\",\"position\":1,\"name\":\"Startseite\",\"item\":\"https:\/\/mnamk.hu\/\"},{\"@type\":\"ListItem\",\"position\":2,\"name\":\"K\u00f6zm\u0171vel\u0151d\u00e9s\",\"item\":\"https:\/\/mnamk.hu\/index-old.php\/kozmuvelodes\/\"},{\"@type\":\"ListItem\",\"position\":3,\"name\":\"K\u00d6NYVT\u00c1R\",\"item\":\"https:\/\/mnamk.hu\/index-old.php\/kozmuvelodes\/konyvtar\/\"},{\"@type\":\"ListItem\",\"position\":4,\"name\":\"Bemutatkoz\u00e1s\"}]},{\"@type\":\"WebSite\",\"@id\":\"https:\/\/mnamk.hu\/index-old.php\/#website\",\"url\":\"https:\/\/mnamk.hu\/index-old.php\/\",\"name\":\"MN\u00c1MK-UBZ\",\"description\":\"\",\"publisher\":{\"@id\":\"https:\/\/mnamk.hu\/index-old.php\/#organization\"},\"potentialAction\":[{\"@type\":\"SearchAction\",\"target\":{\"@type\":\"EntryPoint\",\"urlTemplate\":\"https:\/\/mnamk.hu\/index-old.php\/?s={search_term_string}\"},\"query-input\":\"required name=search_term_string\"}],\"inLanguage\":\"hu\"},{\"@type\":\"Organization\",\"@id\":\"https:\/\/mnamk.hu\/index-old.php\/#organization\",\"name\":\"MNAMK\",\"url\":\"https:\/\/mnamk.hu\/index-old.php\/\",\"logo\":{\"@type\":\"ImageObject\",\"inLanguage\":\"hu\",\"@id\":\"https:\/\/mnamk.hu\/index-old.php\/#\/schema\/logo\/image\/\",\"url\":\"https:\/\/mnamk.hu\/wp\/wp-content\/uploads\/2020\/08\/logo.jpg\",\"contentUrl\":\"https:\/\/mnamk.hu\/wp\/wp-content\/uploads\/2020\/08\/logo.jpg\",\"width\":482,\"height\":276,\"caption\":\"MNAMK\"},\"image\":{\"@id\":\"https:\/\/mnamk.hu\/index-old.php\/#\/schema\/logo\/image\/\"}}]}<\/script>\n<!-- \/ Yoast SEO plugin. -->","yoast_head_json":{"title":"Bemutatkoz\u00e1s - MN\u00c1MK-UBZ","robots":{"index":"index","follow":"follow","max-snippet":"max-snippet:-1","max-image-preview":"max-image-preview:large","max-video-preview":"max-video-preview:-1"},"canonical":"https:\/\/mnamk.hu\/index-old.php\/kozmuvelodes\/konyvtar\/bemutatkozas\/","og_locale":"hu_HU","og_type":"article","og_title":"Bemutatkoz\u00e1s - MN\u00c1MK-UBZ","og_description":"Az int\u00e9zm\u00e9ny k\u00f6nyvt\u00e1ra egyid\u0151s az iskol\u00e1val, 1959 \u00f3ta v\u00e1rja az olvas\u00f3 di\u00e1kokat, tan\u00e1rokat, l\u00e1togat\u00f3kat. Ahogy a gimn\u00e1zium, \u00fagy a k\u00f6nyvt\u00e1r is folyton v\u00e1ltozott, fejl\u0151d\u00f6tt mind \u00e1llom\u00e1ny\u00e1ban mind terjedelm\u00e9ben, majd id\u0151vel ker\u00fclt jelenlegi m\u00e9lt\u00f3 hely\u00e9re a gimn\u00e1zium ?A? \u00e9p\u00fclet\u00e9nek f\u00f6ldszintj\u00e9re. A k\u00f6nyvt\u00e1r k\u00e9t helyis\u00e9gb\u0151l \u00e1ll, egy szabad polcos k\u00f6lcs\u00f6n\u00f6zhet\u0151 \u00e1llom\u00e1ny \u00e9s egy olvas\u00f3 terem, ami egyben [&hellip;]","og_url":"https:\/\/mnamk.hu\/index-old.php\/kozmuvelodes\/konyvtar\/bemutatkozas\/","og_site_name":"MN\u00c1MK-UBZ","article_modified_time":"2019-12-17T09:13:08+00:00","og_image":[{"url":"https:\/\/mnamk.hu\/wp\/wp-content\/uploads\/2019\/12\/honlapminta1.jpg"}],"twitter_card":"summary_large_image","twitter_misc":{"Becs\u00fclt olvas\u00e1si id\u0151":"1 perc"},"schema":{"@context":"https:\/\/schema.org","@graph":[{"@type":"WebPage","@id":"https:\/\/mnamk.hu\/index-old.php\/kozmuvelodes\/konyvtar\/bemutatkozas\/","url":"https:\/\/mnamk.hu\/index-old.php\/kozmuvelodes\/konyvtar\/bemutatkozas\/","name":"Bemutatkoz\u00e1s - MN\u00c1MK-UBZ","isPartOf":{"@id":"https:\/\/mnamk.hu\/index-old.php\/#website"},"datePublished":"2015-11-19T01:16:00+00:00","dateModified":"2019-12-17T09:13:08+00:00","breadcrumb":{"@id":"https:\/\/mnamk.hu\/index-old.php\/kozmuvelodes\/konyvtar\/bemutatkozas\/#breadcrumb"},"inLanguage":"hu","potentialAction":[{"@type":"ReadAction","target":["https:\/\/mnamk.hu\/index-old.php\/kozmuvelodes\/konyvtar\/bemutatkozas\/"]}]},{"@type":"BreadcrumbList","@id":"https:\/\/mnamk.hu\/index-old.php\/kozmuvelodes\/konyvtar\/bemutatkozas\/#breadcrumb","itemListElement":[{"@type":"ListItem","position":1,"name":"Startseite","item":"https:\/\/mnamk.hu\/"},{"@type":"ListItem","position":2,"name":"K\u00f6zm\u0171vel\u0151d\u00e9s","item":"https:\/\/mnamk.hu\/index-old.php\/kozmuvelodes\/"},{"@type":"ListItem","position":3,"name":"K\u00d6NYVT\u00c1R","item":"https:\/\/mnamk.hu\/index-old.php\/kozmuvelodes\/konyvtar\/"},{"@type":"ListItem","position":4,"name":"Bemutatkoz\u00e1s"}]},{"@type":"WebSite","@id":"https:\/\/mnamk.hu\/index-old.php\/#website","url":"https:\/\/mnamk.hu\/index-old.php\/","name":"MN\u00c1MK-UBZ","description":"","publisher":{"@id":"https:\/\/mnamk.hu\/index-old.php\/#organization"},"potentialAction":[{"@type":"SearchAction","target":{"@type":"EntryPoint","urlTemplate":"https:\/\/mnamk.hu\/index-old.php\/?s={search_term_string}"},"query-input":"required name=search_term_string"}],"inLanguage":"hu"},{"@type":"Organization","@id":"https:\/\/mnamk.hu\/index-old.php\/#organization","name":"MNAMK","url":"https:\/\/mnamk.hu\/index-old.php\/","logo":{"@type":"ImageObject","inLanguage":"hu","@id":"https:\/\/mnamk.hu\/index-old.php\/#\/schema\/logo\/image\/","url":"https:\/\/mnamk.hu\/wp\/wp-content\/uploads\/2020\/08\/logo.jpg","contentUrl":"https:\/\/mnamk.hu\/wp\/wp-content\/uploads\/2020\/08\/logo.jpg","width":482,"height":276,"caption":"MNAMK"},"image":{"@id":"https:\/\/mnamk.hu\/index-old.php\/#\/schema\/logo\/image\/"}}]}},"_links":{"self":[{"href":"https:\/\/mnamk.hu\/index-old.php\/wp-json\/wp\/v2\/pages\/14624","targetHints":{"allow":["GET"]}}],"collection":[{"href":"https:\/\/mnamk.hu\/index-old.php\/wp-json\/wp\/v2\/pages"}],"about":[{"href":"https:\/\/mnamk.hu\/index-old.php\/wp-json\/wp\/v2\/types\/page"}],"author":[{"embeddable":true,"href":"https:\/\/mnamk.hu\/index-old.php\/wp-json\/wp\/v2\/users\/22"}],"replies":[{"embeddable":true,"href":"https:\/\/mnamk.hu\/index-old.php\/wp-json\/wp\/v2\/comments?post=14624"}],"version-history":[{"count":0,"href":"https:\/\/mnamk.hu\/index-old.php\/wp-json\/wp\/v2\/pages\/14624\/revisions"}],"up":[{"embeddable":true,"href":"https:\/\/mnamk.hu\/index-old.php\/wp-json\/wp\/v2\/pages\/14623"}],"wp:attachment":[{"href":"https:\/\/mnamk.hu\/index-old.php\/wp-json\/wp\/v2\/media?parent=14624"}],"curies":[{"name":"wp","href":"https:\/\/api.w.org\/{rel}","templated":true}]}}