{"id":14625,"date":"2015-11-19T01:49:21","date_gmt":"2015-11-19T01:49:21","guid":{"rendered":"https:\/\/mnamk.hu\/wp\/kozmuvelodes\/konyvtar\/nyitva-tartas\/"},"modified":"2022-09-06T14:05:27","modified_gmt":"2022-09-06T14:05:27","slug":"nyitva-tartas","status":"publish","type":"page","link":"https:\/\/mnamk.hu\/index-old.php\/kozmuvelodes\/konyvtar\/nyitva-tartas\/","title":{"rendered":"Nyitva tart\u00e1s"},"content":{"rendered":"<p align=\"center\"><strong><span style=\"text-decoration: underline;\">Gimn\u00e1ziumi k\u00f6nyvt\u00e1r nyitva tart\u00e1s<\/span><\/strong><\/p>\n<p align=\"center\"><strong>H\u00e9tf\u0151t\u0151l &#8211; p\u00e9ntekig:<\/strong><\/p>\n<p align=\"center\"><strong>7.30-15.30<\/strong><\/p>\n<p align=\"center\">\n<p align=\"center\"><span style=\"text-decoration: underline;\"><strong>Tini-Mini B\u00fccherei (gyerekk\u00f6nyvt\u00e1r)<\/strong><\/span><\/p>\n<p style=\"text-align: center;\"><strong>Kedden \u00e9s cs\u00fct\u00f6rt\u00f6k\u00f6n 13.00-13.45 k\u00f6z\u00f6tt van nyitva.<\/strong><\/p>\n<p style=\"text-align: center;\">\n<p align=\"center\"><strong><span style=\"text-decoration: underline;\">Kapcsolat:<\/span><\/strong><\/p>\n<p align=\"center\"><strong>\u0150ry Endre k\u00f6nyvt\u00e1ros<\/strong><\/p>\n<p align=\"center\"><strong>06-79-520-930\/114-es mell\u00e9k<\/strong><\/p>\n<p align=\"center\"><strong>email: <\/strong><a href=\"mailto:konyvtar@mnamk.hu\"><strong>konyvtar@mnamk.hu<\/strong><\/a><\/p>\n<p><!-- Add code here that should appear in the content block of all new pages --><\/p>\n","protected":false},"excerpt":{"rendered":"<p>Gimn\u00e1ziumi k\u00f6nyvt\u00e1r nyitva tart\u00e1s H\u00e9tf\u0151t\u0151l &#8211; p\u00e9ntekig: 7.30-15.30 Tini-Mini B\u00fccherei (gyerekk\u00f6nyvt\u00e1r) Kedden \u00e9s cs\u00fct\u00f6rt\u00f6k\u00f6n 13.00-13.45 k\u00f6z\u00f6tt van nyitva. Kapcsolat: \u0150ry Endre k\u00f6nyvt\u00e1ros 06-79-520-930\/114-es mell\u00e9k email: konyvtar@mnamk.hu<\/p>\n","protected":false},"author":22,"featured_media":0,"parent":14623,"menu_order":0,"comment_status":"closed","ping_status":"closed","template":"","meta":{"footnotes":""},"class_list":["post-14625","page","type-page","status-publish","hentry"],"yoast_head":"<!-- This site is optimized with the Yoast SEO plugin v20.9 - https:\/\/yoast.com\/wordpress\/plugins\/seo\/ -->\n<title>Nyitva tart\u00e1s - MN\u00c1MK-UBZ<\/title>\n<meta name=\"robots\" content=\"index, follow, max-snippet:-1, max-image-preview:large, max-video-preview:-1\" \/>\n<link rel=\"canonical\" href=\"https:\/\/mnamk.hu\/index-old.php\/kozmuvelodes\/konyvtar\/nyitva-tartas\/\" \/>\n<meta property=\"og:locale\" content=\"hu_HU\" \/>\n<meta property=\"og:type\" content=\"article\" \/>\n<meta property=\"og:title\" content=\"Nyitva tart\u00e1s - MN\u00c1MK-UBZ\" \/>\n<meta property=\"og:description\" content=\"Gimn\u00e1ziumi k\u00f6nyvt\u00e1r nyitva tart\u00e1s H\u00e9tf\u0151t\u0151l &#8211; p\u00e9ntekig: 7.30-15.30 Tini-Mini B\u00fccherei (gyerekk\u00f6nyvt\u00e1r) Kedden \u00e9s cs\u00fct\u00f6rt\u00f6k\u00f6n 13.00-13.45 k\u00f6z\u00f6tt van nyitva. Kapcsolat: \u0150ry Endre k\u00f6nyvt\u00e1ros 06-79-520-930\/114-es mell\u00e9k email: konyvtar@mnamk.hu\" \/>\n<meta property=\"og:url\" content=\"https:\/\/mnamk.hu\/index-old.php\/kozmuvelodes\/konyvtar\/nyitva-tartas\/\" \/>\n<meta property=\"og:site_name\" content=\"MN\u00c1MK-UBZ\" \/>\n<meta property=\"article:modified_time\" content=\"2022-09-06T14:05:27+00:00\" \/>\n<meta name=\"twitter:card\" content=\"summary_large_image\" \/>\n<meta name=\"twitter:label1\" content=\"Becs\u00fclt olvas\u00e1si id\u0151\" \/>\n\t<meta name=\"twitter:data1\" content=\"1 perc\" \/>\n<script type=\"application\/ld+json\" class=\"yoast-schema-graph\">{\"@context\":\"https:\/\/schema.org\",\"@graph\":[{\"@type\":\"WebPage\",\"@id\":\"https:\/\/mnamk.hu\/index-old.php\/kozmuvelodes\/konyvtar\/nyitva-tartas\/\",\"url\":\"https:\/\/mnamk.hu\/index-old.php\/kozmuvelodes\/konyvtar\/nyitva-tartas\/\",\"name\":\"Nyitva tart\u00e1s - MN\u00c1MK-UBZ\",\"isPartOf\":{\"@id\":\"https:\/\/mnamk.hu\/index-old.php\/#website\"},\"datePublished\":\"2015-11-19T01:49:21+00:00\",\"dateModified\":\"2022-09-06T14:05:27+00:00\",\"breadcrumb\":{\"@id\":\"https:\/\/mnamk.hu\/index-old.php\/kozmuvelodes\/konyvtar\/nyitva-tartas\/#breadcrumb\"},\"inLanguage\":\"hu\",\"potentialAction\":[{\"@type\":\"ReadAction\",\"target\":[\"https:\/\/mnamk.hu\/index-old.php\/kozmuvelodes\/konyvtar\/nyitva-tartas\/\"]}]},{\"@type\":\"BreadcrumbList\",\"@id\":\"https:\/\/mnamk.hu\/index-old.php\/kozmuvelodes\/konyvtar\/nyitva-tartas\/#breadcrumb\",\"itemListElement\":[{\"@type\":\"ListItem\",\"position\":1,\"name\":\"Startseite\",\"item\":\"https:\/\/mnamk.hu\/\"},{\"@type\":\"ListItem\",\"position\":2,\"name\":\"K\u00f6zm\u0171vel\u0151d\u00e9s\",\"item\":\"https:\/\/mnamk.hu\/index-old.php\/kozmuvelodes\/\"},{\"@type\":\"ListItem\",\"position\":3,\"name\":\"K\u00d6NYVT\u00c1R\",\"item\":\"https:\/\/mnamk.hu\/index-old.php\/kozmuvelodes\/konyvtar\/\"},{\"@type\":\"ListItem\",\"position\":4,\"name\":\"Nyitva tart\u00e1s\"}]},{\"@type\":\"WebSite\",\"@id\":\"https:\/\/mnamk.hu\/index-old.php\/#website\",\"url\":\"https:\/\/mnamk.hu\/index-old.php\/\",\"name\":\"MN\u00c1MK-UBZ\",\"description\":\"\",\"publisher\":{\"@id\":\"https:\/\/mnamk.hu\/index-old.php\/#organization\"},\"potentialAction\":[{\"@type\":\"SearchAction\",\"target\":{\"@type\":\"EntryPoint\",\"urlTemplate\":\"https:\/\/mnamk.hu\/index-old.php\/?s={search_term_string}\"},\"query-input\":\"required name=search_term_string\"}],\"inLanguage\":\"hu\"},{\"@type\":\"Organization\",\"@id\":\"https:\/\/mnamk.hu\/index-old.php\/#organization\",\"name\":\"MNAMK\",\"url\":\"https:\/\/mnamk.hu\/index-old.php\/\",\"logo\":{\"@type\":\"ImageObject\",\"inLanguage\":\"hu\",\"@id\":\"https:\/\/mnamk.hu\/index-old.php\/#\/schema\/logo\/image\/\",\"url\":\"https:\/\/mnamk.hu\/wp\/wp-content\/uploads\/2020\/08\/logo.jpg\",\"contentUrl\":\"https:\/\/mnamk.hu\/wp\/wp-content\/uploads\/2020\/08\/logo.jpg\",\"width\":482,\"height\":276,\"caption\":\"MNAMK\"},\"image\":{\"@id\":\"https:\/\/mnamk.hu\/index-old.php\/#\/schema\/logo\/image\/\"}}]}<\/script>\n<!-- \/ Yoast SEO plugin. -->","yoast_head_json":{"title":"Nyitva tart\u00e1s - MN\u00c1MK-UBZ","robots":{"index":"index","follow":"follow","max-snippet":"max-snippet:-1","max-image-preview":"max-image-preview:large","max-video-preview":"max-video-preview:-1"},"canonical":"https:\/\/mnamk.hu\/index-old.php\/kozmuvelodes\/konyvtar\/nyitva-tartas\/","og_locale":"hu_HU","og_type":"article","og_title":"Nyitva tart\u00e1s - MN\u00c1MK-UBZ","og_description":"Gimn\u00e1ziumi k\u00f6nyvt\u00e1r nyitva tart\u00e1s H\u00e9tf\u0151t\u0151l &#8211; p\u00e9ntekig: 7.30-15.30 Tini-Mini B\u00fccherei (gyerekk\u00f6nyvt\u00e1r) Kedden \u00e9s cs\u00fct\u00f6rt\u00f6k\u00f6n 13.00-13.45 k\u00f6z\u00f6tt van nyitva. Kapcsolat: \u0150ry Endre k\u00f6nyvt\u00e1ros 06-79-520-930\/114-es mell\u00e9k email: konyvtar@mnamk.hu","og_url":"https:\/\/mnamk.hu\/index-old.php\/kozmuvelodes\/konyvtar\/nyitva-tartas\/","og_site_name":"MN\u00c1MK-UBZ","article_modified_time":"2022-09-06T14:05:27+00:00","twitter_card":"summary_large_image","twitter_misc":{"Becs\u00fclt olvas\u00e1si id\u0151":"1 perc"},"schema":{"@context":"https:\/\/schema.org","@graph":[{"@type":"WebPage","@id":"https:\/\/mnamk.hu\/index-old.php\/kozmuvelodes\/konyvtar\/nyitva-tartas\/","url":"https:\/\/mnamk.hu\/index-old.php\/kozmuvelodes\/konyvtar\/nyitva-tartas\/","name":"Nyitva tart\u00e1s - MN\u00c1MK-UBZ","isPartOf":{"@id":"https:\/\/mnamk.hu\/index-old.php\/#website"},"datePublished":"2015-11-19T01:49:21+00:00","dateModified":"2022-09-06T14:05:27+00:00","breadcrumb":{"@id":"https:\/\/mnamk.hu\/index-old.php\/kozmuvelodes\/konyvtar\/nyitva-tartas\/#breadcrumb"},"inLanguage":"hu","potentialAction":[{"@type":"ReadAction","target":["https:\/\/mnamk.hu\/index-old.php\/kozmuvelodes\/konyvtar\/nyitva-tartas\/"]}]},{"@type":"BreadcrumbList","@id":"https:\/\/mnamk.hu\/index-old.php\/kozmuvelodes\/konyvtar\/nyitva-tartas\/#breadcrumb","itemListElement":[{"@type":"ListItem","position":1,"name":"Startseite","item":"https:\/\/mnamk.hu\/"},{"@type":"ListItem","position":2,"name":"K\u00f6zm\u0171vel\u0151d\u00e9s","item":"https:\/\/mnamk.hu\/index-old.php\/kozmuvelodes\/"},{"@type":"ListItem","position":3,"name":"K\u00d6NYVT\u00c1R","item":"https:\/\/mnamk.hu\/index-old.php\/kozmuvelodes\/konyvtar\/"},{"@type":"ListItem","position":4,"name":"Nyitva tart\u00e1s"}]},{"@type":"WebSite","@id":"https:\/\/mnamk.hu\/index-old.php\/#website","url":"https:\/\/mnamk.hu\/index-old.php\/","name":"MN\u00c1MK-UBZ","description":"","publisher":{"@id":"https:\/\/mnamk.hu\/index-old.php\/#organization"},"potentialAction":[{"@type":"SearchAction","target":{"@type":"EntryPoint","urlTemplate":"https:\/\/mnamk.hu\/index-old.php\/?s={search_term_string}"},"query-input":"required name=search_term_string"}],"inLanguage":"hu"},{"@type":"Organization","@id":"https:\/\/mnamk.hu\/index-old.php\/#organization","name":"MNAMK","url":"https:\/\/mnamk.hu\/index-old.php\/","logo":{"@type":"ImageObject","inLanguage":"hu","@id":"https:\/\/mnamk.hu\/index-old.php\/#\/schema\/logo\/image\/","url":"https:\/\/mnamk.hu\/wp\/wp-content\/uploads\/2020\/08\/logo.jpg","contentUrl":"https:\/\/mnamk.hu\/wp\/wp-content\/uploads\/2020\/08\/logo.jpg","width":482,"height":276,"caption":"MNAMK"},"image":{"@id":"https:\/\/mnamk.hu\/index-old.php\/#\/schema\/logo\/image\/"}}]}},"_links":{"self":[{"href":"https:\/\/mnamk.hu\/index-old.php\/wp-json\/wp\/v2\/pages\/14625","targetHints":{"allow":["GET"]}}],"collection":[{"href":"https:\/\/mnamk.hu\/index-old.php\/wp-json\/wp\/v2\/pages"}],"about":[{"href":"https:\/\/mnamk.hu\/index-old.php\/wp-json\/wp\/v2\/types\/page"}],"author":[{"embeddable":true,"href":"https:\/\/mnamk.hu\/index-old.php\/wp-json\/wp\/v2\/users\/22"}],"replies":[{"embeddable":true,"href":"https:\/\/mnamk.hu\/index-old.php\/wp-json\/wp\/v2\/comments?post=14625"}],"version-history":[{"count":2,"href":"https:\/\/mnamk.hu\/index-old.php\/wp-json\/wp\/v2\/pages\/14625\/revisions"}],"predecessor-version":[{"id":42011,"href":"https:\/\/mnamk.hu\/index-old.php\/wp-json\/wp\/v2\/pages\/14625\/revisions\/42011"}],"up":[{"embeddable":true,"href":"https:\/\/mnamk.hu\/index-old.php\/wp-json\/wp\/v2\/pages\/14623"}],"wp:attachment":[{"href":"https:\/\/mnamk.hu\/index-old.php\/wp-json\/wp\/v2\/media?parent=14625"}],"curies":[{"name":"wp","href":"https:\/\/api.w.org\/{rel}","templated":true}]}}