{"id":14626,"date":"2015-11-19T01:27:03","date_gmt":"2015-11-19T01:27:03","guid":{"rendered":"https:\/\/mnamk.hu\/wp\/kozmuvelodes\/konyvtar\/szolgaltatasok\/"},"modified":"2019-12-17T09:15:08","modified_gmt":"2019-12-17T09:15:08","slug":"szolgaltatasok","status":"publish","type":"page","link":"https:\/\/mnamk.hu\/index-old.php\/kozmuvelodes\/konyvtar\/szolgaltatasok\/","title":{"rendered":"Szolg\u00e1ltat\u00e1sok"},"content":{"rendered":"<ul>\n<li>K\u00f6lcs\u00f6nz\u00e9s a k\u00f6nyvt\u00e1r dokumentumaib\u00f3l (k\u00f6nyv, foly\u00f3irat, CD, DVD, VHS, CD-ROM)<\/li>\n<li>Olvas\u00f3teremben l\u00e9v\u0151 sz\u00e1m\u00edt\u00f3g\u00e9pek haszn\u00e1lata<\/li>\n<li>F\u00e9nym\u00e1sol\u00e1s, nyomtat\u00e1s szerz\u0151i jogok betart\u00e1s\u00e1val<\/li>\n<li>Szkennel\u00e9s<\/li>\n<li>Internethaszn\u00e1lat<\/li>\n<li>Tan\u00e1csad\u00e1s, t\u00e1j\u00e9koztat\u00e1s<\/li>\n<li>K\u00f6nyvt\u00e1runk NAVA-pont is egyben, nem nyilv\u00e1nos hozz\u00e1f\u00e9r\u00e9ssel, csak az iskola tanul\u00f3i \u00e9s dolgoz\u00f3i haszn\u00e1lhatj\u00e1k.<\/li>\n<li>Europa Direct alpont<\/li>\n<\/ul>\n<p><!-- Add code here that should appear in the content block of all new pages --><\/p>\n","protected":false},"excerpt":{"rendered":"<p>K\u00f6lcs\u00f6nz\u00e9s a k\u00f6nyvt\u00e1r dokumentumaib\u00f3l (k\u00f6nyv, foly\u00f3irat, CD, DVD, VHS, CD-ROM) Olvas\u00f3teremben l\u00e9v\u0151 sz\u00e1m\u00edt\u00f3g\u00e9pek haszn\u00e1lata F\u00e9nym\u00e1sol\u00e1s, nyomtat\u00e1s szerz\u0151i jogok betart\u00e1s\u00e1val Szkennel\u00e9s Internethaszn\u00e1lat Tan\u00e1csad\u00e1s, t\u00e1j\u00e9koztat\u00e1s K\u00f6nyvt\u00e1runk NAVA-pont is egyben, nem nyilv\u00e1nos hozz\u00e1f\u00e9r\u00e9ssel, csak az iskola tanul\u00f3i \u00e9s dolgoz\u00f3i haszn\u00e1lhatj\u00e1k. Europa Direct alpont<\/p>\n","protected":false},"author":22,"featured_media":0,"parent":14623,"menu_order":0,"comment_status":"closed","ping_status":"closed","template":"","meta":{"footnotes":""},"class_list":["post-14626","page","type-page","status-publish","hentry"],"yoast_head":"<!-- This site is optimized with the Yoast SEO plugin v20.9 - https:\/\/yoast.com\/wordpress\/plugins\/seo\/ -->\n<title>Szolg\u00e1ltat\u00e1sok - MN\u00c1MK-UBZ<\/title>\n<meta name=\"robots\" content=\"index, follow, max-snippet:-1, max-image-preview:large, max-video-preview:-1\" \/>\n<link rel=\"canonical\" href=\"https:\/\/mnamk.hu\/index-old.php\/kozmuvelodes\/konyvtar\/szolgaltatasok\/\" \/>\n<meta property=\"og:locale\" content=\"hu_HU\" \/>\n<meta property=\"og:type\" content=\"article\" \/>\n<meta property=\"og:title\" content=\"Szolg\u00e1ltat\u00e1sok - MN\u00c1MK-UBZ\" \/>\n<meta property=\"og:description\" content=\"K\u00f6lcs\u00f6nz\u00e9s a k\u00f6nyvt\u00e1r dokumentumaib\u00f3l (k\u00f6nyv, foly\u00f3irat, CD, DVD, VHS, CD-ROM) Olvas\u00f3teremben l\u00e9v\u0151 sz\u00e1m\u00edt\u00f3g\u00e9pek haszn\u00e1lata F\u00e9nym\u00e1sol\u00e1s, nyomtat\u00e1s szerz\u0151i jogok betart\u00e1s\u00e1val Szkennel\u00e9s Internethaszn\u00e1lat Tan\u00e1csad\u00e1s, t\u00e1j\u00e9koztat\u00e1s K\u00f6nyvt\u00e1runk NAVA-pont is egyben, nem nyilv\u00e1nos hozz\u00e1f\u00e9r\u00e9ssel, csak az iskola tanul\u00f3i \u00e9s dolgoz\u00f3i haszn\u00e1lhatj\u00e1k. Europa Direct alpont\" \/>\n<meta property=\"og:url\" content=\"https:\/\/mnamk.hu\/index-old.php\/kozmuvelodes\/konyvtar\/szolgaltatasok\/\" \/>\n<meta property=\"og:site_name\" content=\"MN\u00c1MK-UBZ\" \/>\n<meta property=\"article:modified_time\" content=\"2019-12-17T09:15:08+00:00\" \/>\n<meta name=\"twitter:card\" content=\"summary_large_image\" \/>\n<script type=\"application\/ld+json\" class=\"yoast-schema-graph\">{\"@context\":\"https:\/\/schema.org\",\"@graph\":[{\"@type\":\"WebPage\",\"@id\":\"https:\/\/mnamk.hu\/index-old.php\/kozmuvelodes\/konyvtar\/szolgaltatasok\/\",\"url\":\"https:\/\/mnamk.hu\/index-old.php\/kozmuvelodes\/konyvtar\/szolgaltatasok\/\",\"name\":\"Szolg\u00e1ltat\u00e1sok - MN\u00c1MK-UBZ\",\"isPartOf\":{\"@id\":\"https:\/\/mnamk.hu\/index-old.php\/#website\"},\"datePublished\":\"2015-11-19T01:27:03+00:00\",\"dateModified\":\"2019-12-17T09:15:08+00:00\",\"breadcrumb\":{\"@id\":\"https:\/\/mnamk.hu\/index-old.php\/kozmuvelodes\/konyvtar\/szolgaltatasok\/#breadcrumb\"},\"inLanguage\":\"hu\",\"potentialAction\":[{\"@type\":\"ReadAction\",\"target\":[\"https:\/\/mnamk.hu\/index-old.php\/kozmuvelodes\/konyvtar\/szolgaltatasok\/\"]}]},{\"@type\":\"BreadcrumbList\",\"@id\":\"https:\/\/mnamk.hu\/index-old.php\/kozmuvelodes\/konyvtar\/szolgaltatasok\/#breadcrumb\",\"itemListElement\":[{\"@type\":\"ListItem\",\"position\":1,\"name\":\"Startseite\",\"item\":\"https:\/\/mnamk.hu\/\"},{\"@type\":\"ListItem\",\"position\":2,\"name\":\"K\u00f6zm\u0171vel\u0151d\u00e9s\",\"item\":\"https:\/\/mnamk.hu\/index-old.php\/kozmuvelodes\/\"},{\"@type\":\"ListItem\",\"position\":3,\"name\":\"K\u00d6NYVT\u00c1R\",\"item\":\"https:\/\/mnamk.hu\/index-old.php\/kozmuvelodes\/konyvtar\/\"},{\"@type\":\"ListItem\",\"position\":4,\"name\":\"Szolg\u00e1ltat\u00e1sok\"}]},{\"@type\":\"WebSite\",\"@id\":\"https:\/\/mnamk.hu\/index-old.php\/#website\",\"url\":\"https:\/\/mnamk.hu\/index-old.php\/\",\"name\":\"MN\u00c1MK-UBZ\",\"description\":\"\",\"publisher\":{\"@id\":\"https:\/\/mnamk.hu\/index-old.php\/#organization\"},\"potentialAction\":[{\"@type\":\"SearchAction\",\"target\":{\"@type\":\"EntryPoint\",\"urlTemplate\":\"https:\/\/mnamk.hu\/index-old.php\/?s={search_term_string}\"},\"query-input\":\"required name=search_term_string\"}],\"inLanguage\":\"hu\"},{\"@type\":\"Organization\",\"@id\":\"https:\/\/mnamk.hu\/index-old.php\/#organization\",\"name\":\"MNAMK\",\"url\":\"https:\/\/mnamk.hu\/index-old.php\/\",\"logo\":{\"@type\":\"ImageObject\",\"inLanguage\":\"hu\",\"@id\":\"https:\/\/mnamk.hu\/index-old.php\/#\/schema\/logo\/image\/\",\"url\":\"https:\/\/mnamk.hu\/wp\/wp-content\/uploads\/2020\/08\/logo.jpg\",\"contentUrl\":\"https:\/\/mnamk.hu\/wp\/wp-content\/uploads\/2020\/08\/logo.jpg\",\"width\":482,\"height\":276,\"caption\":\"MNAMK\"},\"image\":{\"@id\":\"https:\/\/mnamk.hu\/index-old.php\/#\/schema\/logo\/image\/\"}}]}<\/script>\n<!-- \/ Yoast SEO plugin. -->","yoast_head_json":{"title":"Szolg\u00e1ltat\u00e1sok - MN\u00c1MK-UBZ","robots":{"index":"index","follow":"follow","max-snippet":"max-snippet:-1","max-image-preview":"max-image-preview:large","max-video-preview":"max-video-preview:-1"},"canonical":"https:\/\/mnamk.hu\/index-old.php\/kozmuvelodes\/konyvtar\/szolgaltatasok\/","og_locale":"hu_HU","og_type":"article","og_title":"Szolg\u00e1ltat\u00e1sok - MN\u00c1MK-UBZ","og_description":"K\u00f6lcs\u00f6nz\u00e9s a k\u00f6nyvt\u00e1r dokumentumaib\u00f3l (k\u00f6nyv, foly\u00f3irat, CD, DVD, VHS, CD-ROM) Olvas\u00f3teremben l\u00e9v\u0151 sz\u00e1m\u00edt\u00f3g\u00e9pek haszn\u00e1lata F\u00e9nym\u00e1sol\u00e1s, nyomtat\u00e1s szerz\u0151i jogok betart\u00e1s\u00e1val Szkennel\u00e9s Internethaszn\u00e1lat Tan\u00e1csad\u00e1s, t\u00e1j\u00e9koztat\u00e1s K\u00f6nyvt\u00e1runk NAVA-pont is egyben, nem nyilv\u00e1nos hozz\u00e1f\u00e9r\u00e9ssel, csak az iskola tanul\u00f3i \u00e9s dolgoz\u00f3i haszn\u00e1lhatj\u00e1k. Europa Direct alpont","og_url":"https:\/\/mnamk.hu\/index-old.php\/kozmuvelodes\/konyvtar\/szolgaltatasok\/","og_site_name":"MN\u00c1MK-UBZ","article_modified_time":"2019-12-17T09:15:08+00:00","twitter_card":"summary_large_image","schema":{"@context":"https:\/\/schema.org","@graph":[{"@type":"WebPage","@id":"https:\/\/mnamk.hu\/index-old.php\/kozmuvelodes\/konyvtar\/szolgaltatasok\/","url":"https:\/\/mnamk.hu\/index-old.php\/kozmuvelodes\/konyvtar\/szolgaltatasok\/","name":"Szolg\u00e1ltat\u00e1sok - MN\u00c1MK-UBZ","isPartOf":{"@id":"https:\/\/mnamk.hu\/index-old.php\/#website"},"datePublished":"2015-11-19T01:27:03+00:00","dateModified":"2019-12-17T09:15:08+00:00","breadcrumb":{"@id":"https:\/\/mnamk.hu\/index-old.php\/kozmuvelodes\/konyvtar\/szolgaltatasok\/#breadcrumb"},"inLanguage":"hu","potentialAction":[{"@type":"ReadAction","target":["https:\/\/mnamk.hu\/index-old.php\/kozmuvelodes\/konyvtar\/szolgaltatasok\/"]}]},{"@type":"BreadcrumbList","@id":"https:\/\/mnamk.hu\/index-old.php\/kozmuvelodes\/konyvtar\/szolgaltatasok\/#breadcrumb","itemListElement":[{"@type":"ListItem","position":1,"name":"Startseite","item":"https:\/\/mnamk.hu\/"},{"@type":"ListItem","position":2,"name":"K\u00f6zm\u0171vel\u0151d\u00e9s","item":"https:\/\/mnamk.hu\/index-old.php\/kozmuvelodes\/"},{"@type":"ListItem","position":3,"name":"K\u00d6NYVT\u00c1R","item":"https:\/\/mnamk.hu\/index-old.php\/kozmuvelodes\/konyvtar\/"},{"@type":"ListItem","position":4,"name":"Szolg\u00e1ltat\u00e1sok"}]},{"@type":"WebSite","@id":"https:\/\/mnamk.hu\/index-old.php\/#website","url":"https:\/\/mnamk.hu\/index-old.php\/","name":"MN\u00c1MK-UBZ","description":"","publisher":{"@id":"https:\/\/mnamk.hu\/index-old.php\/#organization"},"potentialAction":[{"@type":"SearchAction","target":{"@type":"EntryPoint","urlTemplate":"https:\/\/mnamk.hu\/index-old.php\/?s={search_term_string}"},"query-input":"required name=search_term_string"}],"inLanguage":"hu"},{"@type":"Organization","@id":"https:\/\/mnamk.hu\/index-old.php\/#organization","name":"MNAMK","url":"https:\/\/mnamk.hu\/index-old.php\/","logo":{"@type":"ImageObject","inLanguage":"hu","@id":"https:\/\/mnamk.hu\/index-old.php\/#\/schema\/logo\/image\/","url":"https:\/\/mnamk.hu\/wp\/wp-content\/uploads\/2020\/08\/logo.jpg","contentUrl":"https:\/\/mnamk.hu\/wp\/wp-content\/uploads\/2020\/08\/logo.jpg","width":482,"height":276,"caption":"MNAMK"},"image":{"@id":"https:\/\/mnamk.hu\/index-old.php\/#\/schema\/logo\/image\/"}}]}},"_links":{"self":[{"href":"https:\/\/mnamk.hu\/index-old.php\/wp-json\/wp\/v2\/pages\/14626","targetHints":{"allow":["GET"]}}],"collection":[{"href":"https:\/\/mnamk.hu\/index-old.php\/wp-json\/wp\/v2\/pages"}],"about":[{"href":"https:\/\/mnamk.hu\/index-old.php\/wp-json\/wp\/v2\/types\/page"}],"author":[{"embeddable":true,"href":"https:\/\/mnamk.hu\/index-old.php\/wp-json\/wp\/v2\/users\/22"}],"replies":[{"embeddable":true,"href":"https:\/\/mnamk.hu\/index-old.php\/wp-json\/wp\/v2\/comments?post=14626"}],"version-history":[{"count":0,"href":"https:\/\/mnamk.hu\/index-old.php\/wp-json\/wp\/v2\/pages\/14626\/revisions"}],"up":[{"embeddable":true,"href":"https:\/\/mnamk.hu\/index-old.php\/wp-json\/wp\/v2\/pages\/14623"}],"wp:attachment":[{"href":"https:\/\/mnamk.hu\/index-old.php\/wp-json\/wp\/v2\/media?parent=14626"}],"curies":[{"name":"wp","href":"https:\/\/api.w.org\/{rel}","templated":true}]}}