{"id":14629,"date":"2016-10-21T12:46:26","date_gmt":"2016-10-21T12:46:26","guid":{"rendered":"https:\/\/mnamk.hu\/wp\/kozmuvelodes\/konyvtar\/online-katalogus\/"},"modified":"2023-01-24T06:55:31","modified_gmt":"2023-01-24T06:55:31","slug":"online-katalogus","status":"publish","type":"page","link":"https:\/\/mnamk.hu\/index-old.php\/kozmuvelodes\/konyvtar\/online-katalogus\/","title":{"rendered":"ONLINE KATAL\u00d3GUS"},"content":{"rendered":"\n<div class=\"wp-block-buttons is-layout-flex wp-block-buttons-is-layout-flex\">\n<div class=\"wp-block-button is-style-outline is-style-outline--1\"><a class=\"wp-block-button__link has-white-color has-midnight-gradient-background has-text-color has-background\" href=\"http:\/\/94.199.48.18\/sziren_1750.htm\">ONLINE KATAL\u00d3GUS<\/a><\/div>\n<\/div>\n\n\n<p><strong>K\u00f6lcs\u00f6nz\u00e9si nyilv\u00e1ntart\u00e1s<\/strong><\/p>\n<p>Az olvas\u00f3 a nev\u00e9vel \u00e9s a t\u00f6rzssz\u00e1m\u00e1val tud bejelentkezni a k\u00f6lcs\u00f6nz\u00e9si nyilv\u00e1ntart\u00e1sba. T\u00f6rzssz\u00e1mot a gimn\u00e1zium k\u00f6nyvt\u00e1r\u00e1ban vagy az oszt\u00e1lyf\u0151n\u00f6k\u00e9n\u00e9l tud ig\u00e9nyelni. Az online katal\u00f3gus k\u00f6lcs\u00f6nz\u00e9si nyilv\u00e1ntart\u00e1s\u00e1ban a k\u00f6nyvt\u00e1rb\u00f3l kik\u00f6lcs\u00f6nz\u00f6tt vonalk\u00f3ddal rendelkez\u0151 k\u00f6nyvek tal\u00e1lhat\u00f3ak meg.<\/p>\n<p><strong>Az online katal\u00f3gus k\u00f6lcs\u00f6nz\u00e9si nyilv\u00e1ntart\u00e1s\u00e1ban nem tal\u00e1lhat\u00f3k meg a k\u00f6vetkez\u0151 k\u00f6nyvt\u00e1ri k\u00f6nyvek:<\/strong><\/p>\n<ul>\n<li><strong>normat\u00edv (ingyen tank\u00f6nyves) k\u00f6nyvt\u00e1mogat\u00e1s\u00fa tanul\u00f3k k\u00f6nyvei<\/strong><\/li>\n<li><strong>vonalk\u00f3ddal nem rendelkez\u0151 k\u00f6nyvek<\/strong><\/li>\n<\/ul>\n<p><strong>Keres\u00e9s a k\u00f6nyvt\u00e1r adatb\u00e1zis\u00e1ban<\/strong><\/p>\n<p>Az \u0171rlapon a dokumentum t\u00f6bb ism\u00e9rve szerint is lehet keresni, mint c\u00edm, c\u00edm szavai, ISBN, szerz\u0151 stb.<\/p>","protected":false},"excerpt":{"rendered":"<p>K\u00f6lcs\u00f6nz\u00e9si nyilv\u00e1ntart\u00e1s Az olvas\u00f3 a nev\u00e9vel \u00e9s a t\u00f6rzssz\u00e1m\u00e1val tud bejelentkezni a k\u00f6lcs\u00f6nz\u00e9si nyilv\u00e1ntart\u00e1sba. T\u00f6rzssz\u00e1mot a gimn\u00e1zium k\u00f6nyvt\u00e1r\u00e1ban vagy az oszt\u00e1lyf\u0151n\u00f6k\u00e9n\u00e9l tud ig\u00e9nyelni. Az online katal\u00f3gus k\u00f6lcs\u00f6nz\u00e9si nyilv\u00e1ntart\u00e1s\u00e1ban a k\u00f6nyvt\u00e1rb\u00f3l kik\u00f6lcs\u00f6nz\u00f6tt vonalk\u00f3ddal rendelkez\u0151 k\u00f6nyvek tal\u00e1lhat\u00f3ak meg. Az online katal\u00f3gus k\u00f6lcs\u00f6nz\u00e9si nyilv\u00e1ntart\u00e1s\u00e1ban nem tal\u00e1lhat\u00f3k meg a k\u00f6vetkez\u0151 k\u00f6nyvt\u00e1ri k\u00f6nyvek: normat\u00edv (ingyen tank\u00f6nyves) k\u00f6nyvt\u00e1mogat\u00e1s\u00fa tanul\u00f3k k\u00f6nyvei vonalk\u00f3ddal [&hellip;]<\/p>\n","protected":false},"author":22,"featured_media":0,"parent":14623,"menu_order":0,"comment_status":"closed","ping_status":"closed","template":"","meta":{"footnotes":""},"class_list":["post-14629","page","type-page","status-publish","hentry"],"yoast_head":"<!-- This site is optimized with the Yoast SEO plugin v20.9 - https:\/\/yoast.com\/wordpress\/plugins\/seo\/ -->\n<title>ONLINE KATAL\u00d3GUS - MN\u00c1MK-UBZ<\/title>\n<meta name=\"robots\" content=\"index, follow, max-snippet:-1, max-image-preview:large, max-video-preview:-1\" \/>\n<link rel=\"canonical\" href=\"https:\/\/mnamk.hu\/index-old.php\/kozmuvelodes\/konyvtar\/online-katalogus\/\" \/>\n<meta property=\"og:locale\" content=\"hu_HU\" \/>\n<meta property=\"og:type\" content=\"article\" \/>\n<meta property=\"og:title\" content=\"ONLINE KATAL\u00d3GUS - MN\u00c1MK-UBZ\" \/>\n<meta property=\"og:description\" content=\"K\u00f6lcs\u00f6nz\u00e9si nyilv\u00e1ntart\u00e1s Az olvas\u00f3 a nev\u00e9vel \u00e9s a t\u00f6rzssz\u00e1m\u00e1val tud bejelentkezni a k\u00f6lcs\u00f6nz\u00e9si nyilv\u00e1ntart\u00e1sba. T\u00f6rzssz\u00e1mot a gimn\u00e1zium k\u00f6nyvt\u00e1r\u00e1ban vagy az oszt\u00e1lyf\u0151n\u00f6k\u00e9n\u00e9l tud ig\u00e9nyelni. Az online katal\u00f3gus k\u00f6lcs\u00f6nz\u00e9si nyilv\u00e1ntart\u00e1s\u00e1ban a k\u00f6nyvt\u00e1rb\u00f3l kik\u00f6lcs\u00f6nz\u00f6tt vonalk\u00f3ddal rendelkez\u0151 k\u00f6nyvek tal\u00e1lhat\u00f3ak meg. Az online katal\u00f3gus k\u00f6lcs\u00f6nz\u00e9si nyilv\u00e1ntart\u00e1s\u00e1ban nem tal\u00e1lhat\u00f3k meg a k\u00f6vetkez\u0151 k\u00f6nyvt\u00e1ri k\u00f6nyvek: normat\u00edv (ingyen tank\u00f6nyves) k\u00f6nyvt\u00e1mogat\u00e1s\u00fa tanul\u00f3k k\u00f6nyvei vonalk\u00f3ddal [&hellip;]\" \/>\n<meta property=\"og:url\" content=\"https:\/\/mnamk.hu\/index-old.php\/kozmuvelodes\/konyvtar\/online-katalogus\/\" \/>\n<meta property=\"og:site_name\" content=\"MN\u00c1MK-UBZ\" \/>\n<meta property=\"article:modified_time\" content=\"2023-01-24T06:55:31+00:00\" \/>\n<meta name=\"twitter:card\" content=\"summary_large_image\" \/>\n<meta name=\"twitter:label1\" content=\"Becs\u00fclt olvas\u00e1si id\u0151\" \/>\n\t<meta name=\"twitter:data1\" content=\"1 perc\" \/>\n<script type=\"application\/ld+json\" class=\"yoast-schema-graph\">{\"@context\":\"https:\/\/schema.org\",\"@graph\":[{\"@type\":\"WebPage\",\"@id\":\"https:\/\/mnamk.hu\/index-old.php\/kozmuvelodes\/konyvtar\/online-katalogus\/\",\"url\":\"https:\/\/mnamk.hu\/index-old.php\/kozmuvelodes\/konyvtar\/online-katalogus\/\",\"name\":\"ONLINE KATAL\u00d3GUS - MN\u00c1MK-UBZ\",\"isPartOf\":{\"@id\":\"https:\/\/mnamk.hu\/index-old.php\/#website\"},\"datePublished\":\"2016-10-21T12:46:26+00:00\",\"dateModified\":\"2023-01-24T06:55:31+00:00\",\"breadcrumb\":{\"@id\":\"https:\/\/mnamk.hu\/index-old.php\/kozmuvelodes\/konyvtar\/online-katalogus\/#breadcrumb\"},\"inLanguage\":\"hu\",\"potentialAction\":[{\"@type\":\"ReadAction\",\"target\":[\"https:\/\/mnamk.hu\/index-old.php\/kozmuvelodes\/konyvtar\/online-katalogus\/\"]}]},{\"@type\":\"BreadcrumbList\",\"@id\":\"https:\/\/mnamk.hu\/index-old.php\/kozmuvelodes\/konyvtar\/online-katalogus\/#breadcrumb\",\"itemListElement\":[{\"@type\":\"ListItem\",\"position\":1,\"name\":\"Startseite\",\"item\":\"https:\/\/mnamk.hu\/\"},{\"@type\":\"ListItem\",\"position\":2,\"name\":\"K\u00f6zm\u0171vel\u0151d\u00e9s\",\"item\":\"https:\/\/mnamk.hu\/index-old.php\/kozmuvelodes\/\"},{\"@type\":\"ListItem\",\"position\":3,\"name\":\"K\u00d6NYVT\u00c1R\",\"item\":\"https:\/\/mnamk.hu\/index-old.php\/kozmuvelodes\/konyvtar\/\"},{\"@type\":\"ListItem\",\"position\":4,\"name\":\"ONLINE KATAL\u00d3GUS\"}]},{\"@type\":\"WebSite\",\"@id\":\"https:\/\/mnamk.hu\/index-old.php\/#website\",\"url\":\"https:\/\/mnamk.hu\/index-old.php\/\",\"name\":\"MN\u00c1MK-UBZ\",\"description\":\"\",\"publisher\":{\"@id\":\"https:\/\/mnamk.hu\/index-old.php\/#organization\"},\"potentialAction\":[{\"@type\":\"SearchAction\",\"target\":{\"@type\":\"EntryPoint\",\"urlTemplate\":\"https:\/\/mnamk.hu\/index-old.php\/?s={search_term_string}\"},\"query-input\":\"required name=search_term_string\"}],\"inLanguage\":\"hu\"},{\"@type\":\"Organization\",\"@id\":\"https:\/\/mnamk.hu\/index-old.php\/#organization\",\"name\":\"MNAMK\",\"url\":\"https:\/\/mnamk.hu\/index-old.php\/\",\"logo\":{\"@type\":\"ImageObject\",\"inLanguage\":\"hu\",\"@id\":\"https:\/\/mnamk.hu\/index-old.php\/#\/schema\/logo\/image\/\",\"url\":\"https:\/\/mnamk.hu\/wp\/wp-content\/uploads\/2020\/08\/logo.jpg\",\"contentUrl\":\"https:\/\/mnamk.hu\/wp\/wp-content\/uploads\/2020\/08\/logo.jpg\",\"width\":482,\"height\":276,\"caption\":\"MNAMK\"},\"image\":{\"@id\":\"https:\/\/mnamk.hu\/index-old.php\/#\/schema\/logo\/image\/\"}}]}<\/script>\n<!-- \/ Yoast SEO plugin. -->","yoast_head_json":{"title":"ONLINE KATAL\u00d3GUS - MN\u00c1MK-UBZ","robots":{"index":"index","follow":"follow","max-snippet":"max-snippet:-1","max-image-preview":"max-image-preview:large","max-video-preview":"max-video-preview:-1"},"canonical":"https:\/\/mnamk.hu\/index-old.php\/kozmuvelodes\/konyvtar\/online-katalogus\/","og_locale":"hu_HU","og_type":"article","og_title":"ONLINE KATAL\u00d3GUS - MN\u00c1MK-UBZ","og_description":"K\u00f6lcs\u00f6nz\u00e9si nyilv\u00e1ntart\u00e1s Az olvas\u00f3 a nev\u00e9vel \u00e9s a t\u00f6rzssz\u00e1m\u00e1val tud bejelentkezni a k\u00f6lcs\u00f6nz\u00e9si nyilv\u00e1ntart\u00e1sba. T\u00f6rzssz\u00e1mot a gimn\u00e1zium k\u00f6nyvt\u00e1r\u00e1ban vagy az oszt\u00e1lyf\u0151n\u00f6k\u00e9n\u00e9l tud ig\u00e9nyelni. Az online katal\u00f3gus k\u00f6lcs\u00f6nz\u00e9si nyilv\u00e1ntart\u00e1s\u00e1ban a k\u00f6nyvt\u00e1rb\u00f3l kik\u00f6lcs\u00f6nz\u00f6tt vonalk\u00f3ddal rendelkez\u0151 k\u00f6nyvek tal\u00e1lhat\u00f3ak meg. Az online katal\u00f3gus k\u00f6lcs\u00f6nz\u00e9si nyilv\u00e1ntart\u00e1s\u00e1ban nem tal\u00e1lhat\u00f3k meg a k\u00f6vetkez\u0151 k\u00f6nyvt\u00e1ri k\u00f6nyvek: normat\u00edv (ingyen tank\u00f6nyves) k\u00f6nyvt\u00e1mogat\u00e1s\u00fa tanul\u00f3k k\u00f6nyvei vonalk\u00f3ddal [&hellip;]","og_url":"https:\/\/mnamk.hu\/index-old.php\/kozmuvelodes\/konyvtar\/online-katalogus\/","og_site_name":"MN\u00c1MK-UBZ","article_modified_time":"2023-01-24T06:55:31+00:00","twitter_card":"summary_large_image","twitter_misc":{"Becs\u00fclt olvas\u00e1si id\u0151":"1 perc"},"schema":{"@context":"https:\/\/schema.org","@graph":[{"@type":"WebPage","@id":"https:\/\/mnamk.hu\/index-old.php\/kozmuvelodes\/konyvtar\/online-katalogus\/","url":"https:\/\/mnamk.hu\/index-old.php\/kozmuvelodes\/konyvtar\/online-katalogus\/","name":"ONLINE KATAL\u00d3GUS - MN\u00c1MK-UBZ","isPartOf":{"@id":"https:\/\/mnamk.hu\/index-old.php\/#website"},"datePublished":"2016-10-21T12:46:26+00:00","dateModified":"2023-01-24T06:55:31+00:00","breadcrumb":{"@id":"https:\/\/mnamk.hu\/index-old.php\/kozmuvelodes\/konyvtar\/online-katalogus\/#breadcrumb"},"inLanguage":"hu","potentialAction":[{"@type":"ReadAction","target":["https:\/\/mnamk.hu\/index-old.php\/kozmuvelodes\/konyvtar\/online-katalogus\/"]}]},{"@type":"BreadcrumbList","@id":"https:\/\/mnamk.hu\/index-old.php\/kozmuvelodes\/konyvtar\/online-katalogus\/#breadcrumb","itemListElement":[{"@type":"ListItem","position":1,"name":"Startseite","item":"https:\/\/mnamk.hu\/"},{"@type":"ListItem","position":2,"name":"K\u00f6zm\u0171vel\u0151d\u00e9s","item":"https:\/\/mnamk.hu\/index-old.php\/kozmuvelodes\/"},{"@type":"ListItem","position":3,"name":"K\u00d6NYVT\u00c1R","item":"https:\/\/mnamk.hu\/index-old.php\/kozmuvelodes\/konyvtar\/"},{"@type":"ListItem","position":4,"name":"ONLINE KATAL\u00d3GUS"}]},{"@type":"WebSite","@id":"https:\/\/mnamk.hu\/index-old.php\/#website","url":"https:\/\/mnamk.hu\/index-old.php\/","name":"MN\u00c1MK-UBZ","description":"","publisher":{"@id":"https:\/\/mnamk.hu\/index-old.php\/#organization"},"potentialAction":[{"@type":"SearchAction","target":{"@type":"EntryPoint","urlTemplate":"https:\/\/mnamk.hu\/index-old.php\/?s={search_term_string}"},"query-input":"required name=search_term_string"}],"inLanguage":"hu"},{"@type":"Organization","@id":"https:\/\/mnamk.hu\/index-old.php\/#organization","name":"MNAMK","url":"https:\/\/mnamk.hu\/index-old.php\/","logo":{"@type":"ImageObject","inLanguage":"hu","@id":"https:\/\/mnamk.hu\/index-old.php\/#\/schema\/logo\/image\/","url":"https:\/\/mnamk.hu\/wp\/wp-content\/uploads\/2020\/08\/logo.jpg","contentUrl":"https:\/\/mnamk.hu\/wp\/wp-content\/uploads\/2020\/08\/logo.jpg","width":482,"height":276,"caption":"MNAMK"},"image":{"@id":"https:\/\/mnamk.hu\/index-old.php\/#\/schema\/logo\/image\/"}}]}},"_links":{"self":[{"href":"https:\/\/mnamk.hu\/index-old.php\/wp-json\/wp\/v2\/pages\/14629","targetHints":{"allow":["GET"]}}],"collection":[{"href":"https:\/\/mnamk.hu\/index-old.php\/wp-json\/wp\/v2\/pages"}],"about":[{"href":"https:\/\/mnamk.hu\/index-old.php\/wp-json\/wp\/v2\/types\/page"}],"author":[{"embeddable":true,"href":"https:\/\/mnamk.hu\/index-old.php\/wp-json\/wp\/v2\/users\/22"}],"replies":[{"embeddable":true,"href":"https:\/\/mnamk.hu\/index-old.php\/wp-json\/wp\/v2\/comments?post=14629"}],"version-history":[{"count":4,"href":"https:\/\/mnamk.hu\/index-old.php\/wp-json\/wp\/v2\/pages\/14629\/revisions"}],"predecessor-version":[{"id":47027,"href":"https:\/\/mnamk.hu\/index-old.php\/wp-json\/wp\/v2\/pages\/14629\/revisions\/47027"}],"up":[{"embeddable":true,"href":"https:\/\/mnamk.hu\/index-old.php\/wp-json\/wp\/v2\/pages\/14623"}],"wp:attachment":[{"href":"https:\/\/mnamk.hu\/index-old.php\/wp-json\/wp\/v2\/media?parent=14629"}],"curies":[{"name":"wp","href":"https:\/\/api.w.org\/{rel}","templated":true}]}}