{"id":15141,"date":"2022-01-06T13:56:30","date_gmt":"2022-01-06T13:56:30","guid":{"rendered":"https:\/\/mnamk.hu\/wp\/iskola\/koezzeteteli-suli\/"},"modified":"2024-01-09T14:44:44","modified_gmt":"2024-01-09T13:44:44","slug":"koezzeteteli-suli","status":"publish","type":"page","link":"https:\/\/mnamk.hu\/index-old.php\/iskola\/koezzeteteli-suli\/","title":{"rendered":"K\u00f6zz\u00e9t\u00e9teli lista &#8211; iskola"},"content":{"rendered":"<p><a href=\"https:\/\/mnamk.hu\/wp\/tajekoztato-a-2020-2021-tanevben-az-mnamk-ban-11-evfolyamon-valaszthato-tantargyakrol\/\" target=\"_blank\" rel=\"noopener noreferrer\">T\u00e1j\u00e9koztat\u00f3 a 2023\/2024. tan\u00e9vben az MN\u00c1MK-ban 11. \u00e9vfolyamon v\u00e1laszthat\u00f3 tant\u00e1rgyakr\u00f3l<\/a><\/p>\n<p><a href=\"https:\/\/mnamk.hu\/wp\/25261-2\/\" target=\"_blank\" rel=\"noopener noreferrer\">A tan\u00f3r\u00e1n k\u00edv\u00fcli egy\u00e9b foglalkoz\u00e1sok ig\u00e9nybev\u00e9tel\u00e9nek lehet\u0151s\u00e9gei<\/a><\/p>\n<p><a href=\"https:\/\/mnamk.hu\/beiskolazasi-tajekoztato\/\">Felv\u00e9teli lehet\u0151s\u00e9gek<\/a><\/p>\n<p><a href=\"https:\/\/mnamk.hu\/wp\/hazi-feladatok-szabalyozasa\/\" target=\"_blank\" rel=\"noopener noreferrer\">H\u00e1zi feladatok szab\u00e1lyoz\u00e1sa<\/a><\/p>\n<p><a href=\"https:\/\/mnamk.hu\/hazirend\/\">H\u00e1zirend<\/a><\/p>\n<p><a href=\"https:\/\/mnamk.hu\/hausordnung-deutsch-2022\/\">Hausordnung Deutsch 2022<\/a><\/p>\n<p><a href=\"https:\/\/mnamk.hu\/esemenynaptar-2023-2024\/\">Iskolai tan\u00e9v helyi rendje<\/a><\/p>\n<p><a href=\"https:\/\/mnamk.hu\/nyitvatartas-rendje\/\">Nyitva tart\u00e1s rendje<\/a><\/p>\n<p><a href=\"https:\/\/mnamk.hu\/osztalyozo-vizsgak-rendje\/\">Oszt\u00e1lyoz\u00f3 vizsg\u00e1k<\/a><\/p>\n<p><a href=\"https:\/\/mnamk.hu\/pedagogiai-es-muvelodesi-program\/\">Pedag\u00f3giai \u00e9s M\u0171vel\u0151d\u00e9si Program<\/a><\/p>\n<p><a href=\"https:\/\/mnamk.hu\/paedagogisches-und-kulturelles-program\/\">P\u00e4dagogisches und Kulturelles Programm<\/a><\/p>\n<p><a href=\"https:\/\/mnamk.hu\/iskola\/tanaraink\/\">Pedag\u00f3gusok szakk\u00e9pzetts\u00e9ge<\/a><\/p>\n<p><a href=\"https:\/\/mnamk.hu\/szmsz\/\">Szervezeti \u00e9s m\u0171k\u00f6d\u00e9si szab\u00e1lyzat<\/a><\/p>\n<p><a href=\"https:\/\/mnamk.hu\/geschaeftsordnung\/\">Gesch\u00e4ftsordnung<\/a><\/p>\n<p><a href=\"https:\/\/mnamk.hu\/wp\/wp-content\/uploads\/2023\/11\/1_PDFsam_Teritesi-dij.pdf\">T\u00e9r\u00edt\u00e9si d\u00edj<\/a><\/p>\n<p><a href=\"https:\/\/mnamk.hu\/wp\/wp-content\/uploads\/2021\/03\/Digitalis-oktatas-tajekoztato-erintetteknek.pdf\">Digitalis oktat\u00e1s t\u00e1j\u00e9koztat\u00f3 \u00e9rintetteknek<\/a><\/p>\n\n\n<div class=\"wp-block-file\"><a id=\"wp-block-file--media-edf942e9-a85b-437d-8ccc-54ad70b62e5b\" href=\"https:\/\/mnamk.hu\/wp\/wp-content\/uploads\/2023\/11\/Az-intezmenyi-lemorzsolodas_evismetles_-2023-1.pdf\">Az int\u00e9zm\u00e9nyi lemorzsol\u00f3d\u00e1s_\u00e9vism\u00e9tl\u00e9s_ 2022\/23<\/a><\/div>\n\n\n\n<div class=\"wp-block-file\"><a id=\"wp-block-file--media-aa77edea-7483-444a-9a89-1efca202936d\" href=\"https:\/\/mnamk.hu\/wp\/wp-content\/uploads\/2023\/12\/Az-orszagos-meres-ertekeles-eredmenyei-2021.pdf\">Az orsz\u00e1gos m\u00e9r\u00e9s-<code>\u00e9rt\u00e9kel\u00e9s <\/code>eredm\u00e9nyei 2022<\/a><\/div>\n\n\n\n<div class=\"wp-block-file\"><a id=\"wp-block-file--media-9478ac7e-04dc-4a11-87bd-d30d2232a1c4\" href=\"https:\/\/mnamk.hu\/wp\/wp-content\/uploads\/2023\/11\/Beiratkozasra-meghatarozott-ido-fenntarto-altal-engedelyezett-letszamok-2023.24.pdf\">Beiratkoz\u00e1sra meghat\u00e1rozott id\u0151 fenntart\u00f3 \u00e1ltal enged\u00e9lyezett l\u00e9tsz\u00e1mok 2023\/24<\/a><\/div>\n\n\n\n<p><a href=\"https:\/\/mnamk.hu\/etkezesi-uj-arak-2023-januartol\/\">\u00c9tkez\u00e9si \u00faj \u00e1rak 2024. janu\u00e1rt\u00f3l<\/a><\/p>\n\n\n\n<div class=\"wp-block-file\"><a id=\"wp-block-file--media-79527c40-45f6-4031-bcc6-d702a8e4bcab\" href=\"https:\/\/mnamk.hu\/wp\/wp-content\/uploads\/2023\/11\/Iskolai-osztalyok-szama-es-a-tanulok-letszama-2023.24.pdf\">Iskolai oszt\u00e1lyok sz\u00e1ma \u00e9s a tanul\u00f3k l\u00e9tsz\u00e1ma 2023\/24<\/a><\/div>\n\n\n\n<div class=\"wp-block-file\"><a id=\"wp-block-file--media-c5a1ecc4-a2fc-4125-8205-f7590685130c\" href=\"https:\/\/mnamk.hu\/wp\/wp-content\/uploads\/2023\/11\/Kozepiskolaban-az-erettsegi-vizsgak-atlageredmenyei-2023.pdf\">K\u00f6z\u00e9piskol\u00e1ban az \u00e9retts\u00e9gi vizsg\u00e1k \u00e1tlageredm\u00e9nyei 2023<\/a><\/div>\n\n\n\n<div class=\"wp-block-file\"><a id=\"wp-block-file--media-1aa1ed3e-4516-426f-aa2e-50a13c807c4e\" href=\"https:\/\/mnamk.hu\/wp\/wp-content\/uploads\/2023\/11\/Valaszthato-tantargyak-2023.24-1.pdf\">V\u00e1laszthat\u00f3 tant\u00e1rgyak 2023\/24<\/a><\/div>\n","protected":false},"excerpt":{"rendered":"<p>T\u00e1j\u00e9koztat\u00f3 a 2023\/2024. tan\u00e9vben az MN\u00c1MK-ban 11. \u00e9vfolyamon v\u00e1laszthat\u00f3 tant\u00e1rgyakr\u00f3l A tan\u00f3r\u00e1n k\u00edv\u00fcli egy\u00e9b foglalkoz\u00e1sok ig\u00e9nybev\u00e9tel\u00e9nek lehet\u0151s\u00e9gei Felv\u00e9teli lehet\u0151s\u00e9gek H\u00e1zi feladatok szab\u00e1lyoz\u00e1sa H\u00e1zirend Hausordnung Deutsch 2022 Iskolai tan\u00e9v helyi rendje Nyitva tart\u00e1s rendje Oszt\u00e1lyoz\u00f3 vizsg\u00e1k Pedag\u00f3giai \u00e9s M\u0171vel\u0151d\u00e9si Program P\u00e4dagogisches und Kulturelles Programm Pedag\u00f3gusok szakk\u00e9pzetts\u00e9ge Szervezeti \u00e9s m\u0171k\u00f6d\u00e9si szab\u00e1lyzat Gesch\u00e4ftsordnung T\u00e9r\u00edt\u00e9si d\u00edj Digitalis oktat\u00e1s t\u00e1j\u00e9koztat\u00f3 [&hellip;]<\/p>\n","protected":false},"author":22,"featured_media":0,"parent":15132,"menu_order":0,"comment_status":"closed","ping_status":"closed","template":"","meta":{"footnotes":""},"class_list":["post-15141","page","type-page","status-publish","hentry"],"yoast_head":"<!-- This site is optimized with the Yoast SEO plugin v20.9 - https:\/\/yoast.com\/wordpress\/plugins\/seo\/ -->\n<title>K\u00f6zz\u00e9t\u00e9teli lista - iskola - MN\u00c1MK-UBZ<\/title>\n<meta name=\"robots\" content=\"index, follow, max-snippet:-1, max-image-preview:large, max-video-preview:-1\" \/>\n<link rel=\"canonical\" href=\"https:\/\/mnamk.hu\/index-old.php\/iskola\/koezzeteteli-suli\/\" \/>\n<meta property=\"og:locale\" content=\"hu_HU\" \/>\n<meta property=\"og:type\" content=\"article\" \/>\n<meta property=\"og:title\" content=\"K\u00f6zz\u00e9t\u00e9teli lista - iskola - MN\u00c1MK-UBZ\" \/>\n<meta property=\"og:description\" content=\"T\u00e1j\u00e9koztat\u00f3 a 2023\/2024. tan\u00e9vben az MN\u00c1MK-ban 11. \u00e9vfolyamon v\u00e1laszthat\u00f3 tant\u00e1rgyakr\u00f3l A tan\u00f3r\u00e1n k\u00edv\u00fcli egy\u00e9b foglalkoz\u00e1sok ig\u00e9nybev\u00e9tel\u00e9nek lehet\u0151s\u00e9gei Felv\u00e9teli lehet\u0151s\u00e9gek H\u00e1zi feladatok szab\u00e1lyoz\u00e1sa H\u00e1zirend Hausordnung Deutsch 2022 Iskolai tan\u00e9v helyi rendje Nyitva tart\u00e1s rendje Oszt\u00e1lyoz\u00f3 vizsg\u00e1k Pedag\u00f3giai \u00e9s M\u0171vel\u0151d\u00e9si Program P\u00e4dagogisches und Kulturelles Programm Pedag\u00f3gusok szakk\u00e9pzetts\u00e9ge Szervezeti \u00e9s m\u0171k\u00f6d\u00e9si szab\u00e1lyzat Gesch\u00e4ftsordnung T\u00e9r\u00edt\u00e9si d\u00edj Digitalis oktat\u00e1s t\u00e1j\u00e9koztat\u00f3 [&hellip;]\" \/>\n<meta property=\"og:url\" content=\"https:\/\/mnamk.hu\/index-old.php\/iskola\/koezzeteteli-suli\/\" \/>\n<meta property=\"og:site_name\" content=\"MN\u00c1MK-UBZ\" \/>\n<meta property=\"article:modified_time\" content=\"2024-01-09T13:44:44+00:00\" \/>\n<meta name=\"twitter:card\" content=\"summary_large_image\" \/>\n<meta name=\"twitter:label1\" content=\"Becs\u00fclt olvas\u00e1si id\u0151\" \/>\n\t<meta name=\"twitter:data1\" content=\"1 perc\" \/>\n<script type=\"application\/ld+json\" class=\"yoast-schema-graph\">{\"@context\":\"https:\/\/schema.org\",\"@graph\":[{\"@type\":\"WebPage\",\"@id\":\"https:\/\/mnamk.hu\/index-old.php\/iskola\/koezzeteteli-suli\/\",\"url\":\"https:\/\/mnamk.hu\/index-old.php\/iskola\/koezzeteteli-suli\/\",\"name\":\"K\u00f6zz\u00e9t\u00e9teli lista - iskola - MN\u00c1MK-UBZ\",\"isPartOf\":{\"@id\":\"https:\/\/mnamk.hu\/index-old.php\/#website\"},\"datePublished\":\"2022-01-06T13:56:30+00:00\",\"dateModified\":\"2024-01-09T13:44:44+00:00\",\"breadcrumb\":{\"@id\":\"https:\/\/mnamk.hu\/index-old.php\/iskola\/koezzeteteli-suli\/#breadcrumb\"},\"inLanguage\":\"hu\",\"potentialAction\":[{\"@type\":\"ReadAction\",\"target\":[\"https:\/\/mnamk.hu\/index-old.php\/iskola\/koezzeteteli-suli\/\"]}]},{\"@type\":\"BreadcrumbList\",\"@id\":\"https:\/\/mnamk.hu\/index-old.php\/iskola\/koezzeteteli-suli\/#breadcrumb\",\"itemListElement\":[{\"@type\":\"ListItem\",\"position\":1,\"name\":\"Startseite\",\"item\":\"https:\/\/mnamk.hu\/\"},{\"@type\":\"ListItem\",\"position\":2,\"name\":\"Egys\u00e9ges Iskola\",\"item\":\"https:\/\/mnamk.hu\/index-old.php\/iskola\/\"},{\"@type\":\"ListItem\",\"position\":3,\"name\":\"K\u00f6zz\u00e9t\u00e9teli lista &#8211; iskola\"}]},{\"@type\":\"WebSite\",\"@id\":\"https:\/\/mnamk.hu\/index-old.php\/#website\",\"url\":\"https:\/\/mnamk.hu\/index-old.php\/\",\"name\":\"MN\u00c1MK-UBZ\",\"description\":\"\",\"publisher\":{\"@id\":\"https:\/\/mnamk.hu\/index-old.php\/#organization\"},\"potentialAction\":[{\"@type\":\"SearchAction\",\"target\":{\"@type\":\"EntryPoint\",\"urlTemplate\":\"https:\/\/mnamk.hu\/index-old.php\/?s={search_term_string}\"},\"query-input\":\"required name=search_term_string\"}],\"inLanguage\":\"hu\"},{\"@type\":\"Organization\",\"@id\":\"https:\/\/mnamk.hu\/index-old.php\/#organization\",\"name\":\"MNAMK\",\"url\":\"https:\/\/mnamk.hu\/index-old.php\/\",\"logo\":{\"@type\":\"ImageObject\",\"inLanguage\":\"hu\",\"@id\":\"https:\/\/mnamk.hu\/index-old.php\/#\/schema\/logo\/image\/\",\"url\":\"https:\/\/mnamk.hu\/wp\/wp-content\/uploads\/2020\/08\/logo.jpg\",\"contentUrl\":\"https:\/\/mnamk.hu\/wp\/wp-content\/uploads\/2020\/08\/logo.jpg\",\"width\":482,\"height\":276,\"caption\":\"MNAMK\"},\"image\":{\"@id\":\"https:\/\/mnamk.hu\/index-old.php\/#\/schema\/logo\/image\/\"}}]}<\/script>\n<!-- \/ Yoast SEO plugin. -->","yoast_head_json":{"title":"K\u00f6zz\u00e9t\u00e9teli lista - iskola - MN\u00c1MK-UBZ","robots":{"index":"index","follow":"follow","max-snippet":"max-snippet:-1","max-image-preview":"max-image-preview:large","max-video-preview":"max-video-preview:-1"},"canonical":"https:\/\/mnamk.hu\/index-old.php\/iskola\/koezzeteteli-suli\/","og_locale":"hu_HU","og_type":"article","og_title":"K\u00f6zz\u00e9t\u00e9teli lista - iskola - MN\u00c1MK-UBZ","og_description":"T\u00e1j\u00e9koztat\u00f3 a 2023\/2024. tan\u00e9vben az MN\u00c1MK-ban 11. \u00e9vfolyamon v\u00e1laszthat\u00f3 tant\u00e1rgyakr\u00f3l A tan\u00f3r\u00e1n k\u00edv\u00fcli egy\u00e9b foglalkoz\u00e1sok ig\u00e9nybev\u00e9tel\u00e9nek lehet\u0151s\u00e9gei Felv\u00e9teli lehet\u0151s\u00e9gek H\u00e1zi feladatok szab\u00e1lyoz\u00e1sa H\u00e1zirend Hausordnung Deutsch 2022 Iskolai tan\u00e9v helyi rendje Nyitva tart\u00e1s rendje Oszt\u00e1lyoz\u00f3 vizsg\u00e1k Pedag\u00f3giai \u00e9s M\u0171vel\u0151d\u00e9si Program P\u00e4dagogisches und Kulturelles Programm Pedag\u00f3gusok szakk\u00e9pzetts\u00e9ge Szervezeti \u00e9s m\u0171k\u00f6d\u00e9si szab\u00e1lyzat Gesch\u00e4ftsordnung T\u00e9r\u00edt\u00e9si d\u00edj Digitalis oktat\u00e1s t\u00e1j\u00e9koztat\u00f3 [&hellip;]","og_url":"https:\/\/mnamk.hu\/index-old.php\/iskola\/koezzeteteli-suli\/","og_site_name":"MN\u00c1MK-UBZ","article_modified_time":"2024-01-09T13:44:44+00:00","twitter_card":"summary_large_image","twitter_misc":{"Becs\u00fclt olvas\u00e1si id\u0151":"1 perc"},"schema":{"@context":"https:\/\/schema.org","@graph":[{"@type":"WebPage","@id":"https:\/\/mnamk.hu\/index-old.php\/iskola\/koezzeteteli-suli\/","url":"https:\/\/mnamk.hu\/index-old.php\/iskola\/koezzeteteli-suli\/","name":"K\u00f6zz\u00e9t\u00e9teli lista - iskola - MN\u00c1MK-UBZ","isPartOf":{"@id":"https:\/\/mnamk.hu\/index-old.php\/#website"},"datePublished":"2022-01-06T13:56:30+00:00","dateModified":"2024-01-09T13:44:44+00:00","breadcrumb":{"@id":"https:\/\/mnamk.hu\/index-old.php\/iskola\/koezzeteteli-suli\/#breadcrumb"},"inLanguage":"hu","potentialAction":[{"@type":"ReadAction","target":["https:\/\/mnamk.hu\/index-old.php\/iskola\/koezzeteteli-suli\/"]}]},{"@type":"BreadcrumbList","@id":"https:\/\/mnamk.hu\/index-old.php\/iskola\/koezzeteteli-suli\/#breadcrumb","itemListElement":[{"@type":"ListItem","position":1,"name":"Startseite","item":"https:\/\/mnamk.hu\/"},{"@type":"ListItem","position":2,"name":"Egys\u00e9ges Iskola","item":"https:\/\/mnamk.hu\/index-old.php\/iskola\/"},{"@type":"ListItem","position":3,"name":"K\u00f6zz\u00e9t\u00e9teli lista &#8211; iskola"}]},{"@type":"WebSite","@id":"https:\/\/mnamk.hu\/index-old.php\/#website","url":"https:\/\/mnamk.hu\/index-old.php\/","name":"MN\u00c1MK-UBZ","description":"","publisher":{"@id":"https:\/\/mnamk.hu\/index-old.php\/#organization"},"potentialAction":[{"@type":"SearchAction","target":{"@type":"EntryPoint","urlTemplate":"https:\/\/mnamk.hu\/index-old.php\/?s={search_term_string}"},"query-input":"required name=search_term_string"}],"inLanguage":"hu"},{"@type":"Organization","@id":"https:\/\/mnamk.hu\/index-old.php\/#organization","name":"MNAMK","url":"https:\/\/mnamk.hu\/index-old.php\/","logo":{"@type":"ImageObject","inLanguage":"hu","@id":"https:\/\/mnamk.hu\/index-old.php\/#\/schema\/logo\/image\/","url":"https:\/\/mnamk.hu\/wp\/wp-content\/uploads\/2020\/08\/logo.jpg","contentUrl":"https:\/\/mnamk.hu\/wp\/wp-content\/uploads\/2020\/08\/logo.jpg","width":482,"height":276,"caption":"MNAMK"},"image":{"@id":"https:\/\/mnamk.hu\/index-old.php\/#\/schema\/logo\/image\/"}}]}},"_links":{"self":[{"href":"https:\/\/mnamk.hu\/index-old.php\/wp-json\/wp\/v2\/pages\/15141","targetHints":{"allow":["GET"]}}],"collection":[{"href":"https:\/\/mnamk.hu\/index-old.php\/wp-json\/wp\/v2\/pages"}],"about":[{"href":"https:\/\/mnamk.hu\/index-old.php\/wp-json\/wp\/v2\/types\/page"}],"author":[{"embeddable":true,"href":"https:\/\/mnamk.hu\/index-old.php\/wp-json\/wp\/v2\/users\/22"}],"replies":[{"embeddable":true,"href":"https:\/\/mnamk.hu\/index-old.php\/wp-json\/wp\/v2\/comments?post=15141"}],"version-history":[{"count":4,"href":"https:\/\/mnamk.hu\/index-old.php\/wp-json\/wp\/v2\/pages\/15141\/revisions"}],"predecessor-version":[{"id":53203,"href":"https:\/\/mnamk.hu\/index-old.php\/wp-json\/wp\/v2\/pages\/15141\/revisions\/53203"}],"up":[{"embeddable":true,"href":"https:\/\/mnamk.hu\/index-old.php\/wp-json\/wp\/v2\/pages\/15132"}],"wp:attachment":[{"href":"https:\/\/mnamk.hu\/index-old.php\/wp-json\/wp\/v2\/media?parent=15141"}],"curies":[{"name":"wp","href":"https:\/\/api.w.org\/{rel}","templated":true}]}}