{"id":15324,"date":"2019-12-09T21:37:20","date_gmt":"2019-12-09T21:37:20","guid":{"rendered":"https:\/\/mnamk.hu\/wp\/?page_id=15324"},"modified":"2023-10-02T13:34:10","modified_gmt":"2023-10-02T11:34:10","slug":"intezmenytortenete","status":"publish","type":"page","link":"https:\/\/mnamk.hu\/index-old.php\/intezmenytortenete\/","title":{"rendered":"Int\u00e9zm\u00e9nyt\u00f6rt\u00e9nete"},"content":{"rendered":"\n<p><strong>MAGYARORSZ\u00c1GI N\u00c9METEK \u00c1LTAL\u00c1NOS M\u0170VEL\u0150D\u00c9SI K\u00d6ZPONTJA INT\u00c9ZM\u00c9NYT\u00d6RT\u00c9NETE<\/strong><\/p>\n\n\n\n<p>A III. B\u00e9la Gimn\u00e1zium n\u00e9met nemzetis\u00e9gi tagozatak\u00e9nt kezdte m\u0171k\u00f6d\u00e9s\u00e9t &#8211; az 1956\/57. tan\u00e9vben &#8211; egy oszt\u00e1llyal. Minden tant\u00e1rgyat n\u00e9met nyelven tan\u00edtottak kiv\u00e9ve a magyar nyelv \u00e9s irodalmat.<br>1959. m\u00e1rcius 3-\u00e1n az iskola a N\u00e9met Nyelv\u0171 Gimn\u00e1zium n\u00e9ven \u00f6n\u00e1ll\u00f3 int\u00e9zm\u00e9nny\u00e9 v\u00e1lt, melynek igazgat\u00f3ja Schwalm P\u00e1l volt.<br>Az eddigi teljes n\u00e9metnyelv\u0171s\u00e9get fokozatosan v\u00e1ltotta fel a k\u00e9tnyelv\u0171s\u00e9g.<br>1960\/61-es tan\u00e9vt\u0151l a re\u00e1l t\u00e1rgyakat magyar, a hum\u00e1n t\u00e1rgyakat n\u00e9met nyelven tan\u00edtott\u00e1k.<br>1960. okt\u00f3ber 29-\u00e9n a N\u00e9met Nyelv\u0171 Gimn\u00e1zium egy n\u00e9vad\u00f3 \u00fcnneps\u00e9g keret\u00e9ben felvette a Frankel Le\u00f3 nevet.<br>1972-ben megkezdt\u00e9k a Frankel Le\u00f3 N\u00e9met Nyelv\u0171 Gimn\u00e1zium \u00f6n\u00e1ll\u00f3 \u00e9p\u00fclet\u00e9nek \u00e9p\u00edt\u00e9s\u00e9t, melyet a tanul\u00f3k \u00e9s a nevel\u0151k 1976. m\u00e1rcius 18-\u00e1n vettek birtokukba.<br>Az iskola ekkor 6 tanteremmel, 2 nyelvi teremmel, 2 term\u00e9szettudom\u00e1nyi el\u0151ad\u00f3val, szert\u00e1rral \u00e9s nevel\u0151i szob\u00e1val rendelkezett. Lehet\u0151v\u00e9 v\u00e1lt p\u00e1rhuzamos oszt\u00e1lyok ind\u00edt\u00e1sa. 1981. szeptember 1-j\u00e9n kett\u0151 els\u0151 oszt\u00e1ly indult. Az 1988\/89-es tan\u00e9vt\u0151l az \u00fagynevezett 0. \u00e9vfolyam indult, melynek c\u00e9lja a n\u00e9met anyanyelv visszaszerz\u00e9se, magasabb szinten t\u00f6rt\u00e9n\u0151 elsaj\u00e1t\u00edt\u00e1sa. 1990. szeptember 1-j\u00e9n a Frankel Le\u00f3 N\u00e9met Nyelv\u0171 Gimn\u00e1zium a &#8211; n\u00e9met-magyar k\u00f6z\u00f6s finansz\u00edroz\u00e1ssal meg\u00e9p\u00fclt &#8211; Magyarorsz\u00e1gi N\u00e9metek \u00c1ltal\u00e1nos M\u0171vel\u0151d\u00e9si K\u00f6zpont jelenlegi gimn\u00e1ziumi \u00e9p\u00fclet\u00e9ben kezdte meg m\u0171k\u00f6d\u00e9s\u00e9t, 9 gimn\u00e1ziumi oszt\u00e1llyal.<br>A Magyarorsz\u00e1gi N\u00e9metek \u00c1ltal\u00e1nos M\u0171vel\u0151d\u00e9si K\u00f6zpontja 1991 december\u00e9ben sportcsarnokkal b\u0151v\u00fclt, majd 1993. szeptember 1-j\u00e9n az \u00faj koll\u00e9giumot vett\u00e9k birtokukba a di\u00e1kok.<br>1995. j\u00fanius 14-\u00e9n a m\u00e1r teljesen elk\u00e9sz\u00fclt int\u00e9zm\u00e9ny \u00e1tad\u00e1si \u00fcnneps\u00e9g\u00e9re ker\u00fclt sor.<br>A jelenleg m\u0171k\u00f6d\u0151 int\u00e9zm\u00e9nyegys\u00e9gek:<br>&#8211; \u00d3voda<br>&#8211; \u00c1ltal\u00e1nos Iskola<br>&#8211; Gimn\u00e1zium<br>&#8211; Technikum<br>&#8211; Koll\u00e9gium<br>&#8211; K\u00f6zm\u0171vel\u0151d\u00e9si int\u00e9zm\u00e9nyegys\u00e9g<\/p>\n\n\n\n<p>A Magyarorsz\u00e1gi N\u00e9metek \u00c1ltal\u00e1nos M\u0171vel\u0151d\u00e9si K\u00f6zpontja sokoldal\u00fa tev\u00e9kenys\u00e9g\u00e9vel az itt \u00e9l\u0151 n\u00e9metek hagyom\u00e1nyainak, kult\u00far\u00e1j\u00e1nak \u00e9s nyelv\u00e9nek \u00e1pol\u00e1s\u00e1t szolg\u00e1lja. Politikai, kultur\u00e1lis \u00e9s tudom\u00e1nyos rendezv\u00e9nyek k\u00f6zpontja, de tal\u00e1lkoz\u00f3hely is, ahol sz\u00edvesen l\u00e1tott mindenki, aki \u00e9rdekl\u0151dik a n\u00e9met nyelv, kult\u00fara \u00e9s az eur\u00f3pai gondolatis\u00e1g ir\u00e1nt.<\/p>\n\n\n\n<p><\/p>\n","protected":false},"excerpt":{"rendered":"<p>MAGYARORSZ\u00c1GI N\u00c9METEK \u00c1LTAL\u00c1NOS M\u0170VEL\u0150D\u00c9SI K\u00d6ZPONTJA INT\u00c9ZM\u00c9NYT\u00d6RT\u00c9NETE A III. B\u00e9la Gimn\u00e1zium n\u00e9met nemzetis\u00e9gi tagozatak\u00e9nt kezdte m\u0171k\u00f6d\u00e9s\u00e9t &#8211; az 1956\/57. tan\u00e9vben &#8211; egy oszt\u00e1llyal. Minden tant\u00e1rgyat n\u00e9met nyelven tan\u00edtottak kiv\u00e9ve a magyar nyelv \u00e9s irodalmat.1959. m\u00e1rcius 3-\u00e1n az iskola a N\u00e9met Nyelv\u0171 Gimn\u00e1zium n\u00e9ven \u00f6n\u00e1ll\u00f3 int\u00e9zm\u00e9nny\u00e9 v\u00e1lt, melynek igazgat\u00f3ja Schwalm P\u00e1l volt.Az eddigi teljes n\u00e9metnyelv\u0171s\u00e9get fokozatosan v\u00e1ltotta [&hellip;]<\/p>\n","protected":false},"author":22,"featured_media":0,"parent":0,"menu_order":0,"comment_status":"closed","ping_status":"closed","template":"","meta":{"footnotes":""},"class_list":["post-15324","page","type-page","status-publish","hentry"],"yoast_head":"<!-- This site is optimized with the Yoast SEO plugin v20.9 - https:\/\/yoast.com\/wordpress\/plugins\/seo\/ -->\n<title>Int\u00e9zm\u00e9nyt\u00f6rt\u00e9nete - MN\u00c1MK-UBZ<\/title>\n<meta name=\"robots\" content=\"index, follow, max-snippet:-1, max-image-preview:large, max-video-preview:-1\" \/>\n<link rel=\"canonical\" href=\"https:\/\/mnamk.hu\/index-old.php\/intezmenytortenete\/\" \/>\n<meta property=\"og:locale\" content=\"hu_HU\" \/>\n<meta property=\"og:type\" content=\"article\" \/>\n<meta property=\"og:title\" content=\"Int\u00e9zm\u00e9nyt\u00f6rt\u00e9nete - MN\u00c1MK-UBZ\" \/>\n<meta property=\"og:description\" content=\"MAGYARORSZ\u00c1GI N\u00c9METEK \u00c1LTAL\u00c1NOS M\u0170VEL\u0150D\u00c9SI K\u00d6ZPONTJA INT\u00c9ZM\u00c9NYT\u00d6RT\u00c9NETE A III. B\u00e9la Gimn\u00e1zium n\u00e9met nemzetis\u00e9gi tagozatak\u00e9nt kezdte m\u0171k\u00f6d\u00e9s\u00e9t &#8211; az 1956\/57. tan\u00e9vben &#8211; egy oszt\u00e1llyal. Minden tant\u00e1rgyat n\u00e9met nyelven tan\u00edtottak kiv\u00e9ve a magyar nyelv \u00e9s irodalmat.1959. m\u00e1rcius 3-\u00e1n az iskola a N\u00e9met Nyelv\u0171 Gimn\u00e1zium n\u00e9ven \u00f6n\u00e1ll\u00f3 int\u00e9zm\u00e9nny\u00e9 v\u00e1lt, melynek igazgat\u00f3ja Schwalm P\u00e1l volt.Az eddigi teljes n\u00e9metnyelv\u0171s\u00e9get fokozatosan v\u00e1ltotta [&hellip;]\" \/>\n<meta property=\"og:url\" content=\"https:\/\/mnamk.hu\/index-old.php\/intezmenytortenete\/\" \/>\n<meta property=\"og:site_name\" content=\"MN\u00c1MK-UBZ\" \/>\n<meta property=\"article:modified_time\" content=\"2023-10-02T11:34:10+00:00\" \/>\n<meta name=\"twitter:card\" content=\"summary_large_image\" \/>\n<meta name=\"twitter:label1\" content=\"Becs\u00fclt olvas\u00e1si id\u0151\" \/>\n\t<meta name=\"twitter:data1\" content=\"2 perc\" \/>\n<script type=\"application\/ld+json\" class=\"yoast-schema-graph\">{\"@context\":\"https:\/\/schema.org\",\"@graph\":[{\"@type\":\"WebPage\",\"@id\":\"https:\/\/mnamk.hu\/index-old.php\/intezmenytortenete\/\",\"url\":\"https:\/\/mnamk.hu\/index-old.php\/intezmenytortenete\/\",\"name\":\"Int\u00e9zm\u00e9nyt\u00f6rt\u00e9nete - MN\u00c1MK-UBZ\",\"isPartOf\":{\"@id\":\"https:\/\/mnamk.hu\/index-old.php\/#website\"},\"datePublished\":\"2019-12-09T21:37:20+00:00\",\"dateModified\":\"2023-10-02T11:34:10+00:00\",\"breadcrumb\":{\"@id\":\"https:\/\/mnamk.hu\/index-old.php\/intezmenytortenete\/#breadcrumb\"},\"inLanguage\":\"hu\",\"potentialAction\":[{\"@type\":\"ReadAction\",\"target\":[\"https:\/\/mnamk.hu\/index-old.php\/intezmenytortenete\/\"]}]},{\"@type\":\"BreadcrumbList\",\"@id\":\"https:\/\/mnamk.hu\/index-old.php\/intezmenytortenete\/#breadcrumb\",\"itemListElement\":[{\"@type\":\"ListItem\",\"position\":1,\"name\":\"Startseite\",\"item\":\"https:\/\/mnamk.hu\/\"},{\"@type\":\"ListItem\",\"position\":2,\"name\":\"Int\u00e9zm\u00e9nyt\u00f6rt\u00e9nete\"}]},{\"@type\":\"WebSite\",\"@id\":\"https:\/\/mnamk.hu\/index-old.php\/#website\",\"url\":\"https:\/\/mnamk.hu\/index-old.php\/\",\"name\":\"MN\u00c1MK-UBZ\",\"description\":\"\",\"publisher\":{\"@id\":\"https:\/\/mnamk.hu\/index-old.php\/#organization\"},\"potentialAction\":[{\"@type\":\"SearchAction\",\"target\":{\"@type\":\"EntryPoint\",\"urlTemplate\":\"https:\/\/mnamk.hu\/index-old.php\/?s={search_term_string}\"},\"query-input\":\"required name=search_term_string\"}],\"inLanguage\":\"hu\"},{\"@type\":\"Organization\",\"@id\":\"https:\/\/mnamk.hu\/index-old.php\/#organization\",\"name\":\"MNAMK\",\"url\":\"https:\/\/mnamk.hu\/index-old.php\/\",\"logo\":{\"@type\":\"ImageObject\",\"inLanguage\":\"hu\",\"@id\":\"https:\/\/mnamk.hu\/index-old.php\/#\/schema\/logo\/image\/\",\"url\":\"https:\/\/mnamk.hu\/wp\/wp-content\/uploads\/2020\/08\/logo.jpg\",\"contentUrl\":\"https:\/\/mnamk.hu\/wp\/wp-content\/uploads\/2020\/08\/logo.jpg\",\"width\":482,\"height\":276,\"caption\":\"MNAMK\"},\"image\":{\"@id\":\"https:\/\/mnamk.hu\/index-old.php\/#\/schema\/logo\/image\/\"}}]}<\/script>\n<!-- \/ Yoast SEO plugin. -->","yoast_head_json":{"title":"Int\u00e9zm\u00e9nyt\u00f6rt\u00e9nete - MN\u00c1MK-UBZ","robots":{"index":"index","follow":"follow","max-snippet":"max-snippet:-1","max-image-preview":"max-image-preview:large","max-video-preview":"max-video-preview:-1"},"canonical":"https:\/\/mnamk.hu\/index-old.php\/intezmenytortenete\/","og_locale":"hu_HU","og_type":"article","og_title":"Int\u00e9zm\u00e9nyt\u00f6rt\u00e9nete - MN\u00c1MK-UBZ","og_description":"MAGYARORSZ\u00c1GI N\u00c9METEK \u00c1LTAL\u00c1NOS M\u0170VEL\u0150D\u00c9SI K\u00d6ZPONTJA INT\u00c9ZM\u00c9NYT\u00d6RT\u00c9NETE A III. B\u00e9la Gimn\u00e1zium n\u00e9met nemzetis\u00e9gi tagozatak\u00e9nt kezdte m\u0171k\u00f6d\u00e9s\u00e9t &#8211; az 1956\/57. tan\u00e9vben &#8211; egy oszt\u00e1llyal. Minden tant\u00e1rgyat n\u00e9met nyelven tan\u00edtottak kiv\u00e9ve a magyar nyelv \u00e9s irodalmat.1959. m\u00e1rcius 3-\u00e1n az iskola a N\u00e9met Nyelv\u0171 Gimn\u00e1zium n\u00e9ven \u00f6n\u00e1ll\u00f3 int\u00e9zm\u00e9nny\u00e9 v\u00e1lt, melynek igazgat\u00f3ja Schwalm P\u00e1l volt.Az eddigi teljes n\u00e9metnyelv\u0171s\u00e9get fokozatosan v\u00e1ltotta [&hellip;]","og_url":"https:\/\/mnamk.hu\/index-old.php\/intezmenytortenete\/","og_site_name":"MN\u00c1MK-UBZ","article_modified_time":"2023-10-02T11:34:10+00:00","twitter_card":"summary_large_image","twitter_misc":{"Becs\u00fclt olvas\u00e1si id\u0151":"2 perc"},"schema":{"@context":"https:\/\/schema.org","@graph":[{"@type":"WebPage","@id":"https:\/\/mnamk.hu\/index-old.php\/intezmenytortenete\/","url":"https:\/\/mnamk.hu\/index-old.php\/intezmenytortenete\/","name":"Int\u00e9zm\u00e9nyt\u00f6rt\u00e9nete - MN\u00c1MK-UBZ","isPartOf":{"@id":"https:\/\/mnamk.hu\/index-old.php\/#website"},"datePublished":"2019-12-09T21:37:20+00:00","dateModified":"2023-10-02T11:34:10+00:00","breadcrumb":{"@id":"https:\/\/mnamk.hu\/index-old.php\/intezmenytortenete\/#breadcrumb"},"inLanguage":"hu","potentialAction":[{"@type":"ReadAction","target":["https:\/\/mnamk.hu\/index-old.php\/intezmenytortenete\/"]}]},{"@type":"BreadcrumbList","@id":"https:\/\/mnamk.hu\/index-old.php\/intezmenytortenete\/#breadcrumb","itemListElement":[{"@type":"ListItem","position":1,"name":"Startseite","item":"https:\/\/mnamk.hu\/"},{"@type":"ListItem","position":2,"name":"Int\u00e9zm\u00e9nyt\u00f6rt\u00e9nete"}]},{"@type":"WebSite","@id":"https:\/\/mnamk.hu\/index-old.php\/#website","url":"https:\/\/mnamk.hu\/index-old.php\/","name":"MN\u00c1MK-UBZ","description":"","publisher":{"@id":"https:\/\/mnamk.hu\/index-old.php\/#organization"},"potentialAction":[{"@type":"SearchAction","target":{"@type":"EntryPoint","urlTemplate":"https:\/\/mnamk.hu\/index-old.php\/?s={search_term_string}"},"query-input":"required name=search_term_string"}],"inLanguage":"hu"},{"@type":"Organization","@id":"https:\/\/mnamk.hu\/index-old.php\/#organization","name":"MNAMK","url":"https:\/\/mnamk.hu\/index-old.php\/","logo":{"@type":"ImageObject","inLanguage":"hu","@id":"https:\/\/mnamk.hu\/index-old.php\/#\/schema\/logo\/image\/","url":"https:\/\/mnamk.hu\/wp\/wp-content\/uploads\/2020\/08\/logo.jpg","contentUrl":"https:\/\/mnamk.hu\/wp\/wp-content\/uploads\/2020\/08\/logo.jpg","width":482,"height":276,"caption":"MNAMK"},"image":{"@id":"https:\/\/mnamk.hu\/index-old.php\/#\/schema\/logo\/image\/"}}]}},"_links":{"self":[{"href":"https:\/\/mnamk.hu\/index-old.php\/wp-json\/wp\/v2\/pages\/15324","targetHints":{"allow":["GET"]}}],"collection":[{"href":"https:\/\/mnamk.hu\/index-old.php\/wp-json\/wp\/v2\/pages"}],"about":[{"href":"https:\/\/mnamk.hu\/index-old.php\/wp-json\/wp\/v2\/types\/page"}],"author":[{"embeddable":true,"href":"https:\/\/mnamk.hu\/index-old.php\/wp-json\/wp\/v2\/users\/22"}],"replies":[{"embeddable":true,"href":"https:\/\/mnamk.hu\/index-old.php\/wp-json\/wp\/v2\/comments?post=15324"}],"version-history":[{"count":5,"href":"https:\/\/mnamk.hu\/index-old.php\/wp-json\/wp\/v2\/pages\/15324\/revisions"}],"predecessor-version":[{"id":51276,"href":"https:\/\/mnamk.hu\/index-old.php\/wp-json\/wp\/v2\/pages\/15324\/revisions\/51276"}],"wp:attachment":[{"href":"https:\/\/mnamk.hu\/index-old.php\/wp-json\/wp\/v2\/media?parent=15324"}],"curies":[{"name":"wp","href":"https:\/\/api.w.org\/{rel}","templated":true}]}}