{"id":20714,"date":"2020-08-03T08:52:34","date_gmt":"2020-08-03T08:52:34","guid":{"rendered":"https:\/\/mnamk.hu\/wp\/?page_id=20714"},"modified":"2020-09-17T08:34:28","modified_gmt":"2020-09-17T08:34:28","slug":"das-projekt-schachtel-macht-schule-am-ubz","status":"publish","type":"page","link":"https:\/\/mnamk.hu\/index-old.php\/de\/das-projekt-schachtel-macht-schule-am-ubz\/","title":{"rendered":"Das Projekt &#8222;Schachtel macht Schule&#8221; am UBZ"},"content":{"rendered":"\n<p>Das Programm &#8222;Schachtel macht Schule&#8221; ist das B\u00fcndel von Projekten und Aktivit\u00e4ten, mit denen die Ulmer Schachtel ins Schulleben eingebunden wird und zu einem lebendigen, zentralen und wertvollen Lernort f\u00fcr Sch\u00fclerInnen des UBZ wird.<\/p>\n\n\n\n<ul class=\"wp-block-list\"><li><a href=\"https:\/\/mnamk.hu\/wp\/de\/schachtel-macht-schule-projektbeschreibung\/\">Schachtel macht Schule ? Projektbeschreibung<\/a><\/li><li><a href=\"https:\/\/mnamk.hu\/wp\/de\/film-ueber-das-projekt\/\">Film \u00fcber das Projekt<\/a><\/li><li><a href=\"https:\/\/mnamk.hu\/wp\/de\/prezi-ueber-das-projekt\/\">Prezi \u00fcber das Projekt<\/a><\/li><li><a href=\"https:\/\/mnamk.hu\/wp\/de\/ausstellung-ulmer-schachtel-schiffsmodelle-im-ubz\/\">Ausstellung Ulmer Schachtel ? Schiffsmodelle ? im UBZ<\/a><\/li><li><a href=\"https:\/\/mnamk.hu\/wp\/de\/deutschlandfahrt-der-tanzgruppe-vom-14-19-mai-2018\/\">Deutschlandfahrt der Tanzgruppe vom 14.-19. Mai 2018<\/a><\/li><li><a href=\"https:\/\/mnamk.hu\/wp\/de\/schuelerinnen-uebersetzen-die-ausstellungstexte-zur-schachtel\/\">Sch\u00fclerInnen \u00fcbersetzen die Ausstellungstexte zur Schachtel<\/a><\/li><li><a href=\"https:\/\/mnamk.hu\/wp\/de\/die-ulmer-schachtel-zum-ausmalen-2\/\">Die Ulmer Schachtel zum Ausmalen<\/a><\/li><li><a href=\"https:\/\/mnamk.hu\/wp\/de\/schuelerhostessen-bei-der-schachteleroeffnung\/\">Sch\u00fclerhostessen bei der Schachteler\u00f6ffnung<\/a><\/li><li><a href=\"https:\/\/mnamk.hu\/wp\/de\/kinderbetreuung-bei-der-eroeffnungsfeier-der-ulmer-schachtel\/\">Kinderbetreuung bei der Er\u00f6ffnungsfeier der Ulmer Schachtel<\/a><\/li><li><a href=\"https:\/\/mnamk.hu\/wp\/de\/was-fur-ein-theatertag\/\">Was f\u00fcr ein Theatertag!<\/a><\/li><li><a href=\"https:\/\/mnamk.hu\/wp\/de\/ulmer-schachtel-am-theatertag\/\">Ulmer Schachtel am Theatertag<\/a><\/li><li><a href=\"https:\/\/mnamk.hu\/wp\/de\/schulerinnen-machen-den-schachtelfuhrerschein\/\">Sch\u00fclerInnen machen den Schachtelf\u00fchrerschein<\/a><\/li><li><a href=\"https:\/\/mnamk.hu\/wp\/de\/unterrichtsmaterialien-zur-schachtel\/\">Unterrichtsmaterialien zur Schachtel<\/a><\/li><\/ul>\n","protected":false},"excerpt":{"rendered":"<p>Das Programm &#8222;Schachtel macht Schule&#8221; ist das B\u00fcndel von Projekten und Aktivit\u00e4ten, mit denen die Ulmer Schachtel ins Schulleben eingebunden wird und zu einem lebendigen, zentralen und wertvollen Lernort f\u00fcr Sch\u00fclerInnen des UBZ wird. Schachtel macht Schule ? Projektbeschreibung Film \u00fcber das Projekt Prezi \u00fcber das Projekt Ausstellung Ulmer Schachtel ? Schiffsmodelle ? im UBZ [&hellip;]<\/p>\n","protected":false},"author":22,"featured_media":16498,"parent":0,"menu_order":0,"comment_status":"closed","ping_status":"closed","template":"","meta":{"footnotes":""},"class_list":["post-20714","page","type-page","status-publish","has-post-thumbnail","hentry"],"yoast_head":"<!-- This site is optimized with the Yoast SEO plugin v20.9 - https:\/\/yoast.com\/wordpress\/plugins\/seo\/ -->\n<title>Das Projekt &quot;Schachtel macht Schule&quot; am UBZ - MN\u00c1MK-UBZ<\/title>\n<meta name=\"robots\" content=\"index, follow, max-snippet:-1, max-image-preview:large, max-video-preview:-1\" \/>\n<link rel=\"canonical\" href=\"https:\/\/mnamk.hu\/index-old.php\/de\/das-projekt-schachtel-macht-schule-am-ubz\/\" \/>\n<meta property=\"og:locale\" content=\"hu_HU\" \/>\n<meta property=\"og:type\" content=\"article\" \/>\n<meta property=\"og:title\" content=\"Das Projekt &quot;Schachtel macht Schule&quot; am UBZ - MN\u00c1MK-UBZ\" \/>\n<meta property=\"og:description\" content=\"Das Programm &#8222;Schachtel macht Schule&#8221; ist das B\u00fcndel von Projekten und Aktivit\u00e4ten, mit denen die Ulmer Schachtel ins Schulleben eingebunden wird und zu einem lebendigen, zentralen und wertvollen Lernort f\u00fcr Sch\u00fclerInnen des UBZ wird. Schachtel macht Schule ? Projektbeschreibung Film \u00fcber das Projekt Prezi \u00fcber das Projekt Ausstellung Ulmer Schachtel ? Schiffsmodelle ? im UBZ [&hellip;]\" \/>\n<meta property=\"og:url\" content=\"https:\/\/mnamk.hu\/index-old.php\/de\/das-projekt-schachtel-macht-schule-am-ubz\/\" \/>\n<meta property=\"og:site_name\" content=\"MN\u00c1MK-UBZ\" \/>\n<meta property=\"article:modified_time\" content=\"2020-09-17T08:34:28+00:00\" \/>\n<meta property=\"og:image\" content=\"https:\/\/mnamk.hu\/wp\/wp-content\/uploads\/2020\/01\/SchachtelBanner.jpg\" \/>\n\t<meta property=\"og:image:width\" content=\"1200\" \/>\n\t<meta property=\"og:image:height\" content=\"429\" \/>\n\t<meta property=\"og:image:type\" content=\"image\/jpeg\" \/>\n<meta name=\"twitter:card\" content=\"summary_large_image\" \/>\n<script type=\"application\/ld+json\" class=\"yoast-schema-graph\">{\"@context\":\"https:\/\/schema.org\",\"@graph\":[{\"@type\":\"WebPage\",\"@id\":\"https:\/\/mnamk.hu\/index-old.php\/de\/das-projekt-schachtel-macht-schule-am-ubz\/\",\"url\":\"https:\/\/mnamk.hu\/index-old.php\/de\/das-projekt-schachtel-macht-schule-am-ubz\/\",\"name\":\"Das Projekt \\\"Schachtel macht Schule\\\" am UBZ - MN\u00c1MK-UBZ\",\"isPartOf\":{\"@id\":\"https:\/\/mnamk.hu\/index-old.php\/#website\"},\"datePublished\":\"2020-08-03T08:52:34+00:00\",\"dateModified\":\"2020-09-17T08:34:28+00:00\",\"breadcrumb\":{\"@id\":\"https:\/\/mnamk.hu\/index-old.php\/de\/das-projekt-schachtel-macht-schule-am-ubz\/#breadcrumb\"},\"inLanguage\":\"hu\",\"potentialAction\":[{\"@type\":\"ReadAction\",\"target\":[\"https:\/\/mnamk.hu\/index-old.php\/de\/das-projekt-schachtel-macht-schule-am-ubz\/\"]}]},{\"@type\":\"BreadcrumbList\",\"@id\":\"https:\/\/mnamk.hu\/index-old.php\/de\/das-projekt-schachtel-macht-schule-am-ubz\/#breadcrumb\",\"itemListElement\":[{\"@type\":\"ListItem\",\"position\":1,\"name\":\"Startseite\",\"item\":\"https:\/\/mnamk.hu\/\"},{\"@type\":\"ListItem\",\"position\":2,\"name\":\"Das Projekt &#8222;Schachtel macht Schule&#8220; am UBZ\"}]},{\"@type\":\"WebSite\",\"@id\":\"https:\/\/mnamk.hu\/index-old.php\/#website\",\"url\":\"https:\/\/mnamk.hu\/index-old.php\/\",\"name\":\"MN\u00c1MK-UBZ\",\"description\":\"\",\"publisher\":{\"@id\":\"https:\/\/mnamk.hu\/index-old.php\/#organization\"},\"potentialAction\":[{\"@type\":\"SearchAction\",\"target\":{\"@type\":\"EntryPoint\",\"urlTemplate\":\"https:\/\/mnamk.hu\/index-old.php\/?s={search_term_string}\"},\"query-input\":\"required name=search_term_string\"}],\"inLanguage\":\"hu\"},{\"@type\":\"Organization\",\"@id\":\"https:\/\/mnamk.hu\/index-old.php\/#organization\",\"name\":\"MNAMK\",\"url\":\"https:\/\/mnamk.hu\/index-old.php\/\",\"logo\":{\"@type\":\"ImageObject\",\"inLanguage\":\"hu\",\"@id\":\"https:\/\/mnamk.hu\/index-old.php\/#\/schema\/logo\/image\/\",\"url\":\"https:\/\/mnamk.hu\/wp\/wp-content\/uploads\/2020\/08\/logo.jpg\",\"contentUrl\":\"https:\/\/mnamk.hu\/wp\/wp-content\/uploads\/2020\/08\/logo.jpg\",\"width\":482,\"height\":276,\"caption\":\"MNAMK\"},\"image\":{\"@id\":\"https:\/\/mnamk.hu\/index-old.php\/#\/schema\/logo\/image\/\"}}]}<\/script>\n<!-- \/ Yoast SEO plugin. -->","yoast_head_json":{"title":"Das Projekt \"Schachtel macht Schule\" am UBZ - MN\u00c1MK-UBZ","robots":{"index":"index","follow":"follow","max-snippet":"max-snippet:-1","max-image-preview":"max-image-preview:large","max-video-preview":"max-video-preview:-1"},"canonical":"https:\/\/mnamk.hu\/index-old.php\/de\/das-projekt-schachtel-macht-schule-am-ubz\/","og_locale":"hu_HU","og_type":"article","og_title":"Das Projekt \"Schachtel macht Schule\" am UBZ - MN\u00c1MK-UBZ","og_description":"Das Programm &#8222;Schachtel macht Schule&#8221; ist das B\u00fcndel von Projekten und Aktivit\u00e4ten, mit denen die Ulmer Schachtel ins Schulleben eingebunden wird und zu einem lebendigen, zentralen und wertvollen Lernort f\u00fcr Sch\u00fclerInnen des UBZ wird. Schachtel macht Schule ? Projektbeschreibung Film \u00fcber das Projekt Prezi \u00fcber das Projekt Ausstellung Ulmer Schachtel ? Schiffsmodelle ? im UBZ [&hellip;]","og_url":"https:\/\/mnamk.hu\/index-old.php\/de\/das-projekt-schachtel-macht-schule-am-ubz\/","og_site_name":"MN\u00c1MK-UBZ","article_modified_time":"2020-09-17T08:34:28+00:00","og_image":[{"width":1200,"height":429,"url":"https:\/\/mnamk.hu\/wp\/wp-content\/uploads\/2020\/01\/SchachtelBanner.jpg","type":"image\/jpeg"}],"twitter_card":"summary_large_image","schema":{"@context":"https:\/\/schema.org","@graph":[{"@type":"WebPage","@id":"https:\/\/mnamk.hu\/index-old.php\/de\/das-projekt-schachtel-macht-schule-am-ubz\/","url":"https:\/\/mnamk.hu\/index-old.php\/de\/das-projekt-schachtel-macht-schule-am-ubz\/","name":"Das Projekt \"Schachtel macht Schule\" am UBZ - MN\u00c1MK-UBZ","isPartOf":{"@id":"https:\/\/mnamk.hu\/index-old.php\/#website"},"datePublished":"2020-08-03T08:52:34+00:00","dateModified":"2020-09-17T08:34:28+00:00","breadcrumb":{"@id":"https:\/\/mnamk.hu\/index-old.php\/de\/das-projekt-schachtel-macht-schule-am-ubz\/#breadcrumb"},"inLanguage":"hu","potentialAction":[{"@type":"ReadAction","target":["https:\/\/mnamk.hu\/index-old.php\/de\/das-projekt-schachtel-macht-schule-am-ubz\/"]}]},{"@type":"BreadcrumbList","@id":"https:\/\/mnamk.hu\/index-old.php\/de\/das-projekt-schachtel-macht-schule-am-ubz\/#breadcrumb","itemListElement":[{"@type":"ListItem","position":1,"name":"Startseite","item":"https:\/\/mnamk.hu\/"},{"@type":"ListItem","position":2,"name":"Das Projekt &#8222;Schachtel macht Schule&#8220; am UBZ"}]},{"@type":"WebSite","@id":"https:\/\/mnamk.hu\/index-old.php\/#website","url":"https:\/\/mnamk.hu\/index-old.php\/","name":"MN\u00c1MK-UBZ","description":"","publisher":{"@id":"https:\/\/mnamk.hu\/index-old.php\/#organization"},"potentialAction":[{"@type":"SearchAction","target":{"@type":"EntryPoint","urlTemplate":"https:\/\/mnamk.hu\/index-old.php\/?s={search_term_string}"},"query-input":"required name=search_term_string"}],"inLanguage":"hu"},{"@type":"Organization","@id":"https:\/\/mnamk.hu\/index-old.php\/#organization","name":"MNAMK","url":"https:\/\/mnamk.hu\/index-old.php\/","logo":{"@type":"ImageObject","inLanguage":"hu","@id":"https:\/\/mnamk.hu\/index-old.php\/#\/schema\/logo\/image\/","url":"https:\/\/mnamk.hu\/wp\/wp-content\/uploads\/2020\/08\/logo.jpg","contentUrl":"https:\/\/mnamk.hu\/wp\/wp-content\/uploads\/2020\/08\/logo.jpg","width":482,"height":276,"caption":"MNAMK"},"image":{"@id":"https:\/\/mnamk.hu\/index-old.php\/#\/schema\/logo\/image\/"}}]}},"_links":{"self":[{"href":"https:\/\/mnamk.hu\/index-old.php\/wp-json\/wp\/v2\/pages\/20714","targetHints":{"allow":["GET"]}}],"collection":[{"href":"https:\/\/mnamk.hu\/index-old.php\/wp-json\/wp\/v2\/pages"}],"about":[{"href":"https:\/\/mnamk.hu\/index-old.php\/wp-json\/wp\/v2\/types\/page"}],"author":[{"embeddable":true,"href":"https:\/\/mnamk.hu\/index-old.php\/wp-json\/wp\/v2\/users\/22"}],"replies":[{"embeddable":true,"href":"https:\/\/mnamk.hu\/index-old.php\/wp-json\/wp\/v2\/comments?post=20714"}],"version-history":[{"count":0,"href":"https:\/\/mnamk.hu\/index-old.php\/wp-json\/wp\/v2\/pages\/20714\/revisions"}],"wp:featuredmedia":[{"embeddable":true,"href":"https:\/\/mnamk.hu\/index-old.php\/wp-json\/wp\/v2\/media\/16498"}],"wp:attachment":[{"href":"https:\/\/mnamk.hu\/index-old.php\/wp-json\/wp\/v2\/media?parent=20714"}],"curies":[{"name":"wp","href":"https:\/\/api.w.org\/{rel}","templated":true}]}}