{"id":20734,"date":"2020-08-03T09:04:57","date_gmt":"2020-08-03T09:04:57","guid":{"rendered":"https:\/\/mnamk.hu\/wp\/?page_id=20734"},"modified":"2020-09-04T09:13:37","modified_gmt":"2020-09-04T09:13:37","slug":"unterrichtsmaterialien-zur-schachtel","status":"publish","type":"page","link":"https:\/\/mnamk.hu\/index-old.php\/de\/unterrichtsmaterialien-zur-schachtel\/","title":{"rendered":"Unterrichtsmaterialien zur Schachtel"},"content":{"rendered":"\n<p>Es gibt bereits ein umfangreiches Archiv an Unterrichtsmaterialien, das &#8211; nach unterschiedlichen Themengebieten, F\u00e4chern und Klassenstufen gegliedert &#8211; zum vielf\u00e4ltigen Einsatz im Unterricht und bei weiteren Projekten und Aktivit\u00e4ten kommt.<\/p>\n\n\n\n<figure class=\"wp-block-embed-youtube wp-block-embed is-type-video is-provider-youtube wp-embed-aspect-16-9 wp-has-aspect-ratio\"><div class=\"wp-block-embed__wrapper\">\n<iframe title=\"Unterrichtsmaterialien zur Ulmer Schachtel\" width=\"1150\" height=\"647\" src=\"https:\/\/www.youtube-nocookie.com\/embed\/s4_ruDAoha8?feature=oembed\" frameborder=\"0\" allow=\"accelerometer; autoplay; encrypted-media; gyroscope; picture-in-picture\" allowfullscreen><\/iframe>\n<\/div><\/figure>\n\n\n\n<figure class=\"wp-block-image size-large\"><img decoding=\"async\" width=\"675\" height=\"900\" src=\"https:\/\/mnamk.hu\/wp\/wp-content\/uploads\/2020\/08\/HoffnungGesellschaftsspiel.jpg\" alt=\"\" class=\"wp-image-20735\" srcset=\"https:\/\/mnamk.hu\/wp\/wp-content\/uploads\/2020\/08\/HoffnungGesellschaftsspiel.jpg 675w, https:\/\/mnamk.hu\/wp\/wp-content\/uploads\/2020\/08\/HoffnungGesellschaftsspiel-600x800.jpg 600w, https:\/\/mnamk.hu\/wp\/wp-content\/uploads\/2020\/08\/HoffnungGesellschaftsspiel-225x300.jpg 225w\" sizes=\"(max-width: 675px) 100vw, 675px\" \/><\/figure>\n","protected":false},"excerpt":{"rendered":"<p>Es gibt bereits ein umfangreiches Archiv an Unterrichtsmaterialien, das &#8211; nach unterschiedlichen Themengebieten, F\u00e4chern und Klassenstufen gegliedert &#8211; zum vielf\u00e4ltigen Einsatz im Unterricht und bei weiteren Projekten und Aktivit\u00e4ten kommt.<\/p>\n","protected":false},"author":22,"featured_media":20735,"parent":0,"menu_order":0,"comment_status":"closed","ping_status":"closed","template":"","meta":{"footnotes":""},"class_list":["post-20734","page","type-page","status-publish","has-post-thumbnail","hentry"],"yoast_head":"<!-- This site is optimized with the Yoast SEO plugin v20.9 - https:\/\/yoast.com\/wordpress\/plugins\/seo\/ -->\n<title>Unterrichtsmaterialien zur Schachtel - MN\u00c1MK-UBZ<\/title>\n<meta name=\"robots\" content=\"index, follow, max-snippet:-1, max-image-preview:large, max-video-preview:-1\" \/>\n<link rel=\"canonical\" href=\"https:\/\/mnamk.hu\/index-old.php\/de\/unterrichtsmaterialien-zur-schachtel\/\" \/>\n<meta property=\"og:locale\" content=\"hu_HU\" \/>\n<meta property=\"og:type\" content=\"article\" \/>\n<meta property=\"og:title\" content=\"Unterrichtsmaterialien zur Schachtel - MN\u00c1MK-UBZ\" \/>\n<meta property=\"og:description\" content=\"Es gibt bereits ein umfangreiches Archiv an Unterrichtsmaterialien, das &#8211; nach unterschiedlichen Themengebieten, F\u00e4chern und Klassenstufen gegliedert &#8211; zum vielf\u00e4ltigen Einsatz im Unterricht und bei weiteren Projekten und Aktivit\u00e4ten kommt.\" \/>\n<meta property=\"og:url\" content=\"https:\/\/mnamk.hu\/index-old.php\/de\/unterrichtsmaterialien-zur-schachtel\/\" \/>\n<meta property=\"og:site_name\" content=\"MN\u00c1MK-UBZ\" \/>\n<meta property=\"article:modified_time\" content=\"2020-09-04T09:13:37+00:00\" \/>\n<meta property=\"og:image\" content=\"https:\/\/mnamk.hu\/wp\/wp-content\/uploads\/2020\/08\/HoffnungGesellschaftsspiel.jpg\" \/>\n\t<meta property=\"og:image:width\" content=\"675\" \/>\n\t<meta property=\"og:image:height\" content=\"900\" \/>\n\t<meta property=\"og:image:type\" content=\"image\/jpeg\" \/>\n<meta name=\"twitter:card\" content=\"summary_large_image\" \/>\n<script type=\"application\/ld+json\" class=\"yoast-schema-graph\">{\"@context\":\"https:\/\/schema.org\",\"@graph\":[{\"@type\":\"WebPage\",\"@id\":\"https:\/\/mnamk.hu\/index-old.php\/de\/unterrichtsmaterialien-zur-schachtel\/\",\"url\":\"https:\/\/mnamk.hu\/index-old.php\/de\/unterrichtsmaterialien-zur-schachtel\/\",\"name\":\"Unterrichtsmaterialien zur Schachtel - MN\u00c1MK-UBZ\",\"isPartOf\":{\"@id\":\"https:\/\/mnamk.hu\/index-old.php\/#website\"},\"datePublished\":\"2020-08-03T09:04:57+00:00\",\"dateModified\":\"2020-09-04T09:13:37+00:00\",\"breadcrumb\":{\"@id\":\"https:\/\/mnamk.hu\/index-old.php\/de\/unterrichtsmaterialien-zur-schachtel\/#breadcrumb\"},\"inLanguage\":\"hu\",\"potentialAction\":[{\"@type\":\"ReadAction\",\"target\":[\"https:\/\/mnamk.hu\/index-old.php\/de\/unterrichtsmaterialien-zur-schachtel\/\"]}]},{\"@type\":\"BreadcrumbList\",\"@id\":\"https:\/\/mnamk.hu\/index-old.php\/de\/unterrichtsmaterialien-zur-schachtel\/#breadcrumb\",\"itemListElement\":[{\"@type\":\"ListItem\",\"position\":1,\"name\":\"Startseite\",\"item\":\"https:\/\/mnamk.hu\/\"},{\"@type\":\"ListItem\",\"position\":2,\"name\":\"Unterrichtsmaterialien zur Schachtel\"}]},{\"@type\":\"WebSite\",\"@id\":\"https:\/\/mnamk.hu\/index-old.php\/#website\",\"url\":\"https:\/\/mnamk.hu\/index-old.php\/\",\"name\":\"MN\u00c1MK-UBZ\",\"description\":\"\",\"publisher\":{\"@id\":\"https:\/\/mnamk.hu\/index-old.php\/#organization\"},\"potentialAction\":[{\"@type\":\"SearchAction\",\"target\":{\"@type\":\"EntryPoint\",\"urlTemplate\":\"https:\/\/mnamk.hu\/index-old.php\/?s={search_term_string}\"},\"query-input\":\"required name=search_term_string\"}],\"inLanguage\":\"hu\"},{\"@type\":\"Organization\",\"@id\":\"https:\/\/mnamk.hu\/index-old.php\/#organization\",\"name\":\"MNAMK\",\"url\":\"https:\/\/mnamk.hu\/index-old.php\/\",\"logo\":{\"@type\":\"ImageObject\",\"inLanguage\":\"hu\",\"@id\":\"https:\/\/mnamk.hu\/index-old.php\/#\/schema\/logo\/image\/\",\"url\":\"https:\/\/mnamk.hu\/wp\/wp-content\/uploads\/2020\/08\/logo.jpg\",\"contentUrl\":\"https:\/\/mnamk.hu\/wp\/wp-content\/uploads\/2020\/08\/logo.jpg\",\"width\":482,\"height\":276,\"caption\":\"MNAMK\"},\"image\":{\"@id\":\"https:\/\/mnamk.hu\/index-old.php\/#\/schema\/logo\/image\/\"}}]}<\/script>\n<!-- \/ Yoast SEO plugin. -->","yoast_head_json":{"title":"Unterrichtsmaterialien zur Schachtel - MN\u00c1MK-UBZ","robots":{"index":"index","follow":"follow","max-snippet":"max-snippet:-1","max-image-preview":"max-image-preview:large","max-video-preview":"max-video-preview:-1"},"canonical":"https:\/\/mnamk.hu\/index-old.php\/de\/unterrichtsmaterialien-zur-schachtel\/","og_locale":"hu_HU","og_type":"article","og_title":"Unterrichtsmaterialien zur Schachtel - MN\u00c1MK-UBZ","og_description":"Es gibt bereits ein umfangreiches Archiv an Unterrichtsmaterialien, das &#8211; nach unterschiedlichen Themengebieten, F\u00e4chern und Klassenstufen gegliedert &#8211; zum vielf\u00e4ltigen Einsatz im Unterricht und bei weiteren Projekten und Aktivit\u00e4ten kommt.","og_url":"https:\/\/mnamk.hu\/index-old.php\/de\/unterrichtsmaterialien-zur-schachtel\/","og_site_name":"MN\u00c1MK-UBZ","article_modified_time":"2020-09-04T09:13:37+00:00","og_image":[{"width":675,"height":900,"url":"https:\/\/mnamk.hu\/wp\/wp-content\/uploads\/2020\/08\/HoffnungGesellschaftsspiel.jpg","type":"image\/jpeg"}],"twitter_card":"summary_large_image","schema":{"@context":"https:\/\/schema.org","@graph":[{"@type":"WebPage","@id":"https:\/\/mnamk.hu\/index-old.php\/de\/unterrichtsmaterialien-zur-schachtel\/","url":"https:\/\/mnamk.hu\/index-old.php\/de\/unterrichtsmaterialien-zur-schachtel\/","name":"Unterrichtsmaterialien zur Schachtel - MN\u00c1MK-UBZ","isPartOf":{"@id":"https:\/\/mnamk.hu\/index-old.php\/#website"},"datePublished":"2020-08-03T09:04:57+00:00","dateModified":"2020-09-04T09:13:37+00:00","breadcrumb":{"@id":"https:\/\/mnamk.hu\/index-old.php\/de\/unterrichtsmaterialien-zur-schachtel\/#breadcrumb"},"inLanguage":"hu","potentialAction":[{"@type":"ReadAction","target":["https:\/\/mnamk.hu\/index-old.php\/de\/unterrichtsmaterialien-zur-schachtel\/"]}]},{"@type":"BreadcrumbList","@id":"https:\/\/mnamk.hu\/index-old.php\/de\/unterrichtsmaterialien-zur-schachtel\/#breadcrumb","itemListElement":[{"@type":"ListItem","position":1,"name":"Startseite","item":"https:\/\/mnamk.hu\/"},{"@type":"ListItem","position":2,"name":"Unterrichtsmaterialien zur Schachtel"}]},{"@type":"WebSite","@id":"https:\/\/mnamk.hu\/index-old.php\/#website","url":"https:\/\/mnamk.hu\/index-old.php\/","name":"MN\u00c1MK-UBZ","description":"","publisher":{"@id":"https:\/\/mnamk.hu\/index-old.php\/#organization"},"potentialAction":[{"@type":"SearchAction","target":{"@type":"EntryPoint","urlTemplate":"https:\/\/mnamk.hu\/index-old.php\/?s={search_term_string}"},"query-input":"required name=search_term_string"}],"inLanguage":"hu"},{"@type":"Organization","@id":"https:\/\/mnamk.hu\/index-old.php\/#organization","name":"MNAMK","url":"https:\/\/mnamk.hu\/index-old.php\/","logo":{"@type":"ImageObject","inLanguage":"hu","@id":"https:\/\/mnamk.hu\/index-old.php\/#\/schema\/logo\/image\/","url":"https:\/\/mnamk.hu\/wp\/wp-content\/uploads\/2020\/08\/logo.jpg","contentUrl":"https:\/\/mnamk.hu\/wp\/wp-content\/uploads\/2020\/08\/logo.jpg","width":482,"height":276,"caption":"MNAMK"},"image":{"@id":"https:\/\/mnamk.hu\/index-old.php\/#\/schema\/logo\/image\/"}}]}},"_links":{"self":[{"href":"https:\/\/mnamk.hu\/index-old.php\/wp-json\/wp\/v2\/pages\/20734","targetHints":{"allow":["GET"]}}],"collection":[{"href":"https:\/\/mnamk.hu\/index-old.php\/wp-json\/wp\/v2\/pages"}],"about":[{"href":"https:\/\/mnamk.hu\/index-old.php\/wp-json\/wp\/v2\/types\/page"}],"author":[{"embeddable":true,"href":"https:\/\/mnamk.hu\/index-old.php\/wp-json\/wp\/v2\/users\/22"}],"replies":[{"embeddable":true,"href":"https:\/\/mnamk.hu\/index-old.php\/wp-json\/wp\/v2\/comments?post=20734"}],"version-history":[{"count":0,"href":"https:\/\/mnamk.hu\/index-old.php\/wp-json\/wp\/v2\/pages\/20734\/revisions"}],"wp:featuredmedia":[{"embeddable":true,"href":"https:\/\/mnamk.hu\/index-old.php\/wp-json\/wp\/v2\/media\/20735"}],"wp:attachment":[{"href":"https:\/\/mnamk.hu\/index-old.php\/wp-json\/wp\/v2\/media?parent=20734"}],"curies":[{"name":"wp","href":"https:\/\/api.w.org\/{rel}","templated":true}]}}