{"id":21558,"date":"2020-09-03T14:12:08","date_gmt":"2020-09-03T14:12:08","guid":{"rendered":"https:\/\/mnamk.hu\/wp\/?page_id=21558"},"modified":"2025-09-02T11:56:00","modified_gmt":"2025-09-02T09:56:00","slug":"dsd-i-aktuelles","status":"publish","type":"page","link":"https:\/\/mnamk.hu\/index-old.php\/de\/dsd-i-aktuelles\/","title":{"rendered":"DSD I &#8211; Aktuelles"},"content":{"rendered":"\n<p class=\"has-text-align-center has-x-large-font-size\"><strong>PR\u00dcFUNGSERGEBNISSE DSD I UNGARN 2025 T1<\/strong><\/p>\n\n\n\n<figure class=\"wp-block-gallery has-nested-images columns-default is-cropped wp-block-gallery-1 is-layout-flex wp-block-gallery-is-layout-flex\">\n<figure class=\"wp-block-image size-full\"><img decoding=\"async\" width=\"1750\" height=\"1204\" data-id=\"57269\" src=\"https:\/\/mnamk.hu\/wp\/wp-content\/uploads\/2025\/06\/Gesamtergebnisse-2025.png\" alt=\"\" class=\"wp-image-57269\" srcset=\"https:\/\/mnamk.hu\/wp\/wp-content\/uploads\/2025\/06\/Gesamtergebnisse-2025.png 1750w, https:\/\/mnamk.hu\/wp\/wp-content\/uploads\/2025\/06\/Gesamtergebnisse-2025-300x206.png 300w, https:\/\/mnamk.hu\/wp\/wp-content\/uploads\/2025\/06\/Gesamtergebnisse-2025-1500x1032.png 1500w, https:\/\/mnamk.hu\/wp\/wp-content\/uploads\/2025\/06\/Gesamtergebnisse-2025-768x528.png 768w, https:\/\/mnamk.hu\/wp\/wp-content\/uploads\/2025\/06\/Gesamtergebnisse-2025-1536x1057.png 1536w\" sizes=\"(max-width: 1750px) 100vw, 1750px\" \/><\/figure>\n<\/figure>\n\n\n\n<p><\/p>\n\n\n\n<p class=\"has-medium-font-size\"><strong>Pr\u00fcfungstermine im Schuljahr 2025\/26:<\/strong><\/p>\n\n\n\n<p><strong>&#8211; schriftliche Pr\u00fcfung: 10. M\u00e4rz 2026 (Dienstag)<\/strong><\/p>\n\n\n\n<p><strong>&#8211; Nachpr\u00fcfung: 18. M\u00e4rz 2026 (Mittwoch)<\/strong><\/p>\n\n\n\n<p><strong>&#8211; m\u00fcndliche Pr\u00fcfungen: 23. Februar &#8211;&nbsp; 10. April 202<\/strong>6<\/p>\n\n\n\n<p><strong><a href=\"https:\/\/mnamk.hu\/wp\/wp-content\/uploads\/2025\/09\/DSD-I-2026-T1_Zeitplan.pdf\">Zeitplan 2026 T1<\/a><\/strong><\/p>\n\n\n\n<p><a href=\"https:\/\/mnamk.hu\/wp\/wp-content\/uploads\/2024\/12\/Bestehensgrenzen-2025-T1.pdf\">Bestehensgrenzen 2025 T1 HP<\/a><\/p>\n\n\n\n<p><a href=\"https:\/\/mnamk.hu\/wp\/wp-content\/uploads\/2025\/03\/Bestehensgrenzen-2025-T1-NP.pdf\">Bestehensgrenzen-2025-T1-NP.pdf<\/a><\/p>\n\n\n\n<p><\/p>\n","protected":false},"excerpt":{"rendered":"<p>PR\u00dcFUNGSERGEBNISSE DSD I UNGARN 2025 T1 Pr\u00fcfungstermine im Schuljahr 2025\/26: &#8211; schriftliche Pr\u00fcfung: 10. M\u00e4rz 2026 (Dienstag) &#8211; Nachpr\u00fcfung: 18. M\u00e4rz 2026 (Mittwoch) &#8211; m\u00fcndliche Pr\u00fcfungen: 23. Februar &#8211;&nbsp; 10. April 2026 Zeitplan 2026 T1 Bestehensgrenzen 2025 T1 HP Bestehensgrenzen-2025-T1-NP.pdf<\/p>\n","protected":false},"author":22,"featured_media":0,"parent":0,"menu_order":0,"comment_status":"closed","ping_status":"closed","template":"","meta":{"footnotes":""},"class_list":["post-21558","page","type-page","status-publish","hentry"],"yoast_head":"<!-- This site is optimized with the Yoast SEO plugin v20.9 - https:\/\/yoast.com\/wordpress\/plugins\/seo\/ -->\n<title>DSD I - Aktuelles - MN\u00c1MK-UBZ<\/title>\n<meta name=\"robots\" content=\"index, follow, max-snippet:-1, max-image-preview:large, max-video-preview:-1\" \/>\n<link rel=\"canonical\" href=\"https:\/\/mnamk.hu\/index-old.php\/de\/dsd-i-aktuelles\/\" \/>\n<meta property=\"og:locale\" content=\"hu_HU\" \/>\n<meta property=\"og:type\" content=\"article\" \/>\n<meta property=\"og:title\" content=\"DSD I - Aktuelles - MN\u00c1MK-UBZ\" \/>\n<meta property=\"og:description\" content=\"PR\u00dcFUNGSERGEBNISSE DSD I UNGARN 2025 T1 Pr\u00fcfungstermine im Schuljahr 2025\/26: &#8211; schriftliche Pr\u00fcfung: 10. M\u00e4rz 2026 (Dienstag) &#8211; Nachpr\u00fcfung: 18. M\u00e4rz 2026 (Mittwoch) &#8211; m\u00fcndliche Pr\u00fcfungen: 23. Februar &#8211;&nbsp; 10. April 2026 Zeitplan 2026 T1 Bestehensgrenzen 2025 T1 HP Bestehensgrenzen-2025-T1-NP.pdf\" \/>\n<meta property=\"og:url\" content=\"https:\/\/mnamk.hu\/index-old.php\/de\/dsd-i-aktuelles\/\" \/>\n<meta property=\"og:site_name\" content=\"MN\u00c1MK-UBZ\" \/>\n<meta property=\"article:modified_time\" content=\"2025-09-02T09:56:00+00:00\" \/>\n<meta property=\"og:image\" content=\"https:\/\/mnamk.hu\/wp\/wp-content\/uploads\/2025\/06\/Gesamtergebnisse-2025.png\" \/>\n<meta name=\"twitter:card\" content=\"summary_large_image\" \/>\n<meta name=\"twitter:label1\" content=\"Becs\u00fclt olvas\u00e1si id\u0151\" \/>\n\t<meta name=\"twitter:data1\" content=\"1 perc\" \/>\n<script type=\"application\/ld+json\" class=\"yoast-schema-graph\">{\"@context\":\"https:\/\/schema.org\",\"@graph\":[{\"@type\":\"WebPage\",\"@id\":\"https:\/\/mnamk.hu\/index-old.php\/de\/dsd-i-aktuelles\/\",\"url\":\"https:\/\/mnamk.hu\/index-old.php\/de\/dsd-i-aktuelles\/\",\"name\":\"DSD I - Aktuelles - MN\u00c1MK-UBZ\",\"isPartOf\":{\"@id\":\"https:\/\/mnamk.hu\/index-old.php\/#website\"},\"datePublished\":\"2020-09-03T14:12:08+00:00\",\"dateModified\":\"2025-09-02T09:56:00+00:00\",\"breadcrumb\":{\"@id\":\"https:\/\/mnamk.hu\/index-old.php\/de\/dsd-i-aktuelles\/#breadcrumb\"},\"inLanguage\":\"hu\",\"potentialAction\":[{\"@type\":\"ReadAction\",\"target\":[\"https:\/\/mnamk.hu\/index-old.php\/de\/dsd-i-aktuelles\/\"]}]},{\"@type\":\"BreadcrumbList\",\"@id\":\"https:\/\/mnamk.hu\/index-old.php\/de\/dsd-i-aktuelles\/#breadcrumb\",\"itemListElement\":[{\"@type\":\"ListItem\",\"position\":1,\"name\":\"Startseite\",\"item\":\"https:\/\/mnamk.hu\/\"},{\"@type\":\"ListItem\",\"position\":2,\"name\":\"DSD I &#8211; Aktuelles\"}]},{\"@type\":\"WebSite\",\"@id\":\"https:\/\/mnamk.hu\/index-old.php\/#website\",\"url\":\"https:\/\/mnamk.hu\/index-old.php\/\",\"name\":\"MN\u00c1MK-UBZ\",\"description\":\"\",\"publisher\":{\"@id\":\"https:\/\/mnamk.hu\/index-old.php\/#organization\"},\"potentialAction\":[{\"@type\":\"SearchAction\",\"target\":{\"@type\":\"EntryPoint\",\"urlTemplate\":\"https:\/\/mnamk.hu\/index-old.php\/?s={search_term_string}\"},\"query-input\":\"required name=search_term_string\"}],\"inLanguage\":\"hu\"},{\"@type\":\"Organization\",\"@id\":\"https:\/\/mnamk.hu\/index-old.php\/#organization\",\"name\":\"MNAMK\",\"url\":\"https:\/\/mnamk.hu\/index-old.php\/\",\"logo\":{\"@type\":\"ImageObject\",\"inLanguage\":\"hu\",\"@id\":\"https:\/\/mnamk.hu\/index-old.php\/#\/schema\/logo\/image\/\",\"url\":\"https:\/\/mnamk.hu\/wp\/wp-content\/uploads\/2020\/08\/logo.jpg\",\"contentUrl\":\"https:\/\/mnamk.hu\/wp\/wp-content\/uploads\/2020\/08\/logo.jpg\",\"width\":482,\"height\":276,\"caption\":\"MNAMK\"},\"image\":{\"@id\":\"https:\/\/mnamk.hu\/index-old.php\/#\/schema\/logo\/image\/\"}}]}<\/script>\n<!-- \/ Yoast SEO plugin. -->","yoast_head_json":{"title":"DSD I - Aktuelles - MN\u00c1MK-UBZ","robots":{"index":"index","follow":"follow","max-snippet":"max-snippet:-1","max-image-preview":"max-image-preview:large","max-video-preview":"max-video-preview:-1"},"canonical":"https:\/\/mnamk.hu\/index-old.php\/de\/dsd-i-aktuelles\/","og_locale":"hu_HU","og_type":"article","og_title":"DSD I - Aktuelles - MN\u00c1MK-UBZ","og_description":"PR\u00dcFUNGSERGEBNISSE DSD I UNGARN 2025 T1 Pr\u00fcfungstermine im Schuljahr 2025\/26: &#8211; schriftliche Pr\u00fcfung: 10. M\u00e4rz 2026 (Dienstag) &#8211; Nachpr\u00fcfung: 18. M\u00e4rz 2026 (Mittwoch) &#8211; m\u00fcndliche Pr\u00fcfungen: 23. Februar &#8211;&nbsp; 10. April 2026 Zeitplan 2026 T1 Bestehensgrenzen 2025 T1 HP Bestehensgrenzen-2025-T1-NP.pdf","og_url":"https:\/\/mnamk.hu\/index-old.php\/de\/dsd-i-aktuelles\/","og_site_name":"MN\u00c1MK-UBZ","article_modified_time":"2025-09-02T09:56:00+00:00","og_image":[{"url":"https:\/\/mnamk.hu\/wp\/wp-content\/uploads\/2025\/06\/Gesamtergebnisse-2025.png"}],"twitter_card":"summary_large_image","twitter_misc":{"Becs\u00fclt olvas\u00e1si id\u0151":"1 perc"},"schema":{"@context":"https:\/\/schema.org","@graph":[{"@type":"WebPage","@id":"https:\/\/mnamk.hu\/index-old.php\/de\/dsd-i-aktuelles\/","url":"https:\/\/mnamk.hu\/index-old.php\/de\/dsd-i-aktuelles\/","name":"DSD I - Aktuelles - MN\u00c1MK-UBZ","isPartOf":{"@id":"https:\/\/mnamk.hu\/index-old.php\/#website"},"datePublished":"2020-09-03T14:12:08+00:00","dateModified":"2025-09-02T09:56:00+00:00","breadcrumb":{"@id":"https:\/\/mnamk.hu\/index-old.php\/de\/dsd-i-aktuelles\/#breadcrumb"},"inLanguage":"hu","potentialAction":[{"@type":"ReadAction","target":["https:\/\/mnamk.hu\/index-old.php\/de\/dsd-i-aktuelles\/"]}]},{"@type":"BreadcrumbList","@id":"https:\/\/mnamk.hu\/index-old.php\/de\/dsd-i-aktuelles\/#breadcrumb","itemListElement":[{"@type":"ListItem","position":1,"name":"Startseite","item":"https:\/\/mnamk.hu\/"},{"@type":"ListItem","position":2,"name":"DSD I &#8211; Aktuelles"}]},{"@type":"WebSite","@id":"https:\/\/mnamk.hu\/index-old.php\/#website","url":"https:\/\/mnamk.hu\/index-old.php\/","name":"MN\u00c1MK-UBZ","description":"","publisher":{"@id":"https:\/\/mnamk.hu\/index-old.php\/#organization"},"potentialAction":[{"@type":"SearchAction","target":{"@type":"EntryPoint","urlTemplate":"https:\/\/mnamk.hu\/index-old.php\/?s={search_term_string}"},"query-input":"required name=search_term_string"}],"inLanguage":"hu"},{"@type":"Organization","@id":"https:\/\/mnamk.hu\/index-old.php\/#organization","name":"MNAMK","url":"https:\/\/mnamk.hu\/index-old.php\/","logo":{"@type":"ImageObject","inLanguage":"hu","@id":"https:\/\/mnamk.hu\/index-old.php\/#\/schema\/logo\/image\/","url":"https:\/\/mnamk.hu\/wp\/wp-content\/uploads\/2020\/08\/logo.jpg","contentUrl":"https:\/\/mnamk.hu\/wp\/wp-content\/uploads\/2020\/08\/logo.jpg","width":482,"height":276,"caption":"MNAMK"},"image":{"@id":"https:\/\/mnamk.hu\/index-old.php\/#\/schema\/logo\/image\/"}}]}},"_links":{"self":[{"href":"https:\/\/mnamk.hu\/index-old.php\/wp-json\/wp\/v2\/pages\/21558","targetHints":{"allow":["GET"]}}],"collection":[{"href":"https:\/\/mnamk.hu\/index-old.php\/wp-json\/wp\/v2\/pages"}],"about":[{"href":"https:\/\/mnamk.hu\/index-old.php\/wp-json\/wp\/v2\/types\/page"}],"author":[{"embeddable":true,"href":"https:\/\/mnamk.hu\/index-old.php\/wp-json\/wp\/v2\/users\/22"}],"replies":[{"embeddable":true,"href":"https:\/\/mnamk.hu\/index-old.php\/wp-json\/wp\/v2\/comments?post=21558"}],"version-history":[{"count":5,"href":"https:\/\/mnamk.hu\/index-old.php\/wp-json\/wp\/v2\/pages\/21558\/revisions"}],"predecessor-version":[{"id":57283,"href":"https:\/\/mnamk.hu\/index-old.php\/wp-json\/wp\/v2\/pages\/21558\/revisions\/57283"}],"wp:attachment":[{"href":"https:\/\/mnamk.hu\/index-old.php\/wp-json\/wp\/v2\/media?parent=21558"}],"curies":[{"name":"wp","href":"https:\/\/api.w.org\/{rel}","templated":true}]}}