{"id":22304,"date":"2020-09-16T16:03:24","date_gmt":"2020-09-16T16:03:24","guid":{"rendered":"https:\/\/mnamk.hu\/wp\/?page_id=22304"},"modified":"2020-09-16T16:03:26","modified_gmt":"2020-09-16T16:03:26","slug":"berufsberatung-studienfahrten","status":"publish","type":"page","link":"https:\/\/mnamk.hu\/index-old.php\/de\/berufsberatung-studienfahrten\/","title":{"rendered":"Berufsberatung &#8211; Studienfahrten"},"content":{"rendered":"\n<p>Im Rahmen der Berufsberatung organisiert das UBZ f\u00fcr Sch\u00fclerInnen in den letzten Jahren ihrer Schullaufbahn eine Studienreise nach Deutschland, in der sie sich in einem vielf\u00e4ltigen Programm \u00fcber Studien- und Ausbildungsm\u00f6glichkeiten in Deutschland informieren k\u00f6nnen.<\/p>\n\n\n\n<p>Berichte von den Studienfahrten:<\/p>\n\n\n\n<ul class=\"wp-block-list\"><li><a href=\"https:\/\/mnamk.hu\/wp\/de\/studienfahrt-nach-bayern-2016\/\">Studienfahrt 2016<\/a><\/li><li><a href=\"https:\/\/mnamk.hu\/wp\/de\/schule-2\/berufsorientierung\/studienfahrten\/studienfahrt-2018\/\">Studienfahrt 2018<\/a><\/li><\/ul>\n\n\n\n<p><\/p>\n\n\n\n<p><\/p>\n","protected":false},"excerpt":{"rendered":"<p>Im Rahmen der Berufsberatung organisiert das UBZ f\u00fcr Sch\u00fclerInnen in den letzten Jahren ihrer Schullaufbahn eine Studienreise nach Deutschland, in der sie sich in einem vielf\u00e4ltigen Programm \u00fcber Studien- und Ausbildungsm\u00f6glichkeiten in Deutschland informieren k\u00f6nnen. Berichte von den Studienfahrten: Studienfahrt 2016 Studienfahrt 2018<\/p>\n","protected":false},"author":22,"featured_media":0,"parent":0,"menu_order":0,"comment_status":"closed","ping_status":"closed","template":"","meta":{"footnotes":""},"class_list":["post-22304","page","type-page","status-publish","hentry"],"yoast_head":"<!-- This site is optimized with the Yoast SEO plugin v20.9 - https:\/\/yoast.com\/wordpress\/plugins\/seo\/ -->\n<title>Berufsberatung - Studienfahrten - MN\u00c1MK-UBZ<\/title>\n<meta name=\"robots\" content=\"index, follow, max-snippet:-1, max-image-preview:large, max-video-preview:-1\" \/>\n<link rel=\"canonical\" href=\"https:\/\/mnamk.hu\/index-old.php\/de\/berufsberatung-studienfahrten\/\" \/>\n<meta property=\"og:locale\" content=\"hu_HU\" \/>\n<meta property=\"og:type\" content=\"article\" \/>\n<meta property=\"og:title\" content=\"Berufsberatung - Studienfahrten - MN\u00c1MK-UBZ\" \/>\n<meta property=\"og:description\" content=\"Im Rahmen der Berufsberatung organisiert das UBZ f\u00fcr Sch\u00fclerInnen in den letzten Jahren ihrer Schullaufbahn eine Studienreise nach Deutschland, in der sie sich in einem vielf\u00e4ltigen Programm \u00fcber Studien- und Ausbildungsm\u00f6glichkeiten in Deutschland informieren k\u00f6nnen. Berichte von den Studienfahrten: Studienfahrt 2016 Studienfahrt 2018\" \/>\n<meta property=\"og:url\" content=\"https:\/\/mnamk.hu\/index-old.php\/de\/berufsberatung-studienfahrten\/\" \/>\n<meta property=\"og:site_name\" content=\"MN\u00c1MK-UBZ\" \/>\n<meta property=\"article:modified_time\" content=\"2020-09-16T16:03:26+00:00\" \/>\n<meta name=\"twitter:card\" content=\"summary_large_image\" \/>\n<script type=\"application\/ld+json\" class=\"yoast-schema-graph\">{\"@context\":\"https:\/\/schema.org\",\"@graph\":[{\"@type\":\"WebPage\",\"@id\":\"https:\/\/mnamk.hu\/index-old.php\/de\/berufsberatung-studienfahrten\/\",\"url\":\"https:\/\/mnamk.hu\/index-old.php\/de\/berufsberatung-studienfahrten\/\",\"name\":\"Berufsberatung - Studienfahrten - MN\u00c1MK-UBZ\",\"isPartOf\":{\"@id\":\"https:\/\/mnamk.hu\/index-old.php\/#website\"},\"datePublished\":\"2020-09-16T16:03:24+00:00\",\"dateModified\":\"2020-09-16T16:03:26+00:00\",\"breadcrumb\":{\"@id\":\"https:\/\/mnamk.hu\/index-old.php\/de\/berufsberatung-studienfahrten\/#breadcrumb\"},\"inLanguage\":\"hu\",\"potentialAction\":[{\"@type\":\"ReadAction\",\"target\":[\"https:\/\/mnamk.hu\/index-old.php\/de\/berufsberatung-studienfahrten\/\"]}]},{\"@type\":\"BreadcrumbList\",\"@id\":\"https:\/\/mnamk.hu\/index-old.php\/de\/berufsberatung-studienfahrten\/#breadcrumb\",\"itemListElement\":[{\"@type\":\"ListItem\",\"position\":1,\"name\":\"Startseite\",\"item\":\"https:\/\/mnamk.hu\/\"},{\"@type\":\"ListItem\",\"position\":2,\"name\":\"Berufsberatung &#8211; Studienfahrten\"}]},{\"@type\":\"WebSite\",\"@id\":\"https:\/\/mnamk.hu\/index-old.php\/#website\",\"url\":\"https:\/\/mnamk.hu\/index-old.php\/\",\"name\":\"MN\u00c1MK-UBZ\",\"description\":\"\",\"publisher\":{\"@id\":\"https:\/\/mnamk.hu\/index-old.php\/#organization\"},\"potentialAction\":[{\"@type\":\"SearchAction\",\"target\":{\"@type\":\"EntryPoint\",\"urlTemplate\":\"https:\/\/mnamk.hu\/index-old.php\/?s={search_term_string}\"},\"query-input\":\"required name=search_term_string\"}],\"inLanguage\":\"hu\"},{\"@type\":\"Organization\",\"@id\":\"https:\/\/mnamk.hu\/index-old.php\/#organization\",\"name\":\"MNAMK\",\"url\":\"https:\/\/mnamk.hu\/index-old.php\/\",\"logo\":{\"@type\":\"ImageObject\",\"inLanguage\":\"hu\",\"@id\":\"https:\/\/mnamk.hu\/index-old.php\/#\/schema\/logo\/image\/\",\"url\":\"https:\/\/mnamk.hu\/wp\/wp-content\/uploads\/2020\/08\/logo.jpg\",\"contentUrl\":\"https:\/\/mnamk.hu\/wp\/wp-content\/uploads\/2020\/08\/logo.jpg\",\"width\":482,\"height\":276,\"caption\":\"MNAMK\"},\"image\":{\"@id\":\"https:\/\/mnamk.hu\/index-old.php\/#\/schema\/logo\/image\/\"}}]}<\/script>\n<!-- \/ Yoast SEO plugin. -->","yoast_head_json":{"title":"Berufsberatung - Studienfahrten - MN\u00c1MK-UBZ","robots":{"index":"index","follow":"follow","max-snippet":"max-snippet:-1","max-image-preview":"max-image-preview:large","max-video-preview":"max-video-preview:-1"},"canonical":"https:\/\/mnamk.hu\/index-old.php\/de\/berufsberatung-studienfahrten\/","og_locale":"hu_HU","og_type":"article","og_title":"Berufsberatung - Studienfahrten - MN\u00c1MK-UBZ","og_description":"Im Rahmen der Berufsberatung organisiert das UBZ f\u00fcr Sch\u00fclerInnen in den letzten Jahren ihrer Schullaufbahn eine Studienreise nach Deutschland, in der sie sich in einem vielf\u00e4ltigen Programm \u00fcber Studien- und Ausbildungsm\u00f6glichkeiten in Deutschland informieren k\u00f6nnen. Berichte von den Studienfahrten: Studienfahrt 2016 Studienfahrt 2018","og_url":"https:\/\/mnamk.hu\/index-old.php\/de\/berufsberatung-studienfahrten\/","og_site_name":"MN\u00c1MK-UBZ","article_modified_time":"2020-09-16T16:03:26+00:00","twitter_card":"summary_large_image","schema":{"@context":"https:\/\/schema.org","@graph":[{"@type":"WebPage","@id":"https:\/\/mnamk.hu\/index-old.php\/de\/berufsberatung-studienfahrten\/","url":"https:\/\/mnamk.hu\/index-old.php\/de\/berufsberatung-studienfahrten\/","name":"Berufsberatung - Studienfahrten - MN\u00c1MK-UBZ","isPartOf":{"@id":"https:\/\/mnamk.hu\/index-old.php\/#website"},"datePublished":"2020-09-16T16:03:24+00:00","dateModified":"2020-09-16T16:03:26+00:00","breadcrumb":{"@id":"https:\/\/mnamk.hu\/index-old.php\/de\/berufsberatung-studienfahrten\/#breadcrumb"},"inLanguage":"hu","potentialAction":[{"@type":"ReadAction","target":["https:\/\/mnamk.hu\/index-old.php\/de\/berufsberatung-studienfahrten\/"]}]},{"@type":"BreadcrumbList","@id":"https:\/\/mnamk.hu\/index-old.php\/de\/berufsberatung-studienfahrten\/#breadcrumb","itemListElement":[{"@type":"ListItem","position":1,"name":"Startseite","item":"https:\/\/mnamk.hu\/"},{"@type":"ListItem","position":2,"name":"Berufsberatung &#8211; Studienfahrten"}]},{"@type":"WebSite","@id":"https:\/\/mnamk.hu\/index-old.php\/#website","url":"https:\/\/mnamk.hu\/index-old.php\/","name":"MN\u00c1MK-UBZ","description":"","publisher":{"@id":"https:\/\/mnamk.hu\/index-old.php\/#organization"},"potentialAction":[{"@type":"SearchAction","target":{"@type":"EntryPoint","urlTemplate":"https:\/\/mnamk.hu\/index-old.php\/?s={search_term_string}"},"query-input":"required name=search_term_string"}],"inLanguage":"hu"},{"@type":"Organization","@id":"https:\/\/mnamk.hu\/index-old.php\/#organization","name":"MNAMK","url":"https:\/\/mnamk.hu\/index-old.php\/","logo":{"@type":"ImageObject","inLanguage":"hu","@id":"https:\/\/mnamk.hu\/index-old.php\/#\/schema\/logo\/image\/","url":"https:\/\/mnamk.hu\/wp\/wp-content\/uploads\/2020\/08\/logo.jpg","contentUrl":"https:\/\/mnamk.hu\/wp\/wp-content\/uploads\/2020\/08\/logo.jpg","width":482,"height":276,"caption":"MNAMK"},"image":{"@id":"https:\/\/mnamk.hu\/index-old.php\/#\/schema\/logo\/image\/"}}]}},"_links":{"self":[{"href":"https:\/\/mnamk.hu\/index-old.php\/wp-json\/wp\/v2\/pages\/22304","targetHints":{"allow":["GET"]}}],"collection":[{"href":"https:\/\/mnamk.hu\/index-old.php\/wp-json\/wp\/v2\/pages"}],"about":[{"href":"https:\/\/mnamk.hu\/index-old.php\/wp-json\/wp\/v2\/types\/page"}],"author":[{"embeddable":true,"href":"https:\/\/mnamk.hu\/index-old.php\/wp-json\/wp\/v2\/users\/22"}],"replies":[{"embeddable":true,"href":"https:\/\/mnamk.hu\/index-old.php\/wp-json\/wp\/v2\/comments?post=22304"}],"version-history":[{"count":0,"href":"https:\/\/mnamk.hu\/index-old.php\/wp-json\/wp\/v2\/pages\/22304\/revisions"}],"wp:attachment":[{"href":"https:\/\/mnamk.hu\/index-old.php\/wp-json\/wp\/v2\/media?parent=22304"}],"curies":[{"name":"wp","href":"https:\/\/api.w.org\/{rel}","templated":true}]}}