{"id":22410,"date":"2020-09-17T08:59:35","date_gmt":"2020-09-17T08:59:35","guid":{"rendered":"https:\/\/mnamk.hu\/wp\/?page_id=22410"},"modified":"2022-09-19T12:12:17","modified_gmt":"2022-09-19T12:12:17","slug":"hausordnung-kindergarten","status":"publish","type":"page","link":"https:\/\/mnamk.hu\/index-old.php\/de\/hausordnung-kindergarten\/","title":{"rendered":"Hausordnung &#8211; Kindergarten"},"content":{"rendered":"\n<p><strong>Allgemeine Verordnung<\/strong><\/p>\n\n\n\n<p>Das Leben im Kindergarten wird durch die Erzieher*innen so geleitet und organisiert, dass die Anordnungen, die in den Rechtsvorschriften festgelegt sind, einzuhalten sind, und die Rechte der Teilnehmer zur Geltung kommen.<\/p>\n\n\n\n<p>Die Hausordnung bestimmt die Regeln im Zusammenhang mit den Sch\u00fclerrechten und -pflichten, mit der Arbeitsordnung im Internat, mit den obligatorischen und fakultativen Besch\u00e4ftigungen und mit der Nutzung der R\u00e4ume und Ger\u00e4te.<\/p>\n\n\n\n<p>Die Hausordnung muss auf dem ganzen Gel\u00e4nde des Kindergartens und auf allen Veranstaltungen &nbsp;von allen Kindern,&nbsp; Eltern und G\u00e4sten, die zu uns kommen, eingehalten werden.<\/p>\n\n\n\n<p>Die Hausordnung ist von dem Tag, an dem sie in Kraft tritt (Dezember 2004) bis zu ihrer eventuellen R\u00fccknahme bzw. Ersetzung g\u00fcltig.<\/p>\n\n\n\n<p>Die Hausordnung z\u00e4hlt hierbei nur die wichtigsten Regeln der umfassenderen ungarischen Rechtsvorschriften auf. Jeder Erzieher\/jede Erzieherin und jedes Kind ist dazu verpflichtet, alle Regeln des ungarischen Rechtssystems auf dem Gel\u00e4nde des Ungarndeutschen Bildungszentrums einzuhalten.<\/p>\n\n\n\n<div data-wp-interactive=\"core\/file\" class=\"wp-block-file\"><object data-wp-bind--hidden=\"!state.hasPdfPreview\" hidden class=\"wp-block-file__embed\" data=\"https:\/\/mnamk.hu\/wp\/wp-content\/uploads\/2022\/09\/OVODA-Hausordnung-2022-1.pdf\" type=\"application\/pdf\" style=\"width:100%;height:600px\" aria-label=\"OVODA-Hausordnung-2022-1 be\u00e1gyaz\u00e1sa be\u00e1gyaz\u00e1sa\"><\/object><a id=\"wp-block-file--media-65e8ff48-e3bb-4839-abf4-62cc0aa8b21c\" href=\"https:\/\/mnamk.hu\/wp\/wp-content\/uploads\/2022\/09\/OVODA-Hausordnung-2022-1.pdf\">OVODA-Hausordnung-2022-1<\/a><a href=\"https:\/\/mnamk.hu\/wp\/wp-content\/uploads\/2022\/09\/OVODA-Hausordnung-2022-1.pdf\" class=\"wp-block-file__button\" download aria-describedby=\"wp-block-file--media-65e8ff48-e3bb-4839-abf4-62cc0aa8b21c\">Let\u00f6lt\u00e9s<\/a><\/div>\n","protected":false},"excerpt":{"rendered":"<p>Allgemeine Verordnung Das Leben im Kindergarten wird durch die Erzieher*innen so geleitet und organisiert, dass die Anordnungen, die in den Rechtsvorschriften festgelegt sind, einzuhalten sind, und die Rechte der Teilnehmer zur Geltung kommen. Die Hausordnung bestimmt die Regeln im Zusammenhang mit den Sch\u00fclerrechten und -pflichten, mit der Arbeitsordnung im Internat, mit den obligatorischen und fakultativen [&hellip;]<\/p>\n","protected":false},"author":22,"featured_media":0,"parent":0,"menu_order":0,"comment_status":"closed","ping_status":"closed","template":"","meta":{"footnotes":""},"class_list":["post-22410","page","type-page","status-publish","hentry"],"yoast_head":"<!-- This site is optimized with the Yoast SEO plugin v20.9 - https:\/\/yoast.com\/wordpress\/plugins\/seo\/ -->\n<title>Hausordnung - Kindergarten - MN\u00c1MK-UBZ<\/title>\n<meta name=\"robots\" content=\"index, follow, max-snippet:-1, max-image-preview:large, max-video-preview:-1\" \/>\n<link rel=\"canonical\" href=\"https:\/\/mnamk.hu\/index-old.php\/de\/hausordnung-kindergarten\/\" \/>\n<meta property=\"og:locale\" content=\"hu_HU\" \/>\n<meta property=\"og:type\" content=\"article\" \/>\n<meta property=\"og:title\" content=\"Hausordnung - Kindergarten - MN\u00c1MK-UBZ\" \/>\n<meta property=\"og:description\" content=\"Allgemeine Verordnung Das Leben im Kindergarten wird durch die Erzieher*innen so geleitet und organisiert, dass die Anordnungen, die in den Rechtsvorschriften festgelegt sind, einzuhalten sind, und die Rechte der Teilnehmer zur Geltung kommen. Die Hausordnung bestimmt die Regeln im Zusammenhang mit den Sch\u00fclerrechten und -pflichten, mit der Arbeitsordnung im Internat, mit den obligatorischen und fakultativen [&hellip;]\" \/>\n<meta property=\"og:url\" content=\"https:\/\/mnamk.hu\/index-old.php\/de\/hausordnung-kindergarten\/\" \/>\n<meta property=\"og:site_name\" content=\"MN\u00c1MK-UBZ\" \/>\n<meta property=\"article:modified_time\" content=\"2022-09-19T12:12:17+00:00\" \/>\n<meta name=\"twitter:card\" content=\"summary_large_image\" \/>\n<meta name=\"twitter:label1\" content=\"Becs\u00fclt olvas\u00e1si id\u0151\" \/>\n\t<meta name=\"twitter:data1\" content=\"1 perc\" \/>\n<script type=\"application\/ld+json\" class=\"yoast-schema-graph\">{\"@context\":\"https:\/\/schema.org\",\"@graph\":[{\"@type\":\"WebPage\",\"@id\":\"https:\/\/mnamk.hu\/index-old.php\/de\/hausordnung-kindergarten\/\",\"url\":\"https:\/\/mnamk.hu\/index-old.php\/de\/hausordnung-kindergarten\/\",\"name\":\"Hausordnung - Kindergarten - MN\u00c1MK-UBZ\",\"isPartOf\":{\"@id\":\"https:\/\/mnamk.hu\/index-old.php\/#website\"},\"datePublished\":\"2020-09-17T08:59:35+00:00\",\"dateModified\":\"2022-09-19T12:12:17+00:00\",\"breadcrumb\":{\"@id\":\"https:\/\/mnamk.hu\/index-old.php\/de\/hausordnung-kindergarten\/#breadcrumb\"},\"inLanguage\":\"hu\",\"potentialAction\":[{\"@type\":\"ReadAction\",\"target\":[\"https:\/\/mnamk.hu\/index-old.php\/de\/hausordnung-kindergarten\/\"]}]},{\"@type\":\"BreadcrumbList\",\"@id\":\"https:\/\/mnamk.hu\/index-old.php\/de\/hausordnung-kindergarten\/#breadcrumb\",\"itemListElement\":[{\"@type\":\"ListItem\",\"position\":1,\"name\":\"Startseite\",\"item\":\"https:\/\/mnamk.hu\/\"},{\"@type\":\"ListItem\",\"position\":2,\"name\":\"Hausordnung &#8211; Kindergarten\"}]},{\"@type\":\"WebSite\",\"@id\":\"https:\/\/mnamk.hu\/index-old.php\/#website\",\"url\":\"https:\/\/mnamk.hu\/index-old.php\/\",\"name\":\"MN\u00c1MK-UBZ\",\"description\":\"\",\"publisher\":{\"@id\":\"https:\/\/mnamk.hu\/index-old.php\/#organization\"},\"potentialAction\":[{\"@type\":\"SearchAction\",\"target\":{\"@type\":\"EntryPoint\",\"urlTemplate\":\"https:\/\/mnamk.hu\/index-old.php\/?s={search_term_string}\"},\"query-input\":\"required name=search_term_string\"}],\"inLanguage\":\"hu\"},{\"@type\":\"Organization\",\"@id\":\"https:\/\/mnamk.hu\/index-old.php\/#organization\",\"name\":\"MNAMK\",\"url\":\"https:\/\/mnamk.hu\/index-old.php\/\",\"logo\":{\"@type\":\"ImageObject\",\"inLanguage\":\"hu\",\"@id\":\"https:\/\/mnamk.hu\/index-old.php\/#\/schema\/logo\/image\/\",\"url\":\"https:\/\/mnamk.hu\/wp\/wp-content\/uploads\/2020\/08\/logo.jpg\",\"contentUrl\":\"https:\/\/mnamk.hu\/wp\/wp-content\/uploads\/2020\/08\/logo.jpg\",\"width\":482,\"height\":276,\"caption\":\"MNAMK\"},\"image\":{\"@id\":\"https:\/\/mnamk.hu\/index-old.php\/#\/schema\/logo\/image\/\"}}]}<\/script>\n<!-- \/ Yoast SEO plugin. -->","yoast_head_json":{"title":"Hausordnung - Kindergarten - MN\u00c1MK-UBZ","robots":{"index":"index","follow":"follow","max-snippet":"max-snippet:-1","max-image-preview":"max-image-preview:large","max-video-preview":"max-video-preview:-1"},"canonical":"https:\/\/mnamk.hu\/index-old.php\/de\/hausordnung-kindergarten\/","og_locale":"hu_HU","og_type":"article","og_title":"Hausordnung - Kindergarten - MN\u00c1MK-UBZ","og_description":"Allgemeine Verordnung Das Leben im Kindergarten wird durch die Erzieher*innen so geleitet und organisiert, dass die Anordnungen, die in den Rechtsvorschriften festgelegt sind, einzuhalten sind, und die Rechte der Teilnehmer zur Geltung kommen. Die Hausordnung bestimmt die Regeln im Zusammenhang mit den Sch\u00fclerrechten und -pflichten, mit der Arbeitsordnung im Internat, mit den obligatorischen und fakultativen [&hellip;]","og_url":"https:\/\/mnamk.hu\/index-old.php\/de\/hausordnung-kindergarten\/","og_site_name":"MN\u00c1MK-UBZ","article_modified_time":"2022-09-19T12:12:17+00:00","twitter_card":"summary_large_image","twitter_misc":{"Becs\u00fclt olvas\u00e1si id\u0151":"1 perc"},"schema":{"@context":"https:\/\/schema.org","@graph":[{"@type":"WebPage","@id":"https:\/\/mnamk.hu\/index-old.php\/de\/hausordnung-kindergarten\/","url":"https:\/\/mnamk.hu\/index-old.php\/de\/hausordnung-kindergarten\/","name":"Hausordnung - Kindergarten - MN\u00c1MK-UBZ","isPartOf":{"@id":"https:\/\/mnamk.hu\/index-old.php\/#website"},"datePublished":"2020-09-17T08:59:35+00:00","dateModified":"2022-09-19T12:12:17+00:00","breadcrumb":{"@id":"https:\/\/mnamk.hu\/index-old.php\/de\/hausordnung-kindergarten\/#breadcrumb"},"inLanguage":"hu","potentialAction":[{"@type":"ReadAction","target":["https:\/\/mnamk.hu\/index-old.php\/de\/hausordnung-kindergarten\/"]}]},{"@type":"BreadcrumbList","@id":"https:\/\/mnamk.hu\/index-old.php\/de\/hausordnung-kindergarten\/#breadcrumb","itemListElement":[{"@type":"ListItem","position":1,"name":"Startseite","item":"https:\/\/mnamk.hu\/"},{"@type":"ListItem","position":2,"name":"Hausordnung &#8211; Kindergarten"}]},{"@type":"WebSite","@id":"https:\/\/mnamk.hu\/index-old.php\/#website","url":"https:\/\/mnamk.hu\/index-old.php\/","name":"MN\u00c1MK-UBZ","description":"","publisher":{"@id":"https:\/\/mnamk.hu\/index-old.php\/#organization"},"potentialAction":[{"@type":"SearchAction","target":{"@type":"EntryPoint","urlTemplate":"https:\/\/mnamk.hu\/index-old.php\/?s={search_term_string}"},"query-input":"required name=search_term_string"}],"inLanguage":"hu"},{"@type":"Organization","@id":"https:\/\/mnamk.hu\/index-old.php\/#organization","name":"MNAMK","url":"https:\/\/mnamk.hu\/index-old.php\/","logo":{"@type":"ImageObject","inLanguage":"hu","@id":"https:\/\/mnamk.hu\/index-old.php\/#\/schema\/logo\/image\/","url":"https:\/\/mnamk.hu\/wp\/wp-content\/uploads\/2020\/08\/logo.jpg","contentUrl":"https:\/\/mnamk.hu\/wp\/wp-content\/uploads\/2020\/08\/logo.jpg","width":482,"height":276,"caption":"MNAMK"},"image":{"@id":"https:\/\/mnamk.hu\/index-old.php\/#\/schema\/logo\/image\/"}}]}},"_links":{"self":[{"href":"https:\/\/mnamk.hu\/index-old.php\/wp-json\/wp\/v2\/pages\/22410","targetHints":{"allow":["GET"]}}],"collection":[{"href":"https:\/\/mnamk.hu\/index-old.php\/wp-json\/wp\/v2\/pages"}],"about":[{"href":"https:\/\/mnamk.hu\/index-old.php\/wp-json\/wp\/v2\/types\/page"}],"author":[{"embeddable":true,"href":"https:\/\/mnamk.hu\/index-old.php\/wp-json\/wp\/v2\/users\/22"}],"replies":[{"embeddable":true,"href":"https:\/\/mnamk.hu\/index-old.php\/wp-json\/wp\/v2\/comments?post=22410"}],"version-history":[{"count":2,"href":"https:\/\/mnamk.hu\/index-old.php\/wp-json\/wp\/v2\/pages\/22410\/revisions"}],"predecessor-version":[{"id":42437,"href":"https:\/\/mnamk.hu\/index-old.php\/wp-json\/wp\/v2\/pages\/22410\/revisions\/42437"}],"wp:attachment":[{"href":"https:\/\/mnamk.hu\/index-old.php\/wp-json\/wp\/v2\/media?parent=22410"}],"curies":[{"name":"wp","href":"https:\/\/api.w.org\/{rel}","templated":true}]}}