{"id":22819,"date":"2020-09-21T09:12:08","date_gmt":"2020-09-21T09:12:08","guid":{"rendered":"https:\/\/mnamk.hu\/wp\/?page_id=22819"},"modified":"2020-09-21T09:12:11","modified_gmt":"2020-09-21T09:12:11","slug":"hat-20-01-1201","status":"publish","type":"page","link":"https:\/\/mnamk.hu\/index-old.php\/hat-20-01-1201\/","title":{"rendered":"HAT-20-01-1201"},"content":{"rendered":"\n<div class=\"wp-block-image\"><figure class=\"aligncenter size-large\"><img decoding=\"async\" width=\"730\" height=\"337\" src=\"https:\/\/mnamk.hu\/wp\/wp-content\/uploads\/2020\/09\/hatartalanul.jpg\" alt=\"\" class=\"wp-image-22835\" srcset=\"https:\/\/mnamk.hu\/wp\/wp-content\/uploads\/2020\/09\/hatartalanul.jpg 730w, https:\/\/mnamk.hu\/wp\/wp-content\/uploads\/2020\/09\/hatartalanul-150x69.jpg 150w, https:\/\/mnamk.hu\/wp\/wp-content\/uploads\/2020\/09\/hatartalanul-300x138.jpg 300w\" sizes=\"(max-width: 730px) 100vw, 730px\" \/><\/figure><\/div>\n\n\n\n<p class=\"has-text-align-center\">A Bethlen G\u00e1bor Alapkezel\u0151 Zrt. a HAT\u00c1RTALANUL! program keret\u00e9ben 2.400.000 Ft vissza nem t\u00e9rintend\u0151 t\u00e1mogat\u00e1sban r\u00e9szes\u00edtette a Magyarorsz\u00e1gi N\u00e9metek \u00c1ltal\u00e1nos M\u0171vel\u0151d\u00e9si K\u00f6zpontj\u00e1t.<\/p>\n\n\n\n<p class=\"has-text-align-center\">Az elnyert \u00f6sszeg seg\u00edts\u00e9g\u00e9vel az MN\u00c1MK 7. oszt\u00e1lyos di\u00e1kjai 5 napot t\u00f6lthetnek Erd\u00e9lyben.<\/p>\n\n\n\n<p class=\"has-text-align-center\">A p\u00e1ly\u00e1zatnak k\u00f6sz\u00f6nhet\u0151en a k\u00fclhoni magyars\u00e1ggal kapcsolatos ismeretek b\u0151v\u00fcl\u00e9se, a magyarorsz\u00e1gi \u00e9s k\u00fclhoni fiatalok k\u00f6z\u00f6tti kapcsolatok elm\u00e9ly\u00edt\u00e9se val\u00f3sult meg.<\/p>\n\n\n\n<p class=\"has-text-align-center\">Ez\u00faton is k\u00f6sz\u00f6nj\u00fck a t\u00e1mogat\u00e1st.<\/p>\n","protected":false},"excerpt":{"rendered":"<p>A Bethlen G\u00e1bor Alapkezel\u0151 Zrt. a HAT\u00c1RTALANUL! program keret\u00e9ben 2.400.000 Ft vissza nem t\u00e9rintend\u0151 t\u00e1mogat\u00e1sban r\u00e9szes\u00edtette a Magyarorsz\u00e1gi N\u00e9metek \u00c1ltal\u00e1nos M\u0171vel\u0151d\u00e9si K\u00f6zpontj\u00e1t. Az elnyert \u00f6sszeg seg\u00edts\u00e9g\u00e9vel az MN\u00c1MK 7. oszt\u00e1lyos di\u00e1kjai 5 napot t\u00f6lthetnek Erd\u00e9lyben. A p\u00e1ly\u00e1zatnak k\u00f6sz\u00f6nhet\u0151en a k\u00fclhoni magyars\u00e1ggal kapcsolatos ismeretek b\u0151v\u00fcl\u00e9se, a magyarorsz\u00e1gi \u00e9s k\u00fclhoni fiatalok k\u00f6z\u00f6tti kapcsolatok elm\u00e9ly\u00edt\u00e9se val\u00f3sult meg. Ez\u00faton [&hellip;]<\/p>\n","protected":false},"author":22,"featured_media":0,"parent":0,"menu_order":0,"comment_status":"closed","ping_status":"closed","template":"","meta":{"footnotes":""},"class_list":["post-22819","page","type-page","status-publish","hentry"],"yoast_head":"<!-- This site is optimized with the Yoast SEO plugin v20.9 - https:\/\/yoast.com\/wordpress\/plugins\/seo\/ -->\n<title>HAT-20-01-1201 - MN\u00c1MK-UBZ<\/title>\n<meta name=\"robots\" content=\"index, follow, max-snippet:-1, max-image-preview:large, max-video-preview:-1\" \/>\n<link rel=\"canonical\" href=\"https:\/\/mnamk.hu\/index-old.php\/hat-20-01-1201\/\" \/>\n<meta property=\"og:locale\" content=\"hu_HU\" \/>\n<meta property=\"og:type\" content=\"article\" \/>\n<meta property=\"og:title\" content=\"HAT-20-01-1201 - MN\u00c1MK-UBZ\" \/>\n<meta property=\"og:description\" content=\"A Bethlen G\u00e1bor Alapkezel\u0151 Zrt. a HAT\u00c1RTALANUL! program keret\u00e9ben 2.400.000 Ft vissza nem t\u00e9rintend\u0151 t\u00e1mogat\u00e1sban r\u00e9szes\u00edtette a Magyarorsz\u00e1gi N\u00e9metek \u00c1ltal\u00e1nos M\u0171vel\u0151d\u00e9si K\u00f6zpontj\u00e1t. Az elnyert \u00f6sszeg seg\u00edts\u00e9g\u00e9vel az MN\u00c1MK 7. oszt\u00e1lyos di\u00e1kjai 5 napot t\u00f6lthetnek Erd\u00e9lyben. A p\u00e1ly\u00e1zatnak k\u00f6sz\u00f6nhet\u0151en a k\u00fclhoni magyars\u00e1ggal kapcsolatos ismeretek b\u0151v\u00fcl\u00e9se, a magyarorsz\u00e1gi \u00e9s k\u00fclhoni fiatalok k\u00f6z\u00f6tti kapcsolatok elm\u00e9ly\u00edt\u00e9se val\u00f3sult meg. Ez\u00faton [&hellip;]\" \/>\n<meta property=\"og:url\" content=\"https:\/\/mnamk.hu\/index-old.php\/hat-20-01-1201\/\" \/>\n<meta property=\"og:site_name\" content=\"MN\u00c1MK-UBZ\" \/>\n<meta property=\"article:modified_time\" content=\"2020-09-21T09:12:11+00:00\" \/>\n<meta property=\"og:image\" content=\"https:\/\/mnamk.hu\/wp\/wp-content\/uploads\/2020\/09\/hatartalanul.jpg\" \/>\n<meta name=\"twitter:card\" content=\"summary_large_image\" \/>\n<meta name=\"twitter:label1\" content=\"Becs\u00fclt olvas\u00e1si id\u0151\" \/>\n\t<meta name=\"twitter:data1\" content=\"1 perc\" \/>\n<script type=\"application\/ld+json\" class=\"yoast-schema-graph\">{\"@context\":\"https:\/\/schema.org\",\"@graph\":[{\"@type\":\"WebPage\",\"@id\":\"https:\/\/mnamk.hu\/index-old.php\/hat-20-01-1201\/\",\"url\":\"https:\/\/mnamk.hu\/index-old.php\/hat-20-01-1201\/\",\"name\":\"HAT-20-01-1201 - MN\u00c1MK-UBZ\",\"isPartOf\":{\"@id\":\"https:\/\/mnamk.hu\/index-old.php\/#website\"},\"datePublished\":\"2020-09-21T09:12:08+00:00\",\"dateModified\":\"2020-09-21T09:12:11+00:00\",\"breadcrumb\":{\"@id\":\"https:\/\/mnamk.hu\/index-old.php\/hat-20-01-1201\/#breadcrumb\"},\"inLanguage\":\"hu\",\"potentialAction\":[{\"@type\":\"ReadAction\",\"target\":[\"https:\/\/mnamk.hu\/index-old.php\/hat-20-01-1201\/\"]}]},{\"@type\":\"BreadcrumbList\",\"@id\":\"https:\/\/mnamk.hu\/index-old.php\/hat-20-01-1201\/#breadcrumb\",\"itemListElement\":[{\"@type\":\"ListItem\",\"position\":1,\"name\":\"Startseite\",\"item\":\"https:\/\/mnamk.hu\/\"},{\"@type\":\"ListItem\",\"position\":2,\"name\":\"HAT-20-01-1201\"}]},{\"@type\":\"WebSite\",\"@id\":\"https:\/\/mnamk.hu\/index-old.php\/#website\",\"url\":\"https:\/\/mnamk.hu\/index-old.php\/\",\"name\":\"MN\u00c1MK-UBZ\",\"description\":\"\",\"publisher\":{\"@id\":\"https:\/\/mnamk.hu\/index-old.php\/#organization\"},\"potentialAction\":[{\"@type\":\"SearchAction\",\"target\":{\"@type\":\"EntryPoint\",\"urlTemplate\":\"https:\/\/mnamk.hu\/index-old.php\/?s={search_term_string}\"},\"query-input\":\"required name=search_term_string\"}],\"inLanguage\":\"hu\"},{\"@type\":\"Organization\",\"@id\":\"https:\/\/mnamk.hu\/index-old.php\/#organization\",\"name\":\"MNAMK\",\"url\":\"https:\/\/mnamk.hu\/index-old.php\/\",\"logo\":{\"@type\":\"ImageObject\",\"inLanguage\":\"hu\",\"@id\":\"https:\/\/mnamk.hu\/index-old.php\/#\/schema\/logo\/image\/\",\"url\":\"https:\/\/mnamk.hu\/wp\/wp-content\/uploads\/2020\/08\/logo.jpg\",\"contentUrl\":\"https:\/\/mnamk.hu\/wp\/wp-content\/uploads\/2020\/08\/logo.jpg\",\"width\":482,\"height\":276,\"caption\":\"MNAMK\"},\"image\":{\"@id\":\"https:\/\/mnamk.hu\/index-old.php\/#\/schema\/logo\/image\/\"}}]}<\/script>\n<!-- \/ Yoast SEO plugin. -->","yoast_head_json":{"title":"HAT-20-01-1201 - MN\u00c1MK-UBZ","robots":{"index":"index","follow":"follow","max-snippet":"max-snippet:-1","max-image-preview":"max-image-preview:large","max-video-preview":"max-video-preview:-1"},"canonical":"https:\/\/mnamk.hu\/index-old.php\/hat-20-01-1201\/","og_locale":"hu_HU","og_type":"article","og_title":"HAT-20-01-1201 - MN\u00c1MK-UBZ","og_description":"A Bethlen G\u00e1bor Alapkezel\u0151 Zrt. a HAT\u00c1RTALANUL! program keret\u00e9ben 2.400.000 Ft vissza nem t\u00e9rintend\u0151 t\u00e1mogat\u00e1sban r\u00e9szes\u00edtette a Magyarorsz\u00e1gi N\u00e9metek \u00c1ltal\u00e1nos M\u0171vel\u0151d\u00e9si K\u00f6zpontj\u00e1t. Az elnyert \u00f6sszeg seg\u00edts\u00e9g\u00e9vel az MN\u00c1MK 7. oszt\u00e1lyos di\u00e1kjai 5 napot t\u00f6lthetnek Erd\u00e9lyben. A p\u00e1ly\u00e1zatnak k\u00f6sz\u00f6nhet\u0151en a k\u00fclhoni magyars\u00e1ggal kapcsolatos ismeretek b\u0151v\u00fcl\u00e9se, a magyarorsz\u00e1gi \u00e9s k\u00fclhoni fiatalok k\u00f6z\u00f6tti kapcsolatok elm\u00e9ly\u00edt\u00e9se val\u00f3sult meg. Ez\u00faton [&hellip;]","og_url":"https:\/\/mnamk.hu\/index-old.php\/hat-20-01-1201\/","og_site_name":"MN\u00c1MK-UBZ","article_modified_time":"2020-09-21T09:12:11+00:00","og_image":[{"url":"https:\/\/mnamk.hu\/wp\/wp-content\/uploads\/2020\/09\/hatartalanul.jpg"}],"twitter_card":"summary_large_image","twitter_misc":{"Becs\u00fclt olvas\u00e1si id\u0151":"1 perc"},"schema":{"@context":"https:\/\/schema.org","@graph":[{"@type":"WebPage","@id":"https:\/\/mnamk.hu\/index-old.php\/hat-20-01-1201\/","url":"https:\/\/mnamk.hu\/index-old.php\/hat-20-01-1201\/","name":"HAT-20-01-1201 - MN\u00c1MK-UBZ","isPartOf":{"@id":"https:\/\/mnamk.hu\/index-old.php\/#website"},"datePublished":"2020-09-21T09:12:08+00:00","dateModified":"2020-09-21T09:12:11+00:00","breadcrumb":{"@id":"https:\/\/mnamk.hu\/index-old.php\/hat-20-01-1201\/#breadcrumb"},"inLanguage":"hu","potentialAction":[{"@type":"ReadAction","target":["https:\/\/mnamk.hu\/index-old.php\/hat-20-01-1201\/"]}]},{"@type":"BreadcrumbList","@id":"https:\/\/mnamk.hu\/index-old.php\/hat-20-01-1201\/#breadcrumb","itemListElement":[{"@type":"ListItem","position":1,"name":"Startseite","item":"https:\/\/mnamk.hu\/"},{"@type":"ListItem","position":2,"name":"HAT-20-01-1201"}]},{"@type":"WebSite","@id":"https:\/\/mnamk.hu\/index-old.php\/#website","url":"https:\/\/mnamk.hu\/index-old.php\/","name":"MN\u00c1MK-UBZ","description":"","publisher":{"@id":"https:\/\/mnamk.hu\/index-old.php\/#organization"},"potentialAction":[{"@type":"SearchAction","target":{"@type":"EntryPoint","urlTemplate":"https:\/\/mnamk.hu\/index-old.php\/?s={search_term_string}"},"query-input":"required name=search_term_string"}],"inLanguage":"hu"},{"@type":"Organization","@id":"https:\/\/mnamk.hu\/index-old.php\/#organization","name":"MNAMK","url":"https:\/\/mnamk.hu\/index-old.php\/","logo":{"@type":"ImageObject","inLanguage":"hu","@id":"https:\/\/mnamk.hu\/index-old.php\/#\/schema\/logo\/image\/","url":"https:\/\/mnamk.hu\/wp\/wp-content\/uploads\/2020\/08\/logo.jpg","contentUrl":"https:\/\/mnamk.hu\/wp\/wp-content\/uploads\/2020\/08\/logo.jpg","width":482,"height":276,"caption":"MNAMK"},"image":{"@id":"https:\/\/mnamk.hu\/index-old.php\/#\/schema\/logo\/image\/"}}]}},"_links":{"self":[{"href":"https:\/\/mnamk.hu\/index-old.php\/wp-json\/wp\/v2\/pages\/22819","targetHints":{"allow":["GET"]}}],"collection":[{"href":"https:\/\/mnamk.hu\/index-old.php\/wp-json\/wp\/v2\/pages"}],"about":[{"href":"https:\/\/mnamk.hu\/index-old.php\/wp-json\/wp\/v2\/types\/page"}],"author":[{"embeddable":true,"href":"https:\/\/mnamk.hu\/index-old.php\/wp-json\/wp\/v2\/users\/22"}],"replies":[{"embeddable":true,"href":"https:\/\/mnamk.hu\/index-old.php\/wp-json\/wp\/v2\/comments?post=22819"}],"version-history":[{"count":0,"href":"https:\/\/mnamk.hu\/index-old.php\/wp-json\/wp\/v2\/pages\/22819\/revisions"}],"wp:attachment":[{"href":"https:\/\/mnamk.hu\/index-old.php\/wp-json\/wp\/v2\/media?parent=22819"}],"curies":[{"name":"wp","href":"https:\/\/api.w.org\/{rel}","templated":true}]}}