{"id":22860,"date":"2020-09-21T09:32:39","date_gmt":"2020-09-21T09:32:39","guid":{"rendered":"https:\/\/mnamk.hu\/wp\/?page_id=22860"},"modified":"2020-09-21T09:32:41","modified_gmt":"2020-09-21T09:32:41","slug":"ntp-tmv-m-19-b-0022","status":"publish","type":"page","link":"https:\/\/mnamk.hu\/index-old.php\/ntp-tmv-m-19-b-0022\/","title":{"rendered":"NTP-TMV-M-19-B-0022"},"content":{"rendered":"\n<div class=\"wp-block-image\"><figure class=\"aligncenter size-large\"><img decoding=\"async\" width=\"695\" height=\"221\" src=\"https:\/\/mnamk.hu\/wp\/wp-content\/uploads\/2020\/09\/emmi-2.jpg\" alt=\"\" class=\"wp-image-22865\" srcset=\"https:\/\/mnamk.hu\/wp\/wp-content\/uploads\/2020\/09\/emmi-2.jpg 695w, https:\/\/mnamk.hu\/wp\/wp-content\/uploads\/2020\/09\/emmi-2-150x48.jpg 150w, https:\/\/mnamk.hu\/wp\/wp-content\/uploads\/2020\/09\/emmi-2-300x95.jpg 300w\" sizes=\"(max-width: 695px) 100vw, 695px\" \/><\/figure><\/div>\n\n\n\n<p class=\"has-text-align-center\">Az Emberi Er\u0151forr\u00e1sok Miniszt\u00e9riuma megb\u00edz\u00e1s\u00e1b\u00f3l az Emberi Er\u0151forr\u00e1s T\u00e1mogat\u00e1skezel\u0151 t\u00e1mogat\u00e1s\u00e1val a Magyarorsz\u00e1gi N\u00e9metek \u00c1ltal\u00e1nos M\u0171vel\u0151d\u00e9si K\u00f6zpontja orsz\u00e1gos n\u00e9met nyelvi versenyt rendez a 9-10. \u00e9vfolyam sz\u00e1m\u00e1ra. <br>A t\u00e1mogat\u00e1s \u00f6sszege 1.500.000 Ft melyb\u0151l az orsz\u00e1gos verseny 3 fordul\u00f3ja ker\u00fcl lebonyol\u00edt\u00e1sra.<\/p>\n","protected":false},"excerpt":{"rendered":"<p>Az Emberi Er\u0151forr\u00e1sok Miniszt\u00e9riuma megb\u00edz\u00e1s\u00e1b\u00f3l az Emberi Er\u0151forr\u00e1s T\u00e1mogat\u00e1skezel\u0151 t\u00e1mogat\u00e1s\u00e1val a Magyarorsz\u00e1gi N\u00e9metek \u00c1ltal\u00e1nos M\u0171vel\u0151d\u00e9si K\u00f6zpontja orsz\u00e1gos n\u00e9met nyelvi versenyt rendez a 9-10. \u00e9vfolyam sz\u00e1m\u00e1ra. A t\u00e1mogat\u00e1s \u00f6sszege 1.500.000 Ft melyb\u0151l az orsz\u00e1gos verseny 3 fordul\u00f3ja ker\u00fcl lebonyol\u00edt\u00e1sra.<\/p>\n","protected":false},"author":22,"featured_media":0,"parent":0,"menu_order":0,"comment_status":"closed","ping_status":"closed","template":"","meta":{"footnotes":""},"class_list":["post-22860","page","type-page","status-publish","hentry"],"yoast_head":"<!-- This site is optimized with the Yoast SEO plugin v20.9 - https:\/\/yoast.com\/wordpress\/plugins\/seo\/ -->\n<title>NTP-TMV-M-19-B-0022 - MN\u00c1MK-UBZ<\/title>\n<meta name=\"robots\" content=\"index, follow, max-snippet:-1, max-image-preview:large, max-video-preview:-1\" \/>\n<link rel=\"canonical\" href=\"https:\/\/mnamk.hu\/index-old.php\/ntp-tmv-m-19-b-0022\/\" \/>\n<meta property=\"og:locale\" content=\"hu_HU\" \/>\n<meta property=\"og:type\" content=\"article\" \/>\n<meta property=\"og:title\" content=\"NTP-TMV-M-19-B-0022 - MN\u00c1MK-UBZ\" \/>\n<meta property=\"og:description\" content=\"Az Emberi Er\u0151forr\u00e1sok Miniszt\u00e9riuma megb\u00edz\u00e1s\u00e1b\u00f3l az Emberi Er\u0151forr\u00e1s T\u00e1mogat\u00e1skezel\u0151 t\u00e1mogat\u00e1s\u00e1val a Magyarorsz\u00e1gi N\u00e9metek \u00c1ltal\u00e1nos M\u0171vel\u0151d\u00e9si K\u00f6zpontja orsz\u00e1gos n\u00e9met nyelvi versenyt rendez a 9-10. \u00e9vfolyam sz\u00e1m\u00e1ra. A t\u00e1mogat\u00e1s \u00f6sszege 1.500.000 Ft melyb\u0151l az orsz\u00e1gos verseny 3 fordul\u00f3ja ker\u00fcl lebonyol\u00edt\u00e1sra.\" \/>\n<meta property=\"og:url\" content=\"https:\/\/mnamk.hu\/index-old.php\/ntp-tmv-m-19-b-0022\/\" \/>\n<meta property=\"og:site_name\" content=\"MN\u00c1MK-UBZ\" \/>\n<meta property=\"article:modified_time\" content=\"2020-09-21T09:32:41+00:00\" \/>\n<meta property=\"og:image\" content=\"https:\/\/mnamk.hu\/wp\/wp-content\/uploads\/2020\/09\/emmi-2.jpg\" \/>\n<meta name=\"twitter:card\" content=\"summary_large_image\" \/>\n<script type=\"application\/ld+json\" class=\"yoast-schema-graph\">{\"@context\":\"https:\/\/schema.org\",\"@graph\":[{\"@type\":\"WebPage\",\"@id\":\"https:\/\/mnamk.hu\/index-old.php\/ntp-tmv-m-19-b-0022\/\",\"url\":\"https:\/\/mnamk.hu\/index-old.php\/ntp-tmv-m-19-b-0022\/\",\"name\":\"NTP-TMV-M-19-B-0022 - MN\u00c1MK-UBZ\",\"isPartOf\":{\"@id\":\"https:\/\/mnamk.hu\/index-old.php\/#website\"},\"datePublished\":\"2020-09-21T09:32:39+00:00\",\"dateModified\":\"2020-09-21T09:32:41+00:00\",\"breadcrumb\":{\"@id\":\"https:\/\/mnamk.hu\/index-old.php\/ntp-tmv-m-19-b-0022\/#breadcrumb\"},\"inLanguage\":\"hu\",\"potentialAction\":[{\"@type\":\"ReadAction\",\"target\":[\"https:\/\/mnamk.hu\/index-old.php\/ntp-tmv-m-19-b-0022\/\"]}]},{\"@type\":\"BreadcrumbList\",\"@id\":\"https:\/\/mnamk.hu\/index-old.php\/ntp-tmv-m-19-b-0022\/#breadcrumb\",\"itemListElement\":[{\"@type\":\"ListItem\",\"position\":1,\"name\":\"Startseite\",\"item\":\"https:\/\/mnamk.hu\/\"},{\"@type\":\"ListItem\",\"position\":2,\"name\":\"NTP-TMV-M-19-B-0022\"}]},{\"@type\":\"WebSite\",\"@id\":\"https:\/\/mnamk.hu\/index-old.php\/#website\",\"url\":\"https:\/\/mnamk.hu\/index-old.php\/\",\"name\":\"MN\u00c1MK-UBZ\",\"description\":\"\",\"publisher\":{\"@id\":\"https:\/\/mnamk.hu\/index-old.php\/#organization\"},\"potentialAction\":[{\"@type\":\"SearchAction\",\"target\":{\"@type\":\"EntryPoint\",\"urlTemplate\":\"https:\/\/mnamk.hu\/index-old.php\/?s={search_term_string}\"},\"query-input\":\"required name=search_term_string\"}],\"inLanguage\":\"hu\"},{\"@type\":\"Organization\",\"@id\":\"https:\/\/mnamk.hu\/index-old.php\/#organization\",\"name\":\"MNAMK\",\"url\":\"https:\/\/mnamk.hu\/index-old.php\/\",\"logo\":{\"@type\":\"ImageObject\",\"inLanguage\":\"hu\",\"@id\":\"https:\/\/mnamk.hu\/index-old.php\/#\/schema\/logo\/image\/\",\"url\":\"https:\/\/mnamk.hu\/wp\/wp-content\/uploads\/2020\/08\/logo.jpg\",\"contentUrl\":\"https:\/\/mnamk.hu\/wp\/wp-content\/uploads\/2020\/08\/logo.jpg\",\"width\":482,\"height\":276,\"caption\":\"MNAMK\"},\"image\":{\"@id\":\"https:\/\/mnamk.hu\/index-old.php\/#\/schema\/logo\/image\/\"}}]}<\/script>\n<!-- \/ Yoast SEO plugin. -->","yoast_head_json":{"title":"NTP-TMV-M-19-B-0022 - MN\u00c1MK-UBZ","robots":{"index":"index","follow":"follow","max-snippet":"max-snippet:-1","max-image-preview":"max-image-preview:large","max-video-preview":"max-video-preview:-1"},"canonical":"https:\/\/mnamk.hu\/index-old.php\/ntp-tmv-m-19-b-0022\/","og_locale":"hu_HU","og_type":"article","og_title":"NTP-TMV-M-19-B-0022 - MN\u00c1MK-UBZ","og_description":"Az Emberi Er\u0151forr\u00e1sok Miniszt\u00e9riuma megb\u00edz\u00e1s\u00e1b\u00f3l az Emberi Er\u0151forr\u00e1s T\u00e1mogat\u00e1skezel\u0151 t\u00e1mogat\u00e1s\u00e1val a Magyarorsz\u00e1gi N\u00e9metek \u00c1ltal\u00e1nos M\u0171vel\u0151d\u00e9si K\u00f6zpontja orsz\u00e1gos n\u00e9met nyelvi versenyt rendez a 9-10. \u00e9vfolyam sz\u00e1m\u00e1ra. A t\u00e1mogat\u00e1s \u00f6sszege 1.500.000 Ft melyb\u0151l az orsz\u00e1gos verseny 3 fordul\u00f3ja ker\u00fcl lebonyol\u00edt\u00e1sra.","og_url":"https:\/\/mnamk.hu\/index-old.php\/ntp-tmv-m-19-b-0022\/","og_site_name":"MN\u00c1MK-UBZ","article_modified_time":"2020-09-21T09:32:41+00:00","og_image":[{"url":"https:\/\/mnamk.hu\/wp\/wp-content\/uploads\/2020\/09\/emmi-2.jpg"}],"twitter_card":"summary_large_image","schema":{"@context":"https:\/\/schema.org","@graph":[{"@type":"WebPage","@id":"https:\/\/mnamk.hu\/index-old.php\/ntp-tmv-m-19-b-0022\/","url":"https:\/\/mnamk.hu\/index-old.php\/ntp-tmv-m-19-b-0022\/","name":"NTP-TMV-M-19-B-0022 - MN\u00c1MK-UBZ","isPartOf":{"@id":"https:\/\/mnamk.hu\/index-old.php\/#website"},"datePublished":"2020-09-21T09:32:39+00:00","dateModified":"2020-09-21T09:32:41+00:00","breadcrumb":{"@id":"https:\/\/mnamk.hu\/index-old.php\/ntp-tmv-m-19-b-0022\/#breadcrumb"},"inLanguage":"hu","potentialAction":[{"@type":"ReadAction","target":["https:\/\/mnamk.hu\/index-old.php\/ntp-tmv-m-19-b-0022\/"]}]},{"@type":"BreadcrumbList","@id":"https:\/\/mnamk.hu\/index-old.php\/ntp-tmv-m-19-b-0022\/#breadcrumb","itemListElement":[{"@type":"ListItem","position":1,"name":"Startseite","item":"https:\/\/mnamk.hu\/"},{"@type":"ListItem","position":2,"name":"NTP-TMV-M-19-B-0022"}]},{"@type":"WebSite","@id":"https:\/\/mnamk.hu\/index-old.php\/#website","url":"https:\/\/mnamk.hu\/index-old.php\/","name":"MN\u00c1MK-UBZ","description":"","publisher":{"@id":"https:\/\/mnamk.hu\/index-old.php\/#organization"},"potentialAction":[{"@type":"SearchAction","target":{"@type":"EntryPoint","urlTemplate":"https:\/\/mnamk.hu\/index-old.php\/?s={search_term_string}"},"query-input":"required name=search_term_string"}],"inLanguage":"hu"},{"@type":"Organization","@id":"https:\/\/mnamk.hu\/index-old.php\/#organization","name":"MNAMK","url":"https:\/\/mnamk.hu\/index-old.php\/","logo":{"@type":"ImageObject","inLanguage":"hu","@id":"https:\/\/mnamk.hu\/index-old.php\/#\/schema\/logo\/image\/","url":"https:\/\/mnamk.hu\/wp\/wp-content\/uploads\/2020\/08\/logo.jpg","contentUrl":"https:\/\/mnamk.hu\/wp\/wp-content\/uploads\/2020\/08\/logo.jpg","width":482,"height":276,"caption":"MNAMK"},"image":{"@id":"https:\/\/mnamk.hu\/index-old.php\/#\/schema\/logo\/image\/"}}]}},"_links":{"self":[{"href":"https:\/\/mnamk.hu\/index-old.php\/wp-json\/wp\/v2\/pages\/22860","targetHints":{"allow":["GET"]}}],"collection":[{"href":"https:\/\/mnamk.hu\/index-old.php\/wp-json\/wp\/v2\/pages"}],"about":[{"href":"https:\/\/mnamk.hu\/index-old.php\/wp-json\/wp\/v2\/types\/page"}],"author":[{"embeddable":true,"href":"https:\/\/mnamk.hu\/index-old.php\/wp-json\/wp\/v2\/users\/22"}],"replies":[{"embeddable":true,"href":"https:\/\/mnamk.hu\/index-old.php\/wp-json\/wp\/v2\/comments?post=22860"}],"version-history":[{"count":0,"href":"https:\/\/mnamk.hu\/index-old.php\/wp-json\/wp\/v2\/pages\/22860\/revisions"}],"wp:attachment":[{"href":"https:\/\/mnamk.hu\/index-old.php\/wp-json\/wp\/v2\/media?parent=22860"}],"curies":[{"name":"wp","href":"https:\/\/api.w.org\/{rel}","templated":true}]}}