{"id":22874,"date":"2020-09-21T09:57:51","date_gmt":"2020-09-21T09:57:51","guid":{"rendered":"https:\/\/mnamk.hu\/wp\/?page_id=22874"},"modified":"2020-09-21T09:57:54","modified_gmt":"2020-09-21T09:57:54","slug":"nemz-n-20-0184","status":"publish","type":"page","link":"https:\/\/mnamk.hu\/index-old.php\/nemz-n-20-0184\/","title":{"rendered":"NEMZ-N-20-0184"},"content":{"rendered":"\n<div class=\"wp-block-image\"><figure class=\"aligncenter size-large is-resized\"><img decoding=\"async\" src=\"https:\/\/mnamk.hu\/wp\/wp-content\/uploads\/2020\/09\/nemz_logo.jpg\" alt=\"\" class=\"wp-image-22875\" width=\"663\" height=\"279\" srcset=\"https:\/\/mnamk.hu\/wp\/wp-content\/uploads\/2020\/09\/nemz_logo.jpg 709w, https:\/\/mnamk.hu\/wp\/wp-content\/uploads\/2020\/09\/nemz_logo-150x63.jpg 150w, https:\/\/mnamk.hu\/wp\/wp-content\/uploads\/2020\/09\/nemz_logo-300x127.jpg 300w\" sizes=\"(max-width: 663px) 100vw, 663px\" \/><\/figure><\/div>\n\n\n\n<p class=\"has-text-align-center\">A Bethlen G\u00e1bor Alapkezel\u0151 Zrt. \u00e1ltal ki\u00edrt nemzetis\u00e9gi p\u00e1ly\u00e1zatok \u00e9s a Magyarorsz\u00e1gi N\u00e9metek Orsz\u00e1gos \u00d6nkorm\u00e1nyzat\u00e1nak k\u00f6zrem\u0171k\u00f6d\u00e9s\u00e9nek k\u00f6sz\u00f6nhet\u0151en 4 nemzetis\u00e9gi t\u00e1bor val\u00f3sult meg a Magyarorsz\u00e1gi N\u00e9metek \u00c1ltal\u00e1nos M\u0171vel\u0151d\u00e9si K\u00f6zpontj\u00e1nak szervez\u00e9s\u00e9ben. A t\u00e1borok Baj\u00e1n, Balatonfenyvesen \u00e9s D\u00e1vodon val\u00f3sultak meg. A r\u00e9sztvev\u0151k sz\u00e1ma 210 f\u0151 volt. A t\u00e1borok \u00f6sszesen 6.088.364 Ft p\u00e1ly\u00e1zati t\u00e1mogat\u00e1sban r\u00e9szes\u00fcltek.<\/p>\n","protected":false},"excerpt":{"rendered":"<p>A Bethlen G\u00e1bor Alapkezel\u0151 Zrt. \u00e1ltal ki\u00edrt nemzetis\u00e9gi p\u00e1ly\u00e1zatok \u00e9s a Magyarorsz\u00e1gi N\u00e9metek Orsz\u00e1gos \u00d6nkorm\u00e1nyzat\u00e1nak k\u00f6zrem\u0171k\u00f6d\u00e9s\u00e9nek k\u00f6sz\u00f6nhet\u0151en 4 nemzetis\u00e9gi t\u00e1bor val\u00f3sult meg a Magyarorsz\u00e1gi N\u00e9metek \u00c1ltal\u00e1nos M\u0171vel\u0151d\u00e9si K\u00f6zpontj\u00e1nak szervez\u00e9s\u00e9ben. A t\u00e1borok Baj\u00e1n, Balatonfenyvesen \u00e9s D\u00e1vodon val\u00f3sultak meg. A r\u00e9sztvev\u0151k sz\u00e1ma 210 f\u0151 volt. A t\u00e1borok \u00f6sszesen 6.088.364 Ft p\u00e1ly\u00e1zati t\u00e1mogat\u00e1sban r\u00e9szes\u00fcltek.<\/p>\n","protected":false},"author":22,"featured_media":0,"parent":0,"menu_order":0,"comment_status":"closed","ping_status":"closed","template":"","meta":{"footnotes":""},"class_list":["post-22874","page","type-page","status-publish","hentry"],"yoast_head":"<!-- This site is optimized with the Yoast SEO plugin v20.9 - https:\/\/yoast.com\/wordpress\/plugins\/seo\/ -->\n<title>NEMZ-N-20-0184 - MN\u00c1MK-UBZ<\/title>\n<meta name=\"robots\" content=\"index, follow, max-snippet:-1, max-image-preview:large, max-video-preview:-1\" \/>\n<link rel=\"canonical\" href=\"https:\/\/mnamk.hu\/index-old.php\/nemz-n-20-0184\/\" \/>\n<meta property=\"og:locale\" content=\"hu_HU\" \/>\n<meta property=\"og:type\" content=\"article\" \/>\n<meta property=\"og:title\" content=\"NEMZ-N-20-0184 - MN\u00c1MK-UBZ\" \/>\n<meta property=\"og:description\" content=\"A Bethlen G\u00e1bor Alapkezel\u0151 Zrt. \u00e1ltal ki\u00edrt nemzetis\u00e9gi p\u00e1ly\u00e1zatok \u00e9s a Magyarorsz\u00e1gi N\u00e9metek Orsz\u00e1gos \u00d6nkorm\u00e1nyzat\u00e1nak k\u00f6zrem\u0171k\u00f6d\u00e9s\u00e9nek k\u00f6sz\u00f6nhet\u0151en 4 nemzetis\u00e9gi t\u00e1bor val\u00f3sult meg a Magyarorsz\u00e1gi N\u00e9metek \u00c1ltal\u00e1nos M\u0171vel\u0151d\u00e9si K\u00f6zpontj\u00e1nak szervez\u00e9s\u00e9ben. A t\u00e1borok Baj\u00e1n, Balatonfenyvesen \u00e9s D\u00e1vodon val\u00f3sultak meg. A r\u00e9sztvev\u0151k sz\u00e1ma 210 f\u0151 volt. A t\u00e1borok \u00f6sszesen 6.088.364 Ft p\u00e1ly\u00e1zati t\u00e1mogat\u00e1sban r\u00e9szes\u00fcltek.\" \/>\n<meta property=\"og:url\" content=\"https:\/\/mnamk.hu\/index-old.php\/nemz-n-20-0184\/\" \/>\n<meta property=\"og:site_name\" content=\"MN\u00c1MK-UBZ\" \/>\n<meta property=\"article:modified_time\" content=\"2020-09-21T09:57:54+00:00\" \/>\n<meta property=\"og:image\" content=\"https:\/\/mnamk.hu\/wp\/wp-content\/uploads\/2020\/09\/nemz_logo.jpg\" \/>\n<meta name=\"twitter:card\" content=\"summary_large_image\" \/>\n<script type=\"application\/ld+json\" class=\"yoast-schema-graph\">{\"@context\":\"https:\/\/schema.org\",\"@graph\":[{\"@type\":\"WebPage\",\"@id\":\"https:\/\/mnamk.hu\/index-old.php\/nemz-n-20-0184\/\",\"url\":\"https:\/\/mnamk.hu\/index-old.php\/nemz-n-20-0184\/\",\"name\":\"NEMZ-N-20-0184 - MN\u00c1MK-UBZ\",\"isPartOf\":{\"@id\":\"https:\/\/mnamk.hu\/index-old.php\/#website\"},\"datePublished\":\"2020-09-21T09:57:51+00:00\",\"dateModified\":\"2020-09-21T09:57:54+00:00\",\"breadcrumb\":{\"@id\":\"https:\/\/mnamk.hu\/index-old.php\/nemz-n-20-0184\/#breadcrumb\"},\"inLanguage\":\"hu\",\"potentialAction\":[{\"@type\":\"ReadAction\",\"target\":[\"https:\/\/mnamk.hu\/index-old.php\/nemz-n-20-0184\/\"]}]},{\"@type\":\"BreadcrumbList\",\"@id\":\"https:\/\/mnamk.hu\/index-old.php\/nemz-n-20-0184\/#breadcrumb\",\"itemListElement\":[{\"@type\":\"ListItem\",\"position\":1,\"name\":\"Startseite\",\"item\":\"https:\/\/mnamk.hu\/\"},{\"@type\":\"ListItem\",\"position\":2,\"name\":\"NEMZ-N-20-0184\"}]},{\"@type\":\"WebSite\",\"@id\":\"https:\/\/mnamk.hu\/index-old.php\/#website\",\"url\":\"https:\/\/mnamk.hu\/index-old.php\/\",\"name\":\"MN\u00c1MK-UBZ\",\"description\":\"\",\"publisher\":{\"@id\":\"https:\/\/mnamk.hu\/index-old.php\/#organization\"},\"potentialAction\":[{\"@type\":\"SearchAction\",\"target\":{\"@type\":\"EntryPoint\",\"urlTemplate\":\"https:\/\/mnamk.hu\/index-old.php\/?s={search_term_string}\"},\"query-input\":\"required name=search_term_string\"}],\"inLanguage\":\"hu\"},{\"@type\":\"Organization\",\"@id\":\"https:\/\/mnamk.hu\/index-old.php\/#organization\",\"name\":\"MNAMK\",\"url\":\"https:\/\/mnamk.hu\/index-old.php\/\",\"logo\":{\"@type\":\"ImageObject\",\"inLanguage\":\"hu\",\"@id\":\"https:\/\/mnamk.hu\/index-old.php\/#\/schema\/logo\/image\/\",\"url\":\"https:\/\/mnamk.hu\/wp\/wp-content\/uploads\/2020\/08\/logo.jpg\",\"contentUrl\":\"https:\/\/mnamk.hu\/wp\/wp-content\/uploads\/2020\/08\/logo.jpg\",\"width\":482,\"height\":276,\"caption\":\"MNAMK\"},\"image\":{\"@id\":\"https:\/\/mnamk.hu\/index-old.php\/#\/schema\/logo\/image\/\"}}]}<\/script>\n<!-- \/ Yoast SEO plugin. -->","yoast_head_json":{"title":"NEMZ-N-20-0184 - MN\u00c1MK-UBZ","robots":{"index":"index","follow":"follow","max-snippet":"max-snippet:-1","max-image-preview":"max-image-preview:large","max-video-preview":"max-video-preview:-1"},"canonical":"https:\/\/mnamk.hu\/index-old.php\/nemz-n-20-0184\/","og_locale":"hu_HU","og_type":"article","og_title":"NEMZ-N-20-0184 - MN\u00c1MK-UBZ","og_description":"A Bethlen G\u00e1bor Alapkezel\u0151 Zrt. \u00e1ltal ki\u00edrt nemzetis\u00e9gi p\u00e1ly\u00e1zatok \u00e9s a Magyarorsz\u00e1gi N\u00e9metek Orsz\u00e1gos \u00d6nkorm\u00e1nyzat\u00e1nak k\u00f6zrem\u0171k\u00f6d\u00e9s\u00e9nek k\u00f6sz\u00f6nhet\u0151en 4 nemzetis\u00e9gi t\u00e1bor val\u00f3sult meg a Magyarorsz\u00e1gi N\u00e9metek \u00c1ltal\u00e1nos M\u0171vel\u0151d\u00e9si K\u00f6zpontj\u00e1nak szervez\u00e9s\u00e9ben. A t\u00e1borok Baj\u00e1n, Balatonfenyvesen \u00e9s D\u00e1vodon val\u00f3sultak meg. A r\u00e9sztvev\u0151k sz\u00e1ma 210 f\u0151 volt. A t\u00e1borok \u00f6sszesen 6.088.364 Ft p\u00e1ly\u00e1zati t\u00e1mogat\u00e1sban r\u00e9szes\u00fcltek.","og_url":"https:\/\/mnamk.hu\/index-old.php\/nemz-n-20-0184\/","og_site_name":"MN\u00c1MK-UBZ","article_modified_time":"2020-09-21T09:57:54+00:00","og_image":[{"url":"https:\/\/mnamk.hu\/wp\/wp-content\/uploads\/2020\/09\/nemz_logo.jpg"}],"twitter_card":"summary_large_image","schema":{"@context":"https:\/\/schema.org","@graph":[{"@type":"WebPage","@id":"https:\/\/mnamk.hu\/index-old.php\/nemz-n-20-0184\/","url":"https:\/\/mnamk.hu\/index-old.php\/nemz-n-20-0184\/","name":"NEMZ-N-20-0184 - MN\u00c1MK-UBZ","isPartOf":{"@id":"https:\/\/mnamk.hu\/index-old.php\/#website"},"datePublished":"2020-09-21T09:57:51+00:00","dateModified":"2020-09-21T09:57:54+00:00","breadcrumb":{"@id":"https:\/\/mnamk.hu\/index-old.php\/nemz-n-20-0184\/#breadcrumb"},"inLanguage":"hu","potentialAction":[{"@type":"ReadAction","target":["https:\/\/mnamk.hu\/index-old.php\/nemz-n-20-0184\/"]}]},{"@type":"BreadcrumbList","@id":"https:\/\/mnamk.hu\/index-old.php\/nemz-n-20-0184\/#breadcrumb","itemListElement":[{"@type":"ListItem","position":1,"name":"Startseite","item":"https:\/\/mnamk.hu\/"},{"@type":"ListItem","position":2,"name":"NEMZ-N-20-0184"}]},{"@type":"WebSite","@id":"https:\/\/mnamk.hu\/index-old.php\/#website","url":"https:\/\/mnamk.hu\/index-old.php\/","name":"MN\u00c1MK-UBZ","description":"","publisher":{"@id":"https:\/\/mnamk.hu\/index-old.php\/#organization"},"potentialAction":[{"@type":"SearchAction","target":{"@type":"EntryPoint","urlTemplate":"https:\/\/mnamk.hu\/index-old.php\/?s={search_term_string}"},"query-input":"required name=search_term_string"}],"inLanguage":"hu"},{"@type":"Organization","@id":"https:\/\/mnamk.hu\/index-old.php\/#organization","name":"MNAMK","url":"https:\/\/mnamk.hu\/index-old.php\/","logo":{"@type":"ImageObject","inLanguage":"hu","@id":"https:\/\/mnamk.hu\/index-old.php\/#\/schema\/logo\/image\/","url":"https:\/\/mnamk.hu\/wp\/wp-content\/uploads\/2020\/08\/logo.jpg","contentUrl":"https:\/\/mnamk.hu\/wp\/wp-content\/uploads\/2020\/08\/logo.jpg","width":482,"height":276,"caption":"MNAMK"},"image":{"@id":"https:\/\/mnamk.hu\/index-old.php\/#\/schema\/logo\/image\/"}}]}},"_links":{"self":[{"href":"https:\/\/mnamk.hu\/index-old.php\/wp-json\/wp\/v2\/pages\/22874","targetHints":{"allow":["GET"]}}],"collection":[{"href":"https:\/\/mnamk.hu\/index-old.php\/wp-json\/wp\/v2\/pages"}],"about":[{"href":"https:\/\/mnamk.hu\/index-old.php\/wp-json\/wp\/v2\/types\/page"}],"author":[{"embeddable":true,"href":"https:\/\/mnamk.hu\/index-old.php\/wp-json\/wp\/v2\/users\/22"}],"replies":[{"embeddable":true,"href":"https:\/\/mnamk.hu\/index-old.php\/wp-json\/wp\/v2\/comments?post=22874"}],"version-history":[{"count":0,"href":"https:\/\/mnamk.hu\/index-old.php\/wp-json\/wp\/v2\/pages\/22874\/revisions"}],"wp:attachment":[{"href":"https:\/\/mnamk.hu\/index-old.php\/wp-json\/wp\/v2\/media?parent=22874"}],"curies":[{"name":"wp","href":"https:\/\/api.w.org\/{rel}","templated":true}]}}