{"id":24189,"date":"2020-10-12T09:04:29","date_gmt":"2020-10-12T09:04:29","guid":{"rendered":"https:\/\/mnamk.hu\/wp\/?page_id=24189"},"modified":"2023-09-13T09:10:52","modified_gmt":"2023-09-13T07:10:52","slug":"felveteli-lehetosegekrol-szolo-tajekoztato","status":"publish","type":"page","link":"https:\/\/mnamk.hu\/index-old.php\/felveteli-lehetosegekrol-szolo-tajekoztato\/","title":{"rendered":"Felv\u00e9teli lehet\u0151s\u00e9gekr\u0151l sz\u00f3l\u00f3 t\u00e1j\u00e9koztat\u00f3"},"content":{"rendered":"\n<p>A k\u00f6z\u00e9piskol\u00e1t adott tan\u00e9v szeptember\u00e9ben megkezd\u0151 tanul\u00f3k eset\u00e9ben int\u00e9zm\u00e9nyegys\u00e9g\u00fcnkbe a k\u00f6z\u00e9piskolai felv\u00e9teli elj\u00e1r\u00e1s sor\u00e1n lehet jelentkezni. A felv\u00e9teli lapon kell jelezni a koll\u00e9giumi ig\u00e9nyt.<br><br>A tan\u00e9v sor\u00e1n val\u00f3 jelentkez\u00e9s eset\u00e9n a sz\u00fcl\u0151nek kell \u00edr\u00e1sban felv\u00e9teli k\u00e9relmet beny\u00fajtania, melyet az int\u00e9zm\u00e9nyegys\u00e9g vezet\u0151 b\u00edr\u00e1l el. A d\u00f6nt\u00e9sr\u0151l a sz\u00fcl\u0151 \u00edr\u00e1sbeli t\u00e1j\u00e9koztat\u00e1st kap. Koll\u00e9giumi jogviszony mindig az adott tan\u00e9vre sz\u00f3l.<br><br>A tan\u00e9v v\u00e9g\u00e9n megsz\u0171n\u0151 koll\u00e9giumi jogviszony meg\u00faj\u00edt\u00e1s\u00e1t, \u00edr\u00e1sban beadott formanyomtatv\u00e1nyon teheti meg a sz\u00fcl\u0151. A k\u00e9rv\u00e9nyek bead\u00e1si hat\u00e1rideje m\u00e1jus 30., vagy azt megel\u0151z\u0151 utols\u00f3 munkanap.<\/p>\n","protected":false},"excerpt":{"rendered":"<p>A k\u00f6z\u00e9piskol\u00e1t adott tan\u00e9v szeptember\u00e9ben megkezd\u0151 tanul\u00f3k eset\u00e9ben int\u00e9zm\u00e9nyegys\u00e9g\u00fcnkbe a k\u00f6z\u00e9piskolai felv\u00e9teli elj\u00e1r\u00e1s sor\u00e1n lehet jelentkezni. A felv\u00e9teli lapon kell jelezni a koll\u00e9giumi ig\u00e9nyt. A tan\u00e9v sor\u00e1n val\u00f3 jelentkez\u00e9s eset\u00e9n a sz\u00fcl\u0151nek kell \u00edr\u00e1sban felv\u00e9teli k\u00e9relmet beny\u00fajtania, melyet az int\u00e9zm\u00e9nyegys\u00e9g vezet\u0151 b\u00edr\u00e1l el. A d\u00f6nt\u00e9sr\u0151l a sz\u00fcl\u0151 \u00edr\u00e1sbeli t\u00e1j\u00e9koztat\u00e1st kap. Koll\u00e9giumi jogviszony mindig az adott [&hellip;]<\/p>\n","protected":false},"author":22,"featured_media":0,"parent":0,"menu_order":0,"comment_status":"closed","ping_status":"closed","template":"","meta":{"footnotes":""},"class_list":["post-24189","page","type-page","status-publish","hentry"],"yoast_head":"<!-- This site is optimized with the Yoast SEO plugin v20.9 - https:\/\/yoast.com\/wordpress\/plugins\/seo\/ -->\n<title>Felv\u00e9teli lehet\u0151s\u00e9gekr\u0151l sz\u00f3l\u00f3 t\u00e1j\u00e9koztat\u00f3 - MN\u00c1MK-UBZ<\/title>\n<meta name=\"robots\" content=\"index, follow, max-snippet:-1, max-image-preview:large, max-video-preview:-1\" \/>\n<link rel=\"canonical\" href=\"https:\/\/mnamk.hu\/index-old.php\/felveteli-lehetosegekrol-szolo-tajekoztato\/\" \/>\n<meta property=\"og:locale\" content=\"hu_HU\" \/>\n<meta property=\"og:type\" content=\"article\" \/>\n<meta property=\"og:title\" content=\"Felv\u00e9teli lehet\u0151s\u00e9gekr\u0151l sz\u00f3l\u00f3 t\u00e1j\u00e9koztat\u00f3 - MN\u00c1MK-UBZ\" \/>\n<meta property=\"og:description\" content=\"A k\u00f6z\u00e9piskol\u00e1t adott tan\u00e9v szeptember\u00e9ben megkezd\u0151 tanul\u00f3k eset\u00e9ben int\u00e9zm\u00e9nyegys\u00e9g\u00fcnkbe a k\u00f6z\u00e9piskolai felv\u00e9teli elj\u00e1r\u00e1s sor\u00e1n lehet jelentkezni. A felv\u00e9teli lapon kell jelezni a koll\u00e9giumi ig\u00e9nyt. A tan\u00e9v sor\u00e1n val\u00f3 jelentkez\u00e9s eset\u00e9n a sz\u00fcl\u0151nek kell \u00edr\u00e1sban felv\u00e9teli k\u00e9relmet beny\u00fajtania, melyet az int\u00e9zm\u00e9nyegys\u00e9g vezet\u0151 b\u00edr\u00e1l el. A d\u00f6nt\u00e9sr\u0151l a sz\u00fcl\u0151 \u00edr\u00e1sbeli t\u00e1j\u00e9koztat\u00e1st kap. Koll\u00e9giumi jogviszony mindig az adott [&hellip;]\" \/>\n<meta property=\"og:url\" content=\"https:\/\/mnamk.hu\/index-old.php\/felveteli-lehetosegekrol-szolo-tajekoztato\/\" \/>\n<meta property=\"og:site_name\" content=\"MN\u00c1MK-UBZ\" \/>\n<meta property=\"article:modified_time\" content=\"2023-09-13T07:10:52+00:00\" \/>\n<meta name=\"twitter:card\" content=\"summary_large_image\" \/>\n<meta name=\"twitter:label1\" content=\"Becs\u00fclt olvas\u00e1si id\u0151\" \/>\n\t<meta name=\"twitter:data1\" content=\"1 perc\" \/>\n<script type=\"application\/ld+json\" class=\"yoast-schema-graph\">{\"@context\":\"https:\/\/schema.org\",\"@graph\":[{\"@type\":\"WebPage\",\"@id\":\"https:\/\/mnamk.hu\/index-old.php\/felveteli-lehetosegekrol-szolo-tajekoztato\/\",\"url\":\"https:\/\/mnamk.hu\/index-old.php\/felveteli-lehetosegekrol-szolo-tajekoztato\/\",\"name\":\"Felv\u00e9teli lehet\u0151s\u00e9gekr\u0151l sz\u00f3l\u00f3 t\u00e1j\u00e9koztat\u00f3 - MN\u00c1MK-UBZ\",\"isPartOf\":{\"@id\":\"https:\/\/mnamk.hu\/index-old.php\/#website\"},\"datePublished\":\"2020-10-12T09:04:29+00:00\",\"dateModified\":\"2023-09-13T07:10:52+00:00\",\"breadcrumb\":{\"@id\":\"https:\/\/mnamk.hu\/index-old.php\/felveteli-lehetosegekrol-szolo-tajekoztato\/#breadcrumb\"},\"inLanguage\":\"hu\",\"potentialAction\":[{\"@type\":\"ReadAction\",\"target\":[\"https:\/\/mnamk.hu\/index-old.php\/felveteli-lehetosegekrol-szolo-tajekoztato\/\"]}]},{\"@type\":\"BreadcrumbList\",\"@id\":\"https:\/\/mnamk.hu\/index-old.php\/felveteli-lehetosegekrol-szolo-tajekoztato\/#breadcrumb\",\"itemListElement\":[{\"@type\":\"ListItem\",\"position\":1,\"name\":\"Startseite\",\"item\":\"https:\/\/mnamk.hu\/\"},{\"@type\":\"ListItem\",\"position\":2,\"name\":\"Felv\u00e9teli lehet\u0151s\u00e9gekr\u0151l sz\u00f3l\u00f3 t\u00e1j\u00e9koztat\u00f3\"}]},{\"@type\":\"WebSite\",\"@id\":\"https:\/\/mnamk.hu\/index-old.php\/#website\",\"url\":\"https:\/\/mnamk.hu\/index-old.php\/\",\"name\":\"MN\u00c1MK-UBZ\",\"description\":\"\",\"publisher\":{\"@id\":\"https:\/\/mnamk.hu\/index-old.php\/#organization\"},\"potentialAction\":[{\"@type\":\"SearchAction\",\"target\":{\"@type\":\"EntryPoint\",\"urlTemplate\":\"https:\/\/mnamk.hu\/index-old.php\/?s={search_term_string}\"},\"query-input\":\"required name=search_term_string\"}],\"inLanguage\":\"hu\"},{\"@type\":\"Organization\",\"@id\":\"https:\/\/mnamk.hu\/index-old.php\/#organization\",\"name\":\"MNAMK\",\"url\":\"https:\/\/mnamk.hu\/index-old.php\/\",\"logo\":{\"@type\":\"ImageObject\",\"inLanguage\":\"hu\",\"@id\":\"https:\/\/mnamk.hu\/index-old.php\/#\/schema\/logo\/image\/\",\"url\":\"https:\/\/mnamk.hu\/wp\/wp-content\/uploads\/2020\/08\/logo.jpg\",\"contentUrl\":\"https:\/\/mnamk.hu\/wp\/wp-content\/uploads\/2020\/08\/logo.jpg\",\"width\":482,\"height\":276,\"caption\":\"MNAMK\"},\"image\":{\"@id\":\"https:\/\/mnamk.hu\/index-old.php\/#\/schema\/logo\/image\/\"}}]}<\/script>\n<!-- \/ Yoast SEO plugin. -->","yoast_head_json":{"title":"Felv\u00e9teli lehet\u0151s\u00e9gekr\u0151l sz\u00f3l\u00f3 t\u00e1j\u00e9koztat\u00f3 - MN\u00c1MK-UBZ","robots":{"index":"index","follow":"follow","max-snippet":"max-snippet:-1","max-image-preview":"max-image-preview:large","max-video-preview":"max-video-preview:-1"},"canonical":"https:\/\/mnamk.hu\/index-old.php\/felveteli-lehetosegekrol-szolo-tajekoztato\/","og_locale":"hu_HU","og_type":"article","og_title":"Felv\u00e9teli lehet\u0151s\u00e9gekr\u0151l sz\u00f3l\u00f3 t\u00e1j\u00e9koztat\u00f3 - MN\u00c1MK-UBZ","og_description":"A k\u00f6z\u00e9piskol\u00e1t adott tan\u00e9v szeptember\u00e9ben megkezd\u0151 tanul\u00f3k eset\u00e9ben int\u00e9zm\u00e9nyegys\u00e9g\u00fcnkbe a k\u00f6z\u00e9piskolai felv\u00e9teli elj\u00e1r\u00e1s sor\u00e1n lehet jelentkezni. A felv\u00e9teli lapon kell jelezni a koll\u00e9giumi ig\u00e9nyt. A tan\u00e9v sor\u00e1n val\u00f3 jelentkez\u00e9s eset\u00e9n a sz\u00fcl\u0151nek kell \u00edr\u00e1sban felv\u00e9teli k\u00e9relmet beny\u00fajtania, melyet az int\u00e9zm\u00e9nyegys\u00e9g vezet\u0151 b\u00edr\u00e1l el. A d\u00f6nt\u00e9sr\u0151l a sz\u00fcl\u0151 \u00edr\u00e1sbeli t\u00e1j\u00e9koztat\u00e1st kap. Koll\u00e9giumi jogviszony mindig az adott [&hellip;]","og_url":"https:\/\/mnamk.hu\/index-old.php\/felveteli-lehetosegekrol-szolo-tajekoztato\/","og_site_name":"MN\u00c1MK-UBZ","article_modified_time":"2023-09-13T07:10:52+00:00","twitter_card":"summary_large_image","twitter_misc":{"Becs\u00fclt olvas\u00e1si id\u0151":"1 perc"},"schema":{"@context":"https:\/\/schema.org","@graph":[{"@type":"WebPage","@id":"https:\/\/mnamk.hu\/index-old.php\/felveteli-lehetosegekrol-szolo-tajekoztato\/","url":"https:\/\/mnamk.hu\/index-old.php\/felveteli-lehetosegekrol-szolo-tajekoztato\/","name":"Felv\u00e9teli lehet\u0151s\u00e9gekr\u0151l sz\u00f3l\u00f3 t\u00e1j\u00e9koztat\u00f3 - MN\u00c1MK-UBZ","isPartOf":{"@id":"https:\/\/mnamk.hu\/index-old.php\/#website"},"datePublished":"2020-10-12T09:04:29+00:00","dateModified":"2023-09-13T07:10:52+00:00","breadcrumb":{"@id":"https:\/\/mnamk.hu\/index-old.php\/felveteli-lehetosegekrol-szolo-tajekoztato\/#breadcrumb"},"inLanguage":"hu","potentialAction":[{"@type":"ReadAction","target":["https:\/\/mnamk.hu\/index-old.php\/felveteli-lehetosegekrol-szolo-tajekoztato\/"]}]},{"@type":"BreadcrumbList","@id":"https:\/\/mnamk.hu\/index-old.php\/felveteli-lehetosegekrol-szolo-tajekoztato\/#breadcrumb","itemListElement":[{"@type":"ListItem","position":1,"name":"Startseite","item":"https:\/\/mnamk.hu\/"},{"@type":"ListItem","position":2,"name":"Felv\u00e9teli lehet\u0151s\u00e9gekr\u0151l sz\u00f3l\u00f3 t\u00e1j\u00e9koztat\u00f3"}]},{"@type":"WebSite","@id":"https:\/\/mnamk.hu\/index-old.php\/#website","url":"https:\/\/mnamk.hu\/index-old.php\/","name":"MN\u00c1MK-UBZ","description":"","publisher":{"@id":"https:\/\/mnamk.hu\/index-old.php\/#organization"},"potentialAction":[{"@type":"SearchAction","target":{"@type":"EntryPoint","urlTemplate":"https:\/\/mnamk.hu\/index-old.php\/?s={search_term_string}"},"query-input":"required name=search_term_string"}],"inLanguage":"hu"},{"@type":"Organization","@id":"https:\/\/mnamk.hu\/index-old.php\/#organization","name":"MNAMK","url":"https:\/\/mnamk.hu\/index-old.php\/","logo":{"@type":"ImageObject","inLanguage":"hu","@id":"https:\/\/mnamk.hu\/index-old.php\/#\/schema\/logo\/image\/","url":"https:\/\/mnamk.hu\/wp\/wp-content\/uploads\/2020\/08\/logo.jpg","contentUrl":"https:\/\/mnamk.hu\/wp\/wp-content\/uploads\/2020\/08\/logo.jpg","width":482,"height":276,"caption":"MNAMK"},"image":{"@id":"https:\/\/mnamk.hu\/index-old.php\/#\/schema\/logo\/image\/"}}]}},"_links":{"self":[{"href":"https:\/\/mnamk.hu\/index-old.php\/wp-json\/wp\/v2\/pages\/24189","targetHints":{"allow":["GET"]}}],"collection":[{"href":"https:\/\/mnamk.hu\/index-old.php\/wp-json\/wp\/v2\/pages"}],"about":[{"href":"https:\/\/mnamk.hu\/index-old.php\/wp-json\/wp\/v2\/types\/page"}],"author":[{"embeddable":true,"href":"https:\/\/mnamk.hu\/index-old.php\/wp-json\/wp\/v2\/users\/22"}],"replies":[{"embeddable":true,"href":"https:\/\/mnamk.hu\/index-old.php\/wp-json\/wp\/v2\/comments?post=24189"}],"version-history":[{"count":3,"href":"https:\/\/mnamk.hu\/index-old.php\/wp-json\/wp\/v2\/pages\/24189\/revisions"}],"predecessor-version":[{"id":50838,"href":"https:\/\/mnamk.hu\/index-old.php\/wp-json\/wp\/v2\/pages\/24189\/revisions\/50838"}],"wp:attachment":[{"href":"https:\/\/mnamk.hu\/index-old.php\/wp-json\/wp\/v2\/media?parent=24189"}],"curies":[{"name":"wp","href":"https:\/\/api.w.org\/{rel}","templated":true}]}}