{"id":24190,"date":"2020-10-12T08:26:45","date_gmt":"2020-10-12T08:26:45","guid":{"rendered":"https:\/\/mnamk.hu\/wp\/?page_id=24190"},"modified":"2023-08-14T10:51:32","modified_gmt":"2023-08-14T08:51:32","slug":"intezmenyegyseg-nyitvatartasi-rendje","status":"publish","type":"page","link":"https:\/\/mnamk.hu\/index-old.php\/intezmenyegyseg-nyitvatartasi-rendje\/","title":{"rendered":"Int\u00e9zm\u00e9nyegys\u00e9g nyitvatart\u00e1si rendje"},"content":{"rendered":"\n<p>A koll\u00e9gium tan\u00edt\u00e1si id\u0151ben folyamatosan \u00fczemel. Ha az \u00e9p\u00fcletben tanul\u00f3 van, a pedag\u00f3giai fel\u00fcgyeletet biztos\u00edtani kell. A tanul\u00f3k hazautazhatnak h\u00e9t v\u00e9g\u00e9n \u00e9s k\u00fcl\u00f6n enged\u00e9llyel h\u00e9t k\u00f6zben is. Az enged\u00e9lyt sz\u00fcl\u0151i bejelent\u00e9s alapj\u00e1n a tanul\u00f3 nevel\u0151tan\u00e1ra adja meg. Az \u00fcgyeletes nevel\u0151t t\u00e1j\u00e9koztatni kell kinek, mikorra adott enged\u00e9lyt.<br><br>A koll\u00e9gium d\u00e9lel\u0151tt z\u00e1rva tart, csak azok a tanul\u00f3k tart\u00f3zkodhatnak bent, akik betegek, \u00e9s d\u00e9lut\u00e1n mennek orvoshoz. A gimn\u00e1ziumb\u00f3l csak azok a di\u00e1kok j\u00f6hetnek vissza, akiket az oszt\u00e1lyf\u0151n\u00f6k\u00fck visszaengedett, \u00e9s igazol\u00e1ssal l\u00e1tta el \u0151ket.<br><br>A h\u00e9tv\u00e9gi hazautaz\u00e1skor az utols\u00f3 tan\u00edt\u00e1si nap 16:00 \u00f3r\u00e1ig el kell hagyni a koll\u00e9giumot azoknak, akik elutaznak. Vissza\u00e9rkez\u00e9s a tan\u00edt\u00e1st megel\u0151z\u0151 nap 16:00 \u00f3r\u00e1t\u00f3l, 20:00 \u00f3r\u00e1ig. A tan\u00edt\u00e1si nap reggel\u00e9n a vissza\u00e9rkez\u00e9s el\u0151zetes sz\u00fcl\u0151i k\u00e9relemre, a nevel\u0151tan\u00e1r enged\u00e9ly\u00e9vel lehets\u00e9ges.<br>Azok a di\u00e1kok, akik nem \u00e9rkeznek vissza vas\u00e1rnap 20:00 \u00f3r\u00e1ig, a sz\u00fcl\u0151t\u0151l kell igazol\u00e1st hoznia.<br><br>A sz\u00fcl\u0151i k\u00e9relem sz\u00f3lhat a tan\u00edt\u00e1s teljes idej\u00e9re, vagy esetenk\u00e9nt. Ez ut\u00f3bbi esetben az \u00fcgyeletes nevel\u0151 is enged\u00e9lyezheti a t\u00e1volmarad\u00e1st. H\u00e9tv\u00e9gi benntart\u00f3zkod\u00e1si ig\u00e9nyt h\u00e1rom nappal el\u0151re jelezni kell. H\u00e9tv\u00e9gi benntart\u00f3zkod\u00e1sok eset\u00e9n a tanul\u00f3ra ugyan \u00fagy vonatkoznak a H\u00e1zirend szab\u00e1lyai, mint tan\u00edt\u00e1si id\u0151ben.<\/p>\n","protected":false},"excerpt":{"rendered":"<p>A koll\u00e9gium tan\u00edt\u00e1si id\u0151ben folyamatosan \u00fczemel. Ha az \u00e9p\u00fcletben tanul\u00f3 van, a pedag\u00f3giai fel\u00fcgyeletet biztos\u00edtani kell. A tanul\u00f3k hazautazhatnak h\u00e9t v\u00e9g\u00e9n \u00e9s k\u00fcl\u00f6n enged\u00e9llyel h\u00e9t k\u00f6zben is. Az enged\u00e9lyt sz\u00fcl\u0151i bejelent\u00e9s alapj\u00e1n a tanul\u00f3 nevel\u0151tan\u00e1ra adja meg. Az \u00fcgyeletes nevel\u0151t t\u00e1j\u00e9koztatni kell kinek, mikorra adott enged\u00e9lyt. A koll\u00e9gium d\u00e9lel\u0151tt z\u00e1rva tart, csak azok a tanul\u00f3k [&hellip;]<\/p>\n","protected":false},"author":22,"featured_media":0,"parent":0,"menu_order":0,"comment_status":"closed","ping_status":"closed","template":"","meta":{"footnotes":""},"class_list":["post-24190","page","type-page","status-publish","hentry"],"yoast_head":"<!-- This site is optimized with the Yoast SEO plugin v20.9 - https:\/\/yoast.com\/wordpress\/plugins\/seo\/ -->\n<title>Int\u00e9zm\u00e9nyegys\u00e9g nyitvatart\u00e1si rendje - MN\u00c1MK-UBZ<\/title>\n<meta name=\"robots\" content=\"index, follow, max-snippet:-1, max-image-preview:large, max-video-preview:-1\" \/>\n<link rel=\"canonical\" href=\"https:\/\/mnamk.hu\/index-old.php\/intezmenyegyseg-nyitvatartasi-rendje\/\" \/>\n<meta property=\"og:locale\" content=\"hu_HU\" \/>\n<meta property=\"og:type\" content=\"article\" \/>\n<meta property=\"og:title\" content=\"Int\u00e9zm\u00e9nyegys\u00e9g nyitvatart\u00e1si rendje - MN\u00c1MK-UBZ\" \/>\n<meta property=\"og:description\" content=\"A koll\u00e9gium tan\u00edt\u00e1si id\u0151ben folyamatosan \u00fczemel. Ha az \u00e9p\u00fcletben tanul\u00f3 van, a pedag\u00f3giai fel\u00fcgyeletet biztos\u00edtani kell. A tanul\u00f3k hazautazhatnak h\u00e9t v\u00e9g\u00e9n \u00e9s k\u00fcl\u00f6n enged\u00e9llyel h\u00e9t k\u00f6zben is. Az enged\u00e9lyt sz\u00fcl\u0151i bejelent\u00e9s alapj\u00e1n a tanul\u00f3 nevel\u0151tan\u00e1ra adja meg. Az \u00fcgyeletes nevel\u0151t t\u00e1j\u00e9koztatni kell kinek, mikorra adott enged\u00e9lyt. A koll\u00e9gium d\u00e9lel\u0151tt z\u00e1rva tart, csak azok a tanul\u00f3k [&hellip;]\" \/>\n<meta property=\"og:url\" content=\"https:\/\/mnamk.hu\/index-old.php\/intezmenyegyseg-nyitvatartasi-rendje\/\" \/>\n<meta property=\"og:site_name\" content=\"MN\u00c1MK-UBZ\" \/>\n<meta property=\"article:modified_time\" content=\"2023-08-14T08:51:32+00:00\" \/>\n<meta name=\"twitter:card\" content=\"summary_large_image\" \/>\n<meta name=\"twitter:label1\" content=\"Becs\u00fclt olvas\u00e1si id\u0151\" \/>\n\t<meta name=\"twitter:data1\" content=\"1 perc\" \/>\n<script type=\"application\/ld+json\" class=\"yoast-schema-graph\">{\"@context\":\"https:\/\/schema.org\",\"@graph\":[{\"@type\":\"WebPage\",\"@id\":\"https:\/\/mnamk.hu\/index-old.php\/intezmenyegyseg-nyitvatartasi-rendje\/\",\"url\":\"https:\/\/mnamk.hu\/index-old.php\/intezmenyegyseg-nyitvatartasi-rendje\/\",\"name\":\"Int\u00e9zm\u00e9nyegys\u00e9g nyitvatart\u00e1si rendje - MN\u00c1MK-UBZ\",\"isPartOf\":{\"@id\":\"https:\/\/mnamk.hu\/index-old.php\/#website\"},\"datePublished\":\"2020-10-12T08:26:45+00:00\",\"dateModified\":\"2023-08-14T08:51:32+00:00\",\"breadcrumb\":{\"@id\":\"https:\/\/mnamk.hu\/index-old.php\/intezmenyegyseg-nyitvatartasi-rendje\/#breadcrumb\"},\"inLanguage\":\"hu\",\"potentialAction\":[{\"@type\":\"ReadAction\",\"target\":[\"https:\/\/mnamk.hu\/index-old.php\/intezmenyegyseg-nyitvatartasi-rendje\/\"]}]},{\"@type\":\"BreadcrumbList\",\"@id\":\"https:\/\/mnamk.hu\/index-old.php\/intezmenyegyseg-nyitvatartasi-rendje\/#breadcrumb\",\"itemListElement\":[{\"@type\":\"ListItem\",\"position\":1,\"name\":\"Startseite\",\"item\":\"https:\/\/mnamk.hu\/\"},{\"@type\":\"ListItem\",\"position\":2,\"name\":\"Int\u00e9zm\u00e9nyegys\u00e9g nyitvatart\u00e1si rendje\"}]},{\"@type\":\"WebSite\",\"@id\":\"https:\/\/mnamk.hu\/index-old.php\/#website\",\"url\":\"https:\/\/mnamk.hu\/index-old.php\/\",\"name\":\"MN\u00c1MK-UBZ\",\"description\":\"\",\"publisher\":{\"@id\":\"https:\/\/mnamk.hu\/index-old.php\/#organization\"},\"potentialAction\":[{\"@type\":\"SearchAction\",\"target\":{\"@type\":\"EntryPoint\",\"urlTemplate\":\"https:\/\/mnamk.hu\/index-old.php\/?s={search_term_string}\"},\"query-input\":\"required name=search_term_string\"}],\"inLanguage\":\"hu\"},{\"@type\":\"Organization\",\"@id\":\"https:\/\/mnamk.hu\/index-old.php\/#organization\",\"name\":\"MNAMK\",\"url\":\"https:\/\/mnamk.hu\/index-old.php\/\",\"logo\":{\"@type\":\"ImageObject\",\"inLanguage\":\"hu\",\"@id\":\"https:\/\/mnamk.hu\/index-old.php\/#\/schema\/logo\/image\/\",\"url\":\"https:\/\/mnamk.hu\/wp\/wp-content\/uploads\/2020\/08\/logo.jpg\",\"contentUrl\":\"https:\/\/mnamk.hu\/wp\/wp-content\/uploads\/2020\/08\/logo.jpg\",\"width\":482,\"height\":276,\"caption\":\"MNAMK\"},\"image\":{\"@id\":\"https:\/\/mnamk.hu\/index-old.php\/#\/schema\/logo\/image\/\"}}]}<\/script>\n<!-- \/ Yoast SEO plugin. -->","yoast_head_json":{"title":"Int\u00e9zm\u00e9nyegys\u00e9g nyitvatart\u00e1si rendje - MN\u00c1MK-UBZ","robots":{"index":"index","follow":"follow","max-snippet":"max-snippet:-1","max-image-preview":"max-image-preview:large","max-video-preview":"max-video-preview:-1"},"canonical":"https:\/\/mnamk.hu\/index-old.php\/intezmenyegyseg-nyitvatartasi-rendje\/","og_locale":"hu_HU","og_type":"article","og_title":"Int\u00e9zm\u00e9nyegys\u00e9g nyitvatart\u00e1si rendje - MN\u00c1MK-UBZ","og_description":"A koll\u00e9gium tan\u00edt\u00e1si id\u0151ben folyamatosan \u00fczemel. Ha az \u00e9p\u00fcletben tanul\u00f3 van, a pedag\u00f3giai fel\u00fcgyeletet biztos\u00edtani kell. A tanul\u00f3k hazautazhatnak h\u00e9t v\u00e9g\u00e9n \u00e9s k\u00fcl\u00f6n enged\u00e9llyel h\u00e9t k\u00f6zben is. Az enged\u00e9lyt sz\u00fcl\u0151i bejelent\u00e9s alapj\u00e1n a tanul\u00f3 nevel\u0151tan\u00e1ra adja meg. Az \u00fcgyeletes nevel\u0151t t\u00e1j\u00e9koztatni kell kinek, mikorra adott enged\u00e9lyt. A koll\u00e9gium d\u00e9lel\u0151tt z\u00e1rva tart, csak azok a tanul\u00f3k [&hellip;]","og_url":"https:\/\/mnamk.hu\/index-old.php\/intezmenyegyseg-nyitvatartasi-rendje\/","og_site_name":"MN\u00c1MK-UBZ","article_modified_time":"2023-08-14T08:51:32+00:00","twitter_card":"summary_large_image","twitter_misc":{"Becs\u00fclt olvas\u00e1si id\u0151":"1 perc"},"schema":{"@context":"https:\/\/schema.org","@graph":[{"@type":"WebPage","@id":"https:\/\/mnamk.hu\/index-old.php\/intezmenyegyseg-nyitvatartasi-rendje\/","url":"https:\/\/mnamk.hu\/index-old.php\/intezmenyegyseg-nyitvatartasi-rendje\/","name":"Int\u00e9zm\u00e9nyegys\u00e9g nyitvatart\u00e1si rendje - MN\u00c1MK-UBZ","isPartOf":{"@id":"https:\/\/mnamk.hu\/index-old.php\/#website"},"datePublished":"2020-10-12T08:26:45+00:00","dateModified":"2023-08-14T08:51:32+00:00","breadcrumb":{"@id":"https:\/\/mnamk.hu\/index-old.php\/intezmenyegyseg-nyitvatartasi-rendje\/#breadcrumb"},"inLanguage":"hu","potentialAction":[{"@type":"ReadAction","target":["https:\/\/mnamk.hu\/index-old.php\/intezmenyegyseg-nyitvatartasi-rendje\/"]}]},{"@type":"BreadcrumbList","@id":"https:\/\/mnamk.hu\/index-old.php\/intezmenyegyseg-nyitvatartasi-rendje\/#breadcrumb","itemListElement":[{"@type":"ListItem","position":1,"name":"Startseite","item":"https:\/\/mnamk.hu\/"},{"@type":"ListItem","position":2,"name":"Int\u00e9zm\u00e9nyegys\u00e9g nyitvatart\u00e1si rendje"}]},{"@type":"WebSite","@id":"https:\/\/mnamk.hu\/index-old.php\/#website","url":"https:\/\/mnamk.hu\/index-old.php\/","name":"MN\u00c1MK-UBZ","description":"","publisher":{"@id":"https:\/\/mnamk.hu\/index-old.php\/#organization"},"potentialAction":[{"@type":"SearchAction","target":{"@type":"EntryPoint","urlTemplate":"https:\/\/mnamk.hu\/index-old.php\/?s={search_term_string}"},"query-input":"required name=search_term_string"}],"inLanguage":"hu"},{"@type":"Organization","@id":"https:\/\/mnamk.hu\/index-old.php\/#organization","name":"MNAMK","url":"https:\/\/mnamk.hu\/index-old.php\/","logo":{"@type":"ImageObject","inLanguage":"hu","@id":"https:\/\/mnamk.hu\/index-old.php\/#\/schema\/logo\/image\/","url":"https:\/\/mnamk.hu\/wp\/wp-content\/uploads\/2020\/08\/logo.jpg","contentUrl":"https:\/\/mnamk.hu\/wp\/wp-content\/uploads\/2020\/08\/logo.jpg","width":482,"height":276,"caption":"MNAMK"},"image":{"@id":"https:\/\/mnamk.hu\/index-old.php\/#\/schema\/logo\/image\/"}}]}},"_links":{"self":[{"href":"https:\/\/mnamk.hu\/index-old.php\/wp-json\/wp\/v2\/pages\/24190","targetHints":{"allow":["GET"]}}],"collection":[{"href":"https:\/\/mnamk.hu\/index-old.php\/wp-json\/wp\/v2\/pages"}],"about":[{"href":"https:\/\/mnamk.hu\/index-old.php\/wp-json\/wp\/v2\/types\/page"}],"author":[{"embeddable":true,"href":"https:\/\/mnamk.hu\/index-old.php\/wp-json\/wp\/v2\/users\/22"}],"replies":[{"embeddable":true,"href":"https:\/\/mnamk.hu\/index-old.php\/wp-json\/wp\/v2\/comments?post=24190"}],"version-history":[{"count":2,"href":"https:\/\/mnamk.hu\/index-old.php\/wp-json\/wp\/v2\/pages\/24190\/revisions"}],"predecessor-version":[{"id":50606,"href":"https:\/\/mnamk.hu\/index-old.php\/wp-json\/wp\/v2\/pages\/24190\/revisions\/50606"}],"wp:attachment":[{"href":"https:\/\/mnamk.hu\/index-old.php\/wp-json\/wp\/v2\/media?parent=24190"}],"curies":[{"name":"wp","href":"https:\/\/api.w.org\/{rel}","templated":true}]}}