{"id":24194,"date":"2020-10-12T08:48:02","date_gmt":"2020-10-12T08:48:02","guid":{"rendered":"https:\/\/mnamk.hu\/wp\/?page_id=24194"},"modified":"2023-10-20T10:19:26","modified_gmt":"2023-10-20T08:19:26","slug":"kollegiumi-csoportok-szama-az-abban-tanulok-letszama","status":"publish","type":"page","link":"https:\/\/mnamk.hu\/index-old.php\/kollegiumi-csoportok-szama-az-abban-tanulok-letszama\/","title":{"rendered":"Koll\u00e9giumi csoportok sz\u00e1ma, az abban tanul\u00f3k l\u00e9tsz\u00e1ma"},"content":{"rendered":"\n<figure class=\"wp-block-table\"><table><tbody><tr><td class=\"has-text-align-center\" data-align=\"center\"><strong>Csoport sz\u00e1ma<\/strong><\/td><td class=\"has-text-align-center\" data-align=\"center\"><strong>Csoportvezet\u0151<\/strong><strong><\/strong><\/td><td class=\"has-text-align-center\" data-align=\"center\"><strong>L\u00e9tsz\u00e1m<\/strong><strong><\/strong><\/td><\/tr><tr><td class=\"has-text-align-center\" data-align=\"center\">I.<\/td><td class=\"has-text-align-center\" data-align=\"center\">Fiedler Antal<\/td><td class=\"has-text-align-center\" data-align=\"center\">25 f\u0151<\/td><\/tr><tr><td class=\"has-text-align-center\" data-align=\"center\">II.<\/td><td class=\"has-text-align-center\" data-align=\"center\">R\u00f3kus Korn\u00e9lia<\/td><td class=\"has-text-align-center\" data-align=\"center\">26 f\u0151<\/td><\/tr><tr><td class=\"has-text-align-center\" data-align=\"center\">III.<\/td><td class=\"has-text-align-center\" data-align=\"center\">B\u00e1tyity \u00c9va<\/td><td class=\"has-text-align-center\" data-align=\"center\">23 f\u0151<\/td><\/tr><tr><td class=\"has-text-align-center\" data-align=\"center\">IV.<\/td><td class=\"has-text-align-center\" data-align=\"center\">Knipf Csilla<\/td><td class=\"has-text-align-center\" data-align=\"center\">24 f\u0151<\/td><\/tr><tr><td class=\"has-text-align-center\" data-align=\"center\">V.<\/td><td class=\"has-text-align-center\" data-align=\"center\">Ill\u00e9s Zolt\u00e1n<\/td><td class=\"has-text-align-center\" data-align=\"center\">26 f\u0151<\/td><\/tr><tr><td class=\"has-text-align-center\" data-align=\"center\">VI.<\/td><td class=\"has-text-align-center\" data-align=\"center\">Szab\u00f3 Ferenc<\/td><td class=\"has-text-align-center\" data-align=\"center\">25 f\u0151<\/td><\/tr><tr><td class=\"has-text-align-center\" data-align=\"center\">VII.<\/td><td class=\"has-text-align-center\" data-align=\"center\">Szab\u00f3 L\u00e1szl\u00f3<\/td><td class=\"has-text-align-center\" data-align=\"center\">24 f\u0151<\/td><\/tr><tr><td class=\"has-text-align-center\" data-align=\"center\">VIII.<\/td><td class=\"has-text-align-center\" data-align=\"center\">Dud\u00e1s Rita<\/td><td class=\"has-text-align-center\" data-align=\"center\">23 f\u0151<\/td><\/tr><\/tbody><\/table><\/figure>\n","protected":false},"excerpt":{"rendered":"<p>Csoport sz\u00e1ma Csoportvezet\u0151 L\u00e9tsz\u00e1m I. Fiedler Antal 25 f\u0151 II. R\u00f3kus Korn\u00e9lia 26 f\u0151 III. B\u00e1tyity \u00c9va 23 f\u0151 IV. Knipf Csilla 24 f\u0151 V. Ill\u00e9s Zolt\u00e1n 26 f\u0151 VI. Szab\u00f3 Ferenc 25 f\u0151 VII. Szab\u00f3 L\u00e1szl\u00f3 24 f\u0151 VIII. Dud\u00e1s Rita 23 f\u0151<\/p>\n","protected":false},"author":22,"featured_media":0,"parent":0,"menu_order":0,"comment_status":"closed","ping_status":"closed","template":"","meta":{"footnotes":""},"class_list":["post-24194","page","type-page","status-publish","hentry"],"yoast_head":"<!-- This site is optimized with the Yoast SEO plugin v20.9 - https:\/\/yoast.com\/wordpress\/plugins\/seo\/ -->\n<title>Koll\u00e9giumi csoportok sz\u00e1ma, az abban tanul\u00f3k l\u00e9tsz\u00e1ma - MN\u00c1MK-UBZ<\/title>\n<meta name=\"robots\" content=\"index, follow, max-snippet:-1, max-image-preview:large, max-video-preview:-1\" \/>\n<link rel=\"canonical\" href=\"https:\/\/mnamk.hu\/index-old.php\/kollegiumi-csoportok-szama-az-abban-tanulok-letszama\/\" \/>\n<meta property=\"og:locale\" content=\"hu_HU\" \/>\n<meta property=\"og:type\" content=\"article\" \/>\n<meta property=\"og:title\" content=\"Koll\u00e9giumi csoportok sz\u00e1ma, az abban tanul\u00f3k l\u00e9tsz\u00e1ma - MN\u00c1MK-UBZ\" \/>\n<meta property=\"og:description\" content=\"Csoport sz\u00e1ma Csoportvezet\u0151 L\u00e9tsz\u00e1m I. Fiedler Antal 25 f\u0151 II. R\u00f3kus Korn\u00e9lia 26 f\u0151 III. B\u00e1tyity \u00c9va 23 f\u0151 IV. Knipf Csilla 24 f\u0151 V. Ill\u00e9s Zolt\u00e1n 26 f\u0151 VI. Szab\u00f3 Ferenc 25 f\u0151 VII. Szab\u00f3 L\u00e1szl\u00f3 24 f\u0151 VIII. Dud\u00e1s Rita 23 f\u0151\" \/>\n<meta property=\"og:url\" content=\"https:\/\/mnamk.hu\/index-old.php\/kollegiumi-csoportok-szama-az-abban-tanulok-letszama\/\" \/>\n<meta property=\"og:site_name\" content=\"MN\u00c1MK-UBZ\" \/>\n<meta property=\"article:modified_time\" content=\"2023-10-20T08:19:26+00:00\" \/>\n<meta name=\"twitter:card\" content=\"summary_large_image\" \/>\n<meta name=\"twitter:label1\" content=\"Becs\u00fclt olvas\u00e1si id\u0151\" \/>\n\t<meta name=\"twitter:data1\" content=\"1 perc\" \/>\n<script type=\"application\/ld+json\" class=\"yoast-schema-graph\">{\"@context\":\"https:\/\/schema.org\",\"@graph\":[{\"@type\":\"WebPage\",\"@id\":\"https:\/\/mnamk.hu\/index-old.php\/kollegiumi-csoportok-szama-az-abban-tanulok-letszama\/\",\"url\":\"https:\/\/mnamk.hu\/index-old.php\/kollegiumi-csoportok-szama-az-abban-tanulok-letszama\/\",\"name\":\"Koll\u00e9giumi csoportok sz\u00e1ma, az abban tanul\u00f3k l\u00e9tsz\u00e1ma - MN\u00c1MK-UBZ\",\"isPartOf\":{\"@id\":\"https:\/\/mnamk.hu\/index-old.php\/#website\"},\"datePublished\":\"2020-10-12T08:48:02+00:00\",\"dateModified\":\"2023-10-20T08:19:26+00:00\",\"breadcrumb\":{\"@id\":\"https:\/\/mnamk.hu\/index-old.php\/kollegiumi-csoportok-szama-az-abban-tanulok-letszama\/#breadcrumb\"},\"inLanguage\":\"hu\",\"potentialAction\":[{\"@type\":\"ReadAction\",\"target\":[\"https:\/\/mnamk.hu\/index-old.php\/kollegiumi-csoportok-szama-az-abban-tanulok-letszama\/\"]}]},{\"@type\":\"BreadcrumbList\",\"@id\":\"https:\/\/mnamk.hu\/index-old.php\/kollegiumi-csoportok-szama-az-abban-tanulok-letszama\/#breadcrumb\",\"itemListElement\":[{\"@type\":\"ListItem\",\"position\":1,\"name\":\"Startseite\",\"item\":\"https:\/\/mnamk.hu\/\"},{\"@type\":\"ListItem\",\"position\":2,\"name\":\"Koll\u00e9giumi csoportok sz\u00e1ma, az abban tanul\u00f3k l\u00e9tsz\u00e1ma\"}]},{\"@type\":\"WebSite\",\"@id\":\"https:\/\/mnamk.hu\/index-old.php\/#website\",\"url\":\"https:\/\/mnamk.hu\/index-old.php\/\",\"name\":\"MN\u00c1MK-UBZ\",\"description\":\"\",\"publisher\":{\"@id\":\"https:\/\/mnamk.hu\/index-old.php\/#organization\"},\"potentialAction\":[{\"@type\":\"SearchAction\",\"target\":{\"@type\":\"EntryPoint\",\"urlTemplate\":\"https:\/\/mnamk.hu\/index-old.php\/?s={search_term_string}\"},\"query-input\":\"required name=search_term_string\"}],\"inLanguage\":\"hu\"},{\"@type\":\"Organization\",\"@id\":\"https:\/\/mnamk.hu\/index-old.php\/#organization\",\"name\":\"MNAMK\",\"url\":\"https:\/\/mnamk.hu\/index-old.php\/\",\"logo\":{\"@type\":\"ImageObject\",\"inLanguage\":\"hu\",\"@id\":\"https:\/\/mnamk.hu\/index-old.php\/#\/schema\/logo\/image\/\",\"url\":\"https:\/\/mnamk.hu\/wp\/wp-content\/uploads\/2020\/08\/logo.jpg\",\"contentUrl\":\"https:\/\/mnamk.hu\/wp\/wp-content\/uploads\/2020\/08\/logo.jpg\",\"width\":482,\"height\":276,\"caption\":\"MNAMK\"},\"image\":{\"@id\":\"https:\/\/mnamk.hu\/index-old.php\/#\/schema\/logo\/image\/\"}}]}<\/script>\n<!-- \/ Yoast SEO plugin. -->","yoast_head_json":{"title":"Koll\u00e9giumi csoportok sz\u00e1ma, az abban tanul\u00f3k l\u00e9tsz\u00e1ma - MN\u00c1MK-UBZ","robots":{"index":"index","follow":"follow","max-snippet":"max-snippet:-1","max-image-preview":"max-image-preview:large","max-video-preview":"max-video-preview:-1"},"canonical":"https:\/\/mnamk.hu\/index-old.php\/kollegiumi-csoportok-szama-az-abban-tanulok-letszama\/","og_locale":"hu_HU","og_type":"article","og_title":"Koll\u00e9giumi csoportok sz\u00e1ma, az abban tanul\u00f3k l\u00e9tsz\u00e1ma - MN\u00c1MK-UBZ","og_description":"Csoport sz\u00e1ma Csoportvezet\u0151 L\u00e9tsz\u00e1m I. Fiedler Antal 25 f\u0151 II. R\u00f3kus Korn\u00e9lia 26 f\u0151 III. B\u00e1tyity \u00c9va 23 f\u0151 IV. Knipf Csilla 24 f\u0151 V. Ill\u00e9s Zolt\u00e1n 26 f\u0151 VI. Szab\u00f3 Ferenc 25 f\u0151 VII. Szab\u00f3 L\u00e1szl\u00f3 24 f\u0151 VIII. Dud\u00e1s Rita 23 f\u0151","og_url":"https:\/\/mnamk.hu\/index-old.php\/kollegiumi-csoportok-szama-az-abban-tanulok-letszama\/","og_site_name":"MN\u00c1MK-UBZ","article_modified_time":"2023-10-20T08:19:26+00:00","twitter_card":"summary_large_image","twitter_misc":{"Becs\u00fclt olvas\u00e1si id\u0151":"1 perc"},"schema":{"@context":"https:\/\/schema.org","@graph":[{"@type":"WebPage","@id":"https:\/\/mnamk.hu\/index-old.php\/kollegiumi-csoportok-szama-az-abban-tanulok-letszama\/","url":"https:\/\/mnamk.hu\/index-old.php\/kollegiumi-csoportok-szama-az-abban-tanulok-letszama\/","name":"Koll\u00e9giumi csoportok sz\u00e1ma, az abban tanul\u00f3k l\u00e9tsz\u00e1ma - MN\u00c1MK-UBZ","isPartOf":{"@id":"https:\/\/mnamk.hu\/index-old.php\/#website"},"datePublished":"2020-10-12T08:48:02+00:00","dateModified":"2023-10-20T08:19:26+00:00","breadcrumb":{"@id":"https:\/\/mnamk.hu\/index-old.php\/kollegiumi-csoportok-szama-az-abban-tanulok-letszama\/#breadcrumb"},"inLanguage":"hu","potentialAction":[{"@type":"ReadAction","target":["https:\/\/mnamk.hu\/index-old.php\/kollegiumi-csoportok-szama-az-abban-tanulok-letszama\/"]}]},{"@type":"BreadcrumbList","@id":"https:\/\/mnamk.hu\/index-old.php\/kollegiumi-csoportok-szama-az-abban-tanulok-letszama\/#breadcrumb","itemListElement":[{"@type":"ListItem","position":1,"name":"Startseite","item":"https:\/\/mnamk.hu\/"},{"@type":"ListItem","position":2,"name":"Koll\u00e9giumi csoportok sz\u00e1ma, az abban tanul\u00f3k l\u00e9tsz\u00e1ma"}]},{"@type":"WebSite","@id":"https:\/\/mnamk.hu\/index-old.php\/#website","url":"https:\/\/mnamk.hu\/index-old.php\/","name":"MN\u00c1MK-UBZ","description":"","publisher":{"@id":"https:\/\/mnamk.hu\/index-old.php\/#organization"},"potentialAction":[{"@type":"SearchAction","target":{"@type":"EntryPoint","urlTemplate":"https:\/\/mnamk.hu\/index-old.php\/?s={search_term_string}"},"query-input":"required name=search_term_string"}],"inLanguage":"hu"},{"@type":"Organization","@id":"https:\/\/mnamk.hu\/index-old.php\/#organization","name":"MNAMK","url":"https:\/\/mnamk.hu\/index-old.php\/","logo":{"@type":"ImageObject","inLanguage":"hu","@id":"https:\/\/mnamk.hu\/index-old.php\/#\/schema\/logo\/image\/","url":"https:\/\/mnamk.hu\/wp\/wp-content\/uploads\/2020\/08\/logo.jpg","contentUrl":"https:\/\/mnamk.hu\/wp\/wp-content\/uploads\/2020\/08\/logo.jpg","width":482,"height":276,"caption":"MNAMK"},"image":{"@id":"https:\/\/mnamk.hu\/index-old.php\/#\/schema\/logo\/image\/"}}]}},"_links":{"self":[{"href":"https:\/\/mnamk.hu\/index-old.php\/wp-json\/wp\/v2\/pages\/24194","targetHints":{"allow":["GET"]}}],"collection":[{"href":"https:\/\/mnamk.hu\/index-old.php\/wp-json\/wp\/v2\/pages"}],"about":[{"href":"https:\/\/mnamk.hu\/index-old.php\/wp-json\/wp\/v2\/types\/page"}],"author":[{"embeddable":true,"href":"https:\/\/mnamk.hu\/index-old.php\/wp-json\/wp\/v2\/users\/22"}],"replies":[{"embeddable":true,"href":"https:\/\/mnamk.hu\/index-old.php\/wp-json\/wp\/v2\/comments?post=24194"}],"version-history":[{"count":4,"href":"https:\/\/mnamk.hu\/index-old.php\/wp-json\/wp\/v2\/pages\/24194\/revisions"}],"predecessor-version":[{"id":51781,"href":"https:\/\/mnamk.hu\/index-old.php\/wp-json\/wp\/v2\/pages\/24194\/revisions\/51781"}],"wp:attachment":[{"href":"https:\/\/mnamk.hu\/index-old.php\/wp-json\/wp\/v2\/media?parent=24194"}],"curies":[{"name":"wp","href":"https:\/\/api.w.org\/{rel}","templated":true}]}}