{"id":24231,"date":"2020-10-12T12:49:35","date_gmt":"2020-10-12T12:49:35","guid":{"rendered":"https:\/\/mnamk.hu\/wp\/?page_id=24231"},"modified":"2023-10-17T13:44:55","modified_gmt":"2023-10-17T11:44:55","slug":"gyakran-ismetelt-kerdesek-gyik","status":"publish","type":"page","link":"https:\/\/mnamk.hu\/index-old.php\/gyakran-ismetelt-kerdesek-gyik\/","title":{"rendered":"Gyakran Ism\u00e9telt K\u00e9rd\u00e9sek &#8211; GYIK"},"content":{"rendered":"\n<span class=\"collapseomatic \" id=\"id69d0d26230feb\"  tabindex=\"0\" title=\"&lt;strong&gt;Lehet-e m\u00e9g jelentkezni a K\u00fclf\u00f6ldi N\u00e9met Iskol\u00e1ba?&lt;\/strong&gt;\"    ><strong>Lehet-e m\u00e9g jelentkezni a K\u00fclf\u00f6ldi N\u00e9met Iskol\u00e1ba?<\/strong><\/span><div id=\"target-id69d0d26230feb\" class=\"collapseomatic_content \"> <\/p>\n\n\n\n<p>Igen, az iskola m\u00e9g fogad jelentkez\u00e9seket. <\/p>\n\n\n\n<p>A jelentkez\u00e9si lap az iskola honlapj\u00e1r\u00f3l t\u00f6lthet\u0151 le: <a href=\"https:\/\/mnamk.hu\/beiskolazas\/hatosztalyos-gimnaziumi-kepzes\/\">https:\/\/mnamk.hu\/beiskolazas\/hatosztalyos-gimnaziumi-kepzes<\/a><\/p>\n\n\n\n<p>A jelentkez\u00e9si lap bead\u00e1s\u00e1t k\u00f6vet\u0151en felv\u00e9teli besz\u00e9lget\u00e9sre h\u00edvjuk meg az \u00e9rdekl\u0151d\u0151 tanul\u00f3kat.<\/p>\n\n\n\n<\/div>\n\n\n\n<p><\/p>\n\n\n\n<span class=\"collapseomatic \" id=\"id69d0d26231040\"  tabindex=\"0\" title=\"&lt;strong&gt;Ha a K\u00fclf\u00f6ldi N\u00e9met Iskol\u00e1ba akarok jelentkezni, be kell jelentkeznem az \u00e1ltal\u00e1nos iskol\u00e1mban a felv\u00e9teli elj\u00e1r\u00e1sba?&lt;\/strong&gt;\"    ><strong>Ha a K\u00fclf\u00f6ldi N\u00e9met Iskol\u00e1ba akarok jelentkezni, be kell jelentkeznem az \u00e1ltal\u00e1nos iskol\u00e1mban a felv\u00e9teli elj\u00e1r\u00e1sba?<\/strong><\/span><div id=\"target-id69d0d26231040\" class=\"collapseomatic_content \"> <\/p>\n\n\n\n<p>Nem. A K\u00fclf\u00f6ldi N\u00e9met Iskol\u00e1ba t\u00f6rt\u00e9n\u0151 felv\u00e9telr\u0151l a n\u00e9met iskolaigazgat\u00f3 d\u00f6nt a jelentkez\u00e9si lap bek\u00fcld\u00e9s\u00e9t k\u00f6vet\u0151en a tanulm\u00e1nyi eredm\u00e9nyek, tanult tant\u00e1rgyak \u00e9s a felv\u00e9teli elbesz\u00e9lget\u00e9s t\u00fckr\u00e9ben.<\/p>\n\n\n\n<\/div>\n\n\n\n<p><\/p>\n\n\n\n<span class=\"collapseomatic \" id=\"id69d0d26231064\"  tabindex=\"0\" title=\"&lt;strong&gt;Hogyan jelentkezhetek a nemzetis\u00e9gi gimn\u00e1ziumba vagy a nemzetis\u00e9gi technikumba?&lt;\/strong&gt;\"    ><strong>Hogyan jelentkezhetek a nemzetis\u00e9gi gimn\u00e1ziumba vagy a nemzetis\u00e9gi technikumba?<\/strong><\/span><div id=\"target-id69d0d26231064\" class=\"collapseomatic_content \">\n\n\n\n<p>Az \u00e1ltal\u00e1nos iskola seg\u00edts\u00e9g\u00e9vel vagy \u00f6n\u00e1ll\u00f3an a k\u00f6zponti felv\u00e9teli elj\u00e1r\u00e1sban. <a href=\"https:\/\/www.oktatas.hu\/pub_bin\/dload\/kozoktatas\/beiskolazas\/tajekoztatok\/KIFIR_alt_isk_8_evfolyamrol.pdf\">https:\/\/www.oktatas.hu\/pub_bin\/dload\/kozoktatas\/beiskolazas\/tajekoztatok\/KIFIR_alt_isk_8_evfolyamrol.pdf<\/a> <\/p>\n\n\n\n<\/div>\n\n\n\n<p><\/p>\n\n\n\n<span class=\"collapseomatic \" id=\"id69d0d26231080\"  tabindex=\"0\" title=\"&lt;strong&gt;K\u00fclf\u00f6ldr\u0151l lehet-e jelentkezni az int\u00e9zm\u00e9ny\u00fcnkbe?&lt;\/strong&gt;\"    ><strong>K\u00fclf\u00f6ldr\u0151l lehet-e jelentkezni az int\u00e9zm\u00e9ny\u00fcnkbe?<\/strong><\/span><div id=\"target-id69d0d26231080\" class=\"collapseomatic_content \">\n\n\n\n<p>Igen.<\/p>\n\n\n\n<p>N\u00e9met nemzetis\u00e9gi k\u00e9pz\u00e9si \u00e1g \u00e9s nemzetis\u00e9gi technikum eset\u00e9n tov\u00e1bbi inform\u00e1ci\u00f3:&nbsp;+36\/79\/520-936<\/p>\n\n\n\n<p>K\u00fclf\u00f6ldi N\u00e9met Iskola eset\u00e9n tov\u00e1bbi inform\u00e1ci\u00f3: +36\/79\/520-931,&nbsp;e-mail: <a href=\"mailto:sekretariat@mnamk.hu\">sekretariat@mnamk.hu<\/a><\/p>\n\n\n\n<\/div>\n\n\n\n<p><\/p>\n\n\n\n<span class=\"collapseomatic \" id=\"id69d0d26231099\"  tabindex=\"0\" title=\"&lt;strong&gt;Mely tant\u00e1rgyak eredm\u00e9ny\u00e9t veszik figyelembe a felv\u00e9teli elj\u00e1r\u00e1sban?&lt;\/strong&gt;\"    ><strong>Mely tant\u00e1rgyak eredm\u00e9ny\u00e9t veszik figyelembe a felv\u00e9teli elj\u00e1r\u00e1sban?<\/strong><\/span><div id=\"target-id69d0d26231099\" class=\"collapseomatic_content \"> <\/p>\n\n\n\n<p>A hozott pontokat a 7. oszt\u00e1ly \u00e9v v\u00e9gi \u00e9s a 8. oszt\u00e1ly f\u00e9l\u00e9vi oszt\u00e1lyzatai alapj\u00e1n sz\u00e1m\u00edtjuk. A k\u00f6vetkez\u0151 tant\u00e1rgyak eredm\u00e9nyeit vessz\u00fck figyelembe: magyar nyelv, magyar irodalom, n\u00e9met nyelv vagy valamilyen idegen nyelv, matematika, t\u00f6rt\u00e9nelem, fizika vagy k\u00e9mia. Az es\u00e9lyegyenl\u0151s\u00e9g biztos\u00edt\u00e1sa \u00e9rdek\u00e9ben a tant\u00e1rgyi felment\u00e9ssel jelentkez\u0151k eset\u00e9n ar\u00e1nyos pontsz\u00e1m\u00edt\u00e1st alkalmazunk.<\/p>\n\n\n\n<p>A pontsz\u00e1m\u00edt\u00e1s nem vonatkozik a K\u00fclf\u00f6ldi N\u00e9met Iskola k\u00e9pz\u00e9si \u00e1gaiba t\u00f6rt\u00e9n\u0151 jelentkez\u00e9sre. A jelentkez\u00e9si lap bead\u00e1s\u00e1t k\u00f6vet\u0151en felv\u00e9teli besz\u00e9lget\u00e9sre h\u00edvjuk meg az \u00e9rdekl\u0151d\u0151 tanul\u00f3kat.<\/p>\n\n\n\n<p> <\/div>\n\n\n\n<p><\/p>\n\n\n\n<span class=\"collapseomatic \" id=\"id69d0d262310b2\"  tabindex=\"0\" title=\"&lt;strong&gt;Mennyi a felv\u00e9teli ponthat\u00e1r?&lt;\/strong&gt;\"    ><strong>Mennyi a felv\u00e9teli ponthat\u00e1r?<\/strong><\/span><div id=\"target-id69d0d262310b2\" class=\"collapseomatic_content \"> <\/p>\n\n\n\n<p>A jelentkez\u0151ket a hozott pontsz\u00e1maik alapj\u00e1n rangsoroljuk. Ehhez a k\u00f6vetkez\u0151 hozott jegyeiket vessz\u00fck figyelembe: magyar nyelv, magyar irodalom, n\u00e9met nyelv vagy valamilyen idegen nyelv, matematika, t\u00f6rt\u00e9nelem, fizika vagy k\u00e9mia. Az es\u00e9lyegyenl\u0151s\u00e9g biztos\u00edt\u00e1sa \u00e9rdek\u00e9ben a tant\u00e1rgyi felment\u00e9ssel jelentkez\u0151k eset\u00e9n ar\u00e1nyos pontsz\u00e1m\u00edt\u00e1st alkalmazunk.<\/p>\n\n\n\n<p>A pontsz\u00e1m\u00edt\u00e1s nem vonatkozik a K\u00fclf\u00f6ldi N\u00e9met Iskola k\u00e9pz\u00e9si \u00e1gaiba t\u00f6rt\u00e9n\u0151 jelentkez\u00e9sre. A jelentkez\u00e9si lap bead\u00e1s\u00e1t k\u00f6vet\u0151en felv\u00e9teli besz\u00e9lget\u00e9sre h\u00edvjuk meg az \u00e9rdekl\u0151d\u0151 tanul\u00f3kat.<\/p>\n\n\n\n<\/div>\n\n\n\n<p><\/p>\n\n\n\n<span class=\"collapseomatic \" id=\"id69d0d262310ca\"  tabindex=\"0\" title=\"&lt;strong&gt;Van -e felv\u00e9teli vizsga, kell-e k\u00f6zponti felv\u00e9telit \u00edrni?&lt;\/strong&gt;\"    ><strong>Van -e felv\u00e9teli vizsga, kell-e k\u00f6zponti felv\u00e9telit \u00edrni?<\/strong><\/span><div id=\"target-id69d0d262310ca\" class=\"collapseomatic_content \"> <\/p>\n\n\n\n<p>Felv\u00e9teli vizsga nincs. Iskol\u00e1nk nem vesz r\u00e9szt a felv\u00e9teli elj\u00e1r\u00e1st megel\u0151z\u0151 k\u00f6z\u00f6s \u00edr\u00e1sbeli vizsgafolyamatban.<\/p>\n\n\n\n<\/div>\n\n\n\n<p><\/p>\n\n\n\n<span class=\"collapseomatic \" id=\"id69d0d262310e1\"  tabindex=\"0\" title=\"&lt;strong&gt;Van -e felv\u00e9teli elbesz\u00e9lget\u00e9s\/meghallgat\u00e1s?&lt;\/strong&gt;\"    ><strong>Van -e felv\u00e9teli elbesz\u00e9lget\u00e9s\/meghallgat\u00e1s?<\/strong><\/span><div id=\"target-id69d0d262310e1\" class=\"collapseomatic_content \"> <\/p>\n\n\n\n<p>A K\u00fclf\u00f6ldi N\u00e9met Iskola k\u00e9pz\u00e9si \u00e1gra jelentkez\u0151 di\u00e1kokat a jelentkez\u00e9si lap bead\u00e1s\u00e1t k\u00f6vet\u0151en felv\u00e9teli besz\u00e9lget\u00e9sre h\u00edvjuk.<\/p>\n\n\n\n<p>A k\u00e9tnyelv\u0171 n\u00e9met nemzetis\u00e9gi tagozatra \u00e9s a nemzetis\u00e9gi technikumba jelentkez\u0151 di\u00e1kok is r\u00e9szt vesznek felv\u00e9teli elbesz\u00e9lget\u00e9sen, amennyiben a ny\u00edlt napon (2023.12.02.) nem voltak orient\u00e1ci\u00f3s besz\u00e9lget\u00e9sen.<\/p>\n\n\n\n<\/div>\n\n\n\n<p><\/p>\n\n\n\n<span class=\"collapseomatic \" id=\"id69d0d262310f9\"  tabindex=\"0\" title=\"&lt;strong&gt;Van -e jelentkez\u00e9si lap?&lt;\/strong&gt;\"    ><strong>Van -e jelentkez\u00e9si lap?<\/strong><\/span><div id=\"target-id69d0d262310f9\" class=\"collapseomatic_content \"> <\/p>\n\n\n\n<p>A nyelvi el\u0151k\u00e9sz\u00edt\u0151 oszt\u00e1lyba, a nemzetis\u00e9gi gimn\u00e1ziumba \u00e9s a technikumi \u00e1gra val\u00f3 jelentkez\u00e9st az \u00e1ltal\u00e1nos iskola int\u00e9zi, a jelentkez\u00e9si lapot ott kell kit\u00f6lteni.<\/p>\n\n\n\n<p>A K\u00fclf\u00f6ldi N\u00e9met Iskola hatoszt\u00e1lyos \u00e9s n\u00e9gyoszt\u00e1lyos k\u00e9pz\u00e9s\u00e9re val\u00f3 jelentkez\u00e9s k\u00f6zvetlen\u00fcl az iskol\u00e1ban t\u00f6rt\u00e9nik, melyhez a jelentkez\u00e9si lap iskol\u00e1nk honlapj\u00e1r\u00f3l let\u00f6lthet\u0151. <a href=\"https:\/\/mnamk.hu\/beiskolazas\/hatosztalyos-gimnaziumi-kepzes\/\">https:\/\/mnamk.hu\/beiskolazas\/hatosztalyos-gimnaziumi-kepzes<\/a><\/p>\n\n\n\n<p>A felv\u00e9telr\u0151l a K\u00fclf\u00f6ldi N\u00e9met Iskola igazgat\u00f3ja d\u00f6nt.<\/p>\n\n\n\n<\/div>\n\n\n\n<p><\/p>\n\n\n\n<span class=\"collapseomatic \" id=\"id69d0d2623110f\"  tabindex=\"0\" title=\"&lt;strong&gt;Nyelvi el\u0151k\u00e9sz\u00edt\u0151 oszt\u00e1ly elv\u00e9gz\u00e9se ut\u00e1n a tov\u00e1bb halad\u00e1st mi hat\u00e1rozza meg?&lt;\/strong&gt;\"    ><strong>Nyelvi el\u0151k\u00e9sz\u00edt\u0151 oszt\u00e1ly elv\u00e9gz\u00e9se ut\u00e1n a tov\u00e1bb halad\u00e1st mi hat\u00e1rozza meg?<\/strong><\/span><div id=\"target-id69d0d2623110f\" class=\"collapseomatic_content \"> <\/p>\n\n\n\n<p>A tan\u00e9v v\u00e9g\u00e9n a n\u00e9met z\u00e1r\u00f3vizsga, valamint az \u00e9v sor\u00e1n \u00edrt nagytesztek eredm\u00e9ny\u00e9t, a matematika \u00e9s magyar jegyeket, valamint a tanul\u00f3k sz\u00e1nd\u00e9k\u00e1t is figyelembe v\u00e9ve sz\u00fcletik d\u00f6nt\u00e9s arr\u00f3l, hogy iskol\u00e1nk melyik k\u00e9pz\u00e9si \u00e1g\u00e1n folytatj\u00e1k tanulm\u00e1nyaikat. <\/p>\n\n\n\n<\/div>\n\n\n\n<p><\/p>\n\n\n\n<span class=\"collapseomatic \" id=\"id69d0d26231126\"  tabindex=\"0\" title=\"&lt;strong&gt;Van-e a technikumba jelentkez\u0151k r\u00e9sz\u00e9re alkalmass\u00e1gi vizsga?&lt;\/strong&gt;\"    ><strong>Van-e a technikumba jelentkez\u0151k r\u00e9sz\u00e9re alkalmass\u00e1gi vizsga?<\/strong><\/span><div id=\"target-id69d0d26231126\" class=\"collapseomatic_content \"> <\/p>\n\n\n\n<p>Igen, a beiratkoz\u00e1skor foglalkoz\u00e1seg\u00e9szs\u00e9g\u00fcgyi (vizsg\u00e1lat az iskol\u00e1ban a v\u00e9d\u0151n\u0151n\u00e9l) \u00e9s p\u00e1lyaalkalmass\u00e1gi vizsg\u00e1lat (teszt kit\u00f6lt\u00e9se) sz\u00fcks\u00e9ges.<\/p>\n\n\n\n<\/div>\n","protected":false},"excerpt":{"rendered":"","protected":false},"author":22,"featured_media":0,"parent":0,"menu_order":0,"comment_status":"closed","ping_status":"closed","template":"","meta":{"footnotes":""},"class_list":["post-24231","page","type-page","status-publish","hentry"],"yoast_head":"<!-- This site is optimized with the Yoast SEO plugin v20.9 - https:\/\/yoast.com\/wordpress\/plugins\/seo\/ -->\n<title>Gyakran Ism\u00e9telt K\u00e9rd\u00e9sek - GYIK - MN\u00c1MK-UBZ<\/title>\n<meta name=\"robots\" content=\"index, follow, max-snippet:-1, max-image-preview:large, max-video-preview:-1\" \/>\n<link rel=\"canonical\" href=\"https:\/\/mnamk.hu\/index-old.php\/gyakran-ismetelt-kerdesek-gyik\/\" \/>\n<meta property=\"og:locale\" content=\"hu_HU\" \/>\n<meta property=\"og:type\" content=\"article\" \/>\n<meta property=\"og:title\" content=\"Gyakran Ism\u00e9telt K\u00e9rd\u00e9sek - GYIK - MN\u00c1MK-UBZ\" \/>\n<meta property=\"og:url\" content=\"https:\/\/mnamk.hu\/index-old.php\/gyakran-ismetelt-kerdesek-gyik\/\" \/>\n<meta property=\"og:site_name\" content=\"MN\u00c1MK-UBZ\" \/>\n<meta property=\"article:modified_time\" content=\"2023-10-17T11:44:55+00:00\" \/>\n<meta name=\"twitter:card\" content=\"summary_large_image\" \/>\n<meta name=\"twitter:label1\" content=\"Becs\u00fclt olvas\u00e1si id\u0151\" \/>\n\t<meta name=\"twitter:data1\" content=\"3 perc\" \/>\n<script type=\"application\/ld+json\" class=\"yoast-schema-graph\">{\"@context\":\"https:\/\/schema.org\",\"@graph\":[{\"@type\":\"WebPage\",\"@id\":\"https:\/\/mnamk.hu\/index-old.php\/gyakran-ismetelt-kerdesek-gyik\/\",\"url\":\"https:\/\/mnamk.hu\/index-old.php\/gyakran-ismetelt-kerdesek-gyik\/\",\"name\":\"Gyakran Ism\u00e9telt K\u00e9rd\u00e9sek - GYIK - MN\u00c1MK-UBZ\",\"isPartOf\":{\"@id\":\"https:\/\/mnamk.hu\/index-old.php\/#website\"},\"datePublished\":\"2020-10-12T12:49:35+00:00\",\"dateModified\":\"2023-10-17T11:44:55+00:00\",\"breadcrumb\":{\"@id\":\"https:\/\/mnamk.hu\/index-old.php\/gyakran-ismetelt-kerdesek-gyik\/#breadcrumb\"},\"inLanguage\":\"hu\",\"potentialAction\":[{\"@type\":\"ReadAction\",\"target\":[\"https:\/\/mnamk.hu\/index-old.php\/gyakran-ismetelt-kerdesek-gyik\/\"]}]},{\"@type\":\"BreadcrumbList\",\"@id\":\"https:\/\/mnamk.hu\/index-old.php\/gyakran-ismetelt-kerdesek-gyik\/#breadcrumb\",\"itemListElement\":[{\"@type\":\"ListItem\",\"position\":1,\"name\":\"Startseite\",\"item\":\"https:\/\/mnamk.hu\/\"},{\"@type\":\"ListItem\",\"position\":2,\"name\":\"Gyakran Ism\u00e9telt K\u00e9rd\u00e9sek &#8211; GYIK\"}]},{\"@type\":\"WebSite\",\"@id\":\"https:\/\/mnamk.hu\/index-old.php\/#website\",\"url\":\"https:\/\/mnamk.hu\/index-old.php\/\",\"name\":\"MN\u00c1MK-UBZ\",\"description\":\"\",\"publisher\":{\"@id\":\"https:\/\/mnamk.hu\/index-old.php\/#organization\"},\"potentialAction\":[{\"@type\":\"SearchAction\",\"target\":{\"@type\":\"EntryPoint\",\"urlTemplate\":\"https:\/\/mnamk.hu\/index-old.php\/?s={search_term_string}\"},\"query-input\":\"required name=search_term_string\"}],\"inLanguage\":\"hu\"},{\"@type\":\"Organization\",\"@id\":\"https:\/\/mnamk.hu\/index-old.php\/#organization\",\"name\":\"MNAMK\",\"url\":\"https:\/\/mnamk.hu\/index-old.php\/\",\"logo\":{\"@type\":\"ImageObject\",\"inLanguage\":\"hu\",\"@id\":\"https:\/\/mnamk.hu\/index-old.php\/#\/schema\/logo\/image\/\",\"url\":\"https:\/\/mnamk.hu\/wp\/wp-content\/uploads\/2020\/08\/logo.jpg\",\"contentUrl\":\"https:\/\/mnamk.hu\/wp\/wp-content\/uploads\/2020\/08\/logo.jpg\",\"width\":482,\"height\":276,\"caption\":\"MNAMK\"},\"image\":{\"@id\":\"https:\/\/mnamk.hu\/index-old.php\/#\/schema\/logo\/image\/\"}}]}<\/script>\n<!-- \/ Yoast SEO plugin. -->","yoast_head_json":{"title":"Gyakran Ism\u00e9telt K\u00e9rd\u00e9sek - GYIK - MN\u00c1MK-UBZ","robots":{"index":"index","follow":"follow","max-snippet":"max-snippet:-1","max-image-preview":"max-image-preview:large","max-video-preview":"max-video-preview:-1"},"canonical":"https:\/\/mnamk.hu\/index-old.php\/gyakran-ismetelt-kerdesek-gyik\/","og_locale":"hu_HU","og_type":"article","og_title":"Gyakran Ism\u00e9telt K\u00e9rd\u00e9sek - GYIK - MN\u00c1MK-UBZ","og_url":"https:\/\/mnamk.hu\/index-old.php\/gyakran-ismetelt-kerdesek-gyik\/","og_site_name":"MN\u00c1MK-UBZ","article_modified_time":"2023-10-17T11:44:55+00:00","twitter_card":"summary_large_image","twitter_misc":{"Becs\u00fclt olvas\u00e1si id\u0151":"3 perc"},"schema":{"@context":"https:\/\/schema.org","@graph":[{"@type":"WebPage","@id":"https:\/\/mnamk.hu\/index-old.php\/gyakran-ismetelt-kerdesek-gyik\/","url":"https:\/\/mnamk.hu\/index-old.php\/gyakran-ismetelt-kerdesek-gyik\/","name":"Gyakran Ism\u00e9telt K\u00e9rd\u00e9sek - GYIK - MN\u00c1MK-UBZ","isPartOf":{"@id":"https:\/\/mnamk.hu\/index-old.php\/#website"},"datePublished":"2020-10-12T12:49:35+00:00","dateModified":"2023-10-17T11:44:55+00:00","breadcrumb":{"@id":"https:\/\/mnamk.hu\/index-old.php\/gyakran-ismetelt-kerdesek-gyik\/#breadcrumb"},"inLanguage":"hu","potentialAction":[{"@type":"ReadAction","target":["https:\/\/mnamk.hu\/index-old.php\/gyakran-ismetelt-kerdesek-gyik\/"]}]},{"@type":"BreadcrumbList","@id":"https:\/\/mnamk.hu\/index-old.php\/gyakran-ismetelt-kerdesek-gyik\/#breadcrumb","itemListElement":[{"@type":"ListItem","position":1,"name":"Startseite","item":"https:\/\/mnamk.hu\/"},{"@type":"ListItem","position":2,"name":"Gyakran Ism\u00e9telt K\u00e9rd\u00e9sek &#8211; GYIK"}]},{"@type":"WebSite","@id":"https:\/\/mnamk.hu\/index-old.php\/#website","url":"https:\/\/mnamk.hu\/index-old.php\/","name":"MN\u00c1MK-UBZ","description":"","publisher":{"@id":"https:\/\/mnamk.hu\/index-old.php\/#organization"},"potentialAction":[{"@type":"SearchAction","target":{"@type":"EntryPoint","urlTemplate":"https:\/\/mnamk.hu\/index-old.php\/?s={search_term_string}"},"query-input":"required name=search_term_string"}],"inLanguage":"hu"},{"@type":"Organization","@id":"https:\/\/mnamk.hu\/index-old.php\/#organization","name":"MNAMK","url":"https:\/\/mnamk.hu\/index-old.php\/","logo":{"@type":"ImageObject","inLanguage":"hu","@id":"https:\/\/mnamk.hu\/index-old.php\/#\/schema\/logo\/image\/","url":"https:\/\/mnamk.hu\/wp\/wp-content\/uploads\/2020\/08\/logo.jpg","contentUrl":"https:\/\/mnamk.hu\/wp\/wp-content\/uploads\/2020\/08\/logo.jpg","width":482,"height":276,"caption":"MNAMK"},"image":{"@id":"https:\/\/mnamk.hu\/index-old.php\/#\/schema\/logo\/image\/"}}]}},"_links":{"self":[{"href":"https:\/\/mnamk.hu\/index-old.php\/wp-json\/wp\/v2\/pages\/24231","targetHints":{"allow":["GET"]}}],"collection":[{"href":"https:\/\/mnamk.hu\/index-old.php\/wp-json\/wp\/v2\/pages"}],"about":[{"href":"https:\/\/mnamk.hu\/index-old.php\/wp-json\/wp\/v2\/types\/page"}],"author":[{"embeddable":true,"href":"https:\/\/mnamk.hu\/index-old.php\/wp-json\/wp\/v2\/users\/22"}],"replies":[{"embeddable":true,"href":"https:\/\/mnamk.hu\/index-old.php\/wp-json\/wp\/v2\/comments?post=24231"}],"version-history":[{"count":4,"href":"https:\/\/mnamk.hu\/index-old.php\/wp-json\/wp\/v2\/pages\/24231\/revisions"}],"predecessor-version":[{"id":51704,"href":"https:\/\/mnamk.hu\/index-old.php\/wp-json\/wp\/v2\/pages\/24231\/revisions\/51704"}],"wp:attachment":[{"href":"https:\/\/mnamk.hu\/index-old.php\/wp-json\/wp\/v2\/media?parent=24231"}],"curies":[{"name":"wp","href":"https:\/\/api.w.org\/{rel}","templated":true}]}}