{"id":24292,"date":"2020-10-12T19:22:40","date_gmt":"2020-10-12T19:22:40","guid":{"rendered":"https:\/\/mnamk.hu\/wp\/?page_id=24292"},"modified":"2023-10-19T10:31:45","modified_gmt":"2023-10-19T08:31:45","slug":"valaszthato-tagozatok","status":"publish","type":"page","link":"https:\/\/mnamk.hu\/index-old.php\/valaszthato-tagozatok\/","title":{"rendered":"V\u00e1laszthat\u00f3 tagozatok"},"content":{"rendered":"\n<p>Tekintse \u00e1t k\u00e9pz\u00e9seinket:<\/p>\n\n\n\n<ul class=\"wp-block-list\">\n<li><a href=\"https:\/\/mnamk.hu\/wp\/nemzetisegi-nyelvi-elokeszito-osztaly\/\">N\u00e9met nemzetis\u00e9gi nyelvi el\u0151k\u00e9sz\u00edt\u0151 oszt\u00e1ly- Baja<\/a><\/li>\n\n\n\n<li><a href=\"https:\/\/mnamk.hu\/wp\/nyelvi-elokeszito-osztaly-kecskemet\/\">N\u00e9met nyelvi el\u0151k\u00e9sz\u00edt\u0151 oszt\u00e1ly &#8211; Kecskem\u00e9t<\/a><\/li>\n\n\n\n<li><a href=\"https:\/\/mnamk.hu\/wp\/nemet-magyar-egyedi-tanterv-alapjan-mukodo-tagozat\/\"><\/a><a href=\"https:\/\/mnamk.hu\/beiskolazas\/negyosztalyos-gimnaziumi-kepzes\/\">K\u00fclf\u00f6ldi N\u00e9met Iskola \u2013 N\u00e9gy\u00e9ves gimn\u00e1ziumi k\u00e9pz\u00e9s<\/a><\/li>\n\n\n\n<li><a href=\"https:\/\/mnamk.hu\/wp\/ketnyelvu-nemet-nemzetisegi-tagozat\/\">K\u00e9tnyelv\u0171 n\u00e9met nemzetis\u00e9gi tagozat<\/a><\/li>\n\n\n\n<li><a href=\"https:\/\/mnamk.hu\/wp\/nemzetisegi-technikum-turisztika-szakirany\/\">N\u00e9met nemzetis\u00e9gi technikum, turisztika szakir\u00e1ny<\/a><\/li>\n<\/ul>\n","protected":false},"excerpt":{"rendered":"<p>Tekintse \u00e1t k\u00e9pz\u00e9seinket:<\/p>\n","protected":false},"author":22,"featured_media":0,"parent":0,"menu_order":0,"comment_status":"closed","ping_status":"closed","template":"","meta":{"footnotes":""},"class_list":["post-24292","page","type-page","status-publish","hentry"],"yoast_head":"<!-- This site is optimized with the Yoast SEO plugin v20.9 - https:\/\/yoast.com\/wordpress\/plugins\/seo\/ -->\n<title>V\u00e1laszthat\u00f3 tagozatok - MN\u00c1MK-UBZ<\/title>\n<meta name=\"robots\" content=\"index, follow, max-snippet:-1, max-image-preview:large, max-video-preview:-1\" \/>\n<link rel=\"canonical\" href=\"https:\/\/mnamk.hu\/index-old.php\/valaszthato-tagozatok\/\" \/>\n<meta property=\"og:locale\" content=\"hu_HU\" \/>\n<meta property=\"og:type\" content=\"article\" \/>\n<meta property=\"og:title\" content=\"V\u00e1laszthat\u00f3 tagozatok - MN\u00c1MK-UBZ\" \/>\n<meta property=\"og:description\" content=\"Tekintse \u00e1t k\u00e9pz\u00e9seinket:\" \/>\n<meta property=\"og:url\" content=\"https:\/\/mnamk.hu\/index-old.php\/valaszthato-tagozatok\/\" \/>\n<meta property=\"og:site_name\" content=\"MN\u00c1MK-UBZ\" \/>\n<meta property=\"article:modified_time\" content=\"2023-10-19T08:31:45+00:00\" \/>\n<meta name=\"twitter:card\" content=\"summary_large_image\" \/>\n<meta name=\"twitter:label1\" content=\"Becs\u00fclt olvas\u00e1si id\u0151\" \/>\n\t<meta name=\"twitter:data1\" content=\"1 perc\" \/>\n<script type=\"application\/ld+json\" class=\"yoast-schema-graph\">{\"@context\":\"https:\/\/schema.org\",\"@graph\":[{\"@type\":\"WebPage\",\"@id\":\"https:\/\/mnamk.hu\/index-old.php\/valaszthato-tagozatok\/\",\"url\":\"https:\/\/mnamk.hu\/index-old.php\/valaszthato-tagozatok\/\",\"name\":\"V\u00e1laszthat\u00f3 tagozatok - MN\u00c1MK-UBZ\",\"isPartOf\":{\"@id\":\"https:\/\/mnamk.hu\/index-old.php\/#website\"},\"datePublished\":\"2020-10-12T19:22:40+00:00\",\"dateModified\":\"2023-10-19T08:31:45+00:00\",\"breadcrumb\":{\"@id\":\"https:\/\/mnamk.hu\/index-old.php\/valaszthato-tagozatok\/#breadcrumb\"},\"inLanguage\":\"hu\",\"potentialAction\":[{\"@type\":\"ReadAction\",\"target\":[\"https:\/\/mnamk.hu\/index-old.php\/valaszthato-tagozatok\/\"]}]},{\"@type\":\"BreadcrumbList\",\"@id\":\"https:\/\/mnamk.hu\/index-old.php\/valaszthato-tagozatok\/#breadcrumb\",\"itemListElement\":[{\"@type\":\"ListItem\",\"position\":1,\"name\":\"Startseite\",\"item\":\"https:\/\/mnamk.hu\/\"},{\"@type\":\"ListItem\",\"position\":2,\"name\":\"V\u00e1laszthat\u00f3 tagozatok\"}]},{\"@type\":\"WebSite\",\"@id\":\"https:\/\/mnamk.hu\/index-old.php\/#website\",\"url\":\"https:\/\/mnamk.hu\/index-old.php\/\",\"name\":\"MN\u00c1MK-UBZ\",\"description\":\"\",\"publisher\":{\"@id\":\"https:\/\/mnamk.hu\/index-old.php\/#organization\"},\"potentialAction\":[{\"@type\":\"SearchAction\",\"target\":{\"@type\":\"EntryPoint\",\"urlTemplate\":\"https:\/\/mnamk.hu\/index-old.php\/?s={search_term_string}\"},\"query-input\":\"required name=search_term_string\"}],\"inLanguage\":\"hu\"},{\"@type\":\"Organization\",\"@id\":\"https:\/\/mnamk.hu\/index-old.php\/#organization\",\"name\":\"MNAMK\",\"url\":\"https:\/\/mnamk.hu\/index-old.php\/\",\"logo\":{\"@type\":\"ImageObject\",\"inLanguage\":\"hu\",\"@id\":\"https:\/\/mnamk.hu\/index-old.php\/#\/schema\/logo\/image\/\",\"url\":\"https:\/\/mnamk.hu\/wp\/wp-content\/uploads\/2020\/08\/logo.jpg\",\"contentUrl\":\"https:\/\/mnamk.hu\/wp\/wp-content\/uploads\/2020\/08\/logo.jpg\",\"width\":482,\"height\":276,\"caption\":\"MNAMK\"},\"image\":{\"@id\":\"https:\/\/mnamk.hu\/index-old.php\/#\/schema\/logo\/image\/\"}}]}<\/script>\n<!-- \/ Yoast SEO plugin. -->","yoast_head_json":{"title":"V\u00e1laszthat\u00f3 tagozatok - MN\u00c1MK-UBZ","robots":{"index":"index","follow":"follow","max-snippet":"max-snippet:-1","max-image-preview":"max-image-preview:large","max-video-preview":"max-video-preview:-1"},"canonical":"https:\/\/mnamk.hu\/index-old.php\/valaszthato-tagozatok\/","og_locale":"hu_HU","og_type":"article","og_title":"V\u00e1laszthat\u00f3 tagozatok - MN\u00c1MK-UBZ","og_description":"Tekintse \u00e1t k\u00e9pz\u00e9seinket:","og_url":"https:\/\/mnamk.hu\/index-old.php\/valaszthato-tagozatok\/","og_site_name":"MN\u00c1MK-UBZ","article_modified_time":"2023-10-19T08:31:45+00:00","twitter_card":"summary_large_image","twitter_misc":{"Becs\u00fclt olvas\u00e1si id\u0151":"1 perc"},"schema":{"@context":"https:\/\/schema.org","@graph":[{"@type":"WebPage","@id":"https:\/\/mnamk.hu\/index-old.php\/valaszthato-tagozatok\/","url":"https:\/\/mnamk.hu\/index-old.php\/valaszthato-tagozatok\/","name":"V\u00e1laszthat\u00f3 tagozatok - MN\u00c1MK-UBZ","isPartOf":{"@id":"https:\/\/mnamk.hu\/index-old.php\/#website"},"datePublished":"2020-10-12T19:22:40+00:00","dateModified":"2023-10-19T08:31:45+00:00","breadcrumb":{"@id":"https:\/\/mnamk.hu\/index-old.php\/valaszthato-tagozatok\/#breadcrumb"},"inLanguage":"hu","potentialAction":[{"@type":"ReadAction","target":["https:\/\/mnamk.hu\/index-old.php\/valaszthato-tagozatok\/"]}]},{"@type":"BreadcrumbList","@id":"https:\/\/mnamk.hu\/index-old.php\/valaszthato-tagozatok\/#breadcrumb","itemListElement":[{"@type":"ListItem","position":1,"name":"Startseite","item":"https:\/\/mnamk.hu\/"},{"@type":"ListItem","position":2,"name":"V\u00e1laszthat\u00f3 tagozatok"}]},{"@type":"WebSite","@id":"https:\/\/mnamk.hu\/index-old.php\/#website","url":"https:\/\/mnamk.hu\/index-old.php\/","name":"MN\u00c1MK-UBZ","description":"","publisher":{"@id":"https:\/\/mnamk.hu\/index-old.php\/#organization"},"potentialAction":[{"@type":"SearchAction","target":{"@type":"EntryPoint","urlTemplate":"https:\/\/mnamk.hu\/index-old.php\/?s={search_term_string}"},"query-input":"required name=search_term_string"}],"inLanguage":"hu"},{"@type":"Organization","@id":"https:\/\/mnamk.hu\/index-old.php\/#organization","name":"MNAMK","url":"https:\/\/mnamk.hu\/index-old.php\/","logo":{"@type":"ImageObject","inLanguage":"hu","@id":"https:\/\/mnamk.hu\/index-old.php\/#\/schema\/logo\/image\/","url":"https:\/\/mnamk.hu\/wp\/wp-content\/uploads\/2020\/08\/logo.jpg","contentUrl":"https:\/\/mnamk.hu\/wp\/wp-content\/uploads\/2020\/08\/logo.jpg","width":482,"height":276,"caption":"MNAMK"},"image":{"@id":"https:\/\/mnamk.hu\/index-old.php\/#\/schema\/logo\/image\/"}}]}},"_links":{"self":[{"href":"https:\/\/mnamk.hu\/index-old.php\/wp-json\/wp\/v2\/pages\/24292","targetHints":{"allow":["GET"]}}],"collection":[{"href":"https:\/\/mnamk.hu\/index-old.php\/wp-json\/wp\/v2\/pages"}],"about":[{"href":"https:\/\/mnamk.hu\/index-old.php\/wp-json\/wp\/v2\/types\/page"}],"author":[{"embeddable":true,"href":"https:\/\/mnamk.hu\/index-old.php\/wp-json\/wp\/v2\/users\/22"}],"replies":[{"embeddable":true,"href":"https:\/\/mnamk.hu\/index-old.php\/wp-json\/wp\/v2\/comments?post=24292"}],"version-history":[{"count":4,"href":"https:\/\/mnamk.hu\/index-old.php\/wp-json\/wp\/v2\/pages\/24292\/revisions"}],"predecessor-version":[{"id":51755,"href":"https:\/\/mnamk.hu\/index-old.php\/wp-json\/wp\/v2\/pages\/24292\/revisions\/51755"}],"wp:attachment":[{"href":"https:\/\/mnamk.hu\/index-old.php\/wp-json\/wp\/v2\/media?parent=24292"}],"curies":[{"name":"wp","href":"https:\/\/api.w.org\/{rel}","templated":true}]}}