{"id":27028,"date":"2021-01-15T12:53:13","date_gmt":"2021-01-15T12:53:13","guid":{"rendered":"https:\/\/mnamk.hu\/wp\/?page_id=27028"},"modified":"2021-01-21T15:38:43","modified_gmt":"2021-01-21T15:38:43","slug":"iskolaotthonos-oktatas","status":"publish","type":"page","link":"https:\/\/mnamk.hu\/index-old.php\/iskolaotthonos-oktatas\/","title":{"rendered":"Iskolaotthonos oktat\u00e1s"},"content":{"rendered":"\n<p>Az <strong><u>iskolaotthonos oktat\u00e1s <\/u><\/strong>sor\u00e1n az eg\u00e9sz nap folyam\u00e1n v\u00e1ltj\u00e1k egym\u00e1st a tan\u00f3r\u00e1k \u00e9s a begyakorl\u00e1st, elm\u00e9ly\u00edt\u00e9st szolg\u00e1l\u00f3 \u00f6n\u00e1ll\u00f3 tanul\u00e1si \u00f3r\u00e1k, \u00edgy a gyerekek terhel\u00e9se (tan\u00edt\u00e1si \u00f3ra ? szabadid\u0151 ? \u00f6n\u00e1ll\u00f3 tanul\u00e1s) egyenletesebb. Az \u00f3rarend \u00f6ssze\u00e1ll\u00edt\u00e1s\u00e1b\u00f3l ad\u00f3d\u00f3 lehet\u0151s\u00e9gek \u00e9s a rugalmas \u00f3ravezet\u00e9s felelnek meg legink\u00e1bb az iskol\u00e1t kezd\u0151 legkisebb gyermekek \u00e9letkori saj\u00e1toss\u00e1gainak.\u00a0\u00a0 Mivel ebben a form\u00e1ban d\u00e9lut\u00e1n is sor ker\u00fcl tan\u00edt\u00e1si \u00f3r\u00e1ra, minden tanul\u00f3 sz\u00e1m\u00e1ra 16 \u00f3r\u00e1ig tartanak a foglalkoz\u00e1sok.<\/p>\n\n\n\n<div class=\"wp-block-image\"><figure class=\"aligncenter size-large\"><img decoding=\"async\" width=\"1024\" height=\"581\" src=\"https:\/\/mnamk.hu\/wp\/wp-content\/uploads\/2021\/01\/iskolaotthonos-1024x581.jpg\" alt=\"\" class=\"wp-image-27355\" srcset=\"https:\/\/mnamk.hu\/wp\/wp-content\/uploads\/2021\/01\/iskolaotthonos-1024x581.jpg 1024w, https:\/\/mnamk.hu\/wp\/wp-content\/uploads\/2021\/01\/iskolaotthonos-150x85.jpg 150w, https:\/\/mnamk.hu\/wp\/wp-content\/uploads\/2021\/01\/iskolaotthonos-300x170.jpg 300w, https:\/\/mnamk.hu\/wp\/wp-content\/uploads\/2021\/01\/iskolaotthonos-768x436.jpg 768w, https:\/\/mnamk.hu\/wp\/wp-content\/uploads\/2021\/01\/iskolaotthonos.jpg 1157w\" sizes=\"(max-width: 1024px) 100vw, 1024px\" \/><\/figure><\/div>\n","protected":false},"excerpt":{"rendered":"<p>Az iskolaotthonos oktat\u00e1s sor\u00e1n az eg\u00e9sz nap folyam\u00e1n v\u00e1ltj\u00e1k egym\u00e1st a tan\u00f3r\u00e1k \u00e9s a begyakorl\u00e1st, elm\u00e9ly\u00edt\u00e9st szolg\u00e1l\u00f3 \u00f6n\u00e1ll\u00f3 tanul\u00e1si \u00f3r\u00e1k, \u00edgy a gyerekek terhel\u00e9se (tan\u00edt\u00e1si \u00f3ra ? szabadid\u0151 ? \u00f6n\u00e1ll\u00f3 tanul\u00e1s) egyenletesebb. Az \u00f3rarend \u00f6ssze\u00e1ll\u00edt\u00e1s\u00e1b\u00f3l ad\u00f3d\u00f3 lehet\u0151s\u00e9gek \u00e9s a rugalmas \u00f3ravezet\u00e9s felelnek meg legink\u00e1bb az iskol\u00e1t kezd\u0151 legkisebb gyermekek \u00e9letkori saj\u00e1toss\u00e1gainak.\u00a0\u00a0 Mivel ebben a form\u00e1ban [&hellip;]<\/p>\n","protected":false},"author":22,"featured_media":0,"parent":0,"menu_order":0,"comment_status":"closed","ping_status":"closed","template":"","meta":{"footnotes":""},"class_list":["post-27028","page","type-page","status-publish","hentry"],"yoast_head":"<!-- This site is optimized with the Yoast SEO plugin v20.9 - https:\/\/yoast.com\/wordpress\/plugins\/seo\/ -->\n<title>Iskolaotthonos oktat\u00e1s - MN\u00c1MK-UBZ<\/title>\n<meta name=\"robots\" content=\"index, follow, max-snippet:-1, max-image-preview:large, max-video-preview:-1\" \/>\n<link rel=\"canonical\" href=\"https:\/\/mnamk.hu\/index-old.php\/iskolaotthonos-oktatas\/\" \/>\n<meta property=\"og:locale\" content=\"hu_HU\" \/>\n<meta property=\"og:type\" content=\"article\" \/>\n<meta property=\"og:title\" content=\"Iskolaotthonos oktat\u00e1s - MN\u00c1MK-UBZ\" \/>\n<meta property=\"og:description\" content=\"Az iskolaotthonos oktat\u00e1s sor\u00e1n az eg\u00e9sz nap folyam\u00e1n v\u00e1ltj\u00e1k egym\u00e1st a tan\u00f3r\u00e1k \u00e9s a begyakorl\u00e1st, elm\u00e9ly\u00edt\u00e9st szolg\u00e1l\u00f3 \u00f6n\u00e1ll\u00f3 tanul\u00e1si \u00f3r\u00e1k, \u00edgy a gyerekek terhel\u00e9se (tan\u00edt\u00e1si \u00f3ra ? szabadid\u0151 ? \u00f6n\u00e1ll\u00f3 tanul\u00e1s) egyenletesebb. Az \u00f3rarend \u00f6ssze\u00e1ll\u00edt\u00e1s\u00e1b\u00f3l ad\u00f3d\u00f3 lehet\u0151s\u00e9gek \u00e9s a rugalmas \u00f3ravezet\u00e9s felelnek meg legink\u00e1bb az iskol\u00e1t kezd\u0151 legkisebb gyermekek \u00e9letkori saj\u00e1toss\u00e1gainak.\u00a0\u00a0 Mivel ebben a form\u00e1ban [&hellip;]\" \/>\n<meta property=\"og:url\" content=\"https:\/\/mnamk.hu\/index-old.php\/iskolaotthonos-oktatas\/\" \/>\n<meta property=\"og:site_name\" content=\"MN\u00c1MK-UBZ\" \/>\n<meta property=\"article:modified_time\" content=\"2021-01-21T15:38:43+00:00\" \/>\n<meta property=\"og:image\" content=\"https:\/\/mnamk.hu\/wp\/wp-content\/uploads\/2021\/01\/iskolaotthonos-1024x581.jpg\" \/>\n<meta name=\"twitter:card\" content=\"summary_large_image\" \/>\n<meta name=\"twitter:label1\" content=\"Becs\u00fclt olvas\u00e1si id\u0151\" \/>\n\t<meta name=\"twitter:data1\" content=\"1 perc\" \/>\n<script type=\"application\/ld+json\" class=\"yoast-schema-graph\">{\"@context\":\"https:\/\/schema.org\",\"@graph\":[{\"@type\":\"WebPage\",\"@id\":\"https:\/\/mnamk.hu\/index-old.php\/iskolaotthonos-oktatas\/\",\"url\":\"https:\/\/mnamk.hu\/index-old.php\/iskolaotthonos-oktatas\/\",\"name\":\"Iskolaotthonos oktat\u00e1s - MN\u00c1MK-UBZ\",\"isPartOf\":{\"@id\":\"https:\/\/mnamk.hu\/index-old.php\/#website\"},\"datePublished\":\"2021-01-15T12:53:13+00:00\",\"dateModified\":\"2021-01-21T15:38:43+00:00\",\"breadcrumb\":{\"@id\":\"https:\/\/mnamk.hu\/index-old.php\/iskolaotthonos-oktatas\/#breadcrumb\"},\"inLanguage\":\"hu\",\"potentialAction\":[{\"@type\":\"ReadAction\",\"target\":[\"https:\/\/mnamk.hu\/index-old.php\/iskolaotthonos-oktatas\/\"]}]},{\"@type\":\"BreadcrumbList\",\"@id\":\"https:\/\/mnamk.hu\/index-old.php\/iskolaotthonos-oktatas\/#breadcrumb\",\"itemListElement\":[{\"@type\":\"ListItem\",\"position\":1,\"name\":\"Startseite\",\"item\":\"https:\/\/mnamk.hu\/\"},{\"@type\":\"ListItem\",\"position\":2,\"name\":\"Iskolaotthonos oktat\u00e1s\"}]},{\"@type\":\"WebSite\",\"@id\":\"https:\/\/mnamk.hu\/index-old.php\/#website\",\"url\":\"https:\/\/mnamk.hu\/index-old.php\/\",\"name\":\"MN\u00c1MK-UBZ\",\"description\":\"\",\"publisher\":{\"@id\":\"https:\/\/mnamk.hu\/index-old.php\/#organization\"},\"potentialAction\":[{\"@type\":\"SearchAction\",\"target\":{\"@type\":\"EntryPoint\",\"urlTemplate\":\"https:\/\/mnamk.hu\/index-old.php\/?s={search_term_string}\"},\"query-input\":\"required name=search_term_string\"}],\"inLanguage\":\"hu\"},{\"@type\":\"Organization\",\"@id\":\"https:\/\/mnamk.hu\/index-old.php\/#organization\",\"name\":\"MNAMK\",\"url\":\"https:\/\/mnamk.hu\/index-old.php\/\",\"logo\":{\"@type\":\"ImageObject\",\"inLanguage\":\"hu\",\"@id\":\"https:\/\/mnamk.hu\/index-old.php\/#\/schema\/logo\/image\/\",\"url\":\"https:\/\/mnamk.hu\/wp\/wp-content\/uploads\/2020\/08\/logo.jpg\",\"contentUrl\":\"https:\/\/mnamk.hu\/wp\/wp-content\/uploads\/2020\/08\/logo.jpg\",\"width\":482,\"height\":276,\"caption\":\"MNAMK\"},\"image\":{\"@id\":\"https:\/\/mnamk.hu\/index-old.php\/#\/schema\/logo\/image\/\"}}]}<\/script>\n<!-- \/ Yoast SEO plugin. -->","yoast_head_json":{"title":"Iskolaotthonos oktat\u00e1s - MN\u00c1MK-UBZ","robots":{"index":"index","follow":"follow","max-snippet":"max-snippet:-1","max-image-preview":"max-image-preview:large","max-video-preview":"max-video-preview:-1"},"canonical":"https:\/\/mnamk.hu\/index-old.php\/iskolaotthonos-oktatas\/","og_locale":"hu_HU","og_type":"article","og_title":"Iskolaotthonos oktat\u00e1s - MN\u00c1MK-UBZ","og_description":"Az iskolaotthonos oktat\u00e1s sor\u00e1n az eg\u00e9sz nap folyam\u00e1n v\u00e1ltj\u00e1k egym\u00e1st a tan\u00f3r\u00e1k \u00e9s a begyakorl\u00e1st, elm\u00e9ly\u00edt\u00e9st szolg\u00e1l\u00f3 \u00f6n\u00e1ll\u00f3 tanul\u00e1si \u00f3r\u00e1k, \u00edgy a gyerekek terhel\u00e9se (tan\u00edt\u00e1si \u00f3ra ? szabadid\u0151 ? \u00f6n\u00e1ll\u00f3 tanul\u00e1s) egyenletesebb. Az \u00f3rarend \u00f6ssze\u00e1ll\u00edt\u00e1s\u00e1b\u00f3l ad\u00f3d\u00f3 lehet\u0151s\u00e9gek \u00e9s a rugalmas \u00f3ravezet\u00e9s felelnek meg legink\u00e1bb az iskol\u00e1t kezd\u0151 legkisebb gyermekek \u00e9letkori saj\u00e1toss\u00e1gainak.\u00a0\u00a0 Mivel ebben a form\u00e1ban [&hellip;]","og_url":"https:\/\/mnamk.hu\/index-old.php\/iskolaotthonos-oktatas\/","og_site_name":"MN\u00c1MK-UBZ","article_modified_time":"2021-01-21T15:38:43+00:00","og_image":[{"url":"https:\/\/mnamk.hu\/wp\/wp-content\/uploads\/2021\/01\/iskolaotthonos-1024x581.jpg"}],"twitter_card":"summary_large_image","twitter_misc":{"Becs\u00fclt olvas\u00e1si id\u0151":"1 perc"},"schema":{"@context":"https:\/\/schema.org","@graph":[{"@type":"WebPage","@id":"https:\/\/mnamk.hu\/index-old.php\/iskolaotthonos-oktatas\/","url":"https:\/\/mnamk.hu\/index-old.php\/iskolaotthonos-oktatas\/","name":"Iskolaotthonos oktat\u00e1s - MN\u00c1MK-UBZ","isPartOf":{"@id":"https:\/\/mnamk.hu\/index-old.php\/#website"},"datePublished":"2021-01-15T12:53:13+00:00","dateModified":"2021-01-21T15:38:43+00:00","breadcrumb":{"@id":"https:\/\/mnamk.hu\/index-old.php\/iskolaotthonos-oktatas\/#breadcrumb"},"inLanguage":"hu","potentialAction":[{"@type":"ReadAction","target":["https:\/\/mnamk.hu\/index-old.php\/iskolaotthonos-oktatas\/"]}]},{"@type":"BreadcrumbList","@id":"https:\/\/mnamk.hu\/index-old.php\/iskolaotthonos-oktatas\/#breadcrumb","itemListElement":[{"@type":"ListItem","position":1,"name":"Startseite","item":"https:\/\/mnamk.hu\/"},{"@type":"ListItem","position":2,"name":"Iskolaotthonos oktat\u00e1s"}]},{"@type":"WebSite","@id":"https:\/\/mnamk.hu\/index-old.php\/#website","url":"https:\/\/mnamk.hu\/index-old.php\/","name":"MN\u00c1MK-UBZ","description":"","publisher":{"@id":"https:\/\/mnamk.hu\/index-old.php\/#organization"},"potentialAction":[{"@type":"SearchAction","target":{"@type":"EntryPoint","urlTemplate":"https:\/\/mnamk.hu\/index-old.php\/?s={search_term_string}"},"query-input":"required name=search_term_string"}],"inLanguage":"hu"},{"@type":"Organization","@id":"https:\/\/mnamk.hu\/index-old.php\/#organization","name":"MNAMK","url":"https:\/\/mnamk.hu\/index-old.php\/","logo":{"@type":"ImageObject","inLanguage":"hu","@id":"https:\/\/mnamk.hu\/index-old.php\/#\/schema\/logo\/image\/","url":"https:\/\/mnamk.hu\/wp\/wp-content\/uploads\/2020\/08\/logo.jpg","contentUrl":"https:\/\/mnamk.hu\/wp\/wp-content\/uploads\/2020\/08\/logo.jpg","width":482,"height":276,"caption":"MNAMK"},"image":{"@id":"https:\/\/mnamk.hu\/index-old.php\/#\/schema\/logo\/image\/"}}]}},"_links":{"self":[{"href":"https:\/\/mnamk.hu\/index-old.php\/wp-json\/wp\/v2\/pages\/27028","targetHints":{"allow":["GET"]}}],"collection":[{"href":"https:\/\/mnamk.hu\/index-old.php\/wp-json\/wp\/v2\/pages"}],"about":[{"href":"https:\/\/mnamk.hu\/index-old.php\/wp-json\/wp\/v2\/types\/page"}],"author":[{"embeddable":true,"href":"https:\/\/mnamk.hu\/index-old.php\/wp-json\/wp\/v2\/users\/22"}],"replies":[{"embeddable":true,"href":"https:\/\/mnamk.hu\/index-old.php\/wp-json\/wp\/v2\/comments?post=27028"}],"version-history":[{"count":0,"href":"https:\/\/mnamk.hu\/index-old.php\/wp-json\/wp\/v2\/pages\/27028\/revisions"}],"wp:attachment":[{"href":"https:\/\/mnamk.hu\/index-old.php\/wp-json\/wp\/v2\/media?parent=27028"}],"curies":[{"name":"wp","href":"https:\/\/api.w.org\/{rel}","templated":true}]}}