{"id":27098,"date":"2021-01-18T08:39:23","date_gmt":"2021-01-18T08:39:23","guid":{"rendered":"https:\/\/mnamk.hu\/wp\/?page_id=27098"},"modified":"2023-05-15T14:21:47","modified_gmt":"2023-05-15T12:21:47","slug":"nyelvi-kepzesek","status":"publish","type":"page","link":"https:\/\/mnamk.hu\/index-old.php\/nyelvi-kepzesek\/","title":{"rendered":"Nyelvi k\u00e9pz\u00e9sek"},"content":{"rendered":"<div class=\"wp-block-image is-style-default\">\n<figure class=\"alignright size-large\"><img decoding=\"async\" width=\"262\" height=\"145\" src=\"https:\/\/mnamk.hu\/wp\/wp-content\/uploads\/2021\/05\/image-11.jpg\" alt=\"\" class=\"wp-image-29882\"\/><\/figure><\/div>\n\n\n<p class=\"has-text-color\" style=\"color:#10a215\"><strong>Angol, n\u00e9met, olasz, orosz, spanyol nyelvtanfolyam kezd\u0151k sz\u00e1m\u00e1ra<\/strong><\/p>\n\n\n\n<p><strong>&nbsp;50 \u00f3r\u00e1s modulok<\/strong><\/p>\n\n\n\n<p>Mit k\u00edv\u00e1nunk el\u00e9rni \u00d6nnel\/\u00d6n\u00f6kkel k\u00f6z\u00f6sen?<\/p>\n\n\n\n<ul class=\"wp-block-list\"><li>K\u00e9pes legyen alapfok\u00fa szint\u0171 sz\u00f6vegek olvas\u00e1s\u00e1ra<\/li><li>Ny\u00edljon lehet\u0151s\u00e9ge kapcsolatteremt\u00e9sre, besz\u00e9lget\u00e9sre az adott nyelven besz\u00e9l\u0151 emberekkel<\/li><li>Meg\u00e9rtse a szintj\u00e9nek megfelel\u0151 idegen nyelv\u0171 sz\u00f6vegeket<\/li><li>Tudjon \u00edr\u00e1sban reflekt\u00e1lni idegen nyelven<\/li><li>Term\u00e9szetes legyen az idegen nyelven t\u00f6rt\u00e9n\u0151 interakci\u00f3 anyanyelv\u0171 besz\u00e9l\u0151vel<\/li><li>B1-es szint\u0171 \u00edr\u00e1sbeli \u00e9s sz\u00f3beli kommunik\u00e1ci\u00f3s k\u00e9szs\u00e9gre tegyen szert<\/li><\/ul>\n\n\n\n<p class=\"has-text-color\" style=\"color:#00a325\"><strong>Angol, n\u00e9met, olasz, orosz, spanyol nyelvtanfolyam halad\u00f3k sz\u00e1m\u00e1ra (el\u0151zetes tud\u00e1sszint felm\u00e9r\u00e9se alapj\u00e1n)&nbsp;&nbsp;&nbsp;&nbsp;&nbsp;&nbsp;&nbsp;&nbsp;&nbsp;&nbsp;&nbsp;&nbsp; <\/strong><\/p>\n\n\n\n<p><strong>60 \u00f3r\u00e1s modulok<\/strong><\/p>\n\n\n<div class=\"wp-block-image is-style-rounded\">\n<figure class=\"alignright size-large\"><img decoding=\"async\" width=\"280\" height=\"148\" src=\"https:\/\/mnamk.hu\/wp\/wp-content\/uploads\/2021\/05\/image-12.jpg\" alt=\"\" class=\"wp-image-29883\" srcset=\"https:\/\/mnamk.hu\/wp\/wp-content\/uploads\/2021\/05\/image-12.jpg 280w, https:\/\/mnamk.hu\/wp\/wp-content\/uploads\/2021\/05\/image-12-150x79.jpg 150w\" sizes=\"(max-width: 280px) 100vw, 280px\" \/><\/figure><\/div>\n\n\n<p>Mit k\u00edv\u00e1nunk el\u00e9rni \u00d6nnel\/\u00d6n\u00f6kkel k\u00f6z\u00f6sen?<strong><\/strong><\/p>\n\n\n\n<ul class=\"wp-block-list\"><li>Meg\u00e9rtse az \u00f6sszetettebb t\u00e9m\u00e1j\u00fa sz\u00f6vegeket<\/li><li>Ki tudja fejteni a v\u00e9lem\u00e9ny\u00e9t egy aktu\u00e1lis t\u00e9m\u00e1r\u00f3l<\/li><li>R\u00e9szletes besz\u00e1mol\u00f3t tudjon tartani sokf\u00e9le t\u00e9m\u00e1ban<\/li><li>Term\u00e9szetes legyen az idegen nyelven t\u00f6rt\u00e9n\u0151 interakci\u00f3 anyanyelv\u0171 besz\u00e9l\u0151vel<\/li><li>B2-es szint\u0171 \u00edr\u00e1sbeli \u00e9s sz\u00f3beli kommunik\u00e1ci\u00f3s k\u00e9szs\u00e9gre tegyen szert<\/li><li>\u00edzel\u00edt\u0151t kapjon a c\u00e9lnyelvi orsz\u00e1gok kult\u00far\u00e1j\u00e1b\u00f3l, term\u00e9szeti-t\u00e1rsadalmi jellemz\u0151ib\u0151l<\/li><\/ul>\n\n\n\n<p class=\"has-text-color\" style=\"color:#15a300\"><strong>K\u00f6z\u00e9pfok\u00fa nyelvvizsg\u00e1ra felk\u00e9sz\u00edt\u0151 angol, n\u00e9met nyelvtanfolyam (el\u0151zetes tud\u00e1sszint felm\u00e9r\u00e9se alapj\u00e1n)&nbsp;&nbsp; <\/strong><\/p>\n\n\n\n<p><strong>50 \u00f3ra<\/strong><\/p>\n\n\n<div class=\"wp-block-image\">\n<figure class=\"alignright size-large\"><img decoding=\"async\" width=\"278\" height=\"150\" src=\"https:\/\/mnamk.hu\/wp\/wp-content\/uploads\/2021\/05\/image-13.jpg\" alt=\"\" class=\"wp-image-29885\" srcset=\"https:\/\/mnamk.hu\/wp\/wp-content\/uploads\/2021\/05\/image-13.jpg 278w, https:\/\/mnamk.hu\/wp\/wp-content\/uploads\/2021\/05\/image-13-150x81.jpg 150w\" sizes=\"(max-width: 278px) 100vw, 278px\" \/><\/figure><\/div>\n\n\n<p>Mit k\u00edv\u00e1nunk el\u00e9rni \u00d6nnel\/\u00d6n\u00f6kkel k\u00f6z\u00f6sen?<\/p>\n\n\n\n<ul class=\"wp-block-list\"><li>k\u00e9pes legyen eligazodni a nyelvvizsg\u00e1k k\u00f6z\u00f6tt<\/li><li>megismerje a k\u00fcl\u00f6nb\u00f6z\u0151 nyelvvizsgarendszereket<\/li><li>sikerrel oldja meg a gyakorl\u00f3 feladatokat<\/li><li>rutinn\u00e1 v\u00e1ljanak megoldani a nyelvvizsg\u00e1hoz sz\u00fcks\u00e9ges specifikus feladatokat<\/li><li>el tudja d\u00f6nteni, hogy mely nyelvvizsgarendszerben k\u00edv\u00e1n vizsg\u00e1t tenni<\/li><\/ul>\n\n\n\n<p><mark style=\"background-color:rgba(0, 0, 0, 0);color:#00a313\" class=\"has-inline-color\"><strong>Hat\u00e9kony idegen nyelvi kommunik\u00e1ci\u00f3 n\u00e9met nyelven turisztikai szakemberek r\u00e9sz\u00e9re alap\/k\u00f6z\u00e9p szinten<\/strong><\/mark><\/p>\n\n\n<div class=\"wp-block-image\">\n<figure class=\"alignright size-large\"><img decoding=\"async\" width=\"273\" height=\"137\" src=\"https:\/\/mnamk.hu\/wp\/wp-content\/uploads\/2021\/05\/image-15.jpg\" alt=\"\" class=\"wp-image-29893\"\/><\/figure><\/div>\n\n\n<p><strong>30 \u00f3ra<\/strong><\/p>\n\n\n\n<p>Mit k\u00edv\u00e1nunk el\u00e9rni \u00d6nnel\/\u00d6n\u00f6kkel k\u00f6z\u00f6sen?<\/p>\n\n\n\n<ul class=\"wp-block-list\"><li>saj\u00e1t\u00edtsa el az eredm\u00e9nyes, hat\u00e9kony n\u00e9met nyelvi kommunik\u00e1ci\u00f3 alapvet\u0151 eszk\u00f6zeit<\/li><li>legyen k\u00e9pes a szakm\u00e1hoz kapcsol\u00f3d\u00f3 alapvet\u0151 kifejez\u00e9sek n\u00e9met nyelven t\u00f6rt\u00e9n\u0151 alkalmaz\u00e1s\u00e1ra<\/li><\/ul>\n\n\n\n<p><strong><span style=\"color:#00a301\" class=\"has-inline-color\">&#8222;Tematikus&#8221; fejleszt\u0151 foglalkoz\u00e1sok (kommunik\u00e1ci\u00f3s tr\u00e9ning, speci\u00e1lis nyelvtani probl\u00e9m\u00e1k \u00e9s\/vagy sz\u00f3kincsfejleszt\u00e9s., stb.)   egy\u00e9nileg egyeztetett id\u0151pontokban<\/span><\/strong><\/p>\n\n\n\n<p><strong>min. 10 \u00f3ra<\/strong><\/p>\n\n\n\n<p><strong><span class=\"has-inline-color has-vivid-cyan-blue-color\">Egy\u00e9ni ig\u00e9nyekre szabott id\u0151beoszt\u00e1s :  <\/span><\/strong><\/p>\n\n\n\n<ul class=\"wp-block-list\"><li>h\u00e9tv\u00e9gi intenz\u00edv (1&#215;6 \u00f3ra\/h\u00e9tv\u00e9ge)<\/li><li>heti 2&#215;2 \u00f3ra vagy 2&#215;3 \u00f3ra<\/li><li>szuperintenz\u00edv: 4&#215;4 \u00f3ra \/h\u00e9t<\/li><li>egy\u00e9ni egyeztet\u00e9s alapj\u00e1n<\/li><\/ul>\n\n\n\n<p class=\"has-vivid-cyan-blue-color has-text-color\"><strong>Mindezt mennyi\u00e9rt k\u00edn\u00e1ljuk \u00d6nnek?<\/strong><strong> <\/strong><strong><\/strong><\/p>\n\n\n\n<ul class=\"wp-block-list\"><li>nyelvtanfolyamaink r\u00e9szv\u00e9teli d\u00edja: <strong>1.200,- Ft\/tan\u00f3ra<\/strong> (45 perc)<\/li><\/ul>\n\n\n\n<p><strong>K\u00e9pz\u00e9seinket min. 6 f\u0151 jelentkez\u00e9s\u00e9t\u0151l ind\u00edtjuk! &nbsp;Egyedi ig\u00e9nyek eset\u00e9n el\u0151zetes egyeztet\u00e9s sz\u00fcks\u00e9ges. &nbsp;&nbsp;<\/strong><\/p>\n\n\n\n<p><strong><mark style=\"background-color:rgba(0, 0, 0, 0)\" class=\"has-inline-color has-vivid-cyan-blue-color\">Aj\u00e1nljuk magunkat!<\/mark><\/strong><\/p>\n\n\n\n<ul class=\"wp-block-list\"><li>t\u00f6bb mint 20 \u00e9ves piaci jelenl\u00e9t<\/li><li>t\u00f6bb sz\u00e1z el\u00e9gedett r\u00e9sztvev\u0151<\/li><li>nyelvvizsg\u00e1z\u00e1si lehet\u0151s\u00e9g h\u00e1zon bel\u00fcl<\/li><li>tapasztalt, kiv\u00e1l\u00f3an kvalifik\u00e1lt oktat\u00f3i g\u00e1rda<\/li><li>honlapunkon \u00e9s facebook-oldalunkon b\u00e1rmikor t\u00e1j\u00e9koz\u00f3dhat<\/li><li>online jelentkez\u00e9si lehet\u0151s\u00e9g<\/li><li>kellemes tanul\u00e1si k\u00f6rnyezet<\/li><li>csal\u00e1dias hangulat, fiatalos lend\u00fclet<\/li><li>magas sz\u00ednvonal el\u00e9rhet\u0151 \u00e1ron<\/li><li>el\u0151zetes tud\u00e1sszint-m\u00e9r\u00e9s<\/li><li>ig\u00e9ny szerint kihelyezett k\u00e9pz\u00e9sek<\/li><li>egyedi k\u00e9pz\u00e9si ig\u00e9nyekhez igazod\u00e1s<\/li><\/ul>\n\n\n\n<p style=\"font-size:25px\"><strong><mark style=\"background-color:rgba(0, 0, 0, 0)\" class=\"has-inline-color has-vivid-cyan-blue-color\">JELENTKEZ\u00c9SI LAP (online)<\/mark><br><\/strong><\/p>\n","protected":false},"excerpt":{"rendered":"<p>Angol, n\u00e9met, olasz, orosz, spanyol nyelvtanfolyam kezd\u0151k sz\u00e1m\u00e1ra &nbsp;50 \u00f3r\u00e1s modulok Mit k\u00edv\u00e1nunk el\u00e9rni \u00d6nnel\/\u00d6n\u00f6kkel k\u00f6z\u00f6sen? K\u00e9pes legyen alapfok\u00fa szint\u0171 sz\u00f6vegek olvas\u00e1s\u00e1ra Ny\u00edljon lehet\u0151s\u00e9ge kapcsolatteremt\u00e9sre, besz\u00e9lget\u00e9sre az adott nyelven besz\u00e9l\u0151 emberekkel Meg\u00e9rtse a szintj\u00e9nek megfelel\u0151 idegen nyelv\u0171 sz\u00f6vegeket Tudjon \u00edr\u00e1sban reflekt\u00e1lni idegen nyelven Term\u00e9szetes legyen az idegen nyelven t\u00f6rt\u00e9n\u0151 interakci\u00f3 anyanyelv\u0171 besz\u00e9l\u0151vel B1-es szint\u0171 \u00edr\u00e1sbeli [&hellip;]<\/p>\n","protected":false},"author":22,"featured_media":0,"parent":0,"menu_order":0,"comment_status":"closed","ping_status":"closed","template":"","meta":{"footnotes":""},"class_list":["post-27098","page","type-page","status-publish","hentry"],"yoast_head":"<!-- This site is optimized with the Yoast SEO plugin v20.9 - https:\/\/yoast.com\/wordpress\/plugins\/seo\/ -->\n<title>Nyelvi k\u00e9pz\u00e9sek - MN\u00c1MK-UBZ<\/title>\n<meta name=\"robots\" content=\"index, follow, max-snippet:-1, max-image-preview:large, max-video-preview:-1\" \/>\n<link rel=\"canonical\" href=\"https:\/\/mnamk.hu\/index-old.php\/nyelvi-kepzesek\/\" \/>\n<meta property=\"og:locale\" content=\"hu_HU\" \/>\n<meta property=\"og:type\" content=\"article\" \/>\n<meta property=\"og:title\" content=\"Nyelvi k\u00e9pz\u00e9sek - MN\u00c1MK-UBZ\" \/>\n<meta property=\"og:description\" content=\"Angol, n\u00e9met, olasz, orosz, spanyol nyelvtanfolyam kezd\u0151k sz\u00e1m\u00e1ra &nbsp;50 \u00f3r\u00e1s modulok Mit k\u00edv\u00e1nunk el\u00e9rni \u00d6nnel\/\u00d6n\u00f6kkel k\u00f6z\u00f6sen? K\u00e9pes legyen alapfok\u00fa szint\u0171 sz\u00f6vegek olvas\u00e1s\u00e1ra Ny\u00edljon lehet\u0151s\u00e9ge kapcsolatteremt\u00e9sre, besz\u00e9lget\u00e9sre az adott nyelven besz\u00e9l\u0151 emberekkel Meg\u00e9rtse a szintj\u00e9nek megfelel\u0151 idegen nyelv\u0171 sz\u00f6vegeket Tudjon \u00edr\u00e1sban reflekt\u00e1lni idegen nyelven Term\u00e9szetes legyen az idegen nyelven t\u00f6rt\u00e9n\u0151 interakci\u00f3 anyanyelv\u0171 besz\u00e9l\u0151vel B1-es szint\u0171 \u00edr\u00e1sbeli [&hellip;]\" \/>\n<meta property=\"og:url\" content=\"https:\/\/mnamk.hu\/index-old.php\/nyelvi-kepzesek\/\" \/>\n<meta property=\"og:site_name\" content=\"MN\u00c1MK-UBZ\" \/>\n<meta property=\"article:modified_time\" content=\"2023-05-15T12:21:47+00:00\" \/>\n<meta property=\"og:image\" content=\"https:\/\/mnamk.hu\/wp\/wp-content\/uploads\/2021\/05\/image-11.jpg\" \/>\n<meta name=\"twitter:card\" content=\"summary_large_image\" \/>\n<meta name=\"twitter:label1\" content=\"Becs\u00fclt olvas\u00e1si id\u0151\" \/>\n\t<meta name=\"twitter:data1\" content=\"3 perc\" \/>\n<script type=\"application\/ld+json\" class=\"yoast-schema-graph\">{\"@context\":\"https:\/\/schema.org\",\"@graph\":[{\"@type\":\"WebPage\",\"@id\":\"https:\/\/mnamk.hu\/index-old.php\/nyelvi-kepzesek\/\",\"url\":\"https:\/\/mnamk.hu\/index-old.php\/nyelvi-kepzesek\/\",\"name\":\"Nyelvi k\u00e9pz\u00e9sek - MN\u00c1MK-UBZ\",\"isPartOf\":{\"@id\":\"https:\/\/mnamk.hu\/index-old.php\/#website\"},\"datePublished\":\"2021-01-18T08:39:23+00:00\",\"dateModified\":\"2023-05-15T12:21:47+00:00\",\"breadcrumb\":{\"@id\":\"https:\/\/mnamk.hu\/index-old.php\/nyelvi-kepzesek\/#breadcrumb\"},\"inLanguage\":\"hu\",\"potentialAction\":[{\"@type\":\"ReadAction\",\"target\":[\"https:\/\/mnamk.hu\/index-old.php\/nyelvi-kepzesek\/\"]}]},{\"@type\":\"BreadcrumbList\",\"@id\":\"https:\/\/mnamk.hu\/index-old.php\/nyelvi-kepzesek\/#breadcrumb\",\"itemListElement\":[{\"@type\":\"ListItem\",\"position\":1,\"name\":\"Startseite\",\"item\":\"https:\/\/mnamk.hu\/\"},{\"@type\":\"ListItem\",\"position\":2,\"name\":\"Nyelvi k\u00e9pz\u00e9sek\"}]},{\"@type\":\"WebSite\",\"@id\":\"https:\/\/mnamk.hu\/index-old.php\/#website\",\"url\":\"https:\/\/mnamk.hu\/index-old.php\/\",\"name\":\"MN\u00c1MK-UBZ\",\"description\":\"\",\"publisher\":{\"@id\":\"https:\/\/mnamk.hu\/index-old.php\/#organization\"},\"potentialAction\":[{\"@type\":\"SearchAction\",\"target\":{\"@type\":\"EntryPoint\",\"urlTemplate\":\"https:\/\/mnamk.hu\/index-old.php\/?s={search_term_string}\"},\"query-input\":\"required name=search_term_string\"}],\"inLanguage\":\"hu\"},{\"@type\":\"Organization\",\"@id\":\"https:\/\/mnamk.hu\/index-old.php\/#organization\",\"name\":\"MNAMK\",\"url\":\"https:\/\/mnamk.hu\/index-old.php\/\",\"logo\":{\"@type\":\"ImageObject\",\"inLanguage\":\"hu\",\"@id\":\"https:\/\/mnamk.hu\/index-old.php\/#\/schema\/logo\/image\/\",\"url\":\"https:\/\/mnamk.hu\/wp\/wp-content\/uploads\/2020\/08\/logo.jpg\",\"contentUrl\":\"https:\/\/mnamk.hu\/wp\/wp-content\/uploads\/2020\/08\/logo.jpg\",\"width\":482,\"height\":276,\"caption\":\"MNAMK\"},\"image\":{\"@id\":\"https:\/\/mnamk.hu\/index-old.php\/#\/schema\/logo\/image\/\"}}]}<\/script>\n<!-- \/ Yoast SEO plugin. -->","yoast_head_json":{"title":"Nyelvi k\u00e9pz\u00e9sek - MN\u00c1MK-UBZ","robots":{"index":"index","follow":"follow","max-snippet":"max-snippet:-1","max-image-preview":"max-image-preview:large","max-video-preview":"max-video-preview:-1"},"canonical":"https:\/\/mnamk.hu\/index-old.php\/nyelvi-kepzesek\/","og_locale":"hu_HU","og_type":"article","og_title":"Nyelvi k\u00e9pz\u00e9sek - MN\u00c1MK-UBZ","og_description":"Angol, n\u00e9met, olasz, orosz, spanyol nyelvtanfolyam kezd\u0151k sz\u00e1m\u00e1ra &nbsp;50 \u00f3r\u00e1s modulok Mit k\u00edv\u00e1nunk el\u00e9rni \u00d6nnel\/\u00d6n\u00f6kkel k\u00f6z\u00f6sen? K\u00e9pes legyen alapfok\u00fa szint\u0171 sz\u00f6vegek olvas\u00e1s\u00e1ra Ny\u00edljon lehet\u0151s\u00e9ge kapcsolatteremt\u00e9sre, besz\u00e9lget\u00e9sre az adott nyelven besz\u00e9l\u0151 emberekkel Meg\u00e9rtse a szintj\u00e9nek megfelel\u0151 idegen nyelv\u0171 sz\u00f6vegeket Tudjon \u00edr\u00e1sban reflekt\u00e1lni idegen nyelven Term\u00e9szetes legyen az idegen nyelven t\u00f6rt\u00e9n\u0151 interakci\u00f3 anyanyelv\u0171 besz\u00e9l\u0151vel B1-es szint\u0171 \u00edr\u00e1sbeli [&hellip;]","og_url":"https:\/\/mnamk.hu\/index-old.php\/nyelvi-kepzesek\/","og_site_name":"MN\u00c1MK-UBZ","article_modified_time":"2023-05-15T12:21:47+00:00","og_image":[{"url":"https:\/\/mnamk.hu\/wp\/wp-content\/uploads\/2021\/05\/image-11.jpg"}],"twitter_card":"summary_large_image","twitter_misc":{"Becs\u00fclt olvas\u00e1si id\u0151":"3 perc"},"schema":{"@context":"https:\/\/schema.org","@graph":[{"@type":"WebPage","@id":"https:\/\/mnamk.hu\/index-old.php\/nyelvi-kepzesek\/","url":"https:\/\/mnamk.hu\/index-old.php\/nyelvi-kepzesek\/","name":"Nyelvi k\u00e9pz\u00e9sek - MN\u00c1MK-UBZ","isPartOf":{"@id":"https:\/\/mnamk.hu\/index-old.php\/#website"},"datePublished":"2021-01-18T08:39:23+00:00","dateModified":"2023-05-15T12:21:47+00:00","breadcrumb":{"@id":"https:\/\/mnamk.hu\/index-old.php\/nyelvi-kepzesek\/#breadcrumb"},"inLanguage":"hu","potentialAction":[{"@type":"ReadAction","target":["https:\/\/mnamk.hu\/index-old.php\/nyelvi-kepzesek\/"]}]},{"@type":"BreadcrumbList","@id":"https:\/\/mnamk.hu\/index-old.php\/nyelvi-kepzesek\/#breadcrumb","itemListElement":[{"@type":"ListItem","position":1,"name":"Startseite","item":"https:\/\/mnamk.hu\/"},{"@type":"ListItem","position":2,"name":"Nyelvi k\u00e9pz\u00e9sek"}]},{"@type":"WebSite","@id":"https:\/\/mnamk.hu\/index-old.php\/#website","url":"https:\/\/mnamk.hu\/index-old.php\/","name":"MN\u00c1MK-UBZ","description":"","publisher":{"@id":"https:\/\/mnamk.hu\/index-old.php\/#organization"},"potentialAction":[{"@type":"SearchAction","target":{"@type":"EntryPoint","urlTemplate":"https:\/\/mnamk.hu\/index-old.php\/?s={search_term_string}"},"query-input":"required name=search_term_string"}],"inLanguage":"hu"},{"@type":"Organization","@id":"https:\/\/mnamk.hu\/index-old.php\/#organization","name":"MNAMK","url":"https:\/\/mnamk.hu\/index-old.php\/","logo":{"@type":"ImageObject","inLanguage":"hu","@id":"https:\/\/mnamk.hu\/index-old.php\/#\/schema\/logo\/image\/","url":"https:\/\/mnamk.hu\/wp\/wp-content\/uploads\/2020\/08\/logo.jpg","contentUrl":"https:\/\/mnamk.hu\/wp\/wp-content\/uploads\/2020\/08\/logo.jpg","width":482,"height":276,"caption":"MNAMK"},"image":{"@id":"https:\/\/mnamk.hu\/index-old.php\/#\/schema\/logo\/image\/"}}]}},"_links":{"self":[{"href":"https:\/\/mnamk.hu\/index-old.php\/wp-json\/wp\/v2\/pages\/27098","targetHints":{"allow":["GET"]}}],"collection":[{"href":"https:\/\/mnamk.hu\/index-old.php\/wp-json\/wp\/v2\/pages"}],"about":[{"href":"https:\/\/mnamk.hu\/index-old.php\/wp-json\/wp\/v2\/types\/page"}],"author":[{"embeddable":true,"href":"https:\/\/mnamk.hu\/index-old.php\/wp-json\/wp\/v2\/users\/22"}],"replies":[{"embeddable":true,"href":"https:\/\/mnamk.hu\/index-old.php\/wp-json\/wp\/v2\/comments?post=27098"}],"version-history":[{"count":5,"href":"https:\/\/mnamk.hu\/index-old.php\/wp-json\/wp\/v2\/pages\/27098\/revisions"}],"predecessor-version":[{"id":49572,"href":"https:\/\/mnamk.hu\/index-old.php\/wp-json\/wp\/v2\/pages\/27098\/revisions\/49572"}],"wp:attachment":[{"href":"https:\/\/mnamk.hu\/index-old.php\/wp-json\/wp\/v2\/media?parent=27098"}],"curies":[{"name":"wp","href":"https:\/\/api.w.org\/{rel}","templated":true}]}}