{"id":27105,"date":"2021-01-18T08:41:51","date_gmt":"2021-01-18T08:41:51","guid":{"rendered":"https:\/\/mnamk.hu\/wp\/?page_id=27105"},"modified":"2023-05-15T14:22:26","modified_gmt":"2023-05-15T12:22:26","slug":"informatikai-kepzesek","status":"publish","type":"page","link":"https:\/\/mnamk.hu\/index-old.php\/informatikai-kepzesek\/","title":{"rendered":"Informatikai k\u00e9pz\u00e9sek"},"content":{"rendered":"\n<p><mark style=\"background-color:rgba(0, 0, 0, 0);color:#a3003a\" class=\"has-inline-color\"><strong>Els\u0151 l\u00e9p\u00e9sek a digit\u00e1lis vil\u00e1gba<\/strong><\/mark><\/p>\n\n\n\n<p><strong><span style=\"color:#a30042\" class=\"has-inline-color\">IKER 1. szint\u0171 k\u00e9pz\u00e9s&nbsp;&nbsp;&nbsp;&nbsp;&nbsp;&nbsp;<\/span>&nbsp;&nbsp;&nbsp;&nbsp;&nbsp;&nbsp;&nbsp;&nbsp;&nbsp;&nbsp;&nbsp;&nbsp;&nbsp;&nbsp;&nbsp;&nbsp;&nbsp;&nbsp;&nbsp;&nbsp;&nbsp;&nbsp;&nbsp;&nbsp;&nbsp;&nbsp;&nbsp;&nbsp;&nbsp;&nbsp;&nbsp;&nbsp;&nbsp;&nbsp;&nbsp;&nbsp;&nbsp;&nbsp;&nbsp;&nbsp;&nbsp;&nbsp;&nbsp;&nbsp;&nbsp;&nbsp;&nbsp;&nbsp;&nbsp;&nbsp;&nbsp;&nbsp;&nbsp;&nbsp;&nbsp;&nbsp;&nbsp;<\/strong><\/p>\n\n\n<div class=\"wp-block-image is-style-rounded\">\n<figure class=\"alignright size-large\"><img decoding=\"async\" width=\"255\" height=\"180\" src=\"https:\/\/mnamk.hu\/wp\/wp-content\/uploads\/2021\/05\/image-8.jpg\" alt=\"\" class=\"wp-image-29874\"\/><\/figure><\/div>\n\n\n<p><strong> 35 \u00f3ra<\/strong><\/p>\n\n\n\n<p><em>Mit k\u00edv\u00e1nunk el\u00e9rni \u00d6nnel\/\u00d6n\u00f6kkel k\u00f6z\u00f6sen?<\/em><\/p>\n\n\n\n<ul class=\"wp-block-list\"><li>Ne f\u00e9ljen az informatikai eszk\u00f6z\u00f6k alkalmaz\u00e1s\u00e1t\u00f3l<\/li><li>V\u00e1ljon term\u00e9szetess\u00e9 az internet haszn\u00e1lata<\/li><li>Tudjon \u00f6n\u00e1ll\u00f3an b\u00f6ng\u00e9szni<\/li><li>K\u00e9pes legyen seg\u00edts\u00e9g n\u00e9lk\u00fcli elektronikus levelez\u00e9sre<\/li><\/ul>\n\n\n\n<p><strong><span style=\"color:#a30042\" class=\"has-inline-color\">\u00d6n\u00e1ll\u00f3an haszn\u00e1lom az informatikai eszk\u00f6z\u00f6met<\/span><\/strong><\/p>\n\n\n\n<p><strong><span style=\"color:#a30042\" class=\"has-inline-color\">IKER 2. szint\u0171 k\u00e9pz\u00e9s&nbsp;&nbsp;&nbsp;&nbsp;&nbsp;&nbsp;<\/span>&nbsp;&nbsp;&nbsp;&nbsp;&nbsp;&nbsp;&nbsp;&nbsp;&nbsp;&nbsp;&nbsp;&nbsp;&nbsp;&nbsp;&nbsp;&nbsp;&nbsp;&nbsp;&nbsp;&nbsp;&nbsp;&nbsp;&nbsp;&nbsp;&nbsp;&nbsp;&nbsp;&nbsp;&nbsp;&nbsp;&nbsp;&nbsp;&nbsp;&nbsp;&nbsp;&nbsp;&nbsp;&nbsp;&nbsp;&nbsp;&nbsp;&nbsp;&nbsp;&nbsp;&nbsp;&nbsp;&nbsp;&nbsp;&nbsp;&nbsp;&nbsp;&nbsp;&nbsp;&nbsp;&nbsp;&nbsp;&nbsp;<\/strong><\/p>\n\n\n\n<p><strong>&nbsp;<strong>35 \u00f3ra<\/strong>&nbsp;&nbsp;&nbsp;&nbsp;&nbsp;&nbsp;&nbsp;&nbsp;&nbsp;&nbsp;&nbsp;&nbsp;&nbsp;&nbsp;&nbsp;&nbsp;&nbsp;&nbsp;&nbsp;&nbsp;&nbsp;&nbsp;&nbsp;&nbsp;&nbsp;&nbsp;&nbsp;&nbsp;&nbsp;&nbsp;&nbsp;&nbsp;&nbsp;&nbsp;&nbsp;&nbsp;&nbsp;&nbsp;&nbsp;&nbsp;&nbsp;&nbsp;&nbsp;&nbsp;&nbsp;&nbsp;&nbsp;&nbsp;&nbsp;&nbsp;<\/strong><\/p>\n\n\n\n<p><em>Mit k\u00edv\u00e1nunk el\u00e9rni \u00d6nnel\/\u00d6n\u00f6kkel k\u00f6z\u00f6sen?<\/em><\/p>\n\n\n\n<ul class=\"wp-block-list\"><li>Ismerje az ?okos eszk\u00f6z\u00f6k? alkalmaz\u00e1sait \u00e9s sikerrel haszn\u00e1lja azokat<\/li><li>Ismerje az elektronikus levelez\u00e9s \u00f6sszetettebb funkci\u00f3it<\/li><li>Ismerje meg az \u00fcgyint\u00e9z\u00e9s egyszer\u0171bb otthonr\u00f3l v\u00e9gezhet\u0151 form\u00e1it<\/li><li>Napi szinten haszn\u00e1lni tudja az ?okos eszk\u00f6z\u00f6ket?, azok alkalmaz\u00e1sait<\/li><li>?Bar\u00e1tj\u00e1v\u00e1? tegy\u00fck infokommunik\u00e1ci\u00f3s eszk\u00f6z\u00e9t<\/li><\/ul>\n\n\n\n<p><strong><span style=\"color:#a30042\" class=\"has-inline-color\">Excel I.- Kezd\u0151 szint\u0171 t\u00e1bl\u00e1zatkezel\u00e9<\/span><\/strong><span style=\"color:#a30042\" class=\"has-inline-color\"><strong>s<\/strong><\/span> <em>(Windows-el\u0151ismeret sz\u00fcks\u00e9ges)&nbsp;<\/em>&nbsp;&nbsp;&nbsp;&nbsp;&nbsp;&nbsp;&nbsp;&nbsp;&nbsp;&nbsp;&nbsp;&nbsp;&nbsp;&nbsp;&nbsp;&nbsp;&nbsp;&nbsp;&nbsp;&nbsp;&nbsp;&nbsp;&nbsp;&nbsp;&nbsp;&nbsp;&nbsp;&nbsp;&nbsp;&nbsp;&nbsp;&nbsp;&nbsp;&nbsp;&nbsp;&nbsp;&nbsp;&nbsp;&nbsp;&nbsp;&nbsp;&nbsp;&nbsp;&nbsp;&nbsp;&nbsp;&nbsp;&nbsp;&nbsp;&nbsp;<\/p>\n\n\n\n<p> <strong>20 \u00f3ra<\/strong><\/p>\n\n\n\n<ul class=\"wp-block-list\"><li>T\u00e1bl\u00e1zatok l\u00e9trehoz\u00e1sa, form\u00e1z\u00e1sa<\/li><li>K\u00e9pletek, sz\u00e1m\u00edt\u00e1sok, f\u00fcggv\u00e9nyek a t\u00e1bl\u00e1zatban<\/li><li>Felt\u00e9telt\u0151l f\u00fcgg\u0151 \u00f6sszes\u00edt\u00e9sek<\/li><li>Adatok keres\u00e9se, rendez\u00e9se \u00e9s sz\u0171r\u00e9se<\/li><li>Diagramok, kimutat\u00e1sok k\u00e9sz\u00edt\u00e9se<\/li><\/ul>\n\n\n<div class=\"wp-block-image\">\n<figure class=\"alignright size-large\"><img decoding=\"async\" width=\"274\" height=\"193\" src=\"https:\/\/mnamk.hu\/wp\/wp-content\/uploads\/2021\/05\/image-9.jpg\" alt=\"\" class=\"wp-image-29877\"\/><\/figure><\/div>\n\n\n<p><strong><span style=\"color:#a30042\" class=\"has-inline-color\">Excel II. &#8211; Halad\u00f3 szint\u0171 t\u00e1bl\u00e1zatkezel\u00e9s&nbsp;&nbsp;<\/span>&nbsp;&nbsp;&nbsp;&nbsp;&nbsp;&nbsp;&nbsp;&nbsp;&nbsp;&nbsp;&nbsp;&nbsp;&nbsp;&nbsp;&nbsp;&nbsp;&nbsp;&nbsp;&nbsp;&nbsp;&nbsp;&nbsp;&nbsp;&nbsp;&nbsp;&nbsp;&nbsp;&nbsp; <\/strong><\/p>\n\n\n\n<p><strong>20 \u00f3ra<\/strong><\/p>\n\n\n\n<ul class=\"wp-block-list\"><li>Keres\u0151f\u00fcggv\u00e9nyek, d\u00e1tumf\u00fcggv\u00e9nyek, sz\u00f6vegf\u00fcggv\u00e9nyek<\/li><li>Speci\u00e1lis f\u00fcggv\u00e9nyek<\/li><li>F\u00fcggv\u00e9nyek egym\u00e1sba \u00e1gyaz\u00e1sa<\/li><li>Felt\u00e9teles form\u00e1z\u00e1sok<\/li><li>Diagramok, kimutat\u00e1sok k\u00e9sz\u00edt\u00e9se, form\u00e1z\u00e1sa halad\u00f3 szinten<\/li><\/ul>\n\n\n\n<p><strong><span style=\"color:#a30042\" class=\"has-inline-color\">Kezd\u0151 szint\u0171 informatikai alapismeretek mindenkinek (6 alkalom)&nbsp;&nbsp;&nbsp;&nbsp;&nbsp;<\/span>&nbsp;&nbsp;&nbsp;&nbsp;&nbsp;&nbsp;&nbsp;&nbsp;&nbsp;&nbsp;&nbsp;&nbsp;&nbsp;&nbsp;&nbsp;&nbsp;&nbsp;&nbsp;&nbsp;&nbsp;&nbsp;&nbsp;&nbsp;&nbsp;&nbsp;&nbsp;&nbsp;&nbsp;&nbsp;&nbsp;&nbsp;&nbsp;&nbsp;&nbsp;&nbsp;&nbsp;&nbsp;&nbsp;&nbsp;&nbsp;&nbsp;&nbsp;&nbsp;&nbsp;&nbsp;&nbsp;&nbsp;&nbsp;&nbsp;&nbsp;&nbsp;&nbsp;&nbsp;&nbsp;&nbsp;&nbsp;&nbsp;&nbsp;&nbsp;&nbsp;&nbsp;&nbsp;&nbsp;&nbsp;&nbsp;&nbsp;&nbsp;&nbsp;&nbsp;&nbsp;&nbsp;&nbsp;&nbsp;&nbsp;&nbsp;&nbsp;&nbsp;&nbsp;&nbsp;&nbsp;&nbsp;<\/strong><\/p>\n\n\n\n<p><strong>18 \u00f3ra<\/strong><\/p>\n\n\n\n<p><em>Mir\u0151l lesz sz\u00f3?<\/em><\/p>\n\n\n\n<ul class=\"wp-block-list\"><li>a sz\u00e1m\u00edt\u00f3g\u00e9p, billenty\u0171zet, eg\u00e9r alapvet\u0151 haszn\u00e1lata; a sz\u00e1m\u00edt\u00f3g\u00e9p v\u00e9delme<\/li><li>internetes tartalmak el\u00e9r\u00e9se, ment\u00e9se<\/li><li>k\u00fcl\u00f6nb\u00f6z\u0151 b\u00f6ng\u00e9sz\u0151 programok m\u0171k\u00f6d\u00e9se, haszn\u00e1lata<\/li><li>a k\u00f6z\u00f6ss\u00e9gi oldalak m\u0171k\u00f6d\u00e9se, saj\u00e1t profil l\u00e9trehoz\u00e1sa, haszn\u00e1lata<\/li><li>chat-programok<\/li><li>saj\u00e1t e-mail postafi\u00f3k l\u00e9trehoz\u00e1sa, levelek \u00edr\u00e1sa-fogad\u00e1sa, csatolt tartalmak k\u00fcld\u00e9se<\/li><\/ul>\n\n\n\n<p><strong><span style=\"color:#a30042\" class=\"has-inline-color\">Halad\u00f3 szint\u0171 informatikai alapismeretek mindenkinek (4 alkalom)                   <\/span>&nbsp;&nbsp;&nbsp;&nbsp;&nbsp;&nbsp;&nbsp;&nbsp;&nbsp;&nbsp;&nbsp;&nbsp;&nbsp;&nbsp;&nbsp;&nbsp;&nbsp;&nbsp;&nbsp;&nbsp;&nbsp;&nbsp;&nbsp;&nbsp;&nbsp;&nbsp;&nbsp;&nbsp;&nbsp;&nbsp;&nbsp;&nbsp;&nbsp;&nbsp;&nbsp;&nbsp;<\/strong><\/p>\n\n\n\n<p><strong>12 \u00f3ra<\/strong><\/p>\n\n\n\n<ul class=\"wp-block-list\"><li>elektronikus \u00fcgyint\u00e9z\u00e9s, v\u00e1s\u00e1rl\u00e1s<\/li><li>online adatb\u00e1zisok kezel\u00e9se<\/li><li>hivatalos dokumentumok szkennel\u00e9se, felt\u00f6lt\u00e9se, nyomtat\u00e1sa<\/li><li>\u00fcgyf\u00e9lkapu<\/li><\/ul>\n\n\n\n<p><em>A r\u00e9szv\u00e9tel felt\u00e9tele: j\u00e1rtass\u00e1g az alapszint\u0171 sz\u00e1m\u00edt\u00f3g\u00e9p-haszn\u00e1latban, elektronikus levelez\u00e9sben&nbsp;&nbsp;<\/em><\/p>\n\n\n\n<p><mark style=\"background-color:rgba(0, 0, 0, 0);color:#a30042\" class=\"has-inline-color\"><strong>IT-alapismeretek <\/strong><\/mark><\/p>\n\n\n\n<p><strong>20 \u00f3ra<\/strong><\/p>\n\n\n<div class=\"wp-block-image is-style-default\">\n<figure class=\"alignright size-large\"><img decoding=\"async\" width=\"278\" height=\"146\" src=\"https:\/\/mnamk.hu\/wp\/wp-content\/uploads\/2021\/05\/image-10.jpg\" alt=\"\" class=\"wp-image-29879\" srcset=\"https:\/\/mnamk.hu\/wp\/wp-content\/uploads\/2021\/05\/image-10.jpg 278w, https:\/\/mnamk.hu\/wp\/wp-content\/uploads\/2021\/05\/image-10-150x79.jpg 150w\" sizes=\"(max-width: 278px) 100vw, 278px\" \/><\/figure><\/div>\n\n\n<p><em>Mi a k\u00e9pz\u00e9s c\u00e9lja? <\/em><\/p>\n\n\n\n<ul class=\"wp-block-list\"><li>az IT-eszk\u00f6z\u00f6k biztons\u00e1gos haszn\u00e1lata a mindennapi feladatokhoz \u00e9s kommunik\u00e1ci\u00f3hoz<\/li><li>az online k\u00f6z\u00f6ss\u00e9gekben val\u00f3 biztons\u00e1gos r\u00e9szv\u00e9telhez sz\u00fcks\u00e9ges eszk\u00f6z\u00f6k, technik\u00e1k elsaj\u00e1t\u00edt\u00e1sa, prezent\u00e1ci\u00f3s technik\u00e1k<\/li><li>a helyben telep\u00edthet\u0151 \u00e9s online alkalmaz\u00e1sok, digit\u00e1lis eszk\u00f6z\u00f6k szakszer\u0171 haszn\u00e1lat\u00e1nak megismer\u00e9se<\/li><li>az online biztons\u00e1g \u00e9s v\u00e9delem, az online hiteless\u00e9g fontoss\u00e1g\u00e1nak megismer\u00e9se<\/li><\/ul>\n\n\n\n<p><em>A r\u00e9szv\u00e9tel felt\u00e9tele: j\u00e1rtass\u00e1g az alapszint\u0171 sz\u00e1m\u00edt\u00f3g\u00e9p-haszn\u00e1latban<\/em><\/p>\n\n\n\n<p><mark style=\"background-color:rgba(0, 0, 0, 0);color:#a30042\" class=\"has-inline-color\"><strong>Webszerkeszt\u00e9s, honlapk\u00e9sz\u00edt\u00e9s kezd\u0151knek<\/strong><\/mark><\/p>\n\n\n\n<p><strong>20\/40\/60 \u00f3ra<\/strong><\/p>\n\n\n\n<p><em>Mit k\u00edn\u00e1lunk?<\/em> <\/p>\n\n\n\n<ul class=\"wp-block-list\"><li>ismerked\u00e9s a webszerkeszt\u00e9s alapfogalmival, jogi k\u00f6rnyezet\u00e9vel<\/li><li>grafikus objektumok kezel\u00e9se<\/li><li>a HTML alapjainak megismer\u00e9se, haszn\u00e1lata <\/li><li>a CSS fogalma, haszn\u00e1lata, ellen\u0151rz\u00e9se, k\u00f6zz\u00e9t\u00e9tele<\/li><\/ul>\n\n\n\n<p><em>A r\u00e9szv\u00e9tel felt\u00e9tele: j\u00e1rtass\u00e1g a halad\u00f3 szint\u0171 sz\u00e1m\u00edt\u00f3g\u00e9p-haszn\u00e1latban<\/em><\/p>\n\n\n\n<p><mark style=\"background-color:rgba(0, 0, 0, 0);color:#a30042\" class=\"has-inline-color\"><strong>Adatb\u00e1zis-kezel\u00e9s<\/strong><\/mark><\/p>\n\n\n\n<p><strong>20\/40\/60 \u00f3ra<\/strong><\/p>\n\n\n\n<p>Mit k\u00edn\u00e1lunk?<\/p>\n\n\n\n<ul class=\"wp-block-list\"><li>az adatb\u00e1zis-kezel\u0151 program alapvet\u0151 funkci\u00f3inak megismer\u00e9se, haszn\u00e1latuk elsaj\u00e1t\u00edt\u00e1sa<\/li><li>adatb\u00e1zis-kezel\u00e9s, k\u00fcl\u00f6nb\u00f6z\u0151 m\u0171veletek elv\u00e9gz\u00e9se<\/li><li>adatrendez\u00e9s k\u00fcl\u00f6nb\u00f6z\u0151 szempontok alapj\u00e1n<\/li><li>statisztikai m\u0171veletek<\/li><\/ul>\n\n\n\n<p><em>A r\u00e9szv\u00e9tel felt\u00e9tele: j\u00e1rtass\u00e1g a halad\u00f3 szint\u0171 sz\u00e1m\u00edt\u00f3g\u00e9p-haszn\u00e1latban<\/em><\/p>\n\n\n\n<p><strong><span class=\"has-inline-color has-vivid-cyan-blue-color\">Mindezt mennyi\u00e9rt k\u00edn\u00e1ljuk \u00d6nnek? <\/span><\/strong><\/p>\n\n\n\n<p>K\u00e9pz\u00e9seink \u00f3rad\u00edja:<strong> 850,- Ft+\u00e1fa \/\u00f3ra<\/strong><\/p>\n\n\n\n<p><strong>K\u00e9pz\u00e9seinket min. 6 f\u0151 jelentkez\u00e9s\u00e9t\u0151l ind\u00edtjuk! &nbsp;&nbsp;&nbsp;<\/strong><\/p>\n\n\n\n<p><strong><mark style=\"background-color:rgba(0, 0, 0, 0)\" class=\"has-inline-color has-vivid-cyan-blue-color\">Aj\u00e1nljuk magunkat!<\/mark><\/strong><\/p>\n\n\n\n<ul class=\"wp-block-list\"><li>t\u00f6bb mint 20 \u00e9ves piaci jelenl\u00e9t<\/li><li>t\u00f6bb sz\u00e1z el\u00e9gedett r\u00e9sztvev\u0151<\/li><li>tapasztalt, kiv\u00e1l\u00f3an kvalifik\u00e1lt oktat\u00f3i g\u00e1rda<\/li><li>honlapunkon \u00e9s facebook-oldalunkon b\u00e1rmikor t\u00e1j\u00e9koz\u00f3dhat<\/li><li>online jelentkez\u00e9si lehet\u0151s\u00e9g<\/li><li>kellemes tanul\u00e1si k\u00f6rnyezet <\/li><li>csal\u00e1dias hangulat, fiatalos lend\u00fclet<\/li><li>magas sz\u00ednvonal el\u00e9rhet\u0151 \u00e1ron<\/li><li>el\u0151zetes tud\u00e1sszint-m\u00e9r\u00e9s<\/li><li>ig\u00e9ny szerint kihelyezett k\u00e9pz\u00e9sek<\/li><li>egyedi k\u00e9pz\u00e9si ig\u00e9nyekhez igazod\u00e1s<\/li><\/ul>\n\n\n\n<p class=\"has-vivid-cyan-blue-color has-text-color\" style=\"font-size:25px\"><mark style=\"background-color:rgba(0, 0, 0, 0)\" class=\"has-inline-color has-vivid-cyan-blue-color\"><strong>JELENTKEZ\u00c9SI LAP (online)<\/strong><\/mark><\/p>\n","protected":false},"excerpt":{"rendered":"<p>Els\u0151 l\u00e9p\u00e9sek a digit\u00e1lis vil\u00e1gba IKER 1. szint\u0171 k\u00e9pz\u00e9s&nbsp;&nbsp;&nbsp;&nbsp;&nbsp;&nbsp;&nbsp;&nbsp;&nbsp;&nbsp;&nbsp;&nbsp;&nbsp;&nbsp;&nbsp;&nbsp;&nbsp;&nbsp;&nbsp;&nbsp;&nbsp;&nbsp;&nbsp;&nbsp;&nbsp;&nbsp;&nbsp;&nbsp;&nbsp;&nbsp;&nbsp;&nbsp;&nbsp;&nbsp;&nbsp;&nbsp;&nbsp;&nbsp;&nbsp;&nbsp;&nbsp;&nbsp;&nbsp;&nbsp;&nbsp;&nbsp;&nbsp;&nbsp;&nbsp;&nbsp;&nbsp;&nbsp;&nbsp;&nbsp;&nbsp;&nbsp;&nbsp;&nbsp;&nbsp;&nbsp;&nbsp;&nbsp;&nbsp; 35 \u00f3ra Mit k\u00edv\u00e1nunk el\u00e9rni \u00d6nnel\/\u00d6n\u00f6kkel k\u00f6z\u00f6sen? Ne f\u00e9ljen az informatikai eszk\u00f6z\u00f6k alkalmaz\u00e1s\u00e1t\u00f3l V\u00e1ljon term\u00e9szetess\u00e9 az internet haszn\u00e1lata Tudjon \u00f6n\u00e1ll\u00f3an b\u00f6ng\u00e9szni K\u00e9pes legyen seg\u00edts\u00e9g n\u00e9lk\u00fcli elektronikus levelez\u00e9sre \u00d6n\u00e1ll\u00f3an haszn\u00e1lom az informatikai eszk\u00f6z\u00f6met IKER 2. szint\u0171 k\u00e9pz\u00e9s&nbsp;&nbsp;&nbsp;&nbsp;&nbsp;&nbsp;&nbsp;&nbsp;&nbsp;&nbsp;&nbsp;&nbsp;&nbsp;&nbsp;&nbsp;&nbsp;&nbsp;&nbsp;&nbsp;&nbsp;&nbsp;&nbsp;&nbsp;&nbsp;&nbsp;&nbsp;&nbsp;&nbsp;&nbsp;&nbsp;&nbsp;&nbsp;&nbsp;&nbsp;&nbsp;&nbsp;&nbsp;&nbsp;&nbsp;&nbsp;&nbsp;&nbsp;&nbsp;&nbsp;&nbsp;&nbsp;&nbsp;&nbsp;&nbsp;&nbsp;&nbsp;&nbsp;&nbsp;&nbsp;&nbsp;&nbsp;&nbsp;&nbsp;&nbsp;&nbsp;&nbsp;&nbsp;&nbsp; &nbsp;35 \u00f3ra&nbsp;&nbsp;&nbsp;&nbsp;&nbsp;&nbsp;&nbsp;&nbsp;&nbsp;&nbsp;&nbsp;&nbsp;&nbsp;&nbsp;&nbsp;&nbsp;&nbsp;&nbsp;&nbsp;&nbsp;&nbsp;&nbsp;&nbsp;&nbsp;&nbsp;&nbsp;&nbsp;&nbsp;&nbsp;&nbsp;&nbsp;&nbsp;&nbsp;&nbsp;&nbsp;&nbsp;&nbsp;&nbsp;&nbsp;&nbsp;&nbsp;&nbsp;&nbsp;&nbsp;&nbsp;&nbsp;&nbsp;&nbsp;&nbsp;&nbsp; Mit k\u00edv\u00e1nunk el\u00e9rni \u00d6nnel\/\u00d6n\u00f6kkel k\u00f6z\u00f6sen? Ismerje az ?okos [&hellip;]<\/p>\n","protected":false},"author":22,"featured_media":0,"parent":0,"menu_order":0,"comment_status":"closed","ping_status":"closed","template":"","meta":{"footnotes":""},"class_list":["post-27105","page","type-page","status-publish","hentry"],"yoast_head":"<!-- This site is optimized with the Yoast SEO plugin v20.9 - https:\/\/yoast.com\/wordpress\/plugins\/seo\/ -->\n<title>Informatikai k\u00e9pz\u00e9sek - MN\u00c1MK-UBZ<\/title>\n<meta name=\"robots\" content=\"index, follow, max-snippet:-1, max-image-preview:large, max-video-preview:-1\" \/>\n<link rel=\"canonical\" href=\"https:\/\/mnamk.hu\/index-old.php\/informatikai-kepzesek\/\" \/>\n<meta property=\"og:locale\" content=\"hu_HU\" \/>\n<meta property=\"og:type\" content=\"article\" \/>\n<meta property=\"og:title\" content=\"Informatikai k\u00e9pz\u00e9sek - MN\u00c1MK-UBZ\" \/>\n<meta property=\"og:description\" content=\"Els\u0151 l\u00e9p\u00e9sek a digit\u00e1lis vil\u00e1gba IKER 1. szint\u0171 k\u00e9pz\u00e9s&nbsp;&nbsp;&nbsp;&nbsp;&nbsp;&nbsp;&nbsp;&nbsp;&nbsp;&nbsp;&nbsp;&nbsp;&nbsp;&nbsp;&nbsp;&nbsp;&nbsp;&nbsp;&nbsp;&nbsp;&nbsp;&nbsp;&nbsp;&nbsp;&nbsp;&nbsp;&nbsp;&nbsp;&nbsp;&nbsp;&nbsp;&nbsp;&nbsp;&nbsp;&nbsp;&nbsp;&nbsp;&nbsp;&nbsp;&nbsp;&nbsp;&nbsp;&nbsp;&nbsp;&nbsp;&nbsp;&nbsp;&nbsp;&nbsp;&nbsp;&nbsp;&nbsp;&nbsp;&nbsp;&nbsp;&nbsp;&nbsp;&nbsp;&nbsp;&nbsp;&nbsp;&nbsp;&nbsp; 35 \u00f3ra Mit k\u00edv\u00e1nunk el\u00e9rni \u00d6nnel\/\u00d6n\u00f6kkel k\u00f6z\u00f6sen? Ne f\u00e9ljen az informatikai eszk\u00f6z\u00f6k alkalmaz\u00e1s\u00e1t\u00f3l V\u00e1ljon term\u00e9szetess\u00e9 az internet haszn\u00e1lata Tudjon \u00f6n\u00e1ll\u00f3an b\u00f6ng\u00e9szni K\u00e9pes legyen seg\u00edts\u00e9g n\u00e9lk\u00fcli elektronikus levelez\u00e9sre \u00d6n\u00e1ll\u00f3an haszn\u00e1lom az informatikai eszk\u00f6z\u00f6met IKER 2. szint\u0171 k\u00e9pz\u00e9s&nbsp;&nbsp;&nbsp;&nbsp;&nbsp;&nbsp;&nbsp;&nbsp;&nbsp;&nbsp;&nbsp;&nbsp;&nbsp;&nbsp;&nbsp;&nbsp;&nbsp;&nbsp;&nbsp;&nbsp;&nbsp;&nbsp;&nbsp;&nbsp;&nbsp;&nbsp;&nbsp;&nbsp;&nbsp;&nbsp;&nbsp;&nbsp;&nbsp;&nbsp;&nbsp;&nbsp;&nbsp;&nbsp;&nbsp;&nbsp;&nbsp;&nbsp;&nbsp;&nbsp;&nbsp;&nbsp;&nbsp;&nbsp;&nbsp;&nbsp;&nbsp;&nbsp;&nbsp;&nbsp;&nbsp;&nbsp;&nbsp;&nbsp;&nbsp;&nbsp;&nbsp;&nbsp;&nbsp; &nbsp;35 \u00f3ra&nbsp;&nbsp;&nbsp;&nbsp;&nbsp;&nbsp;&nbsp;&nbsp;&nbsp;&nbsp;&nbsp;&nbsp;&nbsp;&nbsp;&nbsp;&nbsp;&nbsp;&nbsp;&nbsp;&nbsp;&nbsp;&nbsp;&nbsp;&nbsp;&nbsp;&nbsp;&nbsp;&nbsp;&nbsp;&nbsp;&nbsp;&nbsp;&nbsp;&nbsp;&nbsp;&nbsp;&nbsp;&nbsp;&nbsp;&nbsp;&nbsp;&nbsp;&nbsp;&nbsp;&nbsp;&nbsp;&nbsp;&nbsp;&nbsp;&nbsp; Mit k\u00edv\u00e1nunk el\u00e9rni \u00d6nnel\/\u00d6n\u00f6kkel k\u00f6z\u00f6sen? Ismerje az ?okos [&hellip;]\" \/>\n<meta property=\"og:url\" content=\"https:\/\/mnamk.hu\/index-old.php\/informatikai-kepzesek\/\" \/>\n<meta property=\"og:site_name\" content=\"MN\u00c1MK-UBZ\" \/>\n<meta property=\"article:modified_time\" content=\"2023-05-15T12:22:26+00:00\" \/>\n<meta property=\"og:image\" content=\"https:\/\/mnamk.hu\/wp\/wp-content\/uploads\/2021\/05\/image-8.jpg\" \/>\n<meta name=\"twitter:card\" content=\"summary_large_image\" \/>\n<meta name=\"twitter:label1\" content=\"Becs\u00fclt olvas\u00e1si id\u0151\" \/>\n\t<meta name=\"twitter:data1\" content=\"3 perc\" \/>\n<script type=\"application\/ld+json\" class=\"yoast-schema-graph\">{\"@context\":\"https:\/\/schema.org\",\"@graph\":[{\"@type\":\"WebPage\",\"@id\":\"https:\/\/mnamk.hu\/index-old.php\/informatikai-kepzesek\/\",\"url\":\"https:\/\/mnamk.hu\/index-old.php\/informatikai-kepzesek\/\",\"name\":\"Informatikai k\u00e9pz\u00e9sek - MN\u00c1MK-UBZ\",\"isPartOf\":{\"@id\":\"https:\/\/mnamk.hu\/index-old.php\/#website\"},\"datePublished\":\"2021-01-18T08:41:51+00:00\",\"dateModified\":\"2023-05-15T12:22:26+00:00\",\"breadcrumb\":{\"@id\":\"https:\/\/mnamk.hu\/index-old.php\/informatikai-kepzesek\/#breadcrumb\"},\"inLanguage\":\"hu\",\"potentialAction\":[{\"@type\":\"ReadAction\",\"target\":[\"https:\/\/mnamk.hu\/index-old.php\/informatikai-kepzesek\/\"]}]},{\"@type\":\"BreadcrumbList\",\"@id\":\"https:\/\/mnamk.hu\/index-old.php\/informatikai-kepzesek\/#breadcrumb\",\"itemListElement\":[{\"@type\":\"ListItem\",\"position\":1,\"name\":\"Startseite\",\"item\":\"https:\/\/mnamk.hu\/\"},{\"@type\":\"ListItem\",\"position\":2,\"name\":\"Informatikai k\u00e9pz\u00e9sek\"}]},{\"@type\":\"WebSite\",\"@id\":\"https:\/\/mnamk.hu\/index-old.php\/#website\",\"url\":\"https:\/\/mnamk.hu\/index-old.php\/\",\"name\":\"MN\u00c1MK-UBZ\",\"description\":\"\",\"publisher\":{\"@id\":\"https:\/\/mnamk.hu\/index-old.php\/#organization\"},\"potentialAction\":[{\"@type\":\"SearchAction\",\"target\":{\"@type\":\"EntryPoint\",\"urlTemplate\":\"https:\/\/mnamk.hu\/index-old.php\/?s={search_term_string}\"},\"query-input\":\"required name=search_term_string\"}],\"inLanguage\":\"hu\"},{\"@type\":\"Organization\",\"@id\":\"https:\/\/mnamk.hu\/index-old.php\/#organization\",\"name\":\"MNAMK\",\"url\":\"https:\/\/mnamk.hu\/index-old.php\/\",\"logo\":{\"@type\":\"ImageObject\",\"inLanguage\":\"hu\",\"@id\":\"https:\/\/mnamk.hu\/index-old.php\/#\/schema\/logo\/image\/\",\"url\":\"https:\/\/mnamk.hu\/wp\/wp-content\/uploads\/2020\/08\/logo.jpg\",\"contentUrl\":\"https:\/\/mnamk.hu\/wp\/wp-content\/uploads\/2020\/08\/logo.jpg\",\"width\":482,\"height\":276,\"caption\":\"MNAMK\"},\"image\":{\"@id\":\"https:\/\/mnamk.hu\/index-old.php\/#\/schema\/logo\/image\/\"}}]}<\/script>\n<!-- \/ Yoast SEO plugin. -->","yoast_head_json":{"title":"Informatikai k\u00e9pz\u00e9sek - MN\u00c1MK-UBZ","robots":{"index":"index","follow":"follow","max-snippet":"max-snippet:-1","max-image-preview":"max-image-preview:large","max-video-preview":"max-video-preview:-1"},"canonical":"https:\/\/mnamk.hu\/index-old.php\/informatikai-kepzesek\/","og_locale":"hu_HU","og_type":"article","og_title":"Informatikai k\u00e9pz\u00e9sek - MN\u00c1MK-UBZ","og_description":"Els\u0151 l\u00e9p\u00e9sek a digit\u00e1lis vil\u00e1gba IKER 1. szint\u0171 k\u00e9pz\u00e9s&nbsp;&nbsp;&nbsp;&nbsp;&nbsp;&nbsp;&nbsp;&nbsp;&nbsp;&nbsp;&nbsp;&nbsp;&nbsp;&nbsp;&nbsp;&nbsp;&nbsp;&nbsp;&nbsp;&nbsp;&nbsp;&nbsp;&nbsp;&nbsp;&nbsp;&nbsp;&nbsp;&nbsp;&nbsp;&nbsp;&nbsp;&nbsp;&nbsp;&nbsp;&nbsp;&nbsp;&nbsp;&nbsp;&nbsp;&nbsp;&nbsp;&nbsp;&nbsp;&nbsp;&nbsp;&nbsp;&nbsp;&nbsp;&nbsp;&nbsp;&nbsp;&nbsp;&nbsp;&nbsp;&nbsp;&nbsp;&nbsp;&nbsp;&nbsp;&nbsp;&nbsp;&nbsp;&nbsp; 35 \u00f3ra Mit k\u00edv\u00e1nunk el\u00e9rni \u00d6nnel\/\u00d6n\u00f6kkel k\u00f6z\u00f6sen? Ne f\u00e9ljen az informatikai eszk\u00f6z\u00f6k alkalmaz\u00e1s\u00e1t\u00f3l V\u00e1ljon term\u00e9szetess\u00e9 az internet haszn\u00e1lata Tudjon \u00f6n\u00e1ll\u00f3an b\u00f6ng\u00e9szni K\u00e9pes legyen seg\u00edts\u00e9g n\u00e9lk\u00fcli elektronikus levelez\u00e9sre \u00d6n\u00e1ll\u00f3an haszn\u00e1lom az informatikai eszk\u00f6z\u00f6met IKER 2. szint\u0171 k\u00e9pz\u00e9s&nbsp;&nbsp;&nbsp;&nbsp;&nbsp;&nbsp;&nbsp;&nbsp;&nbsp;&nbsp;&nbsp;&nbsp;&nbsp;&nbsp;&nbsp;&nbsp;&nbsp;&nbsp;&nbsp;&nbsp;&nbsp;&nbsp;&nbsp;&nbsp;&nbsp;&nbsp;&nbsp;&nbsp;&nbsp;&nbsp;&nbsp;&nbsp;&nbsp;&nbsp;&nbsp;&nbsp;&nbsp;&nbsp;&nbsp;&nbsp;&nbsp;&nbsp;&nbsp;&nbsp;&nbsp;&nbsp;&nbsp;&nbsp;&nbsp;&nbsp;&nbsp;&nbsp;&nbsp;&nbsp;&nbsp;&nbsp;&nbsp;&nbsp;&nbsp;&nbsp;&nbsp;&nbsp;&nbsp; &nbsp;35 \u00f3ra&nbsp;&nbsp;&nbsp;&nbsp;&nbsp;&nbsp;&nbsp;&nbsp;&nbsp;&nbsp;&nbsp;&nbsp;&nbsp;&nbsp;&nbsp;&nbsp;&nbsp;&nbsp;&nbsp;&nbsp;&nbsp;&nbsp;&nbsp;&nbsp;&nbsp;&nbsp;&nbsp;&nbsp;&nbsp;&nbsp;&nbsp;&nbsp;&nbsp;&nbsp;&nbsp;&nbsp;&nbsp;&nbsp;&nbsp;&nbsp;&nbsp;&nbsp;&nbsp;&nbsp;&nbsp;&nbsp;&nbsp;&nbsp;&nbsp;&nbsp; Mit k\u00edv\u00e1nunk el\u00e9rni \u00d6nnel\/\u00d6n\u00f6kkel k\u00f6z\u00f6sen? Ismerje az ?okos [&hellip;]","og_url":"https:\/\/mnamk.hu\/index-old.php\/informatikai-kepzesek\/","og_site_name":"MN\u00c1MK-UBZ","article_modified_time":"2023-05-15T12:22:26+00:00","og_image":[{"url":"https:\/\/mnamk.hu\/wp\/wp-content\/uploads\/2021\/05\/image-8.jpg"}],"twitter_card":"summary_large_image","twitter_misc":{"Becs\u00fclt olvas\u00e1si id\u0151":"3 perc"},"schema":{"@context":"https:\/\/schema.org","@graph":[{"@type":"WebPage","@id":"https:\/\/mnamk.hu\/index-old.php\/informatikai-kepzesek\/","url":"https:\/\/mnamk.hu\/index-old.php\/informatikai-kepzesek\/","name":"Informatikai k\u00e9pz\u00e9sek - MN\u00c1MK-UBZ","isPartOf":{"@id":"https:\/\/mnamk.hu\/index-old.php\/#website"},"datePublished":"2021-01-18T08:41:51+00:00","dateModified":"2023-05-15T12:22:26+00:00","breadcrumb":{"@id":"https:\/\/mnamk.hu\/index-old.php\/informatikai-kepzesek\/#breadcrumb"},"inLanguage":"hu","potentialAction":[{"@type":"ReadAction","target":["https:\/\/mnamk.hu\/index-old.php\/informatikai-kepzesek\/"]}]},{"@type":"BreadcrumbList","@id":"https:\/\/mnamk.hu\/index-old.php\/informatikai-kepzesek\/#breadcrumb","itemListElement":[{"@type":"ListItem","position":1,"name":"Startseite","item":"https:\/\/mnamk.hu\/"},{"@type":"ListItem","position":2,"name":"Informatikai k\u00e9pz\u00e9sek"}]},{"@type":"WebSite","@id":"https:\/\/mnamk.hu\/index-old.php\/#website","url":"https:\/\/mnamk.hu\/index-old.php\/","name":"MN\u00c1MK-UBZ","description":"","publisher":{"@id":"https:\/\/mnamk.hu\/index-old.php\/#organization"},"potentialAction":[{"@type":"SearchAction","target":{"@type":"EntryPoint","urlTemplate":"https:\/\/mnamk.hu\/index-old.php\/?s={search_term_string}"},"query-input":"required name=search_term_string"}],"inLanguage":"hu"},{"@type":"Organization","@id":"https:\/\/mnamk.hu\/index-old.php\/#organization","name":"MNAMK","url":"https:\/\/mnamk.hu\/index-old.php\/","logo":{"@type":"ImageObject","inLanguage":"hu","@id":"https:\/\/mnamk.hu\/index-old.php\/#\/schema\/logo\/image\/","url":"https:\/\/mnamk.hu\/wp\/wp-content\/uploads\/2020\/08\/logo.jpg","contentUrl":"https:\/\/mnamk.hu\/wp\/wp-content\/uploads\/2020\/08\/logo.jpg","width":482,"height":276,"caption":"MNAMK"},"image":{"@id":"https:\/\/mnamk.hu\/index-old.php\/#\/schema\/logo\/image\/"}}]}},"_links":{"self":[{"href":"https:\/\/mnamk.hu\/index-old.php\/wp-json\/wp\/v2\/pages\/27105","targetHints":{"allow":["GET"]}}],"collection":[{"href":"https:\/\/mnamk.hu\/index-old.php\/wp-json\/wp\/v2\/pages"}],"about":[{"href":"https:\/\/mnamk.hu\/index-old.php\/wp-json\/wp\/v2\/types\/page"}],"author":[{"embeddable":true,"href":"https:\/\/mnamk.hu\/index-old.php\/wp-json\/wp\/v2\/users\/22"}],"replies":[{"embeddable":true,"href":"https:\/\/mnamk.hu\/index-old.php\/wp-json\/wp\/v2\/comments?post=27105"}],"version-history":[{"count":4,"href":"https:\/\/mnamk.hu\/index-old.php\/wp-json\/wp\/v2\/pages\/27105\/revisions"}],"predecessor-version":[{"id":49574,"href":"https:\/\/mnamk.hu\/index-old.php\/wp-json\/wp\/v2\/pages\/27105\/revisions\/49574"}],"wp:attachment":[{"href":"https:\/\/mnamk.hu\/index-old.php\/wp-json\/wp\/v2\/media?parent=27105"}],"curies":[{"name":"wp","href":"https:\/\/api.w.org\/{rel}","templated":true}]}}