{"id":27171,"date":"2021-01-18T14:30:18","date_gmt":"2021-01-18T14:30:18","guid":{"rendered":"https:\/\/mnamk.hu\/wp\/?page_id=27171"},"modified":"2023-05-15T14:25:08","modified_gmt":"2023-05-15T12:25:08","slug":"egyeb-kepzesek-2","status":"publish","type":"page","link":"https:\/\/mnamk.hu\/index-old.php\/egyeb-kepzesek-2\/","title":{"rendered":"Egy\u00e9b k\u00e9pz\u00e9sek"},"content":{"rendered":"<div class=\"wp-block-image\">\n<figure class=\"alignright size-large\"><img decoding=\"async\" width=\"227\" height=\"227\" src=\"https:\/\/mnamk.hu\/wp\/wp-content\/uploads\/2021\/05\/image-1.jpg\" alt=\"\" class=\"wp-image-29852\" srcset=\"https:\/\/mnamk.hu\/wp\/wp-content\/uploads\/2021\/05\/image-1.jpg 227w, https:\/\/mnamk.hu\/wp\/wp-content\/uploads\/2021\/05\/image-1-150x150.jpg 150w\" sizes=\"(max-width: 227px) 100vw, 227px\" \/><\/figure><\/div>\n\n\n<p><mark style=\"background-color:rgba(0, 0, 0, 0);color:#f7800a\" class=\"has-inline-color\"><strong>Munkav\u00e1llal\u00f3i kulcskompetenci\u00e1k fejleszt\u00e9se\u00a0\u00a0\u00a0\u00a0<\/strong><\/mark>\u00a0\u00a0\u00a0\u00a0\u00a0\u00a0\u00a0\u00a0\u00a0\u00a0\u00a0\u00a0\u00a0\u00a0\u00a0\u00a0 <\/p>\n\n\n\n<p><strong>90 \u00f3ra<\/strong><\/p>\n\n\n\n<p>Mit k\u00edv\u00e1nunk el\u00e9rni \u00d6nnel\/\u00d6n\u00f6kkel k\u00f6z\u00f6sen?<strong><\/strong><\/p>\n\n\n\n<ul class=\"wp-block-list\"><li>Ismerje meg a bels\u0151 \u00e9rt\u00e9keit, tal\u00e1lja meg \u00f6nmag\u00e1t \u00e9s ezt megfelel\u0151en kamatoztassa a munkaer\u0151piacon<\/li><li>Ismerje meg a munkaer\u0151piacon alkalmazott \u00edr\u00e1sbeli \u00e9s sz\u00f3beli kommunik\u00e1ci\u00f3s eszk\u00f6z\u00f6ket<\/li><li>Alkalmazza a konfliktuskezel\u00e9si technik\u00e1kat<\/li><li>Alapszint\u0171 sz\u00e1m\u00edt\u00e1stechnikai k\u00e9szs\u00e9gre tegyen szert<\/li><li>El tudja k\u00e9sz\u00edteni a kiv\u00e1laszt\u00e1si folyamat alapvet\u0151 dokumentumait (\u00f6n\u00e9letrajz, motiv\u00e1ci\u00f3s lev\u00e9l)<\/li><\/ul>\n\n\n\n<p><strong><mark style=\"background-color:rgba(0, 0, 0, 0);color:#f7800a\" class=\"has-inline-color\">Mir\u0151l besz\u00e9l az \u00edr\u00e1s?  &#8211;  bepillant\u00e1s a grafol\u00f3gia tudom\u00e1ny\u00e1ba (5 alkalom)<\/mark><\/strong><\/p>\n\n\n<div class=\"wp-block-image is-style-rounded\">\n<figure class=\"alignright size-large\"><img decoding=\"async\" width=\"242\" height=\"168\" src=\"https:\/\/mnamk.hu\/wp\/wp-content\/uploads\/2021\/05\/image-3.jpg\" alt=\"\" class=\"wp-image-29857\"\/><\/figure><\/div>\n\n\n<p><strong> 20 \u00f3ra<\/strong><\/p>\n\n\n\n<ul class=\"wp-block-list\"><li>Hogyan t\u00fckr\u00f6zi vissza k\u00e9z\u00edr\u00e1sunk teljes szem\u00e9lyis\u00e9g\u00fcnket? Mit \u00e1rulnak el bet\u0171ink \u00f6nmagunkkal val\u00f3 viszonyunkr\u00f3l, gondolkod\u00e1sm\u00f3dunkr\u00f3l? Milyen grafikus jegyek besz\u00e9lnek kapcsolatainkr\u00f3l, \u00e9rzelmi \u00e9let\u00fcnkr\u0151l? Mik\u00e9nt mutatja \u00edr\u00e1sunk, hogy mi motiv\u00e1l minket, \u00e9s hogyan dolgozunk?<\/li><\/ul>\n\n\n\n<p>Az \u00e9rdekes \u00edr\u00e1smint\u00e1kkal, \u00e9s izgalmas m\u0171helymunk\u00e1val f\u0171szerezett tanfolyamon a grafol\u00f3gia alapjaival ismerkedhetnek meg a r\u00e9sztvev\u0151k.<\/p>\n\n\n\n<p><strong><span style=\"color:#f7800a\" class=\"has-inline-color\">Bet\u0171k, rajzok \u00fczenete (4 alkalom) &nbsp;<\/span>&nbsp;&nbsp;&nbsp;&nbsp;&nbsp;&nbsp;&nbsp;&nbsp;&nbsp;&nbsp;&nbsp;&nbsp;&nbsp;&nbsp;&nbsp;&nbsp;&nbsp;&nbsp;&nbsp;&nbsp;&nbsp;&nbsp;&nbsp;&nbsp;&nbsp;&nbsp;&nbsp;&nbsp;&nbsp;&nbsp;&nbsp;&nbsp;&nbsp;&nbsp;&nbsp;&nbsp;&nbsp;&nbsp;&nbsp;&nbsp; <\/strong><\/p>\n\n\n\n<p><strong>16 \u00f3ra<\/strong><\/p>\n\n\n<div class=\"wp-block-image\">\n<figure class=\"alignright size-large\"><img decoding=\"async\" width=\"217\" height=\"188\" src=\"https:\/\/mnamk.hu\/wp\/wp-content\/uploads\/2021\/05\/image-4.jpg\" alt=\"\" class=\"wp-image-29858\"\/><\/figure><\/div>\n\n\n<ul class=\"wp-block-list\"><li>Lehet, hogy valamiben kimagasl\u00f3 k\u00e9pess\u00e9gei vannak, de tehets\u00e9ge m\u00e9g felfedez\u00e9sre v\u00e1r. Lehet, hogy szorong, de err\u0151l sohasem besz\u00e9l. Hogyan seg\u00edthet\u00fcnk neki, hogyan hallhat\u00f3k meg a ki nem mondott szavak? A grafol\u00f3gia eszk\u00f6zeivel felt\u00e1rhat\u00f3 a gyermeki l\u00e9lek, megismerhet\u0151 az alakul\u00f3 szem\u00e9lyis\u00e9g.<\/li><li>Mir\u0151l mes\u00e9l a kisebbek \u00e9s nagyobbak \u00edr\u00e1sa? Hogyan mutatkoznak meg a bet\u0171kben az er\u0151ss\u00e9gek, \u00e9s mik lehetnek v\u00e9szjelek? Hogyan v\u00e1lhat az \u00edrott sz\u00f6veg ir\u00e1nyt\u0171v\u00e9 a p\u00e1lyav\u00e1laszt\u00e1sban is? \u00c9s mit \u00fczennek nek\u00fcnk gyermek\u00fcnk rajzai?<\/li><\/ul>\n\n\n\n<p>A grafol\u00f3gia tanfolyam r\u00e9sztvev\u0151i a gyermek\u00edr\u00e1sok mellett a gyerekrajzok elemz\u00e9s\u00e9nek alapjaival is megismerkedhetnek.<\/p>\n\n\n\n<p><strong><span style=\"color:#f7800a\" class=\"has-inline-color\">P\u00e1lyaorient\u00e1ci\u00f3s \u00e9s karriertervez\u00e9si tr\u00e9ning (3 alkalom, max. 16 f\u0151) <\/span><\/strong><\/p>\n\n\n<div class=\"wp-block-image\">\n<figure class=\"alignright size-large\"><img decoding=\"async\" width=\"230\" height=\"285\" src=\"https:\/\/mnamk.hu\/wp\/wp-content\/uploads\/2021\/05\/image-7.jpg\" alt=\"\" class=\"wp-image-29869\"\/><\/figure><\/div>\n\n\n<p><strong>15 \u00f3ra<\/strong><\/p>\n\n\n\n<p><em>Kiknek sz\u00f3l?<\/em><\/p>\n\n\n\n<ul class=\"wp-block-list\"><li>Saj\u00e1t \u00fatjukat keres\u0151 16-30 \u00e9ves fiataloknak; olyan k\u00f6z\u00e9piskol\u00e1soknak, akik m\u00e9g a p\u00e1lyav\u00e1laszt\u00e1si d\u00f6nt\u00e9s el\u0151tt \u00e1llnak, \u00e9s olyan fiataloknak, akik \u00fagy \u00e9rzik, els\u0151re nem j\u00f3l v\u00e1lasztottak, ez\u00e9rt szakm\u00e1t\/szakot v\u00e1ltan\u00e1nak.<\/li><\/ul>\n\n\n\n<p><em>Mi t\u00f6rt\u00e9nik a k\u00e9pz\u00e9s sor\u00e1n? Miben seg\u00edt a k\u00e9pz\u00e9s?<\/em><\/p>\n\n\n\n<ul class=\"wp-block-list\"><li>A r\u00e9sztvev\u0151k jobban megismerik saj\u00e1t magukat, a p\u00e1lyav\u00e1laszt\u00e1s szempontj\u00e1b\u00f3l fontos er\u0151ss\u00e9geiket \u00e9s fejlesztend\u0151 ter\u00fcleteiket, meger\u0151s\u00f6dnek \u00f6nbizalmukban,<\/li><li>&#8211; mindent megtudnak az el\u0151tt\u00fck \u00e1ll\u00f3 lehet\u0151s\u00e9gekr\u0151l (p\u00e1ly\u00e1k\/foglalkoz\u00e1sok, hivat\u00e1sok\/karrierutak\/\u00e9letform\u00e1k, k\u00e9pz\u00e9sek, \u00f6szt\u00f6nd\u00edjak, stb.)<\/li><li>&#8211; megtanulj\u00e1k, hogyan hozzanak megalapozott d\u00f6nt\u00e9st,<\/li><li>&#8211; elsaj\u00e1t\u00edtj\u00e1k a hossz\u00fa- \u00e9s r\u00f6vidt\u00e1v\u00fa tervez\u00e9s, valamint a tervek megval\u00f3s\u00edt\u00e1s\u00e1nak m\u00f3dszereit.<\/li><\/ul>\n\n\n\n<p><mark style=\"background-color:rgba(0, 0, 0, 0);color:#f7800a\" class=\"has-inline-color\"><strong>Jobb agyf\u00e9ltek\u00e9s rajztanfolyam (8 alkalom)<\/strong><\/mark><\/p>\n\n\n\n<p><strong>32 \u00f3ra<\/strong><\/p>\n\n\n\n<p><em>Miben seg\u00edt a tanfolyam?<\/em><\/p>\n\n\n\n<p>Ha<\/p>\n\n\n<div class=\"wp-block-image is-style-rounded\">\n<figure class=\"alignright size-large\"><img decoding=\"async\" width=\"216\" height=\"147\" src=\"https:\/\/mnamk.hu\/wp\/wp-content\/uploads\/2021\/05\/image-5.jpg\" alt=\"\" class=\"wp-image-29861\" srcset=\"https:\/\/mnamk.hu\/wp\/wp-content\/uploads\/2021\/05\/image-5.jpg 216w, https:\/\/mnamk.hu\/wp\/wp-content\/uploads\/2021\/05\/image-5-150x102.jpg 150w\" sizes=\"(max-width: 216px) 100vw, 216px\" \/><\/figure><\/div>\n\n\n<ul class=\"wp-block-list\"><li>szeretn\u00e9d rajtakapni magad, mikor gondolkozol t\u00fal racion\u00e1lisan<\/li><li>szeretn\u00e9d megtudni, t\u00e9nyleg ott vannak-e a hat\u00e1raid, ahol gondolod<\/li><li>szeretn\u00e9 megtanulni profin rajzolni, ak\u00e1r a magad \u00f6r\u00f6m\u00e9re, ak\u00e1r, hogy ezzel \u00f6r\u00f6met szerezz a k\u00f6rnyezetednek<\/li><li>r\u00e1d f\u00e9r egy kis \u00f6nbizalom-er\u0151s\u00edt\u00e9s<\/li><li>vagy ha ugyan tudsz rajzolni, de a portr\u00e9fest\u00e9s m\u00e9g nem az igazi<\/li><\/ul>\n\n\n\n<p>Ha vel\u00fcnk tartasz, fejl\u0151dik kreativit\u00e1sod, a probl\u00e9mamegl\u00e1t\u00f3 \u00e9s -megold\u00f3 k\u00e9pess\u00e9ged. Elsaj\u00e1t\u00edtasz egy m\u00e1sfajta l\u00e1t\u00e1sm\u00f3dot, amely sor\u00e1n el tudsz t\u00e1volodnia probl\u00e9m\u00e1t\u00f3l, k\u00e9pes vagy b\u00e1tran mer\u00e9szet gondolni \u00e9s v\u00e9gig is csin\u00e1lni! A k\u00e9t agyf\u00e9ltek\u00e9d erej\u00e9nek megzabol\u00e1z\u00e1sa elind\u00edt az \u00f6nismeret \u00fatj\u00e1n is, \u00faj k\u00e9pess\u00e9geidre, egy \u00faj \u00e9nedre ny\u00edlik n\u00e9z\u0151pontod. <\/p>\n\n\n\n<p><mark style=\"background-color:rgba(0, 0, 0, 0);color:#f7800a\" class=\"has-inline-color\"><strong>St\u00edlus = siker?, avagy az \u00f6nkifejez\u00e9s \u00fatveszt\u0151i (workshop, 2 alkalom) <\/strong><\/mark> <\/p>\n\n\n\n<p><strong>6 \u00f3ra<\/strong><\/p>\n\n\n<div class=\"wp-block-image is-style-rounded\">\n<figure class=\"alignright size-large\"><img decoding=\"async\" width=\"227\" height=\"151\" src=\"https:\/\/mnamk.hu\/wp\/wp-content\/uploads\/2021\/05\/image-6.jpg\" alt=\"\" class=\"wp-image-29863\"\/><\/figure><\/div>\n\n\n<p><em>Nem a ruha teszi az embert. A j\u00f3 bornak nem kell c\u00e9g\u00e9r.<\/em> Biztosan  hallottuk m\u00e1r a fenti k\u00f6zmond\u00e1sokat. Mindkett\u0151nek az az \u00fczenete, hogy a belbecs \u00e9s a min\u0151s\u00e9g eladja \u00f6nmag\u00e1t, nem kell a k\u00fcls\u0151s\u00e9gekkel foglalkozni. <\/p>\n\n\n\n<ul class=\"wp-block-list\"><li>Vajon a mai korban meg\u00e1llja m\u00e9g a hely\u00e9t ez a k\u00e9t k\u00f6zmond\u00e1s?<\/li><li>Hogyan kommunik\u00e1lunk az \u00f6lt\u00f6zk\u00f6d\u00e9s\u00fcnkkel akarva-akaratlan? <\/li><li>Hogyan hatunk m\u00e1sokra a megjelen\u00e9s\u00fcnkkel, amely messze nem csak a ruh\u00e1zatot jelenti?<\/li><li>Hogyan j\u00e1rulhat hozz\u00e1 siker\u00fcnkh\u00f6z, ha st\u00edlusos a megjelen\u00e9s\u00fcnk? <\/li><\/ul>\n\n\n\n<p>A workshop sor\u00e1n bepillant\u00e1st nyerhetnek a r\u00e9sztvev\u0151k a st\u00edluskommunik\u00e1ci\u00f3 vil\u00e1g\u00e1ba, \u00e9s tan\u00e1csokat kaphatnak a tudatos megjelen\u00e9shez, hogy az \u00f6nkifejez\u00e9s ne \u00fatveszt\u0151nek t\u0171nj\u00f6n, hanem kreat\u00edv, felszabad\u00edt\u00f3 &#8222;j\u00e1t\u00e9k&#8221; legyen.<\/p>\n\n\n\n<p><strong><span class=\"has-inline-color has-vivid-cyan-blue-color\">Mindezt mennyi\u00e9rt k\u00edn\u00e1ljuk \u00d6nnek? <\/span><\/strong><\/p>\n\n\n\n<p>Egy\u00e9b k\u00e9pz\u00e9seink \u00f3rad\u00edja: 850,- Ft+\u00e1fa \/\u00f3ra (+ esetleges anyagk\u00f6lts\u00e9g)<\/p>\n\n\n\n<p><strong>Fenti \u00e1rak min. 6 f\u0151 jelentkez\u00e9se eset\u00e9n \u00e9rv\u00e9nyesek, egyedi ig\u00e9nyek eset\u00e9n k\u00e9rje aj\u00e1nlatunkat! <\/strong><\/p>\n\n\n\n<p><strong><mark style=\"background-color:rgba(0, 0, 0, 0)\" class=\"has-inline-color has-vivid-cyan-blue-color\">Aj\u00e1nljuk magunkat!<\/mark><\/strong><\/p>\n\n\n\n<ul class=\"wp-block-list\"><li>t\u00f6bb mint 20 \u00e9ves piaci jelenl\u00e9t<\/li><li>t\u00f6bb sz\u00e1z el\u00e9gedett r\u00e9sztvev\u0151<\/li><li>tapasztalt, kiv\u00e1l\u00f3an kvalifik\u00e1lt oktat\u00f3i g\u00e1rda<\/li><li>honlapunkon \u00e9s facebook-oldalunkon b\u00e1rmikor t\u00e1j\u00e9koz\u00f3dhat<\/li><li>online jelentkez\u00e9si lehet\u0151s\u00e9g<\/li><li>kellemes tanul\u00e1si k\u00f6rnyezet <\/li><li>csal\u00e1dias hangulat, fiatalos lend\u00fclet<\/li><li>magas sz\u00ednvonal el\u00e9rhet\u0151 \u00e1ron<\/li><li>el\u0151zetes tud\u00e1sszint-m\u00e9r\u00e9s<\/li><li>ig\u00e9ny szerint kihelyezett k\u00e9pz\u00e9sek<\/li><li>egyedi k\u00e9pz\u00e9si ig\u00e9nyekhez igazod\u00e1s<\/li><\/ul>\n\n\n\n<p class=\"has-vivid-cyan-blue-color has-text-color\" style=\"font-size:25px\"><strong>JELENTKEZ\u00c9SI LAP (online)<\/strong><\/p>\n","protected":false},"excerpt":{"rendered":"<p>Munkav\u00e1llal\u00f3i kulcskompetenci\u00e1k fejleszt\u00e9se\u00a0\u00a0\u00a0\u00a0\u00a0\u00a0\u00a0\u00a0\u00a0\u00a0\u00a0\u00a0\u00a0\u00a0\u00a0\u00a0\u00a0\u00a0\u00a0\u00a0 90 \u00f3ra Mit k\u00edv\u00e1nunk el\u00e9rni \u00d6nnel\/\u00d6n\u00f6kkel k\u00f6z\u00f6sen? Ismerje meg a bels\u0151 \u00e9rt\u00e9keit, tal\u00e1lja meg \u00f6nmag\u00e1t \u00e9s ezt megfelel\u0151en kamatoztassa a munkaer\u0151piacon Ismerje meg a munkaer\u0151piacon alkalmazott \u00edr\u00e1sbeli \u00e9s sz\u00f3beli kommunik\u00e1ci\u00f3s eszk\u00f6z\u00f6ket Alkalmazza a konfliktuskezel\u00e9si technik\u00e1kat Alapszint\u0171 sz\u00e1m\u00edt\u00e1stechnikai k\u00e9szs\u00e9gre tegyen szert El tudja k\u00e9sz\u00edteni a kiv\u00e1laszt\u00e1si folyamat alapvet\u0151 dokumentumait (\u00f6n\u00e9letrajz, motiv\u00e1ci\u00f3s lev\u00e9l) Mir\u0151l [&hellip;]<\/p>\n","protected":false},"author":22,"featured_media":0,"parent":0,"menu_order":0,"comment_status":"closed","ping_status":"closed","template":"","meta":{"footnotes":""},"class_list":["post-27171","page","type-page","status-publish","hentry"],"yoast_head":"<!-- This site is optimized with the Yoast SEO plugin v20.9 - https:\/\/yoast.com\/wordpress\/plugins\/seo\/ -->\n<title>Egy\u00e9b k\u00e9pz\u00e9sek - MN\u00c1MK-UBZ<\/title>\n<meta name=\"robots\" content=\"index, follow, max-snippet:-1, max-image-preview:large, max-video-preview:-1\" \/>\n<link rel=\"canonical\" href=\"https:\/\/mnamk.hu\/index-old.php\/egyeb-kepzesek-2\/\" \/>\n<meta property=\"og:locale\" content=\"hu_HU\" \/>\n<meta property=\"og:type\" content=\"article\" \/>\n<meta property=\"og:title\" content=\"Egy\u00e9b k\u00e9pz\u00e9sek - MN\u00c1MK-UBZ\" \/>\n<meta property=\"og:description\" content=\"Munkav\u00e1llal\u00f3i kulcskompetenci\u00e1k fejleszt\u00e9se\u00a0\u00a0\u00a0\u00a0\u00a0\u00a0\u00a0\u00a0\u00a0\u00a0\u00a0\u00a0\u00a0\u00a0\u00a0\u00a0\u00a0\u00a0\u00a0\u00a0 90 \u00f3ra Mit k\u00edv\u00e1nunk el\u00e9rni \u00d6nnel\/\u00d6n\u00f6kkel k\u00f6z\u00f6sen? Ismerje meg a bels\u0151 \u00e9rt\u00e9keit, tal\u00e1lja meg \u00f6nmag\u00e1t \u00e9s ezt megfelel\u0151en kamatoztassa a munkaer\u0151piacon Ismerje meg a munkaer\u0151piacon alkalmazott \u00edr\u00e1sbeli \u00e9s sz\u00f3beli kommunik\u00e1ci\u00f3s eszk\u00f6z\u00f6ket Alkalmazza a konfliktuskezel\u00e9si technik\u00e1kat Alapszint\u0171 sz\u00e1m\u00edt\u00e1stechnikai k\u00e9szs\u00e9gre tegyen szert El tudja k\u00e9sz\u00edteni a kiv\u00e1laszt\u00e1si folyamat alapvet\u0151 dokumentumait (\u00f6n\u00e9letrajz, motiv\u00e1ci\u00f3s lev\u00e9l) Mir\u0151l [&hellip;]\" \/>\n<meta property=\"og:url\" content=\"https:\/\/mnamk.hu\/index-old.php\/egyeb-kepzesek-2\/\" \/>\n<meta property=\"og:site_name\" content=\"MN\u00c1MK-UBZ\" \/>\n<meta property=\"article:modified_time\" content=\"2023-05-15T12:25:08+00:00\" \/>\n<meta property=\"og:image\" content=\"https:\/\/mnamk.hu\/wp\/wp-content\/uploads\/2021\/05\/image-1.jpg\" \/>\n<meta name=\"twitter:card\" content=\"summary_large_image\" \/>\n<meta name=\"twitter:label1\" content=\"Becs\u00fclt olvas\u00e1si id\u0151\" \/>\n\t<meta name=\"twitter:data1\" content=\"5 perc\" \/>\n<script type=\"application\/ld+json\" class=\"yoast-schema-graph\">{\"@context\":\"https:\/\/schema.org\",\"@graph\":[{\"@type\":\"WebPage\",\"@id\":\"https:\/\/mnamk.hu\/index-old.php\/egyeb-kepzesek-2\/\",\"url\":\"https:\/\/mnamk.hu\/index-old.php\/egyeb-kepzesek-2\/\",\"name\":\"Egy\u00e9b k\u00e9pz\u00e9sek - MN\u00c1MK-UBZ\",\"isPartOf\":{\"@id\":\"https:\/\/mnamk.hu\/index-old.php\/#website\"},\"datePublished\":\"2021-01-18T14:30:18+00:00\",\"dateModified\":\"2023-05-15T12:25:08+00:00\",\"breadcrumb\":{\"@id\":\"https:\/\/mnamk.hu\/index-old.php\/egyeb-kepzesek-2\/#breadcrumb\"},\"inLanguage\":\"hu\",\"potentialAction\":[{\"@type\":\"ReadAction\",\"target\":[\"https:\/\/mnamk.hu\/index-old.php\/egyeb-kepzesek-2\/\"]}]},{\"@type\":\"BreadcrumbList\",\"@id\":\"https:\/\/mnamk.hu\/index-old.php\/egyeb-kepzesek-2\/#breadcrumb\",\"itemListElement\":[{\"@type\":\"ListItem\",\"position\":1,\"name\":\"Startseite\",\"item\":\"https:\/\/mnamk.hu\/\"},{\"@type\":\"ListItem\",\"position\":2,\"name\":\"Egy\u00e9b k\u00e9pz\u00e9sek\"}]},{\"@type\":\"WebSite\",\"@id\":\"https:\/\/mnamk.hu\/index-old.php\/#website\",\"url\":\"https:\/\/mnamk.hu\/index-old.php\/\",\"name\":\"MN\u00c1MK-UBZ\",\"description\":\"\",\"publisher\":{\"@id\":\"https:\/\/mnamk.hu\/index-old.php\/#organization\"},\"potentialAction\":[{\"@type\":\"SearchAction\",\"target\":{\"@type\":\"EntryPoint\",\"urlTemplate\":\"https:\/\/mnamk.hu\/index-old.php\/?s={search_term_string}\"},\"query-input\":\"required name=search_term_string\"}],\"inLanguage\":\"hu\"},{\"@type\":\"Organization\",\"@id\":\"https:\/\/mnamk.hu\/index-old.php\/#organization\",\"name\":\"MNAMK\",\"url\":\"https:\/\/mnamk.hu\/index-old.php\/\",\"logo\":{\"@type\":\"ImageObject\",\"inLanguage\":\"hu\",\"@id\":\"https:\/\/mnamk.hu\/index-old.php\/#\/schema\/logo\/image\/\",\"url\":\"https:\/\/mnamk.hu\/wp\/wp-content\/uploads\/2020\/08\/logo.jpg\",\"contentUrl\":\"https:\/\/mnamk.hu\/wp\/wp-content\/uploads\/2020\/08\/logo.jpg\",\"width\":482,\"height\":276,\"caption\":\"MNAMK\"},\"image\":{\"@id\":\"https:\/\/mnamk.hu\/index-old.php\/#\/schema\/logo\/image\/\"}}]}<\/script>\n<!-- \/ Yoast SEO plugin. -->","yoast_head_json":{"title":"Egy\u00e9b k\u00e9pz\u00e9sek - MN\u00c1MK-UBZ","robots":{"index":"index","follow":"follow","max-snippet":"max-snippet:-1","max-image-preview":"max-image-preview:large","max-video-preview":"max-video-preview:-1"},"canonical":"https:\/\/mnamk.hu\/index-old.php\/egyeb-kepzesek-2\/","og_locale":"hu_HU","og_type":"article","og_title":"Egy\u00e9b k\u00e9pz\u00e9sek - MN\u00c1MK-UBZ","og_description":"Munkav\u00e1llal\u00f3i kulcskompetenci\u00e1k fejleszt\u00e9se\u00a0\u00a0\u00a0\u00a0\u00a0\u00a0\u00a0\u00a0\u00a0\u00a0\u00a0\u00a0\u00a0\u00a0\u00a0\u00a0\u00a0\u00a0\u00a0\u00a0 90 \u00f3ra Mit k\u00edv\u00e1nunk el\u00e9rni \u00d6nnel\/\u00d6n\u00f6kkel k\u00f6z\u00f6sen? Ismerje meg a bels\u0151 \u00e9rt\u00e9keit, tal\u00e1lja meg \u00f6nmag\u00e1t \u00e9s ezt megfelel\u0151en kamatoztassa a munkaer\u0151piacon Ismerje meg a munkaer\u0151piacon alkalmazott \u00edr\u00e1sbeli \u00e9s sz\u00f3beli kommunik\u00e1ci\u00f3s eszk\u00f6z\u00f6ket Alkalmazza a konfliktuskezel\u00e9si technik\u00e1kat Alapszint\u0171 sz\u00e1m\u00edt\u00e1stechnikai k\u00e9szs\u00e9gre tegyen szert El tudja k\u00e9sz\u00edteni a kiv\u00e1laszt\u00e1si folyamat alapvet\u0151 dokumentumait (\u00f6n\u00e9letrajz, motiv\u00e1ci\u00f3s lev\u00e9l) Mir\u0151l [&hellip;]","og_url":"https:\/\/mnamk.hu\/index-old.php\/egyeb-kepzesek-2\/","og_site_name":"MN\u00c1MK-UBZ","article_modified_time":"2023-05-15T12:25:08+00:00","og_image":[{"url":"https:\/\/mnamk.hu\/wp\/wp-content\/uploads\/2021\/05\/image-1.jpg"}],"twitter_card":"summary_large_image","twitter_misc":{"Becs\u00fclt olvas\u00e1si id\u0151":"5 perc"},"schema":{"@context":"https:\/\/schema.org","@graph":[{"@type":"WebPage","@id":"https:\/\/mnamk.hu\/index-old.php\/egyeb-kepzesek-2\/","url":"https:\/\/mnamk.hu\/index-old.php\/egyeb-kepzesek-2\/","name":"Egy\u00e9b k\u00e9pz\u00e9sek - MN\u00c1MK-UBZ","isPartOf":{"@id":"https:\/\/mnamk.hu\/index-old.php\/#website"},"datePublished":"2021-01-18T14:30:18+00:00","dateModified":"2023-05-15T12:25:08+00:00","breadcrumb":{"@id":"https:\/\/mnamk.hu\/index-old.php\/egyeb-kepzesek-2\/#breadcrumb"},"inLanguage":"hu","potentialAction":[{"@type":"ReadAction","target":["https:\/\/mnamk.hu\/index-old.php\/egyeb-kepzesek-2\/"]}]},{"@type":"BreadcrumbList","@id":"https:\/\/mnamk.hu\/index-old.php\/egyeb-kepzesek-2\/#breadcrumb","itemListElement":[{"@type":"ListItem","position":1,"name":"Startseite","item":"https:\/\/mnamk.hu\/"},{"@type":"ListItem","position":2,"name":"Egy\u00e9b k\u00e9pz\u00e9sek"}]},{"@type":"WebSite","@id":"https:\/\/mnamk.hu\/index-old.php\/#website","url":"https:\/\/mnamk.hu\/index-old.php\/","name":"MN\u00c1MK-UBZ","description":"","publisher":{"@id":"https:\/\/mnamk.hu\/index-old.php\/#organization"},"potentialAction":[{"@type":"SearchAction","target":{"@type":"EntryPoint","urlTemplate":"https:\/\/mnamk.hu\/index-old.php\/?s={search_term_string}"},"query-input":"required name=search_term_string"}],"inLanguage":"hu"},{"@type":"Organization","@id":"https:\/\/mnamk.hu\/index-old.php\/#organization","name":"MNAMK","url":"https:\/\/mnamk.hu\/index-old.php\/","logo":{"@type":"ImageObject","inLanguage":"hu","@id":"https:\/\/mnamk.hu\/index-old.php\/#\/schema\/logo\/image\/","url":"https:\/\/mnamk.hu\/wp\/wp-content\/uploads\/2020\/08\/logo.jpg","contentUrl":"https:\/\/mnamk.hu\/wp\/wp-content\/uploads\/2020\/08\/logo.jpg","width":482,"height":276,"caption":"MNAMK"},"image":{"@id":"https:\/\/mnamk.hu\/index-old.php\/#\/schema\/logo\/image\/"}}]}},"_links":{"self":[{"href":"https:\/\/mnamk.hu\/index-old.php\/wp-json\/wp\/v2\/pages\/27171","targetHints":{"allow":["GET"]}}],"collection":[{"href":"https:\/\/mnamk.hu\/index-old.php\/wp-json\/wp\/v2\/pages"}],"about":[{"href":"https:\/\/mnamk.hu\/index-old.php\/wp-json\/wp\/v2\/types\/page"}],"author":[{"embeddable":true,"href":"https:\/\/mnamk.hu\/index-old.php\/wp-json\/wp\/v2\/users\/22"}],"replies":[{"embeddable":true,"href":"https:\/\/mnamk.hu\/index-old.php\/wp-json\/wp\/v2\/comments?post=27171"}],"version-history":[{"count":4,"href":"https:\/\/mnamk.hu\/index-old.php\/wp-json\/wp\/v2\/pages\/27171\/revisions"}],"predecessor-version":[{"id":49578,"href":"https:\/\/mnamk.hu\/index-old.php\/wp-json\/wp\/v2\/pages\/27171\/revisions\/49578"}],"wp:attachment":[{"href":"https:\/\/mnamk.hu\/index-old.php\/wp-json\/wp\/v2\/media?parent=27171"}],"curies":[{"name":"wp","href":"https:\/\/api.w.org\/{rel}","templated":true}]}}