{"id":30073,"date":"2021-09-06T11:55:08","date_gmt":"2021-09-06T11:55:08","guid":{"rendered":"https:\/\/mnamk.hu\/wp\/?page_id=30073"},"modified":"2022-06-24T07:21:08","modified_gmt":"2022-06-24T07:21:08","slug":"praktikum-am-ubz","status":"publish","type":"page","link":"https:\/\/mnamk.hu\/index-old.php\/de\/praktikum-am-ubz\/","title":{"rendered":"Praktikum am UBZ"},"content":{"rendered":"\n<p>Als deutsche Auslandsschule bieten wir die M\u00f6glichkeit, im Rahmen der deutschen Lehrerausbildung ein Praktikum am UBZ zu absolvieren. Daf\u00fcr gelten folgende Bedingungen:<\/p>\n\n\n\n<ul class=\"wp-block-list\"><li>In den bei uns deutschsprachig unterrichteten F\u00e4chern Deutsch, Geschichte, Mathematik, Physik, Ethik und im Fach Englisch k\u00f6nnen wir eine ausreichende Zahl an Unterrichtsstunden f\u00fcr Praktikanten anbieten. F\u00fcr Praktika in weiteren F\u00e4chern ab Klasse 5 eignet sich unsere Schule nicht.<\/li><li>In den Klassen 1 bis 4, also den der deutschen Grundschule entsprechenden Klassen, wird gen\u00fcgend deutschsprachiger Unterricht angeboten, sodass Praktika im Rahmen der Ausbildung f\u00fcr das Grundschullehramt (f\u00fcr das Fach Deutsch) grunds\u00e4tzlich m\u00f6glich sind.<\/li><li>F\u00fcr den Deutschunterricht von Klassen 1 bis 8 muss beachtet werden, dass \u00fcberwiegend muttersprachlich ungarische Sch\u00fclerinnen und Sch\u00fcler unterrichtet werden, sodass der Unterricht in diesen Klassenstufen stark von DaF(Deutsch als Fremdsprache)- und DFU(Deutschsprachiger Fachunterricht)-Elementen  gepr\u00e4gt ist.<\/li><li>Interesse an interkultureller Begegnung und aktive Teilnahme an Unterricht und Schulleben<\/li><\/ul>\n\n\n\n<p>Wenn Sie sich um einen Praktikumsplatz be uns bewerben m\u00f6chten, senden Sie bitte folgende Unterlagen an die Adresse: titkarsag (at) manmk.hu:<\/p>\n\n\n\n<ul class=\"wp-block-list\"><li>Bewerbungsschreiben<\/li><li>Lebenslauf<\/li><li>Studienbescheinigungen<\/li><li>Unterlagen, aus denen hervorgeht, um was f\u00fcr eine Art von Praktikum es sich handelt, das Sie ableisten, welche Leistungen Praktikanten zu erbringen haben (Anzahl der Hospitationsstunden, selbst zu haltende Stunden, Praktikumsbericht, etc.) und wie die Betreuung durch die aufnehmende Schule gestaltet werden muss<\/li><\/ul>\n\n\n\n<p><\/p>\n","protected":false},"excerpt":{"rendered":"<p>Als deutsche Auslandsschule bieten wir die M\u00f6glichkeit, im Rahmen der deutschen Lehrerausbildung ein Praktikum am UBZ zu absolvieren. Daf\u00fcr gelten folgende Bedingungen: In den bei uns deutschsprachig unterrichteten F\u00e4chern Deutsch, Geschichte, Mathematik, Physik, Ethik und im Fach Englisch k\u00f6nnen wir eine ausreichende Zahl an Unterrichtsstunden f\u00fcr Praktikanten anbieten. F\u00fcr Praktika in weiteren F\u00e4chern ab Klasse [&hellip;]<\/p>\n","protected":false},"author":22,"featured_media":0,"parent":0,"menu_order":0,"comment_status":"closed","ping_status":"closed","template":"","meta":{"footnotes":""},"class_list":["post-30073","page","type-page","status-publish","hentry"],"yoast_head":"<!-- This site is optimized with the Yoast SEO plugin v20.9 - https:\/\/yoast.com\/wordpress\/plugins\/seo\/ -->\n<title>Praktikum am UBZ - MN\u00c1MK-UBZ<\/title>\n<meta name=\"robots\" content=\"index, follow, max-snippet:-1, max-image-preview:large, max-video-preview:-1\" \/>\n<link rel=\"canonical\" href=\"https:\/\/mnamk.hu\/index-old.php\/de\/praktikum-am-ubz\/\" \/>\n<meta property=\"og:locale\" content=\"hu_HU\" \/>\n<meta property=\"og:type\" content=\"article\" \/>\n<meta property=\"og:title\" content=\"Praktikum am UBZ - MN\u00c1MK-UBZ\" \/>\n<meta property=\"og:description\" content=\"Als deutsche Auslandsschule bieten wir die M\u00f6glichkeit, im Rahmen der deutschen Lehrerausbildung ein Praktikum am UBZ zu absolvieren. Daf\u00fcr gelten folgende Bedingungen: In den bei uns deutschsprachig unterrichteten F\u00e4chern Deutsch, Geschichte, Mathematik, Physik, Ethik und im Fach Englisch k\u00f6nnen wir eine ausreichende Zahl an Unterrichtsstunden f\u00fcr Praktikanten anbieten. F\u00fcr Praktika in weiteren F\u00e4chern ab Klasse [&hellip;]\" \/>\n<meta property=\"og:url\" content=\"https:\/\/mnamk.hu\/index-old.php\/de\/praktikum-am-ubz\/\" \/>\n<meta property=\"og:site_name\" content=\"MN\u00c1MK-UBZ\" \/>\n<meta property=\"article:modified_time\" content=\"2022-06-24T07:21:08+00:00\" \/>\n<meta name=\"twitter:card\" content=\"summary_large_image\" \/>\n<meta name=\"twitter:label1\" content=\"Becs\u00fclt olvas\u00e1si id\u0151\" \/>\n\t<meta name=\"twitter:data1\" content=\"2 perc\" \/>\n<script type=\"application\/ld+json\" class=\"yoast-schema-graph\">{\"@context\":\"https:\/\/schema.org\",\"@graph\":[{\"@type\":\"WebPage\",\"@id\":\"https:\/\/mnamk.hu\/index-old.php\/de\/praktikum-am-ubz\/\",\"url\":\"https:\/\/mnamk.hu\/index-old.php\/de\/praktikum-am-ubz\/\",\"name\":\"Praktikum am UBZ - MN\u00c1MK-UBZ\",\"isPartOf\":{\"@id\":\"https:\/\/mnamk.hu\/index-old.php\/#website\"},\"datePublished\":\"2021-09-06T11:55:08+00:00\",\"dateModified\":\"2022-06-24T07:21:08+00:00\",\"breadcrumb\":{\"@id\":\"https:\/\/mnamk.hu\/index-old.php\/de\/praktikum-am-ubz\/#breadcrumb\"},\"inLanguage\":\"hu\",\"potentialAction\":[{\"@type\":\"ReadAction\",\"target\":[\"https:\/\/mnamk.hu\/index-old.php\/de\/praktikum-am-ubz\/\"]}]},{\"@type\":\"BreadcrumbList\",\"@id\":\"https:\/\/mnamk.hu\/index-old.php\/de\/praktikum-am-ubz\/#breadcrumb\",\"itemListElement\":[{\"@type\":\"ListItem\",\"position\":1,\"name\":\"Startseite\",\"item\":\"https:\/\/mnamk.hu\/\"},{\"@type\":\"ListItem\",\"position\":2,\"name\":\"Praktikum am UBZ\"}]},{\"@type\":\"WebSite\",\"@id\":\"https:\/\/mnamk.hu\/index-old.php\/#website\",\"url\":\"https:\/\/mnamk.hu\/index-old.php\/\",\"name\":\"MN\u00c1MK-UBZ\",\"description\":\"\",\"publisher\":{\"@id\":\"https:\/\/mnamk.hu\/index-old.php\/#organization\"},\"potentialAction\":[{\"@type\":\"SearchAction\",\"target\":{\"@type\":\"EntryPoint\",\"urlTemplate\":\"https:\/\/mnamk.hu\/index-old.php\/?s={search_term_string}\"},\"query-input\":\"required name=search_term_string\"}],\"inLanguage\":\"hu\"},{\"@type\":\"Organization\",\"@id\":\"https:\/\/mnamk.hu\/index-old.php\/#organization\",\"name\":\"MNAMK\",\"url\":\"https:\/\/mnamk.hu\/index-old.php\/\",\"logo\":{\"@type\":\"ImageObject\",\"inLanguage\":\"hu\",\"@id\":\"https:\/\/mnamk.hu\/index-old.php\/#\/schema\/logo\/image\/\",\"url\":\"https:\/\/mnamk.hu\/wp\/wp-content\/uploads\/2020\/08\/logo.jpg\",\"contentUrl\":\"https:\/\/mnamk.hu\/wp\/wp-content\/uploads\/2020\/08\/logo.jpg\",\"width\":482,\"height\":276,\"caption\":\"MNAMK\"},\"image\":{\"@id\":\"https:\/\/mnamk.hu\/index-old.php\/#\/schema\/logo\/image\/\"}}]}<\/script>\n<!-- \/ Yoast SEO plugin. -->","yoast_head_json":{"title":"Praktikum am UBZ - MN\u00c1MK-UBZ","robots":{"index":"index","follow":"follow","max-snippet":"max-snippet:-1","max-image-preview":"max-image-preview:large","max-video-preview":"max-video-preview:-1"},"canonical":"https:\/\/mnamk.hu\/index-old.php\/de\/praktikum-am-ubz\/","og_locale":"hu_HU","og_type":"article","og_title":"Praktikum am UBZ - MN\u00c1MK-UBZ","og_description":"Als deutsche Auslandsschule bieten wir die M\u00f6glichkeit, im Rahmen der deutschen Lehrerausbildung ein Praktikum am UBZ zu absolvieren. Daf\u00fcr gelten folgende Bedingungen: In den bei uns deutschsprachig unterrichteten F\u00e4chern Deutsch, Geschichte, Mathematik, Physik, Ethik und im Fach Englisch k\u00f6nnen wir eine ausreichende Zahl an Unterrichtsstunden f\u00fcr Praktikanten anbieten. F\u00fcr Praktika in weiteren F\u00e4chern ab Klasse [&hellip;]","og_url":"https:\/\/mnamk.hu\/index-old.php\/de\/praktikum-am-ubz\/","og_site_name":"MN\u00c1MK-UBZ","article_modified_time":"2022-06-24T07:21:08+00:00","twitter_card":"summary_large_image","twitter_misc":{"Becs\u00fclt olvas\u00e1si id\u0151":"2 perc"},"schema":{"@context":"https:\/\/schema.org","@graph":[{"@type":"WebPage","@id":"https:\/\/mnamk.hu\/index-old.php\/de\/praktikum-am-ubz\/","url":"https:\/\/mnamk.hu\/index-old.php\/de\/praktikum-am-ubz\/","name":"Praktikum am UBZ - MN\u00c1MK-UBZ","isPartOf":{"@id":"https:\/\/mnamk.hu\/index-old.php\/#website"},"datePublished":"2021-09-06T11:55:08+00:00","dateModified":"2022-06-24T07:21:08+00:00","breadcrumb":{"@id":"https:\/\/mnamk.hu\/index-old.php\/de\/praktikum-am-ubz\/#breadcrumb"},"inLanguage":"hu","potentialAction":[{"@type":"ReadAction","target":["https:\/\/mnamk.hu\/index-old.php\/de\/praktikum-am-ubz\/"]}]},{"@type":"BreadcrumbList","@id":"https:\/\/mnamk.hu\/index-old.php\/de\/praktikum-am-ubz\/#breadcrumb","itemListElement":[{"@type":"ListItem","position":1,"name":"Startseite","item":"https:\/\/mnamk.hu\/"},{"@type":"ListItem","position":2,"name":"Praktikum am UBZ"}]},{"@type":"WebSite","@id":"https:\/\/mnamk.hu\/index-old.php\/#website","url":"https:\/\/mnamk.hu\/index-old.php\/","name":"MN\u00c1MK-UBZ","description":"","publisher":{"@id":"https:\/\/mnamk.hu\/index-old.php\/#organization"},"potentialAction":[{"@type":"SearchAction","target":{"@type":"EntryPoint","urlTemplate":"https:\/\/mnamk.hu\/index-old.php\/?s={search_term_string}"},"query-input":"required name=search_term_string"}],"inLanguage":"hu"},{"@type":"Organization","@id":"https:\/\/mnamk.hu\/index-old.php\/#organization","name":"MNAMK","url":"https:\/\/mnamk.hu\/index-old.php\/","logo":{"@type":"ImageObject","inLanguage":"hu","@id":"https:\/\/mnamk.hu\/index-old.php\/#\/schema\/logo\/image\/","url":"https:\/\/mnamk.hu\/wp\/wp-content\/uploads\/2020\/08\/logo.jpg","contentUrl":"https:\/\/mnamk.hu\/wp\/wp-content\/uploads\/2020\/08\/logo.jpg","width":482,"height":276,"caption":"MNAMK"},"image":{"@id":"https:\/\/mnamk.hu\/index-old.php\/#\/schema\/logo\/image\/"}}]}},"_links":{"self":[{"href":"https:\/\/mnamk.hu\/index-old.php\/wp-json\/wp\/v2\/pages\/30073","targetHints":{"allow":["GET"]}}],"collection":[{"href":"https:\/\/mnamk.hu\/index-old.php\/wp-json\/wp\/v2\/pages"}],"about":[{"href":"https:\/\/mnamk.hu\/index-old.php\/wp-json\/wp\/v2\/types\/page"}],"author":[{"embeddable":true,"href":"https:\/\/mnamk.hu\/index-old.php\/wp-json\/wp\/v2\/users\/22"}],"replies":[{"embeddable":true,"href":"https:\/\/mnamk.hu\/index-old.php\/wp-json\/wp\/v2\/comments?post=30073"}],"version-history":[{"count":3,"href":"https:\/\/mnamk.hu\/index-old.php\/wp-json\/wp\/v2\/pages\/30073\/revisions"}],"predecessor-version":[{"id":40844,"href":"https:\/\/mnamk.hu\/index-old.php\/wp-json\/wp\/v2\/pages\/30073\/revisions\/40844"}],"wp:attachment":[{"href":"https:\/\/mnamk.hu\/index-old.php\/wp-json\/wp\/v2\/media?parent=30073"}],"curies":[{"name":"wp","href":"https:\/\/api.w.org\/{rel}","templated":true}]}}