{"id":30234,"date":"2021-05-28T07:30:11","date_gmt":"2021-05-28T07:30:11","guid":{"rendered":"https:\/\/mnamk.hu\/wp\/?page_id=30234"},"modified":"2021-05-28T07:30:12","modified_gmt":"2021-05-28T07:30:12","slug":"nkul-kp-1-2021-1-001874","status":"publish","type":"page","link":"https:\/\/mnamk.hu\/index-old.php\/nkul-kp-1-2021-1-001874\/","title":{"rendered":"NKUL-KP-1-2021\/1-001874"},"content":{"rendered":"\n<p class=\"has-text-align-center\">A Minisztereln\u00f6ks\u00e9g t\u00e1mogat\u00e1s\u00e1nak k\u00f6sz\u00f6nhet\u0151en a Magyarorsz\u00e1gi N\u00e9metek \u00c1ltal\u00e1nos M\u0171vel\u0151d\u00e9si K\u00f6zpontja&nbsp; 200.000 Ft vissza nem t\u00e9rintend\u0151 t\u00e1mogat\u00e1st nyert el.<\/p>\n\n\n\n<p class=\"has-text-align-center\">A p\u00e1ly\u00e1zatnak k\u00f6sz\u00f6nhet\u0151en az MN\u00c1MK Egys\u00e9ges Iskol\u00e1j\u00e1nak 3. \u00e9s 4. \u00e9vfolyamos di\u00e1kjai a szeksz\u00e1rdi Deutsche B\u00fchne el\u0151ad\u00e1s\u00e1n vesznek r\u00e9szt.<\/p>\n\n\n\n<div class=\"wp-block-image\"><figure class=\"aligncenter size-large\"><img decoding=\"async\" width=\"1500\" height=\"391\" src=\"https:\/\/mnamk.hu\/wp\/wp-content\/uploads\/2021\/05\/2021-1500x391.jpg\" alt=\"\" class=\"wp-image-30215\" srcset=\"https:\/\/mnamk.hu\/wp\/wp-content\/uploads\/2021\/05\/2021-1500x391.jpg 1500w, https:\/\/mnamk.hu\/wp\/wp-content\/uploads\/2021\/05\/2021-150x39.jpg 150w, https:\/\/mnamk.hu\/wp\/wp-content\/uploads\/2021\/05\/2021-300x78.jpg 300w, https:\/\/mnamk.hu\/wp\/wp-content\/uploads\/2021\/05\/2021-768x200.jpg 768w, https:\/\/mnamk.hu\/wp\/wp-content\/uploads\/2021\/05\/2021-1536x401.jpg 1536w, https:\/\/mnamk.hu\/wp\/wp-content\/uploads\/2021\/05\/2021.jpg 1576w\" sizes=\"(max-width: 1500px) 100vw, 1500px\" \/><\/figure><\/div>\n","protected":false},"excerpt":{"rendered":"<p>A Minisztereln\u00f6ks\u00e9g t\u00e1mogat\u00e1s\u00e1nak k\u00f6sz\u00f6nhet\u0151en a Magyarorsz\u00e1gi N\u00e9metek \u00c1ltal\u00e1nos M\u0171vel\u0151d\u00e9si K\u00f6zpontja&nbsp; 200.000 Ft vissza nem t\u00e9rintend\u0151 t\u00e1mogat\u00e1st nyert el. A p\u00e1ly\u00e1zatnak k\u00f6sz\u00f6nhet\u0151en az MN\u00c1MK Egys\u00e9ges Iskol\u00e1j\u00e1nak 3. \u00e9s 4. \u00e9vfolyamos di\u00e1kjai a szeksz\u00e1rdi Deutsche B\u00fchne el\u0151ad\u00e1s\u00e1n vesznek r\u00e9szt.<\/p>\n","protected":false},"author":22,"featured_media":0,"parent":0,"menu_order":0,"comment_status":"closed","ping_status":"closed","template":"","meta":{"footnotes":""},"class_list":["post-30234","page","type-page","status-publish","hentry"],"yoast_head":"<!-- This site is optimized with the Yoast SEO plugin v20.9 - https:\/\/yoast.com\/wordpress\/plugins\/seo\/ -->\n<title>NKUL-KP-1-2021\/1-001874 - MN\u00c1MK-UBZ<\/title>\n<meta name=\"robots\" content=\"index, follow, max-snippet:-1, max-image-preview:large, max-video-preview:-1\" \/>\n<link rel=\"canonical\" href=\"https:\/\/mnamk.hu\/index-old.php\/nkul-kp-1-2021-1-001874\/\" \/>\n<meta property=\"og:locale\" content=\"hu_HU\" \/>\n<meta property=\"og:type\" content=\"article\" \/>\n<meta property=\"og:title\" content=\"NKUL-KP-1-2021\/1-001874 - MN\u00c1MK-UBZ\" \/>\n<meta property=\"og:description\" content=\"A Minisztereln\u00f6ks\u00e9g t\u00e1mogat\u00e1s\u00e1nak k\u00f6sz\u00f6nhet\u0151en a Magyarorsz\u00e1gi N\u00e9metek \u00c1ltal\u00e1nos M\u0171vel\u0151d\u00e9si K\u00f6zpontja&nbsp; 200.000 Ft vissza nem t\u00e9rintend\u0151 t\u00e1mogat\u00e1st nyert el. A p\u00e1ly\u00e1zatnak k\u00f6sz\u00f6nhet\u0151en az MN\u00c1MK Egys\u00e9ges Iskol\u00e1j\u00e1nak 3. \u00e9s 4. \u00e9vfolyamos di\u00e1kjai a szeksz\u00e1rdi Deutsche B\u00fchne el\u0151ad\u00e1s\u00e1n vesznek r\u00e9szt.\" \/>\n<meta property=\"og:url\" content=\"https:\/\/mnamk.hu\/index-old.php\/nkul-kp-1-2021-1-001874\/\" \/>\n<meta property=\"og:site_name\" content=\"MN\u00c1MK-UBZ\" \/>\n<meta property=\"article:modified_time\" content=\"2021-05-28T07:30:12+00:00\" \/>\n<meta property=\"og:image\" content=\"https:\/\/mnamk.hu\/wp\/wp-content\/uploads\/2021\/05\/2021-1500x391.jpg\" \/>\n<meta name=\"twitter:card\" content=\"summary_large_image\" \/>\n<meta name=\"twitter:label1\" content=\"Becs\u00fclt olvas\u00e1si id\u0151\" \/>\n\t<meta name=\"twitter:data1\" content=\"1 perc\" \/>\n<script type=\"application\/ld+json\" class=\"yoast-schema-graph\">{\"@context\":\"https:\/\/schema.org\",\"@graph\":[{\"@type\":\"WebPage\",\"@id\":\"https:\/\/mnamk.hu\/index-old.php\/nkul-kp-1-2021-1-001874\/\",\"url\":\"https:\/\/mnamk.hu\/index-old.php\/nkul-kp-1-2021-1-001874\/\",\"name\":\"NKUL-KP-1-2021\/1-001874 - MN\u00c1MK-UBZ\",\"isPartOf\":{\"@id\":\"https:\/\/mnamk.hu\/index-old.php\/#website\"},\"datePublished\":\"2021-05-28T07:30:11+00:00\",\"dateModified\":\"2021-05-28T07:30:12+00:00\",\"breadcrumb\":{\"@id\":\"https:\/\/mnamk.hu\/index-old.php\/nkul-kp-1-2021-1-001874\/#breadcrumb\"},\"inLanguage\":\"hu\",\"potentialAction\":[{\"@type\":\"ReadAction\",\"target\":[\"https:\/\/mnamk.hu\/index-old.php\/nkul-kp-1-2021-1-001874\/\"]}]},{\"@type\":\"BreadcrumbList\",\"@id\":\"https:\/\/mnamk.hu\/index-old.php\/nkul-kp-1-2021-1-001874\/#breadcrumb\",\"itemListElement\":[{\"@type\":\"ListItem\",\"position\":1,\"name\":\"Startseite\",\"item\":\"https:\/\/mnamk.hu\/\"},{\"@type\":\"ListItem\",\"position\":2,\"name\":\"NKUL-KP-1-2021\/1-001874\"}]},{\"@type\":\"WebSite\",\"@id\":\"https:\/\/mnamk.hu\/index-old.php\/#website\",\"url\":\"https:\/\/mnamk.hu\/index-old.php\/\",\"name\":\"MN\u00c1MK-UBZ\",\"description\":\"\",\"publisher\":{\"@id\":\"https:\/\/mnamk.hu\/index-old.php\/#organization\"},\"potentialAction\":[{\"@type\":\"SearchAction\",\"target\":{\"@type\":\"EntryPoint\",\"urlTemplate\":\"https:\/\/mnamk.hu\/index-old.php\/?s={search_term_string}\"},\"query-input\":\"required name=search_term_string\"}],\"inLanguage\":\"hu\"},{\"@type\":\"Organization\",\"@id\":\"https:\/\/mnamk.hu\/index-old.php\/#organization\",\"name\":\"MNAMK\",\"url\":\"https:\/\/mnamk.hu\/index-old.php\/\",\"logo\":{\"@type\":\"ImageObject\",\"inLanguage\":\"hu\",\"@id\":\"https:\/\/mnamk.hu\/index-old.php\/#\/schema\/logo\/image\/\",\"url\":\"https:\/\/mnamk.hu\/wp\/wp-content\/uploads\/2020\/08\/logo.jpg\",\"contentUrl\":\"https:\/\/mnamk.hu\/wp\/wp-content\/uploads\/2020\/08\/logo.jpg\",\"width\":482,\"height\":276,\"caption\":\"MNAMK\"},\"image\":{\"@id\":\"https:\/\/mnamk.hu\/index-old.php\/#\/schema\/logo\/image\/\"}}]}<\/script>\n<!-- \/ Yoast SEO plugin. -->","yoast_head_json":{"title":"NKUL-KP-1-2021\/1-001874 - MN\u00c1MK-UBZ","robots":{"index":"index","follow":"follow","max-snippet":"max-snippet:-1","max-image-preview":"max-image-preview:large","max-video-preview":"max-video-preview:-1"},"canonical":"https:\/\/mnamk.hu\/index-old.php\/nkul-kp-1-2021-1-001874\/","og_locale":"hu_HU","og_type":"article","og_title":"NKUL-KP-1-2021\/1-001874 - MN\u00c1MK-UBZ","og_description":"A Minisztereln\u00f6ks\u00e9g t\u00e1mogat\u00e1s\u00e1nak k\u00f6sz\u00f6nhet\u0151en a Magyarorsz\u00e1gi N\u00e9metek \u00c1ltal\u00e1nos M\u0171vel\u0151d\u00e9si K\u00f6zpontja&nbsp; 200.000 Ft vissza nem t\u00e9rintend\u0151 t\u00e1mogat\u00e1st nyert el. A p\u00e1ly\u00e1zatnak k\u00f6sz\u00f6nhet\u0151en az MN\u00c1MK Egys\u00e9ges Iskol\u00e1j\u00e1nak 3. \u00e9s 4. \u00e9vfolyamos di\u00e1kjai a szeksz\u00e1rdi Deutsche B\u00fchne el\u0151ad\u00e1s\u00e1n vesznek r\u00e9szt.","og_url":"https:\/\/mnamk.hu\/index-old.php\/nkul-kp-1-2021-1-001874\/","og_site_name":"MN\u00c1MK-UBZ","article_modified_time":"2021-05-28T07:30:12+00:00","og_image":[{"url":"https:\/\/mnamk.hu\/wp\/wp-content\/uploads\/2021\/05\/2021-1500x391.jpg"}],"twitter_card":"summary_large_image","twitter_misc":{"Becs\u00fclt olvas\u00e1si id\u0151":"1 perc"},"schema":{"@context":"https:\/\/schema.org","@graph":[{"@type":"WebPage","@id":"https:\/\/mnamk.hu\/index-old.php\/nkul-kp-1-2021-1-001874\/","url":"https:\/\/mnamk.hu\/index-old.php\/nkul-kp-1-2021-1-001874\/","name":"NKUL-KP-1-2021\/1-001874 - MN\u00c1MK-UBZ","isPartOf":{"@id":"https:\/\/mnamk.hu\/index-old.php\/#website"},"datePublished":"2021-05-28T07:30:11+00:00","dateModified":"2021-05-28T07:30:12+00:00","breadcrumb":{"@id":"https:\/\/mnamk.hu\/index-old.php\/nkul-kp-1-2021-1-001874\/#breadcrumb"},"inLanguage":"hu","potentialAction":[{"@type":"ReadAction","target":["https:\/\/mnamk.hu\/index-old.php\/nkul-kp-1-2021-1-001874\/"]}]},{"@type":"BreadcrumbList","@id":"https:\/\/mnamk.hu\/index-old.php\/nkul-kp-1-2021-1-001874\/#breadcrumb","itemListElement":[{"@type":"ListItem","position":1,"name":"Startseite","item":"https:\/\/mnamk.hu\/"},{"@type":"ListItem","position":2,"name":"NKUL-KP-1-2021\/1-001874"}]},{"@type":"WebSite","@id":"https:\/\/mnamk.hu\/index-old.php\/#website","url":"https:\/\/mnamk.hu\/index-old.php\/","name":"MN\u00c1MK-UBZ","description":"","publisher":{"@id":"https:\/\/mnamk.hu\/index-old.php\/#organization"},"potentialAction":[{"@type":"SearchAction","target":{"@type":"EntryPoint","urlTemplate":"https:\/\/mnamk.hu\/index-old.php\/?s={search_term_string}"},"query-input":"required name=search_term_string"}],"inLanguage":"hu"},{"@type":"Organization","@id":"https:\/\/mnamk.hu\/index-old.php\/#organization","name":"MNAMK","url":"https:\/\/mnamk.hu\/index-old.php\/","logo":{"@type":"ImageObject","inLanguage":"hu","@id":"https:\/\/mnamk.hu\/index-old.php\/#\/schema\/logo\/image\/","url":"https:\/\/mnamk.hu\/wp\/wp-content\/uploads\/2020\/08\/logo.jpg","contentUrl":"https:\/\/mnamk.hu\/wp\/wp-content\/uploads\/2020\/08\/logo.jpg","width":482,"height":276,"caption":"MNAMK"},"image":{"@id":"https:\/\/mnamk.hu\/index-old.php\/#\/schema\/logo\/image\/"}}]}},"_links":{"self":[{"href":"https:\/\/mnamk.hu\/index-old.php\/wp-json\/wp\/v2\/pages\/30234","targetHints":{"allow":["GET"]}}],"collection":[{"href":"https:\/\/mnamk.hu\/index-old.php\/wp-json\/wp\/v2\/pages"}],"about":[{"href":"https:\/\/mnamk.hu\/index-old.php\/wp-json\/wp\/v2\/types\/page"}],"author":[{"embeddable":true,"href":"https:\/\/mnamk.hu\/index-old.php\/wp-json\/wp\/v2\/users\/22"}],"replies":[{"embeddable":true,"href":"https:\/\/mnamk.hu\/index-old.php\/wp-json\/wp\/v2\/comments?post=30234"}],"version-history":[{"count":0,"href":"https:\/\/mnamk.hu\/index-old.php\/wp-json\/wp\/v2\/pages\/30234\/revisions"}],"wp:attachment":[{"href":"https:\/\/mnamk.hu\/index-old.php\/wp-json\/wp\/v2\/media?parent=30234"}],"curies":[{"name":"wp","href":"https:\/\/api.w.org\/{rel}","templated":true}]}}