{"id":7061,"date":"2019-06-20T11:05:36","date_gmt":"2019-06-20T11:05:36","guid":{"rendered":""},"modified":"2020-02-03T08:27:59","modified_gmt":"2020-02-03T08:27:59","slug":"rakoczi-szoevetseg-diakutaztatasi-palyazat-2019","status":"publish","type":"page","link":"https:\/\/mnamk.hu\/index-old.php\/rakoczi-szoevetseg-diakutaztatasi-palyazat-2019\/","title":{"rendered":"R\u00e1k\u00f3czi Sz\u00f6vets\u00e9g &#8211; Di\u00e1kutaztat\u00e1si p\u00e1ly\u00e1zat 2019"},"content":{"rendered":"<div><img decoding=\"async\" style=\"margin-left: auto;margin-right: auto\" src=\"https:\/\/mnamk.hu\/wp\/wp-content\/uploads\/2019\/10\/diakutaztatas_v8.jpg\" alt=\"\" width=\"150\" height=\"87\"><!-- Add code here that should appear in the content block of all new pages --><\/div>\n<div>&nbsp;<\/div>\n<div>&nbsp;<\/div>\n<div style=\"text-align: center\">A&nbsp;R\u00e1k\u00f3czi Sz\u00f6vets\u00e9g &#8211; Di\u00e1kutaztat\u00e1si p\u00e1ly\u00e1zat\u00e1n elnyert 150.000 Ft t\u00e1mogat\u00e1snak k\u00f6sz\u00f6nhet\u0151en 2019.06.13-\u00e1n az Mn\u00e1mk Egys\u00e9ges Iskol\u00e1j\u00e1nak 22 di\u00e1kja tehetett l\u00e1togat\u00e1st a Horv\u00e1torsz\u00e1gi Magyar Oktat\u00e1si \u00e9s K\u00f6m\u0171vel\u0151d\u00e9si K\u00f6zpontban, Esz\u00e9ken.<\/div>\n<div style=\"text-align: center\">A di\u00e1kok a Nemzeti \u00d6sszetartoz\u00e1s Napja alkalm\u00e1b\u00f3l j\u00e1rtak Esz\u00e9ken.<\/div>\n","protected":false},"excerpt":{"rendered":"<p>&nbsp; &nbsp; A&nbsp;R\u00e1k\u00f3czi Sz\u00f6vets\u00e9g &#8211; Di\u00e1kutaztat\u00e1si p\u00e1ly\u00e1zat\u00e1n elnyert 150.000 Ft t\u00e1mogat\u00e1snak k\u00f6sz\u00f6nhet\u0151en 2019.06.13-\u00e1n az Mn\u00e1mk Egys\u00e9ges Iskol\u00e1j\u00e1nak 22 di\u00e1kja tehetett l\u00e1togat\u00e1st a Horv\u00e1torsz\u00e1gi Magyar Oktat\u00e1si \u00e9s K\u00f6m\u0171vel\u0151d\u00e9si K\u00f6zpontban, Esz\u00e9ken. A di\u00e1kok a Nemzeti \u00d6sszetartoz\u00e1s Napja alkalm\u00e1b\u00f3l j\u00e1rtak Esz\u00e9ken.<\/p>\n","protected":false},"author":22,"featured_media":7062,"parent":0,"menu_order":38,"comment_status":"closed","ping_status":"open","template":"","meta":{"footnotes":""},"class_list":["post-7061","page","type-page","status-publish","has-post-thumbnail","hentry"],"yoast_head":"<!-- This site is optimized with the Yoast SEO plugin v20.9 - https:\/\/yoast.com\/wordpress\/plugins\/seo\/ -->\n<title>R\u00e1k\u00f3czi Sz\u00f6vets\u00e9g - Di\u00e1kutaztat\u00e1si p\u00e1ly\u00e1zat 2019 - MN\u00c1MK-UBZ<\/title>\n<meta name=\"description\" content=\"{* Add code here that should appear in the metadata section of all new pages *}\" \/>\n<meta name=\"robots\" content=\"index, follow, max-snippet:-1, max-image-preview:large, max-video-preview:-1\" \/>\n<link rel=\"canonical\" href=\"https:\/\/mnamk.hu\/index-old.php\/rakoczi-szoevetseg-diakutaztatasi-palyazat-2019\/\" \/>\n<meta property=\"og:locale\" content=\"hu_HU\" \/>\n<meta property=\"og:type\" content=\"article\" \/>\n<meta property=\"og:title\" content=\"R\u00e1k\u00f3czi Sz\u00f6vets\u00e9g - Di\u00e1kutaztat\u00e1si p\u00e1ly\u00e1zat 2019 - MN\u00c1MK-UBZ\" \/>\n<meta property=\"og:description\" content=\"{* Add code here that should appear in the metadata section of all new pages *}\" \/>\n<meta property=\"og:url\" content=\"https:\/\/mnamk.hu\/index-old.php\/rakoczi-szoevetseg-diakutaztatasi-palyazat-2019\/\" \/>\n<meta property=\"og:site_name\" content=\"MN\u00c1MK-UBZ\" \/>\n<meta property=\"article:modified_time\" content=\"2020-02-03T08:27:59+00:00\" \/>\n<meta property=\"og:image\" content=\"https:\/\/mnamk.hu\/wp\/wp-content\/uploads\/2019\/10\/diakutaztatas_v8.jpg\" \/>\n\t<meta property=\"og:image:width\" content=\"600\" \/>\n\t<meta property=\"og:image:height\" content=\"347\" \/>\n\t<meta property=\"og:image:type\" content=\"image\/jpeg\" \/>\n<meta name=\"twitter:card\" content=\"summary_large_image\" \/>\n<script type=\"application\/ld+json\" class=\"yoast-schema-graph\">{\"@context\":\"https:\/\/schema.org\",\"@graph\":[{\"@type\":\"WebPage\",\"@id\":\"https:\/\/mnamk.hu\/index-old.php\/rakoczi-szoevetseg-diakutaztatasi-palyazat-2019\/\",\"url\":\"https:\/\/mnamk.hu\/index-old.php\/rakoczi-szoevetseg-diakutaztatasi-palyazat-2019\/\",\"name\":\"R\u00e1k\u00f3czi Sz\u00f6vets\u00e9g - Di\u00e1kutaztat\u00e1si p\u00e1ly\u00e1zat 2019 - MN\u00c1MK-UBZ\",\"isPartOf\":{\"@id\":\"https:\/\/mnamk.hu\/index-old.php\/#website\"},\"datePublished\":\"2019-06-20T11:05:36+00:00\",\"dateModified\":\"2020-02-03T08:27:59+00:00\",\"description\":\"{* Add code here that should appear in the metadata section of all new pages *}\",\"breadcrumb\":{\"@id\":\"https:\/\/mnamk.hu\/index-old.php\/rakoczi-szoevetseg-diakutaztatasi-palyazat-2019\/#breadcrumb\"},\"inLanguage\":\"hu\",\"potentialAction\":[{\"@type\":\"ReadAction\",\"target\":[\"https:\/\/mnamk.hu\/index-old.php\/rakoczi-szoevetseg-diakutaztatasi-palyazat-2019\/\"]}]},{\"@type\":\"BreadcrumbList\",\"@id\":\"https:\/\/mnamk.hu\/index-old.php\/rakoczi-szoevetseg-diakutaztatasi-palyazat-2019\/#breadcrumb\",\"itemListElement\":[{\"@type\":\"ListItem\",\"position\":1,\"name\":\"Startseite\",\"item\":\"https:\/\/mnamk.hu\/\"},{\"@type\":\"ListItem\",\"position\":2,\"name\":\"R\u00e1k\u00f3czi Sz\u00f6vets\u00e9g &#8211; Di\u00e1kutaztat\u00e1si p\u00e1ly\u00e1zat 2019\"}]},{\"@type\":\"WebSite\",\"@id\":\"https:\/\/mnamk.hu\/index-old.php\/#website\",\"url\":\"https:\/\/mnamk.hu\/index-old.php\/\",\"name\":\"MN\u00c1MK-UBZ\",\"description\":\"\",\"publisher\":{\"@id\":\"https:\/\/mnamk.hu\/index-old.php\/#organization\"},\"potentialAction\":[{\"@type\":\"SearchAction\",\"target\":{\"@type\":\"EntryPoint\",\"urlTemplate\":\"https:\/\/mnamk.hu\/index-old.php\/?s={search_term_string}\"},\"query-input\":\"required name=search_term_string\"}],\"inLanguage\":\"hu\"},{\"@type\":\"Organization\",\"@id\":\"https:\/\/mnamk.hu\/index-old.php\/#organization\",\"name\":\"MNAMK\",\"url\":\"https:\/\/mnamk.hu\/index-old.php\/\",\"logo\":{\"@type\":\"ImageObject\",\"inLanguage\":\"hu\",\"@id\":\"https:\/\/mnamk.hu\/index-old.php\/#\/schema\/logo\/image\/\",\"url\":\"https:\/\/mnamk.hu\/wp\/wp-content\/uploads\/2020\/08\/logo.jpg\",\"contentUrl\":\"https:\/\/mnamk.hu\/wp\/wp-content\/uploads\/2020\/08\/logo.jpg\",\"width\":482,\"height\":276,\"caption\":\"MNAMK\"},\"image\":{\"@id\":\"https:\/\/mnamk.hu\/index-old.php\/#\/schema\/logo\/image\/\"}}]}<\/script>\n<!-- \/ Yoast SEO plugin. -->","yoast_head_json":{"title":"R\u00e1k\u00f3czi Sz\u00f6vets\u00e9g - Di\u00e1kutaztat\u00e1si p\u00e1ly\u00e1zat 2019 - MN\u00c1MK-UBZ","description":"{* Add code here that should appear in the metadata section of all new pages *}","robots":{"index":"index","follow":"follow","max-snippet":"max-snippet:-1","max-image-preview":"max-image-preview:large","max-video-preview":"max-video-preview:-1"},"canonical":"https:\/\/mnamk.hu\/index-old.php\/rakoczi-szoevetseg-diakutaztatasi-palyazat-2019\/","og_locale":"hu_HU","og_type":"article","og_title":"R\u00e1k\u00f3czi Sz\u00f6vets\u00e9g - Di\u00e1kutaztat\u00e1si p\u00e1ly\u00e1zat 2019 - MN\u00c1MK-UBZ","og_description":"{* Add code here that should appear in the metadata section of all new pages *}","og_url":"https:\/\/mnamk.hu\/index-old.php\/rakoczi-szoevetseg-diakutaztatasi-palyazat-2019\/","og_site_name":"MN\u00c1MK-UBZ","article_modified_time":"2020-02-03T08:27:59+00:00","og_image":[{"width":600,"height":347,"url":"https:\/\/mnamk.hu\/wp\/wp-content\/uploads\/2019\/10\/diakutaztatas_v8.jpg","type":"image\/jpeg"}],"twitter_card":"summary_large_image","schema":{"@context":"https:\/\/schema.org","@graph":[{"@type":"WebPage","@id":"https:\/\/mnamk.hu\/index-old.php\/rakoczi-szoevetseg-diakutaztatasi-palyazat-2019\/","url":"https:\/\/mnamk.hu\/index-old.php\/rakoczi-szoevetseg-diakutaztatasi-palyazat-2019\/","name":"R\u00e1k\u00f3czi Sz\u00f6vets\u00e9g - Di\u00e1kutaztat\u00e1si p\u00e1ly\u00e1zat 2019 - MN\u00c1MK-UBZ","isPartOf":{"@id":"https:\/\/mnamk.hu\/index-old.php\/#website"},"datePublished":"2019-06-20T11:05:36+00:00","dateModified":"2020-02-03T08:27:59+00:00","description":"{* Add code here that should appear in the metadata section of all new pages *}","breadcrumb":{"@id":"https:\/\/mnamk.hu\/index-old.php\/rakoczi-szoevetseg-diakutaztatasi-palyazat-2019\/#breadcrumb"},"inLanguage":"hu","potentialAction":[{"@type":"ReadAction","target":["https:\/\/mnamk.hu\/index-old.php\/rakoczi-szoevetseg-diakutaztatasi-palyazat-2019\/"]}]},{"@type":"BreadcrumbList","@id":"https:\/\/mnamk.hu\/index-old.php\/rakoczi-szoevetseg-diakutaztatasi-palyazat-2019\/#breadcrumb","itemListElement":[{"@type":"ListItem","position":1,"name":"Startseite","item":"https:\/\/mnamk.hu\/"},{"@type":"ListItem","position":2,"name":"R\u00e1k\u00f3czi Sz\u00f6vets\u00e9g &#8211; Di\u00e1kutaztat\u00e1si p\u00e1ly\u00e1zat 2019"}]},{"@type":"WebSite","@id":"https:\/\/mnamk.hu\/index-old.php\/#website","url":"https:\/\/mnamk.hu\/index-old.php\/","name":"MN\u00c1MK-UBZ","description":"","publisher":{"@id":"https:\/\/mnamk.hu\/index-old.php\/#organization"},"potentialAction":[{"@type":"SearchAction","target":{"@type":"EntryPoint","urlTemplate":"https:\/\/mnamk.hu\/index-old.php\/?s={search_term_string}"},"query-input":"required name=search_term_string"}],"inLanguage":"hu"},{"@type":"Organization","@id":"https:\/\/mnamk.hu\/index-old.php\/#organization","name":"MNAMK","url":"https:\/\/mnamk.hu\/index-old.php\/","logo":{"@type":"ImageObject","inLanguage":"hu","@id":"https:\/\/mnamk.hu\/index-old.php\/#\/schema\/logo\/image\/","url":"https:\/\/mnamk.hu\/wp\/wp-content\/uploads\/2020\/08\/logo.jpg","contentUrl":"https:\/\/mnamk.hu\/wp\/wp-content\/uploads\/2020\/08\/logo.jpg","width":482,"height":276,"caption":"MNAMK"},"image":{"@id":"https:\/\/mnamk.hu\/index-old.php\/#\/schema\/logo\/image\/"}}]}},"_links":{"self":[{"href":"https:\/\/mnamk.hu\/index-old.php\/wp-json\/wp\/v2\/pages\/7061","targetHints":{"allow":["GET"]}}],"collection":[{"href":"https:\/\/mnamk.hu\/index-old.php\/wp-json\/wp\/v2\/pages"}],"about":[{"href":"https:\/\/mnamk.hu\/index-old.php\/wp-json\/wp\/v2\/types\/page"}],"author":[{"embeddable":true,"href":"https:\/\/mnamk.hu\/index-old.php\/wp-json\/wp\/v2\/users\/22"}],"replies":[{"embeddable":true,"href":"https:\/\/mnamk.hu\/index-old.php\/wp-json\/wp\/v2\/comments?post=7061"}],"version-history":[{"count":1,"href":"https:\/\/mnamk.hu\/index-old.php\/wp-json\/wp\/v2\/pages\/7061\/revisions"}],"predecessor-version":[{"id":52081,"href":"https:\/\/mnamk.hu\/index-old.php\/wp-json\/wp\/v2\/pages\/7061\/revisions\/52081"}],"wp:featuredmedia":[{"embeddable":true,"href":"https:\/\/mnamk.hu\/index-old.php\/wp-json\/wp\/v2\/media\/7062"}],"wp:attachment":[{"href":"https:\/\/mnamk.hu\/index-old.php\/wp-json\/wp\/v2\/media?parent=7061"}],"curies":[{"name":"wp","href":"https:\/\/api.w.org\/{rel}","templated":true}]}}