{"id":7324,"date":"2017-01-10T05:30:29","date_gmt":"2017-01-10T05:30:29","guid":{"rendered":"https:\/\/mnamk.hu\/wp\/schule-2\/mittelschule\/deutsch-ungarische-abteilung\/"},"modified":"2020-09-13T07:05:23","modified_gmt":"2020-09-13T07:05:23","slug":"deutsch-ungarische-abteilung","status":"publish","type":"page","link":"https:\/\/mnamk.hu\/index-old.php\/de\/schule-2\/mittelschule\/deutsch-ungarische-abteilung\/","title":{"rendered":"Doppelabitur"},"content":{"rendered":"<ul>\n<li>Bilingualer Fachunterricht durch deutsche und ungarische Lehrkr\u00e4fte<\/li>\n<li>deutsches und ungarisches Abitur<\/li>\n<li>\n<div>Abiturpr\u00fcfung <span style=\"text-decoration: underline;\">an der Schule:<\/span><\/div>\n<\/li>\n<li>\n<div>\u00a0 obligatorisch\u00a0 in\u00a0Deutsch, Mathematik, Geschichte;<br \/>\nnach Wahl in Physik und\/oder in einem anderen Fach<\/div>\n<\/li>\n<li>Studium in Deutschland mit deutscher Abiturpr\u00fcfung ohne Verz\u00f6gerung m\u00f6glich, Stipendium<\/li>\n<li>Sprachschein in Englisch (z.B. TELC)\n<div><\/div>\n<\/li>\n<\/ul>\n<p><!-- Add code here that should appear in the content block of all new pages --><\/p>\n<div id=\"OKAYFREEDOM_INJECTED\"><\/div>\n","protected":false},"excerpt":{"rendered":"<p>Bilingualer Fachunterricht durch deutsche und ungarische Lehrkr\u00e4fte deutsches und ungarisches Abitur Abiturpr\u00fcfung an der Schule: \u00a0 obligatorisch\u00a0 in\u00a0Deutsch, Mathematik, Geschichte; nach Wahl in Physik und\/oder in einem anderen Fach Studium in Deutschland mit deutscher Abiturpr\u00fcfung ohne Verz\u00f6gerung m\u00f6glich, Stipendium Sprachschein in Englisch (z.B. TELC)<\/p>\n","protected":false},"author":22,"featured_media":0,"parent":7313,"menu_order":0,"comment_status":"closed","ping_status":"closed","template":"","meta":{"footnotes":""},"class_list":["post-7324","page","type-page","status-publish","hentry"],"yoast_head":"<!-- This site is optimized with the Yoast SEO plugin v20.9 - https:\/\/yoast.com\/wordpress\/plugins\/seo\/ -->\n<title>Doppelabitur - MN\u00c1MK-UBZ<\/title>\n<meta name=\"robots\" content=\"index, follow, max-snippet:-1, max-image-preview:large, max-video-preview:-1\" \/>\n<link rel=\"canonical\" href=\"https:\/\/mnamk.hu\/index-old.php\/de\/schule-2\/mittelschule\/deutsch-ungarische-abteilung\/\" \/>\n<meta property=\"og:locale\" content=\"hu_HU\" \/>\n<meta property=\"og:type\" content=\"article\" \/>\n<meta property=\"og:title\" content=\"Doppelabitur - MN\u00c1MK-UBZ\" \/>\n<meta property=\"og:description\" content=\"Bilingualer Fachunterricht durch deutsche und ungarische Lehrkr\u00e4fte deutsches und ungarisches Abitur Abiturpr\u00fcfung an der Schule: \u00a0 obligatorisch\u00a0 in\u00a0Deutsch, Mathematik, Geschichte; nach Wahl in Physik und\/oder in einem anderen Fach Studium in Deutschland mit deutscher Abiturpr\u00fcfung ohne Verz\u00f6gerung m\u00f6glich, Stipendium Sprachschein in Englisch (z.B. TELC)\" \/>\n<meta property=\"og:url\" content=\"https:\/\/mnamk.hu\/index-old.php\/de\/schule-2\/mittelschule\/deutsch-ungarische-abteilung\/\" \/>\n<meta property=\"og:site_name\" content=\"MN\u00c1MK-UBZ\" \/>\n<meta property=\"article:modified_time\" content=\"2020-09-13T07:05:23+00:00\" \/>\n<meta name=\"twitter:card\" content=\"summary_large_image\" \/>\n<script type=\"application\/ld+json\" class=\"yoast-schema-graph\">{\"@context\":\"https:\/\/schema.org\",\"@graph\":[{\"@type\":\"WebPage\",\"@id\":\"https:\/\/mnamk.hu\/index-old.php\/de\/schule-2\/mittelschule\/deutsch-ungarische-abteilung\/\",\"url\":\"https:\/\/mnamk.hu\/index-old.php\/de\/schule-2\/mittelschule\/deutsch-ungarische-abteilung\/\",\"name\":\"Doppelabitur - MN\u00c1MK-UBZ\",\"isPartOf\":{\"@id\":\"https:\/\/mnamk.hu\/index-old.php\/#website\"},\"datePublished\":\"2017-01-10T05:30:29+00:00\",\"dateModified\":\"2020-09-13T07:05:23+00:00\",\"breadcrumb\":{\"@id\":\"https:\/\/mnamk.hu\/index-old.php\/de\/schule-2\/mittelschule\/deutsch-ungarische-abteilung\/#breadcrumb\"},\"inLanguage\":\"hu\",\"potentialAction\":[{\"@type\":\"ReadAction\",\"target\":[\"https:\/\/mnamk.hu\/index-old.php\/de\/schule-2\/mittelschule\/deutsch-ungarische-abteilung\/\"]}]},{\"@type\":\"BreadcrumbList\",\"@id\":\"https:\/\/mnamk.hu\/index-old.php\/de\/schule-2\/mittelschule\/deutsch-ungarische-abteilung\/#breadcrumb\",\"itemListElement\":[{\"@type\":\"ListItem\",\"position\":1,\"name\":\"Startseite\",\"item\":\"https:\/\/mnamk.hu\/\"},{\"@type\":\"ListItem\",\"position\":2,\"name\":\"Schule\",\"item\":\"https:\/\/mnamk.hu\/index-old.php\/de\/schule-2\/\"},{\"@type\":\"ListItem\",\"position\":3,\"name\":\"Gymnasium\",\"item\":\"https:\/\/mnamk.hu\/index-old.php\/de\/schule-2\/mittelschule\/\"},{\"@type\":\"ListItem\",\"position\":4,\"name\":\"Doppelabitur\"}]},{\"@type\":\"WebSite\",\"@id\":\"https:\/\/mnamk.hu\/index-old.php\/#website\",\"url\":\"https:\/\/mnamk.hu\/index-old.php\/\",\"name\":\"MN\u00c1MK-UBZ\",\"description\":\"\",\"publisher\":{\"@id\":\"https:\/\/mnamk.hu\/index-old.php\/#organization\"},\"potentialAction\":[{\"@type\":\"SearchAction\",\"target\":{\"@type\":\"EntryPoint\",\"urlTemplate\":\"https:\/\/mnamk.hu\/index-old.php\/?s={search_term_string}\"},\"query-input\":\"required name=search_term_string\"}],\"inLanguage\":\"hu\"},{\"@type\":\"Organization\",\"@id\":\"https:\/\/mnamk.hu\/index-old.php\/#organization\",\"name\":\"MNAMK\",\"url\":\"https:\/\/mnamk.hu\/index-old.php\/\",\"logo\":{\"@type\":\"ImageObject\",\"inLanguage\":\"hu\",\"@id\":\"https:\/\/mnamk.hu\/index-old.php\/#\/schema\/logo\/image\/\",\"url\":\"https:\/\/mnamk.hu\/wp\/wp-content\/uploads\/2020\/08\/logo.jpg\",\"contentUrl\":\"https:\/\/mnamk.hu\/wp\/wp-content\/uploads\/2020\/08\/logo.jpg\",\"width\":482,\"height\":276,\"caption\":\"MNAMK\"},\"image\":{\"@id\":\"https:\/\/mnamk.hu\/index-old.php\/#\/schema\/logo\/image\/\"}}]}<\/script>\n<!-- \/ Yoast SEO plugin. -->","yoast_head_json":{"title":"Doppelabitur - MN\u00c1MK-UBZ","robots":{"index":"index","follow":"follow","max-snippet":"max-snippet:-1","max-image-preview":"max-image-preview:large","max-video-preview":"max-video-preview:-1"},"canonical":"https:\/\/mnamk.hu\/index-old.php\/de\/schule-2\/mittelschule\/deutsch-ungarische-abteilung\/","og_locale":"hu_HU","og_type":"article","og_title":"Doppelabitur - MN\u00c1MK-UBZ","og_description":"Bilingualer Fachunterricht durch deutsche und ungarische Lehrkr\u00e4fte deutsches und ungarisches Abitur Abiturpr\u00fcfung an der Schule: \u00a0 obligatorisch\u00a0 in\u00a0Deutsch, Mathematik, Geschichte; nach Wahl in Physik und\/oder in einem anderen Fach Studium in Deutschland mit deutscher Abiturpr\u00fcfung ohne Verz\u00f6gerung m\u00f6glich, Stipendium Sprachschein in Englisch (z.B. TELC)","og_url":"https:\/\/mnamk.hu\/index-old.php\/de\/schule-2\/mittelschule\/deutsch-ungarische-abteilung\/","og_site_name":"MN\u00c1MK-UBZ","article_modified_time":"2020-09-13T07:05:23+00:00","twitter_card":"summary_large_image","schema":{"@context":"https:\/\/schema.org","@graph":[{"@type":"WebPage","@id":"https:\/\/mnamk.hu\/index-old.php\/de\/schule-2\/mittelschule\/deutsch-ungarische-abteilung\/","url":"https:\/\/mnamk.hu\/index-old.php\/de\/schule-2\/mittelschule\/deutsch-ungarische-abteilung\/","name":"Doppelabitur - MN\u00c1MK-UBZ","isPartOf":{"@id":"https:\/\/mnamk.hu\/index-old.php\/#website"},"datePublished":"2017-01-10T05:30:29+00:00","dateModified":"2020-09-13T07:05:23+00:00","breadcrumb":{"@id":"https:\/\/mnamk.hu\/index-old.php\/de\/schule-2\/mittelschule\/deutsch-ungarische-abteilung\/#breadcrumb"},"inLanguage":"hu","potentialAction":[{"@type":"ReadAction","target":["https:\/\/mnamk.hu\/index-old.php\/de\/schule-2\/mittelschule\/deutsch-ungarische-abteilung\/"]}]},{"@type":"BreadcrumbList","@id":"https:\/\/mnamk.hu\/index-old.php\/de\/schule-2\/mittelschule\/deutsch-ungarische-abteilung\/#breadcrumb","itemListElement":[{"@type":"ListItem","position":1,"name":"Startseite","item":"https:\/\/mnamk.hu\/"},{"@type":"ListItem","position":2,"name":"Schule","item":"https:\/\/mnamk.hu\/index-old.php\/de\/schule-2\/"},{"@type":"ListItem","position":3,"name":"Gymnasium","item":"https:\/\/mnamk.hu\/index-old.php\/de\/schule-2\/mittelschule\/"},{"@type":"ListItem","position":4,"name":"Doppelabitur"}]},{"@type":"WebSite","@id":"https:\/\/mnamk.hu\/index-old.php\/#website","url":"https:\/\/mnamk.hu\/index-old.php\/","name":"MN\u00c1MK-UBZ","description":"","publisher":{"@id":"https:\/\/mnamk.hu\/index-old.php\/#organization"},"potentialAction":[{"@type":"SearchAction","target":{"@type":"EntryPoint","urlTemplate":"https:\/\/mnamk.hu\/index-old.php\/?s={search_term_string}"},"query-input":"required name=search_term_string"}],"inLanguage":"hu"},{"@type":"Organization","@id":"https:\/\/mnamk.hu\/index-old.php\/#organization","name":"MNAMK","url":"https:\/\/mnamk.hu\/index-old.php\/","logo":{"@type":"ImageObject","inLanguage":"hu","@id":"https:\/\/mnamk.hu\/index-old.php\/#\/schema\/logo\/image\/","url":"https:\/\/mnamk.hu\/wp\/wp-content\/uploads\/2020\/08\/logo.jpg","contentUrl":"https:\/\/mnamk.hu\/wp\/wp-content\/uploads\/2020\/08\/logo.jpg","width":482,"height":276,"caption":"MNAMK"},"image":{"@id":"https:\/\/mnamk.hu\/index-old.php\/#\/schema\/logo\/image\/"}}]}},"_links":{"self":[{"href":"https:\/\/mnamk.hu\/index-old.php\/wp-json\/wp\/v2\/pages\/7324","targetHints":{"allow":["GET"]}}],"collection":[{"href":"https:\/\/mnamk.hu\/index-old.php\/wp-json\/wp\/v2\/pages"}],"about":[{"href":"https:\/\/mnamk.hu\/index-old.php\/wp-json\/wp\/v2\/types\/page"}],"author":[{"embeddable":true,"href":"https:\/\/mnamk.hu\/index-old.php\/wp-json\/wp\/v2\/users\/22"}],"replies":[{"embeddable":true,"href":"https:\/\/mnamk.hu\/index-old.php\/wp-json\/wp\/v2\/comments?post=7324"}],"version-history":[{"count":0,"href":"https:\/\/mnamk.hu\/index-old.php\/wp-json\/wp\/v2\/pages\/7324\/revisions"}],"up":[{"embeddable":true,"href":"https:\/\/mnamk.hu\/index-old.php\/wp-json\/wp\/v2\/pages\/7313"}],"wp:attachment":[{"href":"https:\/\/mnamk.hu\/index-old.php\/wp-json\/wp\/v2\/media?parent=7324"}],"curies":[{"name":"wp","href":"https:\/\/api.w.org\/{rel}","templated":true}]}}