{"id":7367,"date":"2015-09-22T04:46:20","date_gmt":"2015-09-22T04:46:20","guid":{"rendered":"https:\/\/mnamk.hu\/wp\/kindergarten\/unsere-vision\/"},"modified":"2020-09-16T20:36:45","modified_gmt":"2020-09-16T20:36:45","slug":"unsere-vision","status":"publish","type":"page","link":"https:\/\/mnamk.hu\/index-old.php\/de\/kindergarten\/unsere-vision\/","title":{"rendered":"Leitbild"},"content":{"rendered":"<p>Das Erziehungs- und Bildungsziel unseres Kindergartens ist die vielseitige, individuelle Entfaltung der heranwachsenden Pers\u00f6nlichkeit des Kindes. Wir pflegen einen demokratischen Erziehungsstil, der sich an Regeln orientiert, aber das Kindeswohl dabei immer im Blick hat und unterst\u00fctzende Zuwendung, Geborgenheit und W\u00e4rme gew\u00e4hrt.<\/p>\n<p>Unsere Bildungsziele orientieren sich unter anderem an den noch vorhandenen Sitten und kulturellen Traditionen der ungarndeutschen Minderheit: diese sollen den Kindern vertraut gemacht werden.<\/p>\n<p>Die deutsche Sprache und Kultur wird sowohl im Kindergartenalltag als auch bei Festen und Feiern gepflegt.<\/p>\n<p><img decoding=\"async\" src=\"https:\/\/mnamk.hu\/wp\/wp-content\/uploads\/2019\/11\/OKTOBERFEST-2014..jpg\" alt=\"\" width=\"700\" height=\"468\" \/><\/p>\n<p>Eine\u00a0Erzieherin in unserem Kindergarten\u00a0ist beruflich kompetent; sie verbreitet p\u00e4dagogischen Optimismus und handelt professionell,. Zu ihren Eigenschaften z\u00e4hlen des Weiteren ein hohes Verantwortungs- und Pflichtbewusstsein sowie Gewissenhaftigkeit.<\/p>\n<p>Wir betonen, dass das Spiel die wichtigste T\u00e4tigkeit des Kindes f\u00fcr seine Entwicklung ist. Im Spiel entfalten sich kindliche Interessen und Kreativit\u00e4t.<\/p>\n<p>Wir bieten den Kindern unterschiedliche Aktivit\u00e4ten wie Malen, Basteln, Tanzen und Singen sowie viele Bewegungsm\u00f6glichkeiten und freie Spielr\u00e4ume an.<\/p>\n<p>Das Geb\u00e4ude und die R\u00e4umlichkeiten des Kindergartens sind modern und gut ausgestattet. Die Kinder werden von uns in einer ansprechenden, freundlichen Umgebung begr\u00fc\u00dft und wir sorgen f\u00fcr eine geborgene Atmosph\u00e4re in den sechs Kindergartengruppen.<\/p>\n<p><img decoding=\"async\" src=\"https:\/\/mnamk.hu\/wp\/wp-content\/uploads\/2019\/11\/Spielen_Herbst.jpg\" alt=\"\" width=\"700\" height=\"525\" \/><\/p>\n<p>Mit einem engen und regelm\u00e4\u00dfigen Kontakt mit der Familie bzw. mit den Erziehungsberechtigten m\u00f6chten wir ausdr\u00fccken, dass der Kindergarten die Familienerziehung sinnvoll und bereichernd erg\u00e4nzt.<\/p>\n<p>Mit den anderen Institutionen des UBZ pflegen wir einen guten Kontakt. Dies betrifft auch die Kontakte zu Vertretern der hiesigen Minderheitenvertretung und den anderen Nationalit\u00e4tenkinderg\u00e4rten der Stadt.<\/p>\n<p><!-- Add code here that should appear in the content block of all new pages --><\/p>\n<div id=\"OKAYFREEDOM_INJECTED\"><\/div>\n","protected":false},"excerpt":{"rendered":"<p>Das Erziehungs- und Bildungsziel unseres Kindergartens ist die vielseitige, individuelle Entfaltung der heranwachsenden Pers\u00f6nlichkeit des Kindes. Wir pflegen einen demokratischen Erziehungsstil, der sich an Regeln orientiert, aber das Kindeswohl dabei immer im Blick hat und unterst\u00fctzende Zuwendung, Geborgenheit und W\u00e4rme gew\u00e4hrt. Unsere Bildungsziele orientieren sich unter anderem an den noch vorhandenen Sitten und kulturellen Traditionen [&hellip;]<\/p>\n","protected":false},"author":22,"featured_media":0,"parent":7365,"menu_order":0,"comment_status":"closed","ping_status":"closed","template":"","meta":{"footnotes":""},"class_list":["post-7367","page","type-page","status-publish","hentry"],"yoast_head":"<!-- This site is optimized with the Yoast SEO plugin v20.9 - https:\/\/yoast.com\/wordpress\/plugins\/seo\/ -->\n<title>Leitbild - MN\u00c1MK-UBZ<\/title>\n<meta name=\"robots\" content=\"index, follow, max-snippet:-1, max-image-preview:large, max-video-preview:-1\" \/>\n<link rel=\"canonical\" href=\"https:\/\/mnamk.hu\/index-old.php\/de\/kindergarten\/unsere-vision\/\" \/>\n<meta property=\"og:locale\" content=\"hu_HU\" \/>\n<meta property=\"og:type\" content=\"article\" \/>\n<meta property=\"og:title\" content=\"Leitbild - MN\u00c1MK-UBZ\" \/>\n<meta property=\"og:description\" content=\"Das Erziehungs- und Bildungsziel unseres Kindergartens ist die vielseitige, individuelle Entfaltung der heranwachsenden Pers\u00f6nlichkeit des Kindes. Wir pflegen einen demokratischen Erziehungsstil, der sich an Regeln orientiert, aber das Kindeswohl dabei immer im Blick hat und unterst\u00fctzende Zuwendung, Geborgenheit und W\u00e4rme gew\u00e4hrt. Unsere Bildungsziele orientieren sich unter anderem an den noch vorhandenen Sitten und kulturellen Traditionen [&hellip;]\" \/>\n<meta property=\"og:url\" content=\"https:\/\/mnamk.hu\/index-old.php\/de\/kindergarten\/unsere-vision\/\" \/>\n<meta property=\"og:site_name\" content=\"MN\u00c1MK-UBZ\" \/>\n<meta property=\"article:modified_time\" content=\"2020-09-16T20:36:45+00:00\" \/>\n<meta property=\"og:image\" content=\"https:\/\/mnamk.hu\/wp\/wp-content\/uploads\/2019\/11\/OKTOBERFEST-2014..jpg\" \/>\n<meta name=\"twitter:card\" content=\"summary_large_image\" \/>\n<meta name=\"twitter:label1\" content=\"Becs\u00fclt olvas\u00e1si id\u0151\" \/>\n\t<meta name=\"twitter:data1\" content=\"1 perc\" \/>\n<script type=\"application\/ld+json\" class=\"yoast-schema-graph\">{\"@context\":\"https:\/\/schema.org\",\"@graph\":[{\"@type\":\"WebPage\",\"@id\":\"https:\/\/mnamk.hu\/index-old.php\/de\/kindergarten\/unsere-vision\/\",\"url\":\"https:\/\/mnamk.hu\/index-old.php\/de\/kindergarten\/unsere-vision\/\",\"name\":\"Leitbild - MN\u00c1MK-UBZ\",\"isPartOf\":{\"@id\":\"https:\/\/mnamk.hu\/index-old.php\/#website\"},\"datePublished\":\"2015-09-22T04:46:20+00:00\",\"dateModified\":\"2020-09-16T20:36:45+00:00\",\"breadcrumb\":{\"@id\":\"https:\/\/mnamk.hu\/index-old.php\/de\/kindergarten\/unsere-vision\/#breadcrumb\"},\"inLanguage\":\"hu\",\"potentialAction\":[{\"@type\":\"ReadAction\",\"target\":[\"https:\/\/mnamk.hu\/index-old.php\/de\/kindergarten\/unsere-vision\/\"]}]},{\"@type\":\"BreadcrumbList\",\"@id\":\"https:\/\/mnamk.hu\/index-old.php\/de\/kindergarten\/unsere-vision\/#breadcrumb\",\"itemListElement\":[{\"@type\":\"ListItem\",\"position\":1,\"name\":\"Startseite\",\"item\":\"https:\/\/mnamk.hu\/\"},{\"@type\":\"ListItem\",\"position\":2,\"name\":\"Kindergarten\",\"item\":\"https:\/\/mnamk.hu\/index-old.php\/de\/kindergarten\/\"},{\"@type\":\"ListItem\",\"position\":3,\"name\":\"Leitbild\"}]},{\"@type\":\"WebSite\",\"@id\":\"https:\/\/mnamk.hu\/index-old.php\/#website\",\"url\":\"https:\/\/mnamk.hu\/index-old.php\/\",\"name\":\"MN\u00c1MK-UBZ\",\"description\":\"\",\"publisher\":{\"@id\":\"https:\/\/mnamk.hu\/index-old.php\/#organization\"},\"potentialAction\":[{\"@type\":\"SearchAction\",\"target\":{\"@type\":\"EntryPoint\",\"urlTemplate\":\"https:\/\/mnamk.hu\/index-old.php\/?s={search_term_string}\"},\"query-input\":\"required name=search_term_string\"}],\"inLanguage\":\"hu\"},{\"@type\":\"Organization\",\"@id\":\"https:\/\/mnamk.hu\/index-old.php\/#organization\",\"name\":\"MNAMK\",\"url\":\"https:\/\/mnamk.hu\/index-old.php\/\",\"logo\":{\"@type\":\"ImageObject\",\"inLanguage\":\"hu\",\"@id\":\"https:\/\/mnamk.hu\/index-old.php\/#\/schema\/logo\/image\/\",\"url\":\"https:\/\/mnamk.hu\/wp\/wp-content\/uploads\/2020\/08\/logo.jpg\",\"contentUrl\":\"https:\/\/mnamk.hu\/wp\/wp-content\/uploads\/2020\/08\/logo.jpg\",\"width\":482,\"height\":276,\"caption\":\"MNAMK\"},\"image\":{\"@id\":\"https:\/\/mnamk.hu\/index-old.php\/#\/schema\/logo\/image\/\"}}]}<\/script>\n<!-- \/ Yoast SEO plugin. -->","yoast_head_json":{"title":"Leitbild - MN\u00c1MK-UBZ","robots":{"index":"index","follow":"follow","max-snippet":"max-snippet:-1","max-image-preview":"max-image-preview:large","max-video-preview":"max-video-preview:-1"},"canonical":"https:\/\/mnamk.hu\/index-old.php\/de\/kindergarten\/unsere-vision\/","og_locale":"hu_HU","og_type":"article","og_title":"Leitbild - MN\u00c1MK-UBZ","og_description":"Das Erziehungs- und Bildungsziel unseres Kindergartens ist die vielseitige, individuelle Entfaltung der heranwachsenden Pers\u00f6nlichkeit des Kindes. Wir pflegen einen demokratischen Erziehungsstil, der sich an Regeln orientiert, aber das Kindeswohl dabei immer im Blick hat und unterst\u00fctzende Zuwendung, Geborgenheit und W\u00e4rme gew\u00e4hrt. Unsere Bildungsziele orientieren sich unter anderem an den noch vorhandenen Sitten und kulturellen Traditionen [&hellip;]","og_url":"https:\/\/mnamk.hu\/index-old.php\/de\/kindergarten\/unsere-vision\/","og_site_name":"MN\u00c1MK-UBZ","article_modified_time":"2020-09-16T20:36:45+00:00","og_image":[{"url":"https:\/\/mnamk.hu\/wp\/wp-content\/uploads\/2019\/11\/OKTOBERFEST-2014..jpg"}],"twitter_card":"summary_large_image","twitter_misc":{"Becs\u00fclt olvas\u00e1si id\u0151":"1 perc"},"schema":{"@context":"https:\/\/schema.org","@graph":[{"@type":"WebPage","@id":"https:\/\/mnamk.hu\/index-old.php\/de\/kindergarten\/unsere-vision\/","url":"https:\/\/mnamk.hu\/index-old.php\/de\/kindergarten\/unsere-vision\/","name":"Leitbild - MN\u00c1MK-UBZ","isPartOf":{"@id":"https:\/\/mnamk.hu\/index-old.php\/#website"},"datePublished":"2015-09-22T04:46:20+00:00","dateModified":"2020-09-16T20:36:45+00:00","breadcrumb":{"@id":"https:\/\/mnamk.hu\/index-old.php\/de\/kindergarten\/unsere-vision\/#breadcrumb"},"inLanguage":"hu","potentialAction":[{"@type":"ReadAction","target":["https:\/\/mnamk.hu\/index-old.php\/de\/kindergarten\/unsere-vision\/"]}]},{"@type":"BreadcrumbList","@id":"https:\/\/mnamk.hu\/index-old.php\/de\/kindergarten\/unsere-vision\/#breadcrumb","itemListElement":[{"@type":"ListItem","position":1,"name":"Startseite","item":"https:\/\/mnamk.hu\/"},{"@type":"ListItem","position":2,"name":"Kindergarten","item":"https:\/\/mnamk.hu\/index-old.php\/de\/kindergarten\/"},{"@type":"ListItem","position":3,"name":"Leitbild"}]},{"@type":"WebSite","@id":"https:\/\/mnamk.hu\/index-old.php\/#website","url":"https:\/\/mnamk.hu\/index-old.php\/","name":"MN\u00c1MK-UBZ","description":"","publisher":{"@id":"https:\/\/mnamk.hu\/index-old.php\/#organization"},"potentialAction":[{"@type":"SearchAction","target":{"@type":"EntryPoint","urlTemplate":"https:\/\/mnamk.hu\/index-old.php\/?s={search_term_string}"},"query-input":"required name=search_term_string"}],"inLanguage":"hu"},{"@type":"Organization","@id":"https:\/\/mnamk.hu\/index-old.php\/#organization","name":"MNAMK","url":"https:\/\/mnamk.hu\/index-old.php\/","logo":{"@type":"ImageObject","inLanguage":"hu","@id":"https:\/\/mnamk.hu\/index-old.php\/#\/schema\/logo\/image\/","url":"https:\/\/mnamk.hu\/wp\/wp-content\/uploads\/2020\/08\/logo.jpg","contentUrl":"https:\/\/mnamk.hu\/wp\/wp-content\/uploads\/2020\/08\/logo.jpg","width":482,"height":276,"caption":"MNAMK"},"image":{"@id":"https:\/\/mnamk.hu\/index-old.php\/#\/schema\/logo\/image\/"}}]}},"_links":{"self":[{"href":"https:\/\/mnamk.hu\/index-old.php\/wp-json\/wp\/v2\/pages\/7367","targetHints":{"allow":["GET"]}}],"collection":[{"href":"https:\/\/mnamk.hu\/index-old.php\/wp-json\/wp\/v2\/pages"}],"about":[{"href":"https:\/\/mnamk.hu\/index-old.php\/wp-json\/wp\/v2\/types\/page"}],"author":[{"embeddable":true,"href":"https:\/\/mnamk.hu\/index-old.php\/wp-json\/wp\/v2\/users\/22"}],"replies":[{"embeddable":true,"href":"https:\/\/mnamk.hu\/index-old.php\/wp-json\/wp\/v2\/comments?post=7367"}],"version-history":[{"count":0,"href":"https:\/\/mnamk.hu\/index-old.php\/wp-json\/wp\/v2\/pages\/7367\/revisions"}],"up":[{"embeddable":true,"href":"https:\/\/mnamk.hu\/index-old.php\/wp-json\/wp\/v2\/pages\/7365"}],"wp:attachment":[{"href":"https:\/\/mnamk.hu\/index-old.php\/wp-json\/wp\/v2\/media?parent=7367"}],"curies":[{"name":"wp","href":"https:\/\/api.w.org\/{rel}","templated":true}]}}