{"id":7389,"date":"2015-11-26T02:26:59","date_gmt":"2015-11-26T02:26:59","guid":{"rendered":"https:\/\/mnamk.hu\/wp\/kulturabteilung\/bibliothek\/vorstellung\/"},"modified":"2021-05-07T08:55:30","modified_gmt":"2021-05-07T08:55:30","slug":"vorstellung","status":"publish","type":"page","link":"https:\/\/mnamk.hu\/index-old.php\/de\/kulturabteilung\/bibliothek\/vorstellung\/","title":{"rendered":"Vorstellung"},"content":{"rendered":"<p><img decoding=\"async\" src=\"https:\/\/mnamk.hu\/wp\/wp-content\/uploads\/2019\/11\/fejl\u00e9c2.png\" alt=\"\" width=\"560\" height=\"71\" \/><\/p>\n<p><em>Die Kulturabteilung und Bibliothek des Ungarndeutschen Bildungszentrums<\/em><\/p>\n<p>Unsere Schulbibliothek, genauso wie unsere Schule, erwartet seit 1959 die lesenden Sch\u00fcler, Lehrer und Besucher.\u00a0 Gemeinsam mit der Schule ver\u00e4nderte, entwickelte sich die Bibliothek, die sich heute im A-Geb\u00e4ude des Gymnasiums befindet und aus zwei R\u00e4umen besteht, von denen der Kleinere als Leseraum benutzt werden kann. In diesem Raum stehen 12 Pl\u00e4tze und 6 Computer zur Verf\u00fcgung. Unsere Bibliothek hat zwei Funktionen: einerseits soll sie die Arbeit der Sch\u00fcler und P\u00e4dagogen unterst\u00fctzen, andererseits f\u00f6rdert sie die Allgemeinbildung der Sch\u00fcler mit ihren Lekt\u00fcren, Sachb\u00fcchern und verschiedenen Veranstaltungen.<\/p>\n<p>Neben der Schulbibliothek erwartet die Tini-Mini B\u00fccherei (Kinderb\u00fccherei) die kleinsten Kinder unserer Grundschule. Sie ist zweimal die Woche ge\u00f6ffnet: am Dienstag und Donnerstag von 13.00 bis 13.45.<\/p>\n<div style=\"text-align: center;\"><\/div>\n<div style=\"text-align: center;\"><\/div>\n<div style=\"text-align: center;\"><\/div>\n<div style=\"text-align: center;\"><img decoding=\"async\" src=\"https:\/\/mnamk.hu\/wp\/wp-content\/uploads\/2019\/11\/logo_ok.png\" alt=\"\" width=\"153\" height=\"153\" \/><\/div>\n<div style=\"text-align: center;\"><\/div>\n<div style=\"text-align: center;\"><\/div>\n<div style=\"text-align: center;\"><\/div>\n<div style=\"text-align: center;\"><strong><span style=\"text-decoration: underline;\">Kontakt<\/span><\/strong>:<\/div>\n<div style=\"text-align: center;\"><\/div>\n<div style=\"text-align: center;\">Endre \u0150ry Bibliothekar<\/div>\n<div style=\"text-align: center;\"><\/div>\n<div style=\"text-align: center;\">06-79\/520-930 (Nebenstelle 114)<\/div>\n<div style=\"text-align: center;\"><\/div>\n<div style=\"text-align: center;\">E-Mail: <a href=\"mailto:konyvtar@mnamk.hu\">konyvtar@mnamk.hu<\/a><\/div>\n<div style=\"text-align: center;\"><\/div>\n","protected":false},"excerpt":{"rendered":"<p>Die Kulturabteilung und Bibliothek des Ungarndeutschen Bildungszentrums Unsere Schulbibliothek, genauso wie unsere Schule, erwartet seit 1959 die lesenden Sch\u00fcler, Lehrer und Besucher.\u00a0 Gemeinsam mit der Schule ver\u00e4nderte, entwickelte sich die Bibliothek, die sich heute im A-Geb\u00e4ude des Gymnasiums befindet und aus zwei R\u00e4umen besteht, von denen der Kleinere als Leseraum benutzt werden kann. In diesem [&hellip;]<\/p>\n","protected":false},"author":22,"featured_media":0,"parent":7388,"menu_order":0,"comment_status":"closed","ping_status":"closed","template":"","meta":{"footnotes":""},"class_list":["post-7389","page","type-page","status-publish","hentry"],"yoast_head":"<!-- This site is optimized with the Yoast SEO plugin v20.9 - https:\/\/yoast.com\/wordpress\/plugins\/seo\/ -->\n<title>Vorstellung - MN\u00c1MK-UBZ<\/title>\n<meta name=\"robots\" content=\"index, follow, max-snippet:-1, max-image-preview:large, max-video-preview:-1\" \/>\n<link rel=\"canonical\" href=\"https:\/\/mnamk.hu\/index-old.php\/de\/kulturabteilung\/bibliothek\/vorstellung\/\" \/>\n<meta property=\"og:locale\" content=\"hu_HU\" \/>\n<meta property=\"og:type\" content=\"article\" \/>\n<meta property=\"og:title\" content=\"Vorstellung - MN\u00c1MK-UBZ\" \/>\n<meta property=\"og:description\" content=\"Die Kulturabteilung und Bibliothek des Ungarndeutschen Bildungszentrums Unsere Schulbibliothek, genauso wie unsere Schule, erwartet seit 1959 die lesenden Sch\u00fcler, Lehrer und Besucher.\u00a0 Gemeinsam mit der Schule ver\u00e4nderte, entwickelte sich die Bibliothek, die sich heute im A-Geb\u00e4ude des Gymnasiums befindet und aus zwei R\u00e4umen besteht, von denen der Kleinere als Leseraum benutzt werden kann. In diesem [&hellip;]\" \/>\n<meta property=\"og:url\" content=\"https:\/\/mnamk.hu\/index-old.php\/de\/kulturabteilung\/bibliothek\/vorstellung\/\" \/>\n<meta property=\"og:site_name\" content=\"MN\u00c1MK-UBZ\" \/>\n<meta property=\"article:modified_time\" content=\"2021-05-07T08:55:30+00:00\" \/>\n<meta property=\"og:image\" content=\"https:\/\/mnamk.hu\/wp\/wp-content\/uploads\/2019\/11\/logo_ok.png\" \/>\n<meta name=\"twitter:card\" content=\"summary_large_image\" \/>\n<meta name=\"twitter:label1\" content=\"Becs\u00fclt olvas\u00e1si id\u0151\" \/>\n\t<meta name=\"twitter:data1\" content=\"1 perc\" \/>\n<script type=\"application\/ld+json\" class=\"yoast-schema-graph\">{\"@context\":\"https:\/\/schema.org\",\"@graph\":[{\"@type\":\"WebPage\",\"@id\":\"https:\/\/mnamk.hu\/index-old.php\/de\/kulturabteilung\/bibliothek\/vorstellung\/\",\"url\":\"https:\/\/mnamk.hu\/index-old.php\/de\/kulturabteilung\/bibliothek\/vorstellung\/\",\"name\":\"Vorstellung - MN\u00c1MK-UBZ\",\"isPartOf\":{\"@id\":\"https:\/\/mnamk.hu\/index-old.php\/#website\"},\"datePublished\":\"2015-11-26T02:26:59+00:00\",\"dateModified\":\"2021-05-07T08:55:30+00:00\",\"breadcrumb\":{\"@id\":\"https:\/\/mnamk.hu\/index-old.php\/de\/kulturabteilung\/bibliothek\/vorstellung\/#breadcrumb\"},\"inLanguage\":\"hu\",\"potentialAction\":[{\"@type\":\"ReadAction\",\"target\":[\"https:\/\/mnamk.hu\/index-old.php\/de\/kulturabteilung\/bibliothek\/vorstellung\/\"]}]},{\"@type\":\"BreadcrumbList\",\"@id\":\"https:\/\/mnamk.hu\/index-old.php\/de\/kulturabteilung\/bibliothek\/vorstellung\/#breadcrumb\",\"itemListElement\":[{\"@type\":\"ListItem\",\"position\":1,\"name\":\"Startseite\",\"item\":\"https:\/\/mnamk.hu\/\"},{\"@type\":\"ListItem\",\"position\":2,\"name\":\"Kulturabteilung\",\"item\":\"https:\/\/mnamk.hu\/index-old.php\/de\/kulturabteilung\/\"},{\"@type\":\"ListItem\",\"position\":3,\"name\":\"Bibliothek\",\"item\":\"https:\/\/mnamk.hu\/index-old.php\/de\/kulturabteilung\/bibliothek\/\"},{\"@type\":\"ListItem\",\"position\":4,\"name\":\"Vorstellung\"}]},{\"@type\":\"WebSite\",\"@id\":\"https:\/\/mnamk.hu\/index-old.php\/#website\",\"url\":\"https:\/\/mnamk.hu\/index-old.php\/\",\"name\":\"MN\u00c1MK-UBZ\",\"description\":\"\",\"publisher\":{\"@id\":\"https:\/\/mnamk.hu\/index-old.php\/#organization\"},\"potentialAction\":[{\"@type\":\"SearchAction\",\"target\":{\"@type\":\"EntryPoint\",\"urlTemplate\":\"https:\/\/mnamk.hu\/index-old.php\/?s={search_term_string}\"},\"query-input\":\"required name=search_term_string\"}],\"inLanguage\":\"hu\"},{\"@type\":\"Organization\",\"@id\":\"https:\/\/mnamk.hu\/index-old.php\/#organization\",\"name\":\"MNAMK\",\"url\":\"https:\/\/mnamk.hu\/index-old.php\/\",\"logo\":{\"@type\":\"ImageObject\",\"inLanguage\":\"hu\",\"@id\":\"https:\/\/mnamk.hu\/index-old.php\/#\/schema\/logo\/image\/\",\"url\":\"https:\/\/mnamk.hu\/wp\/wp-content\/uploads\/2020\/08\/logo.jpg\",\"contentUrl\":\"https:\/\/mnamk.hu\/wp\/wp-content\/uploads\/2020\/08\/logo.jpg\",\"width\":482,\"height\":276,\"caption\":\"MNAMK\"},\"image\":{\"@id\":\"https:\/\/mnamk.hu\/index-old.php\/#\/schema\/logo\/image\/\"}}]}<\/script>\n<!-- \/ Yoast SEO plugin. -->","yoast_head_json":{"title":"Vorstellung - MN\u00c1MK-UBZ","robots":{"index":"index","follow":"follow","max-snippet":"max-snippet:-1","max-image-preview":"max-image-preview:large","max-video-preview":"max-video-preview:-1"},"canonical":"https:\/\/mnamk.hu\/index-old.php\/de\/kulturabteilung\/bibliothek\/vorstellung\/","og_locale":"hu_HU","og_type":"article","og_title":"Vorstellung - MN\u00c1MK-UBZ","og_description":"Die Kulturabteilung und Bibliothek des Ungarndeutschen Bildungszentrums Unsere Schulbibliothek, genauso wie unsere Schule, erwartet seit 1959 die lesenden Sch\u00fcler, Lehrer und Besucher.\u00a0 Gemeinsam mit der Schule ver\u00e4nderte, entwickelte sich die Bibliothek, die sich heute im A-Geb\u00e4ude des Gymnasiums befindet und aus zwei R\u00e4umen besteht, von denen der Kleinere als Leseraum benutzt werden kann. In diesem [&hellip;]","og_url":"https:\/\/mnamk.hu\/index-old.php\/de\/kulturabteilung\/bibliothek\/vorstellung\/","og_site_name":"MN\u00c1MK-UBZ","article_modified_time":"2021-05-07T08:55:30+00:00","og_image":[{"url":"https:\/\/mnamk.hu\/wp\/wp-content\/uploads\/2019\/11\/logo_ok.png"}],"twitter_card":"summary_large_image","twitter_misc":{"Becs\u00fclt olvas\u00e1si id\u0151":"1 perc"},"schema":{"@context":"https:\/\/schema.org","@graph":[{"@type":"WebPage","@id":"https:\/\/mnamk.hu\/index-old.php\/de\/kulturabteilung\/bibliothek\/vorstellung\/","url":"https:\/\/mnamk.hu\/index-old.php\/de\/kulturabteilung\/bibliothek\/vorstellung\/","name":"Vorstellung - MN\u00c1MK-UBZ","isPartOf":{"@id":"https:\/\/mnamk.hu\/index-old.php\/#website"},"datePublished":"2015-11-26T02:26:59+00:00","dateModified":"2021-05-07T08:55:30+00:00","breadcrumb":{"@id":"https:\/\/mnamk.hu\/index-old.php\/de\/kulturabteilung\/bibliothek\/vorstellung\/#breadcrumb"},"inLanguage":"hu","potentialAction":[{"@type":"ReadAction","target":["https:\/\/mnamk.hu\/index-old.php\/de\/kulturabteilung\/bibliothek\/vorstellung\/"]}]},{"@type":"BreadcrumbList","@id":"https:\/\/mnamk.hu\/index-old.php\/de\/kulturabteilung\/bibliothek\/vorstellung\/#breadcrumb","itemListElement":[{"@type":"ListItem","position":1,"name":"Startseite","item":"https:\/\/mnamk.hu\/"},{"@type":"ListItem","position":2,"name":"Kulturabteilung","item":"https:\/\/mnamk.hu\/index-old.php\/de\/kulturabteilung\/"},{"@type":"ListItem","position":3,"name":"Bibliothek","item":"https:\/\/mnamk.hu\/index-old.php\/de\/kulturabteilung\/bibliothek\/"},{"@type":"ListItem","position":4,"name":"Vorstellung"}]},{"@type":"WebSite","@id":"https:\/\/mnamk.hu\/index-old.php\/#website","url":"https:\/\/mnamk.hu\/index-old.php\/","name":"MN\u00c1MK-UBZ","description":"","publisher":{"@id":"https:\/\/mnamk.hu\/index-old.php\/#organization"},"potentialAction":[{"@type":"SearchAction","target":{"@type":"EntryPoint","urlTemplate":"https:\/\/mnamk.hu\/index-old.php\/?s={search_term_string}"},"query-input":"required name=search_term_string"}],"inLanguage":"hu"},{"@type":"Organization","@id":"https:\/\/mnamk.hu\/index-old.php\/#organization","name":"MNAMK","url":"https:\/\/mnamk.hu\/index-old.php\/","logo":{"@type":"ImageObject","inLanguage":"hu","@id":"https:\/\/mnamk.hu\/index-old.php\/#\/schema\/logo\/image\/","url":"https:\/\/mnamk.hu\/wp\/wp-content\/uploads\/2020\/08\/logo.jpg","contentUrl":"https:\/\/mnamk.hu\/wp\/wp-content\/uploads\/2020\/08\/logo.jpg","width":482,"height":276,"caption":"MNAMK"},"image":{"@id":"https:\/\/mnamk.hu\/index-old.php\/#\/schema\/logo\/image\/"}}]}},"_links":{"self":[{"href":"https:\/\/mnamk.hu\/index-old.php\/wp-json\/wp\/v2\/pages\/7389","targetHints":{"allow":["GET"]}}],"collection":[{"href":"https:\/\/mnamk.hu\/index-old.php\/wp-json\/wp\/v2\/pages"}],"about":[{"href":"https:\/\/mnamk.hu\/index-old.php\/wp-json\/wp\/v2\/types\/page"}],"author":[{"embeddable":true,"href":"https:\/\/mnamk.hu\/index-old.php\/wp-json\/wp\/v2\/users\/22"}],"replies":[{"embeddable":true,"href":"https:\/\/mnamk.hu\/index-old.php\/wp-json\/wp\/v2\/comments?post=7389"}],"version-history":[{"count":0,"href":"https:\/\/mnamk.hu\/index-old.php\/wp-json\/wp\/v2\/pages\/7389\/revisions"}],"up":[{"embeddable":true,"href":"https:\/\/mnamk.hu\/index-old.php\/wp-json\/wp\/v2\/pages\/7388"}],"wp:attachment":[{"href":"https:\/\/mnamk.hu\/index-old.php\/wp-json\/wp\/v2\/media?parent=7389"}],"curies":[{"name":"wp","href":"https:\/\/api.w.org\/{rel}","templated":true}]}}