{"id":7395,"date":"2019-06-07T01:44:48","date_gmt":"2019-06-07T01:44:48","guid":{"rendered":"https:\/\/mnamk.hu\/wp\/kulturabteilung\/ulmer-schachtel-baja\/"},"modified":"2020-09-04T07:11:37","modified_gmt":"2020-09-04T07:11:37","slug":"ulmer-schachtel-baja","status":"publish","type":"page","link":"https:\/\/mnamk.hu\/index-old.php\/de\/kulturabteilung\/ulmer-schachtel-baja\/","title":{"rendered":"Ulmer Schachtel Baja"},"content":{"rendered":"\n<p><strong>Was ist eigentlich eine Ulmer Schachtel?<\/strong><\/p>\n\n\n\n<p>Die Ulmer Schachtel ist ein kielloses Flussschiff, das als Symbol f\u00fcr\n die Auswanderung der Donauschwaben im 18. Jahrhundert betrachtet werden\n kann. Ihren Namen verdankt sie einem Abgeordneten im Stuttgarter \nLandtag, der diese in Ulm hergestellten Donauschiffe wegen ihres&nbsp; \neinfachen Aufbaus als Schachteln verspottete. In Ulm wurden sie \u00fcbrigens\n ?Ordenare? genannt, das weist darauf hin, dass seit 1712 Schiffe von \nUlm bis Wien ?ordinari? also ?fahrplanm\u00e4\u00dfig gefahren sind.<\/p>\n\n\n\n<p>Ihre Konstruktion war sehr zweckm\u00e4\u00dfig, da das Schiff&nbsp; nur zur \neinmaligen Fahrt&nbsp;flussabw\u00e4rts genutzt wurde. Am Zielort angelangt wurden\n die Ulmer Schachteln vielfach als Nutzholz oder zur Weiterverwendung \nverkauft.<\/p>\n\n\n\n<p>Mit ihrem flachen Boden konnten sie bis unmittelbar ans Ufer fahren. \nCharakteristisch f\u00fcr diese Schiffe sind die schr\u00e4gen, schwarz-wei\u00dfen \nStreifen auf dem Schiffsrumpf, die aber nach Henning Petershagen nicht \ndie Markenzeichen&nbsp; der Stadt Ulm seien, sondern auf dem hellen \nTannenholz der besseren Sichtbarkeit gedient h\u00e4tten.<\/p>\n\n\n\n<p>Typisch f\u00fcr ihre Bauweise war noch die so genannte ?Schopperfuge?, \ndie das Schiff gegen das eindringende Wasser abgedichtet hat. In die \nFugen zwischen den Brettern der Au\u00dfenwand und des Schiffbodens wurde \nn\u00e4mlich langfaseriges Moos gestopft. Dieser T\u00e4tigkeit, die ?Schoppen? \nhie\u00df, verdanken \u00fcbrigens die Schiffsbauer in Ulm ihren Berufsnamen \n?Schopper?.<\/p>\n\n\n\n<p>Die Gr\u00f6\u00dfe und die Form der Ulmer Schachteln ver\u00e4nderten sich im Laufe\n der Zeit immer wieder. Sie erreichten eine L\u00e4nge von 15-22 Metern und \neine Breite von 3-5 Metern. &nbsp;Die Bordwand&nbsp; hatte eine H\u00f6he von etwa ein \nMeter. In der Mitte befand sich eine gr\u00f6\u00dfere Holzh\u00fctte, wo die \nAuswanderer bei Unwetter Schutz fanden. Das Schiff wurde auf seiner \nReise donauabw\u00e4rts mit Stangen bzw. Rudern, zwei am Bug und zwei am \nHeck, gesteuert.<\/p>\n","protected":false},"excerpt":{"rendered":"<p>Was ist eigentlich eine Ulmer Schachtel? Die Ulmer Schachtel ist ein kielloses Flussschiff, das als Symbol f\u00fcr die Auswanderung der Donauschwaben im 18. Jahrhundert betrachtet werden kann. Ihren Namen verdankt sie einem Abgeordneten im Stuttgarter Landtag, der diese in Ulm hergestellten Donauschiffe wegen ihres&nbsp; einfachen Aufbaus als Schachteln verspottete. In Ulm wurden sie \u00fcbrigens ?Ordenare? [&hellip;]<\/p>\n","protected":false},"author":22,"featured_media":16498,"parent":7386,"menu_order":0,"comment_status":"closed","ping_status":"closed","template":"","meta":{"footnotes":""},"class_list":["post-7395","page","type-page","status-publish","has-post-thumbnail","hentry"],"yoast_head":"<!-- This site is optimized with the Yoast SEO plugin v20.9 - https:\/\/yoast.com\/wordpress\/plugins\/seo\/ -->\n<title>Ulmer Schachtel Baja - MN\u00c1MK-UBZ<\/title>\n<meta name=\"robots\" content=\"index, follow, max-snippet:-1, max-image-preview:large, max-video-preview:-1\" \/>\n<link rel=\"canonical\" href=\"https:\/\/mnamk.hu\/index-old.php\/de\/kulturabteilung\/ulmer-schachtel-baja\/\" \/>\n<meta property=\"og:locale\" content=\"hu_HU\" \/>\n<meta property=\"og:type\" content=\"article\" \/>\n<meta property=\"og:title\" content=\"Ulmer Schachtel Baja - MN\u00c1MK-UBZ\" \/>\n<meta property=\"og:description\" content=\"Was ist eigentlich eine Ulmer Schachtel? Die Ulmer Schachtel ist ein kielloses Flussschiff, das als Symbol f\u00fcr die Auswanderung der Donauschwaben im 18. Jahrhundert betrachtet werden kann. Ihren Namen verdankt sie einem Abgeordneten im Stuttgarter Landtag, der diese in Ulm hergestellten Donauschiffe wegen ihres&nbsp; einfachen Aufbaus als Schachteln verspottete. In Ulm wurden sie \u00fcbrigens ?Ordenare? [&hellip;]\" \/>\n<meta property=\"og:url\" content=\"https:\/\/mnamk.hu\/index-old.php\/de\/kulturabteilung\/ulmer-schachtel-baja\/\" \/>\n<meta property=\"og:site_name\" content=\"MN\u00c1MK-UBZ\" \/>\n<meta property=\"article:modified_time\" content=\"2020-09-04T07:11:37+00:00\" \/>\n<meta property=\"og:image\" content=\"https:\/\/mnamk.hu\/wp\/wp-content\/uploads\/2020\/01\/SchachtelBanner.jpg\" \/>\n\t<meta property=\"og:image:width\" content=\"1200\" \/>\n\t<meta property=\"og:image:height\" content=\"429\" \/>\n\t<meta property=\"og:image:type\" content=\"image\/jpeg\" \/>\n<meta name=\"twitter:card\" content=\"summary_large_image\" \/>\n<meta name=\"twitter:label1\" content=\"Becs\u00fclt olvas\u00e1si id\u0151\" \/>\n\t<meta name=\"twitter:data1\" content=\"1 perc\" \/>\n<script type=\"application\/ld+json\" class=\"yoast-schema-graph\">{\"@context\":\"https:\/\/schema.org\",\"@graph\":[{\"@type\":\"WebPage\",\"@id\":\"https:\/\/mnamk.hu\/index-old.php\/de\/kulturabteilung\/ulmer-schachtel-baja\/\",\"url\":\"https:\/\/mnamk.hu\/index-old.php\/de\/kulturabteilung\/ulmer-schachtel-baja\/\",\"name\":\"Ulmer Schachtel Baja - MN\u00c1MK-UBZ\",\"isPartOf\":{\"@id\":\"https:\/\/mnamk.hu\/index-old.php\/#website\"},\"datePublished\":\"2019-06-07T01:44:48+00:00\",\"dateModified\":\"2020-09-04T07:11:37+00:00\",\"breadcrumb\":{\"@id\":\"https:\/\/mnamk.hu\/index-old.php\/de\/kulturabteilung\/ulmer-schachtel-baja\/#breadcrumb\"},\"inLanguage\":\"hu\",\"potentialAction\":[{\"@type\":\"ReadAction\",\"target\":[\"https:\/\/mnamk.hu\/index-old.php\/de\/kulturabteilung\/ulmer-schachtel-baja\/\"]}]},{\"@type\":\"BreadcrumbList\",\"@id\":\"https:\/\/mnamk.hu\/index-old.php\/de\/kulturabteilung\/ulmer-schachtel-baja\/#breadcrumb\",\"itemListElement\":[{\"@type\":\"ListItem\",\"position\":1,\"name\":\"Startseite\",\"item\":\"https:\/\/mnamk.hu\/\"},{\"@type\":\"ListItem\",\"position\":2,\"name\":\"Kulturabteilung\",\"item\":\"https:\/\/mnamk.hu\/index-old.php\/de\/kulturabteilung\/\"},{\"@type\":\"ListItem\",\"position\":3,\"name\":\"Ulmer Schachtel Baja\"}]},{\"@type\":\"WebSite\",\"@id\":\"https:\/\/mnamk.hu\/index-old.php\/#website\",\"url\":\"https:\/\/mnamk.hu\/index-old.php\/\",\"name\":\"MN\u00c1MK-UBZ\",\"description\":\"\",\"publisher\":{\"@id\":\"https:\/\/mnamk.hu\/index-old.php\/#organization\"},\"potentialAction\":[{\"@type\":\"SearchAction\",\"target\":{\"@type\":\"EntryPoint\",\"urlTemplate\":\"https:\/\/mnamk.hu\/index-old.php\/?s={search_term_string}\"},\"query-input\":\"required name=search_term_string\"}],\"inLanguage\":\"hu\"},{\"@type\":\"Organization\",\"@id\":\"https:\/\/mnamk.hu\/index-old.php\/#organization\",\"name\":\"MNAMK\",\"url\":\"https:\/\/mnamk.hu\/index-old.php\/\",\"logo\":{\"@type\":\"ImageObject\",\"inLanguage\":\"hu\",\"@id\":\"https:\/\/mnamk.hu\/index-old.php\/#\/schema\/logo\/image\/\",\"url\":\"https:\/\/mnamk.hu\/wp\/wp-content\/uploads\/2020\/08\/logo.jpg\",\"contentUrl\":\"https:\/\/mnamk.hu\/wp\/wp-content\/uploads\/2020\/08\/logo.jpg\",\"width\":482,\"height\":276,\"caption\":\"MNAMK\"},\"image\":{\"@id\":\"https:\/\/mnamk.hu\/index-old.php\/#\/schema\/logo\/image\/\"}}]}<\/script>\n<!-- \/ Yoast SEO plugin. -->","yoast_head_json":{"title":"Ulmer Schachtel Baja - MN\u00c1MK-UBZ","robots":{"index":"index","follow":"follow","max-snippet":"max-snippet:-1","max-image-preview":"max-image-preview:large","max-video-preview":"max-video-preview:-1"},"canonical":"https:\/\/mnamk.hu\/index-old.php\/de\/kulturabteilung\/ulmer-schachtel-baja\/","og_locale":"hu_HU","og_type":"article","og_title":"Ulmer Schachtel Baja - MN\u00c1MK-UBZ","og_description":"Was ist eigentlich eine Ulmer Schachtel? Die Ulmer Schachtel ist ein kielloses Flussschiff, das als Symbol f\u00fcr die Auswanderung der Donauschwaben im 18. Jahrhundert betrachtet werden kann. Ihren Namen verdankt sie einem Abgeordneten im Stuttgarter Landtag, der diese in Ulm hergestellten Donauschiffe wegen ihres&nbsp; einfachen Aufbaus als Schachteln verspottete. In Ulm wurden sie \u00fcbrigens ?Ordenare? [&hellip;]","og_url":"https:\/\/mnamk.hu\/index-old.php\/de\/kulturabteilung\/ulmer-schachtel-baja\/","og_site_name":"MN\u00c1MK-UBZ","article_modified_time":"2020-09-04T07:11:37+00:00","og_image":[{"width":1200,"height":429,"url":"https:\/\/mnamk.hu\/wp\/wp-content\/uploads\/2020\/01\/SchachtelBanner.jpg","type":"image\/jpeg"}],"twitter_card":"summary_large_image","twitter_misc":{"Becs\u00fclt olvas\u00e1si id\u0151":"1 perc"},"schema":{"@context":"https:\/\/schema.org","@graph":[{"@type":"WebPage","@id":"https:\/\/mnamk.hu\/index-old.php\/de\/kulturabteilung\/ulmer-schachtel-baja\/","url":"https:\/\/mnamk.hu\/index-old.php\/de\/kulturabteilung\/ulmer-schachtel-baja\/","name":"Ulmer Schachtel Baja - MN\u00c1MK-UBZ","isPartOf":{"@id":"https:\/\/mnamk.hu\/index-old.php\/#website"},"datePublished":"2019-06-07T01:44:48+00:00","dateModified":"2020-09-04T07:11:37+00:00","breadcrumb":{"@id":"https:\/\/mnamk.hu\/index-old.php\/de\/kulturabteilung\/ulmer-schachtel-baja\/#breadcrumb"},"inLanguage":"hu","potentialAction":[{"@type":"ReadAction","target":["https:\/\/mnamk.hu\/index-old.php\/de\/kulturabteilung\/ulmer-schachtel-baja\/"]}]},{"@type":"BreadcrumbList","@id":"https:\/\/mnamk.hu\/index-old.php\/de\/kulturabteilung\/ulmer-schachtel-baja\/#breadcrumb","itemListElement":[{"@type":"ListItem","position":1,"name":"Startseite","item":"https:\/\/mnamk.hu\/"},{"@type":"ListItem","position":2,"name":"Kulturabteilung","item":"https:\/\/mnamk.hu\/index-old.php\/de\/kulturabteilung\/"},{"@type":"ListItem","position":3,"name":"Ulmer Schachtel Baja"}]},{"@type":"WebSite","@id":"https:\/\/mnamk.hu\/index-old.php\/#website","url":"https:\/\/mnamk.hu\/index-old.php\/","name":"MN\u00c1MK-UBZ","description":"","publisher":{"@id":"https:\/\/mnamk.hu\/index-old.php\/#organization"},"potentialAction":[{"@type":"SearchAction","target":{"@type":"EntryPoint","urlTemplate":"https:\/\/mnamk.hu\/index-old.php\/?s={search_term_string}"},"query-input":"required name=search_term_string"}],"inLanguage":"hu"},{"@type":"Organization","@id":"https:\/\/mnamk.hu\/index-old.php\/#organization","name":"MNAMK","url":"https:\/\/mnamk.hu\/index-old.php\/","logo":{"@type":"ImageObject","inLanguage":"hu","@id":"https:\/\/mnamk.hu\/index-old.php\/#\/schema\/logo\/image\/","url":"https:\/\/mnamk.hu\/wp\/wp-content\/uploads\/2020\/08\/logo.jpg","contentUrl":"https:\/\/mnamk.hu\/wp\/wp-content\/uploads\/2020\/08\/logo.jpg","width":482,"height":276,"caption":"MNAMK"},"image":{"@id":"https:\/\/mnamk.hu\/index-old.php\/#\/schema\/logo\/image\/"}}]}},"_links":{"self":[{"href":"https:\/\/mnamk.hu\/index-old.php\/wp-json\/wp\/v2\/pages\/7395","targetHints":{"allow":["GET"]}}],"collection":[{"href":"https:\/\/mnamk.hu\/index-old.php\/wp-json\/wp\/v2\/pages"}],"about":[{"href":"https:\/\/mnamk.hu\/index-old.php\/wp-json\/wp\/v2\/types\/page"}],"author":[{"embeddable":true,"href":"https:\/\/mnamk.hu\/index-old.php\/wp-json\/wp\/v2\/users\/22"}],"replies":[{"embeddable":true,"href":"https:\/\/mnamk.hu\/index-old.php\/wp-json\/wp\/v2\/comments?post=7395"}],"version-history":[{"count":0,"href":"https:\/\/mnamk.hu\/index-old.php\/wp-json\/wp\/v2\/pages\/7395\/revisions"}],"up":[{"embeddable":true,"href":"https:\/\/mnamk.hu\/index-old.php\/wp-json\/wp\/v2\/pages\/7386"}],"wp:featuredmedia":[{"embeddable":true,"href":"https:\/\/mnamk.hu\/index-old.php\/wp-json\/wp\/v2\/media\/16498"}],"wp:attachment":[{"href":"https:\/\/mnamk.hu\/index-old.php\/wp-json\/wp\/v2\/media?parent=7395"}],"curies":[{"name":"wp","href":"https:\/\/api.w.org\/{rel}","templated":true}]}}